
{"id":54288,"date":"2026-03-04T21:30:37","date_gmt":"2026-03-05T01:30:37","guid":{"rendered":"https:\/\/bookstmartin.com\/photographe-a-st-maarten\/"},"modified":"2026-03-07T09:49:55","modified_gmt":"2026-03-07T13:49:55","slug":"photographe-a-st-maarten","status":"publish","type":"page","link":"https:\/\/bookstmartin.com\/fr\/photographe-a-st-maarten\/","title":{"rendered":"photographe \u00e0 st maarten"},"content":{"rendered":"\t\t<div data-elementor-type=\"wp-page\" data-elementor-id=\"54288\" class=\"elementor elementor-54288 elementor-53670\" data-elementor-post-type=\"page\">\n\t\t\t\t<div class=\"elementor-element elementor-element-3f9e931 e-flex e-con-boxed e-con e-parent\" data-id=\"3f9e931\" data-element_type=\"container\" data-e-type=\"container\">\n\t\t\t\t\t<div class=\"e-con-inner\">\n\t\t<div class=\"elementor-element elementor-element-41fc3b8 e-con-full e-flex e-con e-child\" data-id=\"41fc3b8\" data-element_type=\"container\" data-e-type=\"container\">\n\t\t\t\t<div class=\"elementor-element elementor-element-69708a9 elementor-widget elementor-widget-heading\" data-id=\"69708a9\" data-element_type=\"widget\" data-e-type=\"widget\" data-widget_type=\"heading.default\">\n\t\t\t\t\t<h1 class=\"elementor-heading-title elementor-size-default\">Photographe \u00e0 St Maarten<\/h1>\t\t\t\t<\/div>\n\t\t\t\t<div class=\"elementor-element elementor-element-1d76fff elementor-widget-mobile__width-inherit elementor-widget elementor-widget-text-editor\" data-id=\"1d76fff\" data-element_type=\"widget\" data-e-type=\"widget\" data-widget_type=\"text-editor.default\">\n\t\t\t\t\t\t\t\t\t<p data-start=\"522\" data-end=\"815\">Avec ses eaux turquoise, ses couchers de soleil dor\u00e9s et ses plages magnifiques, l\u2019\u00eele offre le cadre id\u00e9al pour des photos inoubliables. Que tu c\u00e9l\u00e8bres une lune de miel, que tu captures des souvenirs de famille ou que tu immortalises simplement tes vacances dans les Cara\u00efbes, un photographe \u00e0 St Maarten saura transformer de beaux moments en souvenirs imp\u00e9rissables.<\/p>\t\t\t\t\t\t\t\t<\/div>\n\t\t\t\t<\/div>\n\t\t\t\t\t<\/div>\n\t\t\t\t<\/div>\n\t\t<div class=\"elementor-element elementor-element-dd4adfc e-flex e-con-boxed e-con e-parent\" data-id=\"dd4adfc\" data-element_type=\"container\" data-e-type=\"container\">\n\t\t\t\t\t<div class=\"e-con-inner\">\n\t\t<div class=\"elementor-element elementor-element-3bf8f4b e-con-full e-flex e-con e-child\" data-id=\"3bf8f4b\" data-element_type=\"container\" data-e-type=\"container\">\n\t\t<div class=\"elementor-element elementor-element-7fa753b e-con-full e-flex e-con e-child\" data-id=\"7fa753b\" data-element_type=\"container\" data-e-type=\"container\">\n\t\t\t\t<div class=\"elementor-element elementor-element-773ced8 elementor-widget elementor-widget-heading\" data-id=\"773ced8\" data-element_type=\"widget\" data-e-type=\"widget\" data-widget_type=\"heading.default\">\n\t\t\t\t\t<h3 class=\"elementor-heading-title elementor-size-default\">S\u00e9ance photo \u00e0 la plage \u00e0 St Maarten<\/h3>\t\t\t\t<\/div>\n\t\t\t\t<div class=\"elementor-element elementor-element-22a9d25 elementor-widget-divider--view-line elementor-widget elementor-widget-divider\" data-id=\"22a9d25\" data-element_type=\"widget\" data-e-type=\"widget\" data-widget_type=\"divider.default\">\n\t\t\t\t\t\t\t<div class=\"elementor-divider\">\n\t\t\t<span class=\"elementor-divider-separator\">\n\t\t\t\t\t\t<\/span>\n\t\t<\/div>\n\t\t\t\t\t\t<\/div>\n\t\t\t\t<div class=\"elementor-element elementor-element-f6ef477 elementor-widget elementor-widget-heading\" data-id=\"f6ef477\" data-element_type=\"widget\" data-e-type=\"widget\" data-widget_type=\"heading.default\">\n\t\t\t\t\t<h5 class=\"elementor-heading-title elementor-size-default\">R\u00e9servation s\u00e9curis\u00e9e \u2022 Annulation gratuite \u2022 Propos\u00e9 par Viator, une soci\u00e9t\u00e9 TripAdvisor<\/h5>\t\t\t\t<\/div>\n\t\t\t\t<\/div>\n\t\t<div class=\"elementor-element elementor-element-cdb3d85 e-con-full e-flex e-con e-child\" data-id=\"cdb3d85\" data-element_type=\"container\" data-e-type=\"container\">\n\t\t\t\t<div class=\"elementor-element elementor-element-72a56ab elementor-widget elementor-widget-image\" data-id=\"72a56ab\" data-element_type=\"widget\" data-e-type=\"widget\" data-widget_type=\"image.default\">\n\t\t\t\t\t\t\t\t\t\t\t\t\t\t\t<img decoding=\"async\" width=\"300\" height=\"80\" src=\"https:\/\/bookstmartin.com\/wp-content\/uploads\/2026\/03\/300x80viatorf.png\" class=\"attachment-large size-large wp-image-54290\" alt=\"\" \/>\t\t\t\t\t\t\t\t\t\t\t\t\t\t\t<\/div>\n\t\t\t\t<\/div>\n\t\t\t\t<\/div>\n\t\t\t\t\t<\/div>\n\t\t\t\t<\/div>\n\t\t<div class=\"elementor-element elementor-element-cd82671 e-flex e-con-boxed e-con e-parent\" data-id=\"cd82671\" data-element_type=\"container\" data-e-type=\"container\">\n\t\t\t\t\t<div class=\"e-con-inner\">\n\t\t\t\t<div class=\"elementor-element elementor-element-ecca498 elementor-widget elementor-widget-html\" data-id=\"ecca498\" data-element_type=\"widget\" data-e-type=\"widget\" data-widget_type=\"html.default\">\n\t\t\t\t\t    <div class=\"bsm-viator-widget\"\r\n         data-vi-partner-id=\"P00290947\"\r\n         data-vi-widget-ref=\"W-2613e27e-b140-42cb-bca4-b2c649cba880\">\r\n    <\/div>\r\n            <script async src=\"https:\/\/www.viator.com\/orion\/partner\/widget.js\"><\/script>\r\n        \t\t\t\t<\/div>\n\t\t\t\t\t<\/div>\n\t\t\t\t<\/div>\n\t\t<div class=\"elementor-element elementor-element-437c9ce e-flex e-con-boxed e-con e-parent\" data-id=\"437c9ce\" data-element_type=\"container\" data-e-type=\"container\">\n\t\t\t\t\t<div class=\"e-con-inner\">\n\t\t\t\t<div class=\"elementor-element elementor-element-8822624 elementor-widget elementor-widget-text-editor\" data-id=\"8822624\" data-element_type=\"widget\" data-e-type=\"widget\" data-widget_type=\"text-editor.default\">\n\t\t\t\t\t\t\t\t\t<p>Avertissement : Certains services pr\u00e9sent\u00e9s sur cette page peuvent inclure des liens d\u2019affiliation, ce qui signifie que BookStMartin peut percevoir une petite commission si tu choisis de r\u00e9server par leur interm\u00e9diaire. Cela aide \u00e0 soutenir notre plateforme sans aucun co\u00fbt suppl\u00e9mentaire pour toi.<\/p>\t\t\t\t\t\t\t\t<\/div>\n\t\t\t\t\t<\/div>\n\t\t\t\t<\/div>\n\t\t<div class=\"elementor-element elementor-element-5dd6054 e-flex e-con-boxed e-con e-parent\" data-id=\"5dd6054\" data-element_type=\"container\" data-e-type=\"container\">\n\t\t\t\t\t<div class=\"e-con-inner\">\n\t\t\t\t<div class=\"elementor-element elementor-element-0cd2ff7 elementor-widget elementor-widget-text-editor\" data-id=\"0cd2ff7\" data-element_type=\"widget\" data-e-type=\"widget\" data-widget_type=\"text-editor.default\">\n\t\t\t\t\t\t\t\t\t<p style=\"text-align: center;\"><a href=\"https:\/\/www.facebook.com\/bookstmartin\" target=\"_blank\" rel=\"noopener\">Suis-nous sur Facebook | <\/a><a href=\"https:\/\/bookstmartin.com\/fr\/\">Retour \u00e0 l\u2019accueil <\/a>| <a href=\"https:\/\/bookstmartin.com\/things-to-do-in-st-maarten\/\">Retour aux activit\u00e9s \u00e0 St Maarten<\/a><\/p>\t\t\t\t\t\t\t\t<\/div>\n\t\t\t\t\t<\/div>\n\t\t\t\t<\/div>\n\t\t\t\t<\/div>\n\t\t","protected":false},"excerpt":{"rendered":"<p>Photographe \u00e0 St Maarten Avec ses eaux turquoise, ses couchers de soleil dor\u00e9s et ses plages magnifiques, l\u2019\u00eele offre le cadre id\u00e9al pour des photos inoubliables. Que tu c\u00e9l\u00e8bres une lune de miel, que tu captures des souvenirs de famille ou que tu immortalises simplement tes vacances dans les Cara\u00efbes, un photographe \u00e0 St Maarten [&hellip;]<\/p>\n","protected":false},"author":4,"featured_media":54289,"parent":0,"menu_order":0,"comment_status":"closed","ping_status":"closed","template":"elementor_header_footer","meta":{"_acf_changed":false,"footnotes":""},"class_list":["post-54288","page","type-page","status-publish","has-post-thumbnail","hentry"],"acf":[],"yoast_head":"<!-- This site is optimized with the Yoast SEO Premium plugin v27.5 (Yoast SEO v27.5) - https:\/\/yoast.com\/product\/yoast-seo-premium-wordpress\/ -->\n<title>Photographe \u00e0 St Maarten | S\u00e9ances photo \u00e0 la plage et en vacances<\/title>\n<meta name=\"description\" content=\"Trouve des photographes professionnels \u00e0 St Maarten pour des s\u00e9ances photo \u00e0 la plage, des portraits de famille, des photos de lune de miel et des souvenirs de vacances.\" \/>\n<meta name=\"robots\" content=\"index, follow, max-snippet:-1, max-image-preview:large, max-video-preview:-1\" \/>\n<link rel=\"canonical\" href=\"https:\/\/bookstmartin.com\/fr\/photographe-a-st-maarten\/\" \/>\n<meta property=\"og:locale\" content=\"fr_FR\" \/>\n<meta property=\"og:type\" content=\"article\" \/>\n<meta property=\"og:title\" content=\"photographe \u00e0 st maarten\" \/>\n<meta property=\"og:description\" content=\"Trouve des photographes professionnels \u00e0 St Maarten pour des s\u00e9ances photo \u00e0 la plage, des portraits de famille, des photos de lune de miel et des souvenirs de vacances.\" \/>\n<meta property=\"og:url\" content=\"https:\/\/bookstmartin.com\/fr\/photographe-a-st-maarten\/\" \/>\n<meta property=\"og:site_name\" content=\"BookStMartin\" \/>\n<meta property=\"article:publisher\" content=\"https:\/\/www.facebook.com\/bookstmartin\/\" \/>\n<meta property=\"article:modified_time\" content=\"2026-03-07T13:49:55+00:00\" \/>\n<meta name=\"twitter:card\" content=\"summary_large_image\" \/>\n<meta name=\"twitter:label1\" content=\"Dur\u00e9e de lecture estim\u00e9e\" \/>\n\t<meta name=\"twitter:data1\" content=\"1 minute\" \/>\n<script type=\"application\/ld+json\" class=\"yoast-schema-graph\">{\"@context\":\"https:\\\/\\\/schema.org\",\"@graph\":[]}<\/script>\n<!-- \/ Yoast SEO Premium plugin. -->","yoast_head_json":{"title":"Photographe \u00e0 St Maarten | S\u00e9ances photo \u00e0 la plage et en vacances","description":"Trouve des photographes professionnels \u00e0 St Maarten pour des s\u00e9ances photo \u00e0 la plage, des portraits de famille, des photos de lune de miel et des souvenirs de vacances.","robots":{"index":"index","follow":"follow","max-snippet":"max-snippet:-1","max-image-preview":"max-image-preview:large","max-video-preview":"max-video-preview:-1"},"canonical":"https:\/\/bookstmartin.com\/fr\/photographe-a-st-maarten\/","og_locale":"fr_FR","og_type":"article","og_title":"photographe \u00e0 st maarten","og_description":"Trouve des photographes professionnels \u00e0 St Maarten pour des s\u00e9ances photo \u00e0 la plage, des portraits de famille, des photos de lune de miel et des souvenirs de vacances.","og_url":"https:\/\/bookstmartin.com\/fr\/photographe-a-st-maarten\/","og_site_name":"BookStMartin","article_publisher":"https:\/\/www.facebook.com\/bookstmartin\/","article_modified_time":"2026-03-07T13:49:55+00:00","twitter_card":"summary_large_image","twitter_misc":{"Dur\u00e9e de lecture estim\u00e9e":"1 minute"},"schema":{"@context":"https:\/\/schema.org","@graph":[]}},"_links":{"self":[{"href":"https:\/\/bookstmartin.com\/fr\/wp-json\/wp\/v2\/pages\/54288","targetHints":{"allow":["GET"]}}],"collection":[{"href":"https:\/\/bookstmartin.com\/fr\/wp-json\/wp\/v2\/pages"}],"about":[{"href":"https:\/\/bookstmartin.com\/fr\/wp-json\/wp\/v2\/types\/page"}],"author":[{"embeddable":true,"href":"https:\/\/bookstmartin.com\/fr\/wp-json\/wp\/v2\/users\/4"}],"replies":[{"embeddable":true,"href":"https:\/\/bookstmartin.com\/fr\/wp-json\/wp\/v2\/comments?post=54288"}],"version-history":[{"count":1,"href":"https:\/\/bookstmartin.com\/fr\/wp-json\/wp\/v2\/pages\/54288\/revisions"}],"predecessor-version":[{"id":54291,"href":"https:\/\/bookstmartin.com\/fr\/wp-json\/wp\/v2\/pages\/54288\/revisions\/54291"}],"wp:featuredmedia":[{"embeddable":true,"href":"https:\/\/bookstmartin.com\/fr\/wp-json\/wp\/v2\/media\/54289"}],"wp:attachment":[{"href":"https:\/\/bookstmartin.com\/fr\/wp-json\/wp\/v2\/media?parent=54288"}],"curies":[{"name":"wp","href":"https:\/\/api.w.org\/{rel}","templated":true}]}}