
{"id":54295,"date":"2026-03-03T15:16:13","date_gmt":"2026-03-03T19:16:13","guid":{"rendered":"https:\/\/bookstmartin.com\/excursions-sur-lile-de-saint-martin\/"},"modified":"2026-03-07T09:50:20","modified_gmt":"2026-03-07T13:50:20","slug":"excursions-sur-lile-de-saint-martin","status":"publish","type":"page","link":"https:\/\/bookstmartin.com\/fr\/excursions-sur-lile-de-saint-martin\/","title":{"rendered":"Excursions sur l&rsquo;\u00eele de Saint-Martin"},"content":{"rendered":"\t\t<div data-elementor-type=\"wp-page\" data-elementor-id=\"54295\" class=\"elementor elementor-54295 elementor-53374\" data-elementor-post-type=\"page\">\n\t\t\t\t<div class=\"elementor-element elementor-element-2d2341d7 e-flex e-con-boxed e-con e-parent\" data-id=\"2d2341d7\" data-element_type=\"container\" data-e-type=\"container\">\n\t\t\t\t\t<div class=\"e-con-inner\">\n\t\t<div class=\"elementor-element elementor-element-22ee483 e-con-full e-flex e-con e-child\" data-id=\"22ee483\" data-element_type=\"container\" data-e-type=\"container\">\n\t\t\t\t<div class=\"elementor-element elementor-element-1ee0e44f elementor-widget elementor-widget-heading\" data-id=\"1ee0e44f\" data-element_type=\"widget\" data-e-type=\"widget\" data-widget_type=\"heading.default\">\n\t\t\t\t\t<h1 class=\"elementor-heading-title elementor-size-default\">Excursions sur l'\u00eele de Saint-Martin (St Martin)<\/h1>\t\t\t\t<\/div>\n\t\t\t\t<div class=\"elementor-element elementor-element-5f633d1f elementor-widget-mobile__width-inherit elementor-widget elementor-widget-text-editor\" data-id=\"5f633d1f\" data-element_type=\"widget\" data-e-type=\"widget\" data-widget_type=\"text-editor.default\">\n\t\t\t\t\t\t\t\t\t<p data-start=\"851\" data-end=\"1231\">Les excursions sur l&rsquo;\u00eele de Saint-Martin offrent un moyen pratique et instructif de d\u00e9couvrir les points de vue panoramiques, les sites historiques, les quartiers anim\u00e9s et les joyaux c\u00f4tiers cach\u00e9s. Des visites guid\u00e9es aux circuits culturels et panoramiques, ces excursions offrent un aper\u00e7u complet des c\u00f4t\u00e9s n\u00e9erlandais et fran\u00e7ais de Saint-Martin.<\/p><p data-start=\"1233\" data-end=\"1384\">Que tu sois en visite pour un court s\u00e9jour ou en escale de croisi\u00e8re, les excursions sur l&rsquo;\u00eele te permettent de d\u00e9couvrir le meilleur de Saint-Martin en quelques heures seulement.<\/p>\t\t\t\t\t\t\t\t<\/div>\n\t\t\t\t<\/div>\n\t\t\t\t\t<\/div>\n\t\t\t\t<\/div>\n\t\t<div class=\"elementor-element elementor-element-1801ea77 e-flex e-con-boxed e-con e-parent\" data-id=\"1801ea77\" data-element_type=\"container\" data-e-type=\"container\">\n\t\t\t\t\t<div class=\"e-con-inner\">\n\t\t<div class=\"elementor-element elementor-element-aecd5f1 e-con-full e-flex e-con e-child\" data-id=\"aecd5f1\" data-element_type=\"container\" data-e-type=\"container\">\n\t\t\t\t<div class=\"elementor-element elementor-element-2254df59 elementor-widget elementor-widget-heading\" data-id=\"2254df59\" data-element_type=\"widget\" data-e-type=\"widget\" data-widget_type=\"heading.default\">\n\t\t\t\t\t<h2 class=\"elementor-heading-title elementor-size-default\">Excursions sur l'\u00eele de Saint-Martin<\/h2>\t\t\t\t<\/div>\n\t\t\t\t<div class=\"elementor-element elementor-element-5c8e4a4 elementor-widget-divider--view-line elementor-widget elementor-widget-divider\" data-id=\"5c8e4a4\" data-element_type=\"widget\" data-e-type=\"widget\" data-widget_type=\"divider.default\">\n\t\t\t\t\t\t\t<div class=\"elementor-divider\">\n\t\t\t<span class=\"elementor-divider-separator\">\n\t\t\t\t\t\t<\/span>\n\t\t<\/div>\n\t\t\t\t\t\t<\/div>\n\t\t\t\t<div class=\"elementor-element elementor-element-466756b7 elementor-widget elementor-widget-heading\" data-id=\"466756b7\" data-element_type=\"widget\" data-e-type=\"widget\" data-widget_type=\"heading.default\">\n\t\t\t\t\t<h5 class=\"elementor-heading-title elementor-size-default\">R\u00e9servation s\u00e9curis\u00e9e \u2022 Annulation gratuite \u2022 Propuls\u00e9 par Viator, une entreprise TripAdvisor<\/h5>\t\t\t\t<\/div>\n\t\t\t\t<\/div>\n\t\t<div class=\"elementor-element elementor-element-7f309925 e-con-full e-flex e-con e-child\" data-id=\"7f309925\" data-element_type=\"container\" data-e-type=\"container\">\n\t\t\t\t<div class=\"elementor-element elementor-element-734262dc elementor-widget elementor-widget-image\" data-id=\"734262dc\" data-element_type=\"widget\" data-e-type=\"widget\" data-widget_type=\"image.default\">\n\t\t\t\t\t\t\t\t\t\t\t\t\t\t\t<img decoding=\"async\" width=\"300\" height=\"80\" src=\"https:\/\/bookstmartin.com\/wp-content\/uploads\/2026\/03\/300x80viatorf.png\" class=\"attachment-large size-large wp-image-54290\" alt=\"\" \/>\t\t\t\t\t\t\t\t\t\t\t\t\t\t\t<\/div>\n\t\t\t\t<\/div>\n\t\t\t\t\t<\/div>\n\t\t\t\t<\/div>\n\t\t<div class=\"elementor-element elementor-element-5824c49a e-flex e-con-boxed e-con e-parent\" data-id=\"5824c49a\" data-element_type=\"container\" data-e-type=\"container\">\n\t\t\t\t\t<div class=\"e-con-inner\">\n\t\t\t\t<div class=\"elementor-element elementor-element-7a966bee elementor-widget elementor-widget-html\" data-id=\"7a966bee\" data-element_type=\"widget\" data-e-type=\"widget\" data-widget_type=\"html.default\">\n\t\t\t\t\t    <div class=\"bsm-viator-widget\"\r\n         data-vi-partner-id=\"P00290947\"\r\n         data-vi-widget-ref=\"W-c0de0f6b-d6ab-4855-98da-8d01ea5f0f39\">\r\n    <\/div>\r\n            <script async src=\"https:\/\/www.viator.com\/orion\/partner\/widget.js\"><\/script>\r\n        \t\t\t\t<\/div>\n\t\t\t\t\t<\/div>\n\t\t\t\t<\/div>\n\t\t<div class=\"elementor-element elementor-element-efde9a4 e-flex e-con-boxed e-con e-parent\" data-id=\"efde9a4\" data-element_type=\"container\" data-e-type=\"container\">\n\t\t\t\t\t<div class=\"e-con-inner\">\n\t\t<div class=\"elementor-element elementor-element-4b43a48 e-con-full e-flex e-con e-child\" data-id=\"4b43a48\" data-element_type=\"container\" data-e-type=\"container\">\n\t\t\t\t<div class=\"elementor-element elementor-element-1ad761e7 elementor-widget elementor-widget-text-editor\" data-id=\"1ad761e7\" data-element_type=\"widget\" data-e-type=\"widget\" data-widget_type=\"text-editor.default\">\n\t\t\t\t\t\t\t\t\t<h3 data-start=\"1528\" data-end=\"1571\">Pourquoi choisir une visite touristique \u00e0 Saint-Martin ?<\/h3><p data-start=\"1573\" data-end=\"1855\">Les excursions sur l&rsquo;\u00eele sont id\u00e9ales pour les visiteurs qui d\u00e9couvrent l&rsquo;\u00eele et souhaitent voir les points forts de Saint-Martin en peu de temps. Les visites guid\u00e9es incluent g\u00e9n\u00e9ralement des arr\u00eats aux points de vue panoramiques, aux plages c\u00e9l\u00e8bres comme Maho Beach, aux march\u00e9s locaux et aux zones culturelles des deux c\u00f4t\u00e9s de l&rsquo;\u00eele.<\/p><p data-start=\"1857\" data-end=\"2031\">De nombreuses visites touristiques proposent un transport en v\u00e9hicules climatis\u00e9s et des guides locaux comp\u00e9tents qui partagent des informations sur l&rsquo;histoire, la culture et le mode de vie de l&rsquo;\u00eele.<\/p><p data-start=\"2033\" data-end=\"2175\">Les excursions sur l&rsquo;\u00eele durent g\u00e9n\u00e9ralement entre trois et cinq heures, ce qui en fait une option pratique pour les passagers de croisi\u00e8re et les voyageurs disposant de peu de temps.<\/p><p data-start=\"2177\" data-end=\"2300\">Il est recommand\u00e9 de r\u00e9server \u00e0 l&rsquo;avance pendant la haute saison et les jours de forte affluence de croisi\u00e8res, car les circuits les plus populaires se remplissent rapidement.<\/p>\t\t\t\t\t\t\t\t<\/div>\n\t\t\t\t<\/div>\n\t\t<div class=\"elementor-element elementor-element-a199d58 e-con-full e-flex e-con e-child\" data-id=\"a199d58\" data-element_type=\"container\" data-e-type=\"container\">\n\t\t\t\t<div class=\"elementor-element elementor-element-d7fd2b8 elementor-widget elementor-widget-image\" data-id=\"d7fd2b8\" data-element_type=\"widget\" data-e-type=\"widget\" data-widget_type=\"image.default\">\n\t\t\t\t\t\t\t\t\t\t\t\t\t\t\t<img fetchpriority=\"high\" decoding=\"async\" width=\"828\" height=\"553\" src=\"https:\/\/bookstmartin.com\/wp-content\/uploads\/2026\/03\/caption-1.jpg\" class=\"attachment-large size-large wp-image-54296\" alt=\"Tours de l\u2019\u00eele \u00e0 St Maarten\" srcset=\"https:\/\/bookstmartin.com\/wp-content\/uploads\/2026\/03\/caption-1.jpg 828w, https:\/\/bookstmartin.com\/wp-content\/uploads\/2026\/03\/caption-1-300x200.jpg 300w, https:\/\/bookstmartin.com\/wp-content\/uploads\/2026\/03\/caption-1-768x513.jpg 768w\" sizes=\"(max-width: 828px) 100vw, 828px\" \/>\t\t\t\t\t\t\t\t\t\t\t\t\t\t\t<\/div>\n\t\t\t\t<\/div>\n\t\t\t\t\t<\/div>\n\t\t\t\t<\/div>\n\t\t<div class=\"elementor-element elementor-element-2cc4c6de e-flex e-con-boxed e-con e-parent\" data-id=\"2cc4c6de\" data-element_type=\"container\" data-e-type=\"container\">\n\t\t\t\t\t<div class=\"e-con-inner\">\n\t\t<div class=\"elementor-element elementor-element-f81a1b7 e-con-full e-flex e-con e-child\" data-id=\"f81a1b7\" data-element_type=\"container\" data-e-type=\"container\">\n\t\t\t\t<div class=\"elementor-element elementor-element-60258ee elementor-widget elementor-widget-text-editor\" data-id=\"60258ee\" data-element_type=\"widget\" data-e-type=\"widget\" data-widget_type=\"text-editor.default\">\n\t\t\t\t\t\t\t\t\t<p>Avertissement : Certains services pr\u00e9sent\u00e9s sur cette page peuvent inclure des liens d&rsquo;affiliation, ce qui signifie que BookStMartin peut recevoir une petite commission si tu choisis de r\u00e9server par leur interm\u00e9diaire. Cela aide \u00e0 soutenir notre plateforme sans frais suppl\u00e9mentaires pour toi.<\/p>\t\t\t\t\t\t\t\t<\/div>\n\t\t\t\t<\/div>\n\t\t\t\t\t<\/div>\n\t\t\t\t<\/div>\n\t\t<div class=\"elementor-element elementor-element-25021b65 e-flex e-con-boxed e-con e-parent\" data-id=\"25021b65\" data-element_type=\"container\" data-e-type=\"container\">\n\t\t\t\t\t<div class=\"e-con-inner\">\n\t\t\t\t<div class=\"elementor-element elementor-element-35c655a elementor-widget elementor-widget-text-editor\" data-id=\"35c655a\" data-element_type=\"widget\" data-e-type=\"widget\" data-widget_type=\"text-editor.default\">\n\t\t\t\t\t\t\t\t\t<p style=\"text-align: center;\">Excursions sur l&rsquo;\u00eele de Saint-Martin | <a href=\"https:\/\/www.facebook.com\/bookstmartin\" target=\"_blank\" rel=\"noopener\">Suis-nous sur Facebook<\/a> | <a href=\"https:\/\/bookstmartin.com\/fr\/\">Retour \u00e0 la page d&rsquo;accueil<\/a> | <a href=\"https:\/\/bookstmartin.com\/things-to-do-in-st-maarten\/\">Retour \u00e0 Activit\u00e9s \u00e0 Saint-Martin<\/a><\/p>\t\t\t\t\t\t\t\t<\/div>\n\t\t\t\t\t<\/div>\n\t\t\t\t<\/div>\n\t\t\t\t<\/div>\n\t\t","protected":false},"excerpt":{"rendered":"<p>Excursions sur l&rsquo;\u00eele de Saint-Martin (St Martin) Les excursions sur l&rsquo;\u00eele de Saint-Martin offrent un moyen pratique et instructif de d\u00e9couvrir les points de vue panoramiques, les sites historiques, les quartiers anim\u00e9s et les joyaux c\u00f4tiers cach\u00e9s. Des visites guid\u00e9es aux circuits culturels et panoramiques, ces excursions offrent un aper\u00e7u complet des c\u00f4t\u00e9s n\u00e9erlandais et [&hellip;]<\/p>\n","protected":false},"author":4,"featured_media":54296,"parent":0,"menu_order":0,"comment_status":"closed","ping_status":"closed","template":"","meta":{"_acf_changed":false,"footnotes":""},"class_list":["post-54295","page","type-page","status-publish","has-post-thumbnail","hentry"],"acf":[],"yoast_head":"<!-- This site is optimized with the Yoast SEO Premium plugin v27.5 (Yoast SEO v27.5) - https:\/\/yoast.com\/product\/yoast-seo-premium-wordpress\/ -->\n<title>Excursions sur l&#039;\u00eele de Saint-Martin | Meilleurs circuits touristiques et visites de la ville<\/title>\n<meta name=\"description\" content=\"D\u00e9couvre les meilleures excursions sur l&#039;\u00eele de Saint-Martin. Explore les points de vue panoramiques, les plages, les sites culturels et les c\u00f4t\u00e9s n\u00e9erlandais et fran\u00e7ais.\" \/>\n<meta name=\"robots\" content=\"index, follow, max-snippet:-1, max-image-preview:large, max-video-preview:-1\" \/>\n<link rel=\"canonical\" href=\"https:\/\/bookstmartin.com\/things-to-do-in-st-maarten\/island-tours-in-st-maarten\/\" \/>\n<meta property=\"og:locale\" content=\"fr_FR\" \/>\n<meta property=\"og:type\" content=\"article\" \/>\n<meta property=\"og:title\" content=\"Excursions sur l&#039;\u00eele de Saint-Martin\" \/>\n<meta property=\"og:description\" content=\"D\u00e9couvre les meilleures excursions sur l&#039;\u00eele de Saint-Martin. Explore les points de vue panoramiques, les plages, les sites culturels et les c\u00f4t\u00e9s n\u00e9erlandais et fran\u00e7ais.\" \/>\n<meta property=\"og:url\" content=\"https:\/\/bookstmartin.com\/things-to-do-in-st-maarten\/island-tours-in-st-maarten\/\" \/>\n<meta property=\"og:site_name\" content=\"BookStMartin\" \/>\n<meta property=\"article:publisher\" content=\"https:\/\/www.facebook.com\/bookstmartin\/\" \/>\n<meta property=\"article:modified_time\" content=\"2026-03-07T13:50:20+00:00\" \/>\n<meta property=\"og:image\" content=\"https:\/\/bookstmartin.com\/wp-content\/uploads\/2026\/03\/caption-1.jpg\" \/>\n\t<meta property=\"og:image:width\" content=\"828\" \/>\n\t<meta property=\"og:image:height\" content=\"553\" \/>\n\t<meta property=\"og:image:type\" content=\"image\/jpeg\" \/>\n<meta name=\"twitter:card\" content=\"summary_large_image\" \/>\n<meta name=\"twitter:label1\" content=\"Dur\u00e9e de lecture estim\u00e9e\" \/>\n\t<meta name=\"twitter:data1\" content=\"3 minutes\" \/>\n<script type=\"application\/ld+json\" class=\"yoast-schema-graph\">{\"@context\":\"https:\\\/\\\/schema.org\",\"@graph\":[]}<\/script>\n<!-- \/ Yoast SEO Premium plugin. -->","yoast_head_json":{"title":"Excursions sur l'\u00eele de Saint-Martin | Meilleurs circuits touristiques et visites de la ville","description":"D\u00e9couvre les meilleures excursions sur l'\u00eele de Saint-Martin. Explore les points de vue panoramiques, les plages, les sites culturels et les c\u00f4t\u00e9s n\u00e9erlandais et fran\u00e7ais.","robots":{"index":"index","follow":"follow","max-snippet":"max-snippet:-1","max-image-preview":"max-image-preview:large","max-video-preview":"max-video-preview:-1"},"canonical":"https:\/\/bookstmartin.com\/things-to-do-in-st-maarten\/island-tours-in-st-maarten\/","og_locale":"fr_FR","og_type":"article","og_title":"Excursions sur l'\u00eele de Saint-Martin","og_description":"D\u00e9couvre les meilleures excursions sur l'\u00eele de Saint-Martin. Explore les points de vue panoramiques, les plages, les sites culturels et les c\u00f4t\u00e9s n\u00e9erlandais et fran\u00e7ais.","og_url":"https:\/\/bookstmartin.com\/things-to-do-in-st-maarten\/island-tours-in-st-maarten\/","og_site_name":"BookStMartin","article_publisher":"https:\/\/www.facebook.com\/bookstmartin\/","article_modified_time":"2026-03-07T13:50:20+00:00","og_image":[{"width":828,"height":553,"url":"https:\/\/bookstmartin.com\/wp-content\/uploads\/2026\/03\/caption-1.jpg","type":"image\/jpeg"}],"twitter_card":"summary_large_image","twitter_misc":{"Dur\u00e9e de lecture estim\u00e9e":"3 minutes"},"schema":{"@context":"https:\/\/schema.org","@graph":[]}},"_links":{"self":[{"href":"https:\/\/bookstmartin.com\/fr\/wp-json\/wp\/v2\/pages\/54295","targetHints":{"allow":["GET"]}}],"collection":[{"href":"https:\/\/bookstmartin.com\/fr\/wp-json\/wp\/v2\/pages"}],"about":[{"href":"https:\/\/bookstmartin.com\/fr\/wp-json\/wp\/v2\/types\/page"}],"author":[{"embeddable":true,"href":"https:\/\/bookstmartin.com\/fr\/wp-json\/wp\/v2\/users\/4"}],"replies":[{"embeddable":true,"href":"https:\/\/bookstmartin.com\/fr\/wp-json\/wp\/v2\/comments?post=54295"}],"version-history":[{"count":3,"href":"https:\/\/bookstmartin.com\/fr\/wp-json\/wp\/v2\/pages\/54295\/revisions"}],"predecessor-version":[{"id":54299,"href":"https:\/\/bookstmartin.com\/fr\/wp-json\/wp\/v2\/pages\/54295\/revisions\/54299"}],"wp:featuredmedia":[{"embeddable":true,"href":"https:\/\/bookstmartin.com\/fr\/wp-json\/wp\/v2\/media\/54296"}],"wp:attachment":[{"href":"https:\/\/bookstmartin.com\/fr\/wp-json\/wp\/v2\/media?parent=54295"}],"curies":[{"name":"wp","href":"https:\/\/api.w.org\/{rel}","templated":true}]}}