
{"id":54300,"date":"2026-04-08T16:10:41","date_gmt":"2026-04-08T20:10:41","guid":{"rendered":"https:\/\/bookstmartin.com\/excursions-privees-en-bateau-rapide-a-saint-martin\/"},"modified":"2026-03-07T09:50:34","modified_gmt":"2026-03-07T13:50:34","slug":"excursions-privees-en-bateau-rapide-a-saint-martin","status":"publish","type":"page","link":"https:\/\/bookstmartin.com\/fr\/activites-a-faire-a-st-maarten\/excursions-privees-en-bateau-rapide-a-saint-martin\/","title":{"rendered":"Excursions priv\u00e9es en bateau rapide \u00e0 Saint-Martin"},"content":{"rendered":"\t\t<div data-elementor-type=\"wp-page\" data-elementor-id=\"54300\" class=\"elementor elementor-54300 elementor-53403\" data-elementor-post-type=\"page\">\n\t\t\t\t<div class=\"elementor-element elementor-element-2d2341d7 e-flex e-con-boxed e-con e-parent\" data-id=\"2d2341d7\" data-element_type=\"container\" data-e-type=\"container\">\n\t\t\t\t\t<div class=\"e-con-inner\">\n\t\t<div class=\"elementor-element elementor-element-22ee483 e-con-full e-flex e-con e-child\" data-id=\"22ee483\" data-element_type=\"container\" data-e-type=\"container\">\n\t\t\t\t<div class=\"elementor-element elementor-element-1ee0e44f elementor-widget elementor-widget-heading\" data-id=\"1ee0e44f\" data-element_type=\"widget\" data-e-type=\"widget\" data-widget_type=\"heading.default\">\n\t\t\t\t\t<h1 class=\"elementor-heading-title elementor-size-default\">Excursions priv\u00e9es en bateau rapide \u00e0 Saint-Martin<\/h1>\t\t\t\t<\/div>\n\t\t\t\t<div class=\"elementor-element elementor-element-5f633d1f elementor-widget-mobile__width-inherit elementor-widget elementor-widget-text-editor\" data-id=\"5f633d1f\" data-element_type=\"widget\" data-e-type=\"widget\" data-widget_type=\"text-editor.default\">\n\t\t\t\t\t\t\t\t\t<p data-start=\"135\" data-end=\"454\">Les excursions priv\u00e9es en bateau rapide \u00e0 Saint-Martin offrent la combinaison parfaite de luxe, de performance et de flexibilit\u00e9. Glisse sur les eaux turquoise, atteins des plages isol\u00e9es en quelques minutes et con\u00e7ois une journ\u00e9e en mer enti\u00e8rement personnalis\u00e9e avec ton propre capitaine et ton \u00e9quipage. <\/p><p data-start=\"456\" data-end=\"819\">Id\u00e9ales pour les couples, les familles et les petits groupes \u00e0 la recherche d\u2019une exp\u00e9rience insulaire haut de gamme, les excursions en bateau rapide te permettent de visiter des destinations telles qu\u2019Anguilla, Saint-Barth ou des criques cach\u00e9es le long du littoral de Saint-Martin \u2014 le tout \u00e0 ton propre rythme. Avec un design \u00e9l\u00e9gant et des moteurs puissants, ces bateaux rapides offrent \u00e0 la fois confort et aventure pour une exp\u00e9rience inoubliable. <\/p>\t\t\t\t\t\t\t\t<\/div>\n\t\t\t\t<\/div>\n\t\t\t\t\t<\/div>\n\t\t\t\t<\/div>\n\t\t<div class=\"elementor-element elementor-element-1801ea77 e-flex e-con-boxed e-con e-parent\" data-id=\"1801ea77\" data-element_type=\"container\" data-e-type=\"container\">\n\t\t\t\t\t<div class=\"e-con-inner\">\n\t\t<div class=\"elementor-element elementor-element-aecd5f1 e-con-full e-flex e-con e-child\" data-id=\"aecd5f1\" data-element_type=\"container\" data-e-type=\"container\">\n\t\t\t\t<div class=\"elementor-element elementor-element-2254df59 elementor-widget elementor-widget-heading\" data-id=\"2254df59\" data-element_type=\"widget\" data-e-type=\"widget\" data-widget_type=\"heading.default\">\n\t\t\t\t\t<h2 class=\"elementor-heading-title elementor-size-default\">Excursions priv\u00e9es en bateau rapide<\/h2>\t\t\t\t<\/div>\n\t\t\t\t<div class=\"elementor-element elementor-element-5c8e4a4 elementor-widget-divider--view-line elementor-widget elementor-widget-divider\" data-id=\"5c8e4a4\" data-element_type=\"widget\" data-e-type=\"widget\" data-widget_type=\"divider.default\">\n\t\t\t\t\t\t\t<div class=\"elementor-divider\">\n\t\t\t<span class=\"elementor-divider-separator\">\n\t\t\t\t\t\t<\/span>\n\t\t<\/div>\n\t\t\t\t\t\t<\/div>\n\t\t\t\t<div class=\"elementor-element elementor-element-466756b7 elementor-widget elementor-widget-heading\" data-id=\"466756b7\" data-element_type=\"widget\" data-e-type=\"widget\" data-widget_type=\"heading.default\">\n\t\t\t\t\t<h5 class=\"elementor-heading-title elementor-size-default\">Propuls\u00e9 par Viator, une entreprise de TripAdvisor<\/h5>\t\t\t\t<\/div>\n\t\t\t\t<\/div>\n\t\t<div class=\"elementor-element elementor-element-7f309925 e-con-full e-flex e-con e-child\" data-id=\"7f309925\" data-element_type=\"container\" data-e-type=\"container\">\n\t\t\t\t<div class=\"elementor-element elementor-element-734262dc elementor-widget elementor-widget-image\" data-id=\"734262dc\" data-element_type=\"widget\" data-e-type=\"widget\" data-widget_type=\"image.default\">\n\t\t\t\t\t\t\t\t\t\t\t\t\t\t\t<img decoding=\"async\" width=\"300\" height=\"80\" src=\"https:\/\/bookstmartin.com\/wp-content\/uploads\/2026\/03\/300x80viatorf.png\" class=\"attachment-large size-large wp-image-54290\" alt=\"\" \/>\t\t\t\t\t\t\t\t\t\t\t\t\t\t\t<\/div>\n\t\t\t\t<\/div>\n\t\t\t\t\t<\/div>\n\t\t\t\t<\/div>\n\t\t<div class=\"elementor-element elementor-element-5824c49a e-flex e-con-boxed e-con e-parent\" data-id=\"5824c49a\" data-element_type=\"container\" data-e-type=\"container\">\n\t\t\t\t\t<div class=\"e-con-inner\">\n\t\t\t\t<div class=\"elementor-element elementor-element-7a966bee elementor-widget elementor-widget-html\" data-id=\"7a966bee\" data-element_type=\"widget\" data-e-type=\"widget\" data-widget_type=\"html.default\">\n\t\t\t\t\t    <div class=\"bsm-viator-widget\"\r\n         data-vi-partner-id=\"P00290947\"\r\n         data-vi-widget-ref=\"W-45e23136-9290-4ef1-8f64-6e56a4fb22df\">\r\n    <\/div>\r\n            <script async src=\"https:\/\/www.viator.com\/orion\/partner\/widget.js\"><\/script>\r\n        \t\t\t\t<\/div>\n\t\t\t\t\t<\/div>\n\t\t\t\t<\/div>\n\t\t<div class=\"elementor-element elementor-element-106f95d e-flex e-con-boxed e-con e-parent\" data-id=\"106f95d\" data-element_type=\"container\" data-e-type=\"container\">\n\t\t\t\t\t<div class=\"e-con-inner\">\n\t\t<div class=\"elementor-element elementor-element-213a4bb e-con-full e-flex e-con e-child\" data-id=\"213a4bb\" data-element_type=\"container\" data-e-type=\"container\">\n\t\t\t\t<div class=\"elementor-element elementor-element-74a70fb elementor-widget elementor-widget-heading\" data-id=\"74a70fb\" data-element_type=\"widget\" data-e-type=\"widget\" data-widget_type=\"heading.default\">\n\t\t\t\t\t<h2 class=\"elementor-heading-title elementor-size-default\">D\u00e9parts depuis la partie fran\u00e7aise<\/h2>\t\t\t\t<\/div>\n\t\t\t\t<div class=\"elementor-element elementor-element-fa28393 elementor-widget-divider--view-line elementor-widget elementor-widget-divider\" data-id=\"fa28393\" data-element_type=\"widget\" data-e-type=\"widget\" data-widget_type=\"divider.default\">\n\t\t\t\t\t\t\t<div class=\"elementor-divider\">\n\t\t\t<span class=\"elementor-divider-separator\">\n\t\t\t\t\t\t<\/span>\n\t\t<\/div>\n\t\t\t\t\t\t<\/div>\n\t\t\t\t<div class=\"elementor-element elementor-element-bacdfe6 elementor-widget elementor-widget-heading\" data-id=\"bacdfe6\" data-element_type=\"widget\" data-e-type=\"widget\" data-widget_type=\"heading.default\">\n\t\t\t\t\t<h5 class=\"elementor-heading-title elementor-size-default\">Propuls\u00e9 par Get Your Guide<\/h5>\t\t\t\t<\/div>\n\t\t\t\t<\/div>\n\t\t<div class=\"elementor-element elementor-element-c3d0ac0 e-con-full e-flex e-con e-child\" data-id=\"c3d0ac0\" data-element_type=\"container\" data-e-type=\"container\">\n\t\t\t\t<div class=\"elementor-element elementor-element-e8dac93 elementor-widget elementor-widget-image\" data-id=\"e8dac93\" data-element_type=\"widget\" data-e-type=\"widget\" data-widget_type=\"image.default\">\n\t\t\t\t\t\t\t\t\t\t\t\t\t\t\t<img fetchpriority=\"high\" decoding=\"async\" width=\"1000\" height=\"217\" src=\"https:\/\/bookstmartin.com\/wp-content\/uploads\/2026\/03\/6033e16ff82f810004782cc1.png\" class=\"attachment-full size-full wp-image-54306\" alt=\"\" srcset=\"https:\/\/bookstmartin.com\/wp-content\/uploads\/2026\/03\/6033e16ff82f810004782cc1.png 1000w, https:\/\/bookstmartin.com\/wp-content\/uploads\/2026\/03\/6033e16ff82f810004782cc1-300x65.png 300w, https:\/\/bookstmartin.com\/wp-content\/uploads\/2026\/03\/6033e16ff82f810004782cc1-768x167.png 768w\" sizes=\"(max-width: 1000px) 100vw, 1000px\" \/>\t\t\t\t\t\t\t\t\t\t\t\t\t\t\t<\/div>\n\t\t\t\t<\/div>\n\t\t\t\t\t<\/div>\n\t\t\t\t<\/div>\n\t\t<div class=\"elementor-element elementor-element-9830a33 e-flex e-con-boxed e-con e-parent\" data-id=\"9830a33\" data-element_type=\"container\" data-e-type=\"container\">\n\t\t\t\t\t<div class=\"e-con-inner\">\n\t\t<div class=\"elementor-element elementor-element-e08becc e-con-full e-flex e-con e-child\" data-id=\"e08becc\" data-element_type=\"container\" data-e-type=\"container\">\n\t\t\t\t<div class=\"elementor-element elementor-element-69c0f16 elementor-widget elementor-widget-image\" data-id=\"69c0f16\" data-element_type=\"widget\" data-e-type=\"widget\" data-widget_type=\"image.default\">\n\t\t\t\t\t\t\t\t\t\t\t\t\t\t\t\t<a href=\"https:\/\/www.getyourguide.com\/sint-maarten-l169201\/st-maarten-private-yacht-tour-to-anguilla-t969298\/?partner_id=4IAKFRT&#038;utm_medium=online_publisher\" target=\"_blank\">\n\t\t\t\t\t\t\t<img decoding=\"async\" width=\"1024\" height=\"682\" src=\"https:\/\/bookstmartin.com\/wp-content\/uploads\/2026\/03\/7069741e5757a82ba045d771f9b6394d3a4e1efe2b89e4b374740c3668893a7b-1024x682.jpg\" class=\"attachment-large size-large wp-image-54308\" alt=\"\" srcset=\"https:\/\/bookstmartin.com\/wp-content\/uploads\/2026\/03\/7069741e5757a82ba045d771f9b6394d3a4e1efe2b89e4b374740c3668893a7b-1024x682.jpg 1024w, https:\/\/bookstmartin.com\/wp-content\/uploads\/2026\/03\/7069741e5757a82ba045d771f9b6394d3a4e1efe2b89e4b374740c3668893a7b-300x200.jpg 300w, https:\/\/bookstmartin.com\/wp-content\/uploads\/2026\/03\/7069741e5757a82ba045d771f9b6394d3a4e1efe2b89e4b374740c3668893a7b-768x512.jpg 768w, https:\/\/bookstmartin.com\/wp-content\/uploads\/2026\/03\/7069741e5757a82ba045d771f9b6394d3a4e1efe2b89e4b374740c3668893a7b-1536x1023.jpg 1536w, https:\/\/bookstmartin.com\/wp-content\/uploads\/2026\/03\/7069741e5757a82ba045d771f9b6394d3a4e1efe2b89e4b374740c3668893a7b.avif 1920w\" sizes=\"(max-width: 1024px) 100vw, 1024px\" \/>\t\t\t\t\t\t\t\t<\/a>\n\t\t\t\t\t\t\t\t\t\t\t\t\t\t\t<\/div>\n\t\t\t\t<div class=\"elementor-element elementor-element-bf5bf27 elementor-widget elementor-widget-html\" data-id=\"bf5bf27\" data-element_type=\"widget\" data-e-type=\"widget\" data-widget_type=\"html.default\">\n\t\t\t\t\t<div class=\"bsm-gyg-grid\">\r\n\r\n  <div class=\"bsm-gyg-card\">\r\n\r\n    <div class=\"bsm-gyg-body\">\r\n      <div class=\"bsm-gyg-title\"><strong>Excursion priv\u00e9e en yacht \u00e0 Anguilla<\/strong><\/div>\r\n      <div class=\"bsm-gyg-meta\">Journ\u00e9e compl\u00e8te \u2022 Location priv\u00e9e<\/div>\r\n      <div class=\"bsm-gyg-cta\">\u00c0 partir de\r\n1 700 $\r\npar groupe jusqu\u2019\u00e0 10 personnes<\/div>\r\n    <\/div>\r\n\r\n  <\/div>\r\n\r\n<\/div>\t\t\t\t<\/div>\n\t\t\t\t<\/div>\n\t\t<div class=\"elementor-element elementor-element-81e49b9 e-con-full e-flex e-con e-child\" data-id=\"81e49b9\" data-element_type=\"container\" data-e-type=\"container\">\n\t\t\t\t<div class=\"elementor-element elementor-element-15a61f1 elementor-widget elementor-widget-image\" data-id=\"15a61f1\" data-element_type=\"widget\" data-e-type=\"widget\" data-widget_type=\"image.default\">\n\t\t\t\t\t\t\t\t\t\t\t\t\t\t\t\t<a href=\"https:\/\/www.getyourguide.com\/grand-case-l1020\/private-speedboat-charter-with-captain-departure-grand-case-t1199052\/?partner_id=4IAKFRT&#038;utm_medium=online_publisher\" target=\"_blank\">\n\t\t\t\t\t\t\t<img decoding=\"async\" src=\"https:\/\/bookstmartin.com\/wp-content\/uploads\/elementor\/thumbs\/dd9e455286c2c6db7e1bfc3581af1b95a30ebfc29bd3501864d50b5a92022dd1-rk2wimej19fm3wnjmc5x6aoynoya1aljujdjq2a9xs.webp\" title=\"dd9e455286c2c6db7e1bfc3581af1b95a30ebfc29bd3501864d50b5a92022dd1\" alt=\"dd9e455286c2c6db7e1bfc3581af1b95a30ebfc29bd3501864d50b5a92022dd1\" loading=\"lazy\" \/>\t\t\t\t\t\t\t\t<\/a>\n\t\t\t\t\t\t\t\t\t\t\t\t\t\t\t<\/div>\n\t\t\t\t<div class=\"elementor-element elementor-element-0e3caab elementor-widget elementor-widget-html\" data-id=\"0e3caab\" data-element_type=\"widget\" data-e-type=\"widget\" data-widget_type=\"html.default\">\n\t\t\t\t\t<div class=\"bsm-gyg-grid\">\r\n\r\n  <div class=\"bsm-gyg-card\">\r\n\r\n    <div class=\"bsm-gyg-body\">\r\n      <div class=\"bsm-gyg-title\"><strong>Location priv\u00e9e de bateau rapide avec capitaine au d\u00e9part de Grand Case\r\n<\/strong><\/div>\r\n      <div class=\"bsm-gyg-meta\">Journ\u00e9e compl\u00e8te \u2022 Location priv\u00e9e<\/div>\r\n      <div class=\"bsm-gyg-cta\">\u00c0 partir de\r\n663 $\r\npar groupe jusqu\u2019\u00e0 1 personne<\/div>\r\n    <\/div>\r\n\r\n  <\/div>\r\n\r\n<\/div>\t\t\t\t<\/div>\n\t\t\t\t<\/div>\n\t\t<div class=\"elementor-element elementor-element-1efdf3a e-con-full e-flex e-con e-child\" data-id=\"1efdf3a\" data-element_type=\"container\" data-e-type=\"container\">\n\t\t\t\t<div class=\"elementor-element elementor-element-1d706bd elementor-widget elementor-widget-image\" data-id=\"1d706bd\" data-element_type=\"widget\" data-e-type=\"widget\" data-widget_type=\"image.default\">\n\t\t\t\t\t\t\t\t\t\t\t\t\t\t\t\t<a href=\"https:\/\/www.getyourguide.com\/st-martin-l32199\/st-maarten-private-full-day-cruise-with-snorkeling-t968643\/?partner_id=4IAKFRT&#038;utm_medium=online_publisher\" target=\"_blank\">\n\t\t\t\t\t\t\t<img decoding=\"async\" src=\"https:\/\/bookstmartin.com\/wp-content\/uploads\/elementor\/thumbs\/Screenshot_5-rk2wqbox1dz78vgrn60v3upxwczk406d8ntsaov4y8.jpg\" title=\"Capture_d_ecran_5\" alt=\"Capture_d_ecran_5\" loading=\"lazy\" \/>\t\t\t\t\t\t\t\t<\/a>\n\t\t\t\t\t\t\t\t\t\t\t\t\t\t\t<\/div>\n\t\t\t\t<div class=\"elementor-element elementor-element-84e0f22 elementor-widget elementor-widget-html\" data-id=\"84e0f22\" data-element_type=\"widget\" data-e-type=\"widget\" data-widget_type=\"html.default\">\n\t\t\t\t\t<div class=\"bsm-gyg-grid\">\r\n\r\n  <div class=\"bsm-gyg-card\">\r\n\r\n    <div class=\"bsm-gyg-body\">\r\n      <div class=\"bsm-gyg-title\"><strong>Croisi\u00e8re priv\u00e9e d\u2019une journ\u00e9e compl\u00e8te avec snorkeling\r\n<\/strong><\/div>\r\n      <div class=\"bsm-gyg-meta\">Journ\u00e9e compl\u00e8te \u2022 Location priv\u00e9e<\/div>\r\n      <div class=\"bsm-gyg-cta\">\u00c0 partir de\r\n1 700 $\r\npar groupe jusqu\u2019\u00e0 10 personnes<\/div>\r\n    <\/div>\r\n\r\n  <\/div>\r\n\r\n<\/div>\t\t\t\t<\/div>\n\t\t\t\t<\/div>\n\t\t<div class=\"elementor-element elementor-element-bbf8aaa e-con-full e-flex e-con e-child\" data-id=\"bbf8aaa\" data-element_type=\"container\" data-e-type=\"container\">\n\t\t\t\t<div class=\"elementor-element elementor-element-6a3015b elementor-widget elementor-widget-image\" data-id=\"6a3015b\" data-element_type=\"widget\" data-e-type=\"widget\" data-widget_type=\"image.default\">\n\t\t\t\t\t\t\t\t\t\t\t\t\t\t\t\t<a href=\"https:\/\/www.getyourguide.com\/private-day-charter-saint-martinsxm-axopar-brabusline-t1170098\/?partner_id=4IAKFRT&#038;utm_medium=online_publisher\" target=\"_blank\">\n\t\t\t\t\t\t\t<img loading=\"lazy\" decoding=\"async\" width=\"933\" height=\"622\" src=\"https:\/\/bookstmartin.com\/wp-content\/uploads\/2026\/03\/Screenshot_9.jpg\" class=\"attachment-large size-large wp-image-54317\" alt=\"\" srcset=\"https:\/\/bookstmartin.com\/wp-content\/uploads\/2026\/03\/Screenshot_9.jpg 933w, https:\/\/bookstmartin.com\/wp-content\/uploads\/2026\/03\/Screenshot_9-300x200.jpg 300w, https:\/\/bookstmartin.com\/wp-content\/uploads\/2026\/03\/Screenshot_9-768x512.jpg 768w\" sizes=\"(max-width: 933px) 100vw, 933px\" \/>\t\t\t\t\t\t\t\t<\/a>\n\t\t\t\t\t\t\t\t\t\t\t\t\t\t\t<\/div>\n\t\t\t\t<div class=\"elementor-element elementor-element-6938538 elementor-widget elementor-widget-html\" data-id=\"6938538\" data-element_type=\"widget\" data-e-type=\"widget\" data-widget_type=\"html.default\">\n\t\t\t\t\t<div class=\"bsm-gyg-grid\">\r\n\r\n  <div class=\"bsm-gyg-card\">\r\n\r\n    <div class=\"bsm-gyg-body\">\r\n      <div class=\"bsm-gyg-title\"><strong>Croisi\u00e8re priv\u00e9e d\u2019une journ\u00e9e compl\u00e8te avec snorkeling\r\n<\/strong><\/div>\r\n      <div class=\"bsm-gyg-meta\">Journ\u00e9e compl\u00e8te \u2022 Location priv\u00e9e<\/div>\r\n      <div class=\"bsm-gyg-cta\">\u00c0 partir de\r\n2 792 $\r\npar groupe jusqu\u2019\u00e0 12 personnes<\/div>\r\n    <\/div>\r\n\r\n  <\/div>\r\n\r\n<\/div>\t\t\t\t<\/div>\n\t\t\t\t<\/div>\n\t\t\t\t\t<\/div>\n\t\t\t\t<\/div>\n\t\t<div class=\"elementor-element elementor-element-2cc4c6de e-flex e-con-boxed e-con e-parent\" data-id=\"2cc4c6de\" data-element_type=\"container\" data-e-type=\"container\">\n\t\t\t\t\t<div class=\"e-con-inner\">\n\t\t\t\t<div class=\"elementor-element elementor-element-1ad761e7 elementor-widget elementor-widget-text-editor\" data-id=\"1ad761e7\" data-element_type=\"widget\" data-e-type=\"widget\" data-widget_type=\"text-editor.default\">\n\t\t\t\t\t\t\t\t\t<h3 data-start=\"93\" data-end=\"150\">Pourquoi choisir une excursion priv\u00e9e en bateau rapide \u00e0 Saint-Martin ?<\/h3><p data-start=\"152\" data-end=\"433\">Les excursions priv\u00e9es en bateau rapide \u00e0 Saint-Martin offrent une exp\u00e9rience compl\u00e8tement diff\u00e9rente des excursions en voilier traditionnelles. Con\u00e7us pour la performance et l\u2019efficacit\u00e9, les bateaux rapides te permettent de couvrir de plus grandes distances en moins de temps, ce qui les rend id\u00e9aux pour le saut d\u2019\u00eele en \u00eele et les arr\u00eats sur des plages exclusives. <\/p><p data-start=\"435\" data-end=\"805\">Avec une location priv\u00e9e, tu b\u00e9n\u00e9ficies d\u2019une flexibilit\u00e9 totale. Ton capitaine peut personnaliser l\u2019itin\u00e9raire en fonction de tes pr\u00e9f\u00e9rences, que tu souhaites faire du snorkeling dans des eaux cristallines, te d\u00e9tendre sur une plage isol\u00e9e ou naviguer vers Anguilla ou Saint-Barth pour la journ\u00e9e. L\u2019exp\u00e9rience est enti\u00e8rement priv\u00e9e, te permettant de voyager \u00e0 ton propre rythme sans partager le bateau avec d\u2019autres invit\u00e9s.<\/p><p data-start=\"807\" data-end=\"1116\">Les excursions en bateau rapide sont particuli\u00e8rement populaires aupr\u00e8s des voyageurs \u00e0 la recherche d\u2019une mani\u00e8re plus dynamique et luxueuse d\u2019explorer les Cara\u00efbes. La combinaison d\u2019un design \u00e9l\u00e9gant, de confort et de puissance cr\u00e9e une atmosph\u00e8re haut de gamme qui s\u00e9duit les couples, les familles et les petits groupes \u00e0 la recherche de quelque chose au-del\u00e0 d\u2019une excursion en bateau standard.<\/p><p data-start=\"1118\" data-end=\"1409\">La plupart des exp\u00e9riences priv\u00e9es en bateau rapide sont tarif\u00e9es par bateau, allant g\u00e9n\u00e9ralement de quatre chiffres moyens \u00e0 \u00e9lev\u00e9s selon la dur\u00e9e, le carburant et la destination. Lorsqu\u2019elle est partag\u00e9e entre plusieurs invit\u00e9s, l\u2019exp\u00e9rience devient \u00e0 la fois exclusive et \u00e9tonnamment comp\u00e9titive par rapport \u00e0 d\u2019autres excursions haut de gamme.<\/p><p data-start=\"1411\" data-end=\"1688\">En raison de la disponibilit\u00e9 limit\u00e9e et de la forte demande pendant la haute saison, il est fortement recommand\u00e9 de r\u00e9server \u00e0 l\u2019avance. Pour les voyageurs \u00e0 la recherche de vitesse, d\u2019intimit\u00e9 et d\u2019une aventure insulaire enti\u00e8rement personnalis\u00e9e, les excursions priv\u00e9es en bateau rapide \u00e0 Saint-Martin offrent une journ\u00e9e inoubliable sur l\u2019eau.<\/p>\t\t\t\t\t\t\t\t<\/div>\n\t\t\t\t\t<\/div>\n\t\t\t\t<\/div>\n\t\t<div class=\"elementor-element elementor-element-3c2f697 e-flex e-con-boxed e-con e-parent\" data-id=\"3c2f697\" data-element_type=\"container\" data-e-type=\"container\">\n\t\t\t\t\t<div class=\"e-con-inner\">\n\t\t\t\t<div class=\"elementor-element elementor-element-58961e5 elementor-widget elementor-widget-text-editor\" data-id=\"58961e5\" data-element_type=\"widget\" data-e-type=\"widget\" data-widget_type=\"text-editor.default\">\n\t\t\t\t\t\t\t\t\t<p>Avertissement : Certains services pr\u00e9sent\u00e9s sur cette page peuvent inclure des liens d\u2019affiliation, ce qui signifie que BookStMartin peut percevoir une petite commission si tu choisis de r\u00e9server par leur interm\u00e9diaire. Cela aide \u00e0 soutenir notre plateforme sans frais suppl\u00e9mentaires pour toi.<\/p>\t\t\t\t\t\t\t\t<\/div>\n\t\t\t\t\t<\/div>\n\t\t\t\t<\/div>\n\t\t<div class=\"elementor-element elementor-element-25021b65 e-flex e-con-boxed e-con e-parent\" data-id=\"25021b65\" data-element_type=\"container\" data-e-type=\"container\">\n\t\t\t\t\t<div class=\"e-con-inner\">\n\t\t\t\t<div class=\"elementor-element elementor-element-35c655a elementor-widget elementor-widget-text-editor\" data-id=\"35c655a\" data-element_type=\"widget\" data-e-type=\"widget\" data-widget_type=\"text-editor.default\">\n\t\t\t\t\t\t\t\t\t<p style=\"text-align: center;\"><a href=\"https:\/\/www.facebook.com\/bookstmartin\" target=\"_blank\" rel=\"noopener\">Suis-nous sur Facebook <\/a>| <a href=\"https:\/\/bookstmartin.com\/fr\/\">Retour \u00e0 la page d\u2019accueil <\/a>| <a href=\"https:\/\/bookstmartin.com\/things-to-do-in-st-maarten\/\">Retour aux activit\u00e9s \u00e0 Saint-Martin<\/a><\/p>\t\t\t\t\t\t\t\t<\/div>\n\t\t\t\t\t<\/div>\n\t\t\t\t<\/div>\n\t\t\t\t<\/div>\n\t\t","protected":false},"excerpt":{"rendered":"<p>Excursions priv\u00e9es en bateau rapide \u00e0 Saint-Martin Les excursions priv\u00e9es en bateau rapide \u00e0 Saint-Martin offrent la combinaison parfaite de luxe, de performance et de flexibilit\u00e9. Glisse sur les eaux turquoise, atteins des plages isol\u00e9es en quelques minutes et con\u00e7ois une journ\u00e9e en mer enti\u00e8rement personnalis\u00e9e avec ton propre capitaine et ton \u00e9quipage. Id\u00e9ales pour [&hellip;]<\/p>\n","protected":false},"author":4,"featured_media":54301,"parent":54340,"menu_order":0,"comment_status":"closed","ping_status":"closed","template":"","meta":{"_acf_changed":false,"footnotes":""},"class_list":["post-54300","page","type-page","status-publish","has-post-thumbnail","hentry"],"acf":[],"yoast_head":"<!-- This site is optimized with the Yoast SEO Premium plugin v27.5 (Yoast SEO v27.5) - https:\/\/yoast.com\/product\/yoast-seo-premium-wordpress\/ -->\n<title>Excursions priv\u00e9es en bateau rapide \u00e0 Saint-Martin | Circuits de luxe<\/title>\n<meta name=\"description\" content=\"D\u00e9couvre les excursions priv\u00e9es en bateau rapide \u00e0 Saint-Martin. Profite de circuits de luxe en bateau rapide, de sauts d\u2019\u00eele en \u00eele et d\u2019aventures carib\u00e9ennes exclusives.\" \/>\n<meta name=\"robots\" content=\"index, follow, max-snippet:-1, max-image-preview:large, max-video-preview:-1\" \/>\n<link rel=\"canonical\" href=\"https:\/\/bookstmartin.com\/fr\/activites-a-faire-a-st-maarten\/excursions-privees-en-bateau-rapide-a-saint-martin\/\" \/>\n<meta property=\"og:locale\" content=\"fr_FR\" \/>\n<meta property=\"og:type\" content=\"article\" \/>\n<meta property=\"og:title\" content=\"Excursions priv\u00e9es en bateau rapide \u00e0 Saint-Martin\" \/>\n<meta property=\"og:description\" content=\"D\u00e9couvre les excursions priv\u00e9es en bateau rapide \u00e0 Saint-Martin. Profite de circuits de luxe en bateau rapide, de sauts d\u2019\u00eele en \u00eele et d\u2019aventures carib\u00e9ennes exclusives.\" \/>\n<meta property=\"og:url\" content=\"https:\/\/bookstmartin.com\/fr\/activites-a-faire-a-st-maarten\/excursions-privees-en-bateau-rapide-a-saint-martin\/\" \/>\n<meta property=\"og:site_name\" content=\"BookStMartin\" \/>\n<meta property=\"article:publisher\" content=\"https:\/\/www.facebook.com\/bookstmartin\/\" \/>\n<meta property=\"og:image\" content=\"https:\/\/bookstmartin.com\/wp-content\/uploads\/2026\/03\/caption-1-1.jpg\" \/>\n\t<meta property=\"og:image:width\" content=\"720\" \/>\n\t<meta property=\"og:image:height\" content=\"480\" \/>\n\t<meta property=\"og:image:type\" content=\"image\/jpeg\" \/>\n<meta name=\"twitter:card\" content=\"summary_large_image\" \/>\n<meta name=\"twitter:label1\" content=\"Dur\u00e9e de lecture estim\u00e9e\" \/>\n\t<meta name=\"twitter:data1\" content=\"14 minutes\" \/>\n<script type=\"application\/ld+json\" class=\"yoast-schema-graph\">{\"@context\":\"https:\\\/\\\/schema.org\",\"@graph\":[]}<\/script>\n<!-- \/ Yoast SEO Premium plugin. -->","yoast_head_json":{"title":"Excursions priv\u00e9es en bateau rapide \u00e0 Saint-Martin | Circuits de luxe","description":"D\u00e9couvre les excursions priv\u00e9es en bateau rapide \u00e0 Saint-Martin. Profite de circuits de luxe en bateau rapide, de sauts d\u2019\u00eele en \u00eele et d\u2019aventures carib\u00e9ennes exclusives.","robots":{"index":"index","follow":"follow","max-snippet":"max-snippet:-1","max-image-preview":"max-image-preview:large","max-video-preview":"max-video-preview:-1"},"canonical":"https:\/\/bookstmartin.com\/fr\/activites-a-faire-a-st-maarten\/excursions-privees-en-bateau-rapide-a-saint-martin\/","og_locale":"fr_FR","og_type":"article","og_title":"Excursions priv\u00e9es en bateau rapide \u00e0 Saint-Martin","og_description":"D\u00e9couvre les excursions priv\u00e9es en bateau rapide \u00e0 Saint-Martin. Profite de circuits de luxe en bateau rapide, de sauts d\u2019\u00eele en \u00eele et d\u2019aventures carib\u00e9ennes exclusives.","og_url":"https:\/\/bookstmartin.com\/fr\/activites-a-faire-a-st-maarten\/excursions-privees-en-bateau-rapide-a-saint-martin\/","og_site_name":"BookStMartin","article_publisher":"https:\/\/www.facebook.com\/bookstmartin\/","og_image":[{"width":720,"height":480,"url":"https:\/\/bookstmartin.com\/wp-content\/uploads\/2026\/03\/caption-1-1.jpg","type":"image\/jpeg"}],"twitter_card":"summary_large_image","twitter_misc":{"Dur\u00e9e de lecture estim\u00e9e":"14 minutes"},"schema":{"@context":"https:\/\/schema.org","@graph":[]}},"_links":{"self":[{"href":"https:\/\/bookstmartin.com\/fr\/wp-json\/wp\/v2\/pages\/54300","targetHints":{"allow":["GET"]}}],"collection":[{"href":"https:\/\/bookstmartin.com\/fr\/wp-json\/wp\/v2\/pages"}],"about":[{"href":"https:\/\/bookstmartin.com\/fr\/wp-json\/wp\/v2\/types\/page"}],"author":[{"embeddable":true,"href":"https:\/\/bookstmartin.com\/fr\/wp-json\/wp\/v2\/users\/4"}],"replies":[{"embeddable":true,"href":"https:\/\/bookstmartin.com\/fr\/wp-json\/wp\/v2\/comments?post=54300"}],"version-history":[{"count":1,"href":"https:\/\/bookstmartin.com\/fr\/wp-json\/wp\/v2\/pages\/54300\/revisions"}],"predecessor-version":[{"id":54320,"href":"https:\/\/bookstmartin.com\/fr\/wp-json\/wp\/v2\/pages\/54300\/revisions\/54320"}],"up":[{"embeddable":true,"href":"https:\/\/bookstmartin.com\/fr\/wp-json\/wp\/v2\/pages\/54340"}],"wp:featuredmedia":[{"embeddable":true,"href":"https:\/\/bookstmartin.com\/fr\/wp-json\/wp\/v2\/media\/54301"}],"wp:attachment":[{"href":"https:\/\/bookstmartin.com\/fr\/wp-json\/wp\/v2\/media?parent=54300"}],"curies":[{"name":"wp","href":"https:\/\/api.w.org\/{rel}","templated":true}]}}