
{"id":54399,"date":"2026-03-03T14:41:26","date_gmt":"2026-03-03T18:41:26","guid":{"rendered":"https:\/\/bookstmartin.com\/excursions-dune-journee-a-st-barts-depuis-st-maarten\/"},"modified":"2026-03-07T09:53:56","modified_gmt":"2026-03-07T13:53:56","slug":"excursions-dune-journee-a-st-barts-depuis-st-maarten","status":"publish","type":"page","link":"https:\/\/bookstmartin.com\/fr\/activites-a-faire-a-st-maarten\/excursions-dune-journee-a-st-barts-depuis-st-maarten\/","title":{"rendered":"Excursions d\u2019une journ\u00e9e \u00e0 St Barts depuis St Maarten"},"content":{"rendered":"\t\t<div data-elementor-type=\"wp-page\" data-elementor-id=\"54399\" class=\"elementor elementor-54399 elementor-53362\" data-elementor-post-type=\"page\">\n\t\t\t\t<div class=\"elementor-element elementor-element-2d2341d7 e-flex e-con-boxed e-con e-parent\" data-id=\"2d2341d7\" data-element_type=\"container\" data-e-type=\"container\">\n\t\t\t\t\t<div class=\"e-con-inner\">\n\t\t<div class=\"elementor-element elementor-element-22ee483 e-con-full e-flex e-con e-child\" data-id=\"22ee483\" data-element_type=\"container\" data-e-type=\"container\">\n\t\t\t\t<div class=\"elementor-element elementor-element-1ee0e44f elementor-widget elementor-widget-heading\" data-id=\"1ee0e44f\" data-element_type=\"widget\" data-e-type=\"widget\" data-widget_type=\"heading.default\">\n\t\t\t\t\t<h1 class=\"elementor-heading-title elementor-size-default\">Excursions d\u2019une journ\u00e9e \u00e0 St Barts depuis St Maarten<\/h1>\t\t\t\t<\/div>\n\t\t\t\t<div class=\"elementor-element elementor-element-5f633d1f elementor-widget-mobile__width-inherit elementor-widget elementor-widget-text-editor\" data-id=\"5f633d1f\" data-element_type=\"widget\" data-e-type=\"widget\" data-widget_type=\"text-editor.default\">\n\t\t\t\t\t\t\t\t\t<p data-start=\"720\" data-end=\"1066\">Une excursion d\u2019une journ\u00e9e \u00e0 St Barts offre des plages immacul\u00e9es, des boutiques haut de gamme et des eaux carib\u00e9ennes cristallines, \u00e0 seulement un court trajet en bateau. R\u00e9put\u00e9e pour son atmosph\u00e8re luxueuse et son littoral spectaculaire, St Barts est une destination favorite des voyageurs en qu\u00eate d\u2019une escapade insulaire raffin\u00e9e. <\/p><p data-start=\"1068\" data-end=\"1241\">Que tu choisisses un ferry rapide, une location de bateau priv\u00e9 ou une excursion en catamaran premium, une journ\u00e9e \u00e0 St Barts combine aventure, \u00e9l\u00e9gance et paysages inoubliables.<\/p>\t\t\t\t\t\t\t\t<\/div>\n\t\t\t\t<\/div>\n\t\t\t\t\t<\/div>\n\t\t\t\t<\/div>\n\t\t<div class=\"elementor-element elementor-element-1801ea77 e-flex e-con-boxed e-con e-parent\" data-id=\"1801ea77\" data-element_type=\"container\" data-e-type=\"container\">\n\t\t\t\t\t<div class=\"e-con-inner\">\n\t\t<div class=\"elementor-element elementor-element-aecd5f1 e-con-full e-flex e-con e-child\" data-id=\"aecd5f1\" data-element_type=\"container\" data-e-type=\"container\">\n\t\t\t\t<div class=\"elementor-element elementor-element-2254df59 elementor-widget elementor-widget-heading\" data-id=\"2254df59\" data-element_type=\"widget\" data-e-type=\"widget\" data-widget_type=\"heading.default\">\n\t\t\t\t\t<h2 class=\"elementor-heading-title elementor-size-default\">St Barts depuis St Maarten<\/h2>\t\t\t\t<\/div>\n\t\t\t\t<div class=\"elementor-element elementor-element-5c8e4a4 elementor-widget-divider--view-line elementor-widget elementor-widget-divider\" data-id=\"5c8e4a4\" data-element_type=\"widget\" data-e-type=\"widget\" data-widget_type=\"divider.default\">\n\t\t\t\t\t\t\t<div class=\"elementor-divider\">\n\t\t\t<span class=\"elementor-divider-separator\">\n\t\t\t\t\t\t<\/span>\n\t\t<\/div>\n\t\t\t\t\t\t<\/div>\n\t\t\t\t<div class=\"elementor-element elementor-element-466756b7 elementor-widget elementor-widget-heading\" data-id=\"466756b7\" data-element_type=\"widget\" data-e-type=\"widget\" data-widget_type=\"heading.default\">\n\t\t\t\t\t<h5 class=\"elementor-heading-title elementor-size-default\">R\u00e9servation s\u00e9curis\u00e9e \u2022 Annulation gratuite \u2022 Propuls\u00e9 par Viator, une soci\u00e9t\u00e9 TripAdvisor<\/h5>\t\t\t\t<\/div>\n\t\t\t\t<\/div>\n\t\t<div class=\"elementor-element elementor-element-7f309925 e-con-full e-flex e-con e-child\" data-id=\"7f309925\" data-element_type=\"container\" data-e-type=\"container\">\n\t\t\t\t<div class=\"elementor-element elementor-element-734262dc elementor-widget elementor-widget-image\" data-id=\"734262dc\" data-element_type=\"widget\" data-e-type=\"widget\" data-widget_type=\"image.default\">\n\t\t\t\t\t\t\t\t\t\t\t\t\t\t\t<img decoding=\"async\" width=\"300\" height=\"80\" src=\"https:\/\/bookstmartin.com\/wp-content\/uploads\/2026\/03\/300x80viatorf.png\" class=\"attachment-large size-large wp-image-54290\" alt=\"\" \/>\t\t\t\t\t\t\t\t\t\t\t\t\t\t\t<\/div>\n\t\t\t\t<\/div>\n\t\t\t\t\t<\/div>\n\t\t\t\t<\/div>\n\t\t<div class=\"elementor-element elementor-element-5824c49a e-flex e-con-boxed e-con e-parent\" data-id=\"5824c49a\" data-element_type=\"container\" data-e-type=\"container\">\n\t\t\t\t\t<div class=\"e-con-inner\">\n\t\t\t\t<div class=\"elementor-element elementor-element-7a966bee elementor-widget elementor-widget-html\" data-id=\"7a966bee\" data-element_type=\"widget\" data-e-type=\"widget\" data-widget_type=\"html.default\">\n\t\t\t\t\t    <div class=\"bsm-viator-widget\"\r\n         data-vi-partner-id=\"P00290947\"\r\n         data-vi-widget-ref=\"W-17e1ec0b-f5d1-4498-828e-e64858d64a10\">\r\n    <\/div>\r\n            <script async src=\"https:\/\/www.viator.com\/orion\/partner\/widget.js\"><\/script>\r\n        \t\t\t\t<\/div>\n\t\t\t\t\t<\/div>\n\t\t\t\t<\/div>\n\t\t<div class=\"elementor-element elementor-element-bc94d9f e-flex e-con-boxed e-con e-parent\" data-id=\"bc94d9f\" data-element_type=\"container\" data-e-type=\"container\">\n\t\t\t\t\t<div class=\"e-con-inner\">\n\t\t<div class=\"elementor-element elementor-element-9db7dc3 e-con-full e-flex e-con e-child\" data-id=\"9db7dc3\" data-element_type=\"container\" data-e-type=\"container\">\n\t\t\t\t<div class=\"elementor-element elementor-element-335d746 elementor-widget elementor-widget-heading\" data-id=\"335d746\" data-element_type=\"widget\" data-e-type=\"widget\" data-widget_type=\"heading.default\">\n\t\t\t\t\t<h2 class=\"elementor-heading-title elementor-size-default\">D\u00e9parts depuis la partie fran\u00e7aise<\/h2>\t\t\t\t<\/div>\n\t\t\t\t<div class=\"elementor-element elementor-element-1635c90 elementor-widget-divider--view-line elementor-widget elementor-widget-divider\" data-id=\"1635c90\" data-element_type=\"widget\" data-e-type=\"widget\" data-widget_type=\"divider.default\">\n\t\t\t\t\t\t\t<div class=\"elementor-divider\">\n\t\t\t<span class=\"elementor-divider-separator\">\n\t\t\t\t\t\t<\/span>\n\t\t<\/div>\n\t\t\t\t\t\t<\/div>\n\t\t\t\t<div class=\"elementor-element elementor-element-4a73834 elementor-widget elementor-widget-heading\" data-id=\"4a73834\" data-element_type=\"widget\" data-e-type=\"widget\" data-widget_type=\"heading.default\">\n\t\t\t\t\t<h5 class=\"elementor-heading-title elementor-size-default\">Propuls\u00e9 par Get Your Guide<\/h5>\t\t\t\t<\/div>\n\t\t\t\t<\/div>\n\t\t<div class=\"elementor-element elementor-element-7955366 e-con-full e-flex e-con e-child\" data-id=\"7955366\" data-element_type=\"container\" data-e-type=\"container\">\n\t\t\t\t<div class=\"elementor-element elementor-element-30e3460 elementor-widget elementor-widget-image\" data-id=\"30e3460\" data-element_type=\"widget\" data-e-type=\"widget\" data-widget_type=\"image.default\">\n\t\t\t\t\t\t\t\t\t\t\t\t\t\t\t<img fetchpriority=\"high\" decoding=\"async\" width=\"1000\" height=\"217\" src=\"https:\/\/bookstmartin.com\/wp-content\/uploads\/2026\/03\/6033e16ff82f810004782cc1.png\" class=\"attachment-full size-full wp-image-54306\" alt=\"\" srcset=\"https:\/\/bookstmartin.com\/wp-content\/uploads\/2026\/03\/6033e16ff82f810004782cc1.png 1000w, https:\/\/bookstmartin.com\/wp-content\/uploads\/2026\/03\/6033e16ff82f810004782cc1-300x65.png 300w, https:\/\/bookstmartin.com\/wp-content\/uploads\/2026\/03\/6033e16ff82f810004782cc1-768x167.png 768w\" sizes=\"(max-width: 1000px) 100vw, 1000px\" \/>\t\t\t\t\t\t\t\t\t\t\t\t\t\t\t<\/div>\n\t\t\t\t<\/div>\n\t\t\t\t\t<\/div>\n\t\t\t\t<\/div>\n\t\t<div class=\"elementor-element elementor-element-2b858c8 e-flex e-con-boxed e-con e-parent\" data-id=\"2b858c8\" data-element_type=\"container\" data-e-type=\"container\">\n\t\t\t\t\t<div class=\"e-con-inner\">\n\t\t<div class=\"elementor-element elementor-element-6b9385d e-con-full e-flex e-con e-child\" data-id=\"6b9385d\" data-element_type=\"container\" data-e-type=\"container\">\n\t\t\t\t<div class=\"elementor-element elementor-element-f716ce6 elementor-widget elementor-widget-image\" data-id=\"f716ce6\" data-element_type=\"widget\" data-e-type=\"widget\" data-widget_type=\"image.default\">\n\t\t\t\t\t\t\t\t\t\t\t\t\t\t\t\t<a href=\"https:\/\/www.getyourguide.com\/sint-maarten-l169201\/st-maarten-private-charter-to-st-barth-t968654\/?partner_id=4IAKFRT&#038;utm_medium=online_publisher\" target=\"_blank\">\n\t\t\t\t\t\t\t<img decoding=\"async\" width=\"931\" height=\"620\" src=\"https:\/\/bookstmartin.com\/wp-content\/uploads\/2026\/03\/sbh.jpg\" class=\"attachment-large size-large wp-image-54400\" alt=\"\" srcset=\"https:\/\/bookstmartin.com\/wp-content\/uploads\/2026\/03\/sbh.jpg 931w, https:\/\/bookstmartin.com\/wp-content\/uploads\/2026\/03\/sbh-300x200.jpg 300w, https:\/\/bookstmartin.com\/wp-content\/uploads\/2026\/03\/sbh-768x511.jpg 768w\" sizes=\"(max-width: 931px) 100vw, 931px\" \/>\t\t\t\t\t\t\t\t<\/a>\n\t\t\t\t\t\t\t\t\t\t\t\t\t\t\t<\/div>\n\t\t\t\t<div class=\"elementor-element elementor-element-afb963b elementor-widget elementor-widget-html\" data-id=\"afb963b\" data-element_type=\"widget\" data-e-type=\"widget\" data-widget_type=\"html.default\">\n\t\t\t\t\t<div class=\"bsm-gyg-grid\">\n\n  <div class=\"bsm-gyg-card\">\n\n    <div class=\"bsm-gyg-body\">\n      <div class=\"bsm-gyg-title\"><strong>Charter priv\u00e9 vers St. Barth<\/strong><\/div>\n      <div class=\"bsm-gyg-meta\">Journ\u00e9e compl\u00e8te \u2022 Charter priv\u00e9 \u2022 Annulation gratuite<\/div>\n      <div class=\"bsm-gyg-cta\">\u00c0 partir de\n1\u202f850&nbsp;$\npar groupe jusqu\u2019\u00e0 8<\/div>\n    <\/div>\n\n  <\/div>\n\n<\/div>\t\t\t\t<\/div>\n\t\t\t\t<\/div>\n\t\t\t\t\t<\/div>\n\t\t\t\t<\/div>\n\t\t<div class=\"elementor-element elementor-element-2cc4c6de e-flex e-con-boxed e-con e-parent\" data-id=\"2cc4c6de\" data-element_type=\"container\" data-e-type=\"container\">\n\t\t\t\t\t<div class=\"e-con-inner\">\n\t\t\t\t<div class=\"elementor-element elementor-element-1ad761e7 elementor-widget elementor-widget-text-editor\" data-id=\"1ad761e7\" data-element_type=\"widget\" data-e-type=\"widget\" data-widget_type=\"text-editor.default\">\n\t\t\t\t\t\t\t\t\t<h3 data-start=\"1389\" data-end=\"1440\">Pourquoi faire une excursion d\u2019une journ\u00e9e \u00e0 St Barts depuis St Maarten ?<\/h3><p data-start=\"1442\" data-end=\"1716\">St Barts (Saint-Barth\u00e9lemy) est reconnue internationalement pour son art de vivre luxueux, ses plages de sable blanc et son ambiance carib\u00e9enne chic. De nombreux voyageurs s\u00e9journant \u00e0 St Maarten choisissent de visiter St Barts le temps d\u2019une journ\u00e9e pour d\u00e9couvrir son m\u00e9lange unique de beaut\u00e9 naturelle et de charme haut de gamme. <\/p><p data-start=\"1718\" data-end=\"1961\">Les excursions d\u2019une journ\u00e9e incluent g\u00e9n\u00e9ralement le transport aller-retour en bateau ou en ferry, du temps libre pour explorer Gustavia, se d\u00e9tendre sur des plages embl\u00e9matiques comme St Jean, ou profiter d\u2019un repas en bord de mer. Certaines sorties incluent aussi des arr\u00eats snorkeling et une croisi\u00e8re panoramique le long de la c\u00f4te. <\/p><p data-start=\"1963\" data-end=\"2192\">Comme St Barts est une \u00eele distincte avec sa propre r\u00e9glementation douani\u00e8re, les voyageurs doivent avoir une pi\u00e8ce d\u2019identit\u00e9 valide. En haute saison, les ferries comme les excursions en bateau peuvent afficher complet rapidement ; il est donc fortement recommand\u00e9 de r\u00e9server \u00e0 l\u2019avance. <\/p><p data-start=\"2194\" data-end=\"2355\">Pour les visiteurs qui souhaitent allier aventure et une touche de luxe, une excursion d\u2019une journ\u00e9e \u00e0 St Barts depuis St Maarten offre l\u2019une des exp\u00e9riences les plus exclusives de la r\u00e9gion.<\/p>\t\t\t\t\t\t\t\t<\/div>\n\t\t\t\t\t<\/div>\n\t\t\t\t<\/div>\n\t\t<div class=\"elementor-element elementor-element-8d8bdce e-flex e-con-boxed e-con e-parent\" data-id=\"8d8bdce\" data-element_type=\"container\" data-e-type=\"container\">\n\t\t\t\t\t<div class=\"e-con-inner\">\n\t\t\t\t<div class=\"elementor-element elementor-element-6ac094c elementor-widget elementor-widget-text-editor\" data-id=\"6ac094c\" data-element_type=\"widget\" data-e-type=\"widget\" data-widget_type=\"text-editor.default\">\n\t\t\t\t\t\t\t\t\t<p>Avertissement : certains services pr\u00e9sent\u00e9s sur cette page peuvent inclure des liens d\u2019affiliation, ce qui signifie que BookStMartin peut percevoir une petite commission si tu choisis de r\u00e9server via ces liens. Cela aide \u00e0 soutenir notre plateforme, sans frais suppl\u00e9mentaires pour toi. <\/p>\t\t\t\t\t\t\t\t<\/div>\n\t\t\t\t\t<\/div>\n\t\t\t\t<\/div>\n\t\t<div class=\"elementor-element elementor-element-25021b65 e-flex e-con-boxed e-con e-parent\" data-id=\"25021b65\" data-element_type=\"container\" data-e-type=\"container\">\n\t\t\t\t\t<div class=\"e-con-inner\">\n\t\t\t\t<div class=\"elementor-element elementor-element-35c655a elementor-widget elementor-widget-text-editor\" data-id=\"35c655a\" data-element_type=\"widget\" data-e-type=\"widget\" data-widget_type=\"text-editor.default\">\n\t\t\t\t\t\t\t\t\t<p style=\"text-align: center;\">Excursions d\u2019une journ\u00e9e \u00e0 St Barts depuis St Maarten | <a href=\"https:\/\/www.facebook.com\/bookstmartin\" target=\"_blank\" rel=\"noopener\">Suis-nous sur Facebook <\/a>| <a href=\"https:\/\/bookstmartin.com\/fr\/\">Retour \u00e0 l\u2019accueil <\/a>| <a href=\"https:\/\/bookstmartin.com\/fr\/activites-a-faire-a-st-maarten\/\">Retour aux activit\u00e9s \u00e0 St Maarten<\/a><\/p>\t\t\t\t\t\t\t\t<\/div>\n\t\t\t\t\t<\/div>\n\t\t\t\t<\/div>\n\t\t\t\t<\/div>\n\t\t","protected":false},"excerpt":{"rendered":"<p>Excursions d\u2019une journ\u00e9e \u00e0 St Barts depuis St Maarten Une excursion d\u2019une journ\u00e9e \u00e0 St Barts offre des plages immacul\u00e9es, des boutiques haut de gamme et des eaux carib\u00e9ennes cristallines, \u00e0 seulement un court trajet en bateau. R\u00e9put\u00e9e pour son atmosph\u00e8re luxueuse et son littoral spectaculaire, St Barts est une destination favorite des voyageurs en [&hellip;]<\/p>\n","protected":false},"author":4,"featured_media":54345,"parent":54340,"menu_order":0,"comment_status":"closed","ping_status":"closed","template":"","meta":{"_acf_changed":false,"footnotes":""},"class_list":["post-54399","page","type-page","status-publish","has-post-thumbnail","hentry"],"acf":[],"yoast_head":"<!-- This site is optimized with the Yoast SEO Premium plugin v27.5 (Yoast SEO v27.5) - https:\/\/yoast.com\/product\/yoast-seo-premium-wordpress\/ -->\n<title>Excursions d\u2019une journ\u00e9e \u00e0 St Barts depuis St Maarten | Bateau &amp; excursions de luxe<\/title>\n<meta name=\"description\" content=\"R\u00e9serve les meilleures excursions d\u2019une journ\u00e9e \u00e0 St Barts depuis St Maarten. D\u00e9couvre des sorties en bateau de luxe et une escapade glamour sur une \u00eele, \u00e0 seulement quelques minutes de trajet.\" \/>\n<meta name=\"robots\" content=\"index, follow, max-snippet:-1, max-image-preview:large, max-video-preview:-1\" \/>\n<link rel=\"canonical\" href=\"https:\/\/bookstmartin.com\/fr\/activites-a-faire-a-st-maarten\/excursions-dune-journee-a-st-barts-depuis-st-maarten\/\" \/>\n<meta property=\"og:locale\" content=\"fr_FR\" \/>\n<meta property=\"og:type\" content=\"article\" \/>\n<meta property=\"og:title\" content=\"Excursions d\u2019une journ\u00e9e \u00e0 St Barts depuis St Maarten\" \/>\n<meta property=\"og:description\" content=\"R\u00e9serve les meilleures excursions d\u2019une journ\u00e9e \u00e0 St Barts depuis St Maarten. D\u00e9couvre des sorties en bateau de luxe et une escapade glamour sur une \u00eele, \u00e0 seulement quelques minutes de trajet.\" \/>\n<meta property=\"og:url\" content=\"https:\/\/bookstmartin.com\/fr\/activites-a-faire-a-st-maarten\/excursions-dune-journee-a-st-barts-depuis-st-maarten\/\" \/>\n<meta property=\"og:site_name\" content=\"BookStMartin\" \/>\n<meta property=\"article:publisher\" content=\"https:\/\/www.facebook.com\/bookstmartin\/\" \/>\n<meta property=\"article:modified_time\" content=\"2026-03-07T13:53:56+00:00\" \/>\n<meta property=\"og:image\" content=\"https:\/\/bookstmartin.com\/wp-content\/uploads\/2026\/03\/st-barts-day-trips-from-st-maarten.jpg\" \/>\n\t<meta property=\"og:image:width\" content=\"1100\" \/>\n\t<meta property=\"og:image:height\" content=\"800\" \/>\n\t<meta property=\"og:image:type\" content=\"image\/jpeg\" \/>\n<meta name=\"twitter:card\" content=\"summary_large_image\" \/>\n<meta name=\"twitter:label1\" content=\"Dur\u00e9e de lecture estim\u00e9e\" \/>\n\t<meta name=\"twitter:data1\" content=\"1 minute\" \/>\n<script type=\"application\/ld+json\" class=\"yoast-schema-graph\">{\"@context\":\"https:\\\/\\\/schema.org\",\"@graph\":[]}<\/script>\n<!-- \/ Yoast SEO Premium plugin. -->","yoast_head_json":{"title":"Excursions d\u2019une journ\u00e9e \u00e0 St Barts depuis St Maarten | Bateau & excursions de luxe","description":"R\u00e9serve les meilleures excursions d\u2019une journ\u00e9e \u00e0 St Barts depuis St Maarten. D\u00e9couvre des sorties en bateau de luxe et une escapade glamour sur une \u00eele, \u00e0 seulement quelques minutes de trajet.","robots":{"index":"index","follow":"follow","max-snippet":"max-snippet:-1","max-image-preview":"max-image-preview:large","max-video-preview":"max-video-preview:-1"},"canonical":"https:\/\/bookstmartin.com\/fr\/activites-a-faire-a-st-maarten\/excursions-dune-journee-a-st-barts-depuis-st-maarten\/","og_locale":"fr_FR","og_type":"article","og_title":"Excursions d\u2019une journ\u00e9e \u00e0 St Barts depuis St Maarten","og_description":"R\u00e9serve les meilleures excursions d\u2019une journ\u00e9e \u00e0 St Barts depuis St Maarten. D\u00e9couvre des sorties en bateau de luxe et une escapade glamour sur une \u00eele, \u00e0 seulement quelques minutes de trajet.","og_url":"https:\/\/bookstmartin.com\/fr\/activites-a-faire-a-st-maarten\/excursions-dune-journee-a-st-barts-depuis-st-maarten\/","og_site_name":"BookStMartin","article_publisher":"https:\/\/www.facebook.com\/bookstmartin\/","article_modified_time":"2026-03-07T13:53:56+00:00","og_image":[{"width":1100,"height":800,"url":"https:\/\/bookstmartin.com\/wp-content\/uploads\/2026\/03\/st-barts-day-trips-from-st-maarten.jpg","type":"image\/jpeg"}],"twitter_card":"summary_large_image","twitter_misc":{"Dur\u00e9e de lecture estim\u00e9e":"1 minute"},"schema":{"@context":"https:\/\/schema.org","@graph":[]}},"_links":{"self":[{"href":"https:\/\/bookstmartin.com\/fr\/wp-json\/wp\/v2\/pages\/54399","targetHints":{"allow":["GET"]}}],"collection":[{"href":"https:\/\/bookstmartin.com\/fr\/wp-json\/wp\/v2\/pages"}],"about":[{"href":"https:\/\/bookstmartin.com\/fr\/wp-json\/wp\/v2\/types\/page"}],"author":[{"embeddable":true,"href":"https:\/\/bookstmartin.com\/fr\/wp-json\/wp\/v2\/users\/4"}],"replies":[{"embeddable":true,"href":"https:\/\/bookstmartin.com\/fr\/wp-json\/wp\/v2\/comments?post=54399"}],"version-history":[{"count":1,"href":"https:\/\/bookstmartin.com\/fr\/wp-json\/wp\/v2\/pages\/54399\/revisions"}],"predecessor-version":[{"id":54401,"href":"https:\/\/bookstmartin.com\/fr\/wp-json\/wp\/v2\/pages\/54399\/revisions\/54401"}],"up":[{"embeddable":true,"href":"https:\/\/bookstmartin.com\/fr\/wp-json\/wp\/v2\/pages\/54340"}],"wp:featuredmedia":[{"embeddable":true,"href":"https:\/\/bookstmartin.com\/fr\/wp-json\/wp\/v2\/media\/54345"}],"wp:attachment":[{"href":"https:\/\/bookstmartin.com\/fr\/wp-json\/wp\/v2\/media?parent=54399"}],"curies":[{"name":"wp","href":"https:\/\/api.w.org\/{rel}","templated":true}]}}