
{"id":54409,"date":"2026-02-09T19:58:18","date_gmt":"2026-02-09T23:58:18","guid":{"rendered":"https:\/\/bookstmartin.com\/shopping-bien-etre-a-saint-martin\/"},"modified":"2026-03-07T09:56:09","modified_gmt":"2026-03-07T13:56:09","slug":"shopping-bien-etre-a-saint-martin","status":"publish","type":"page","link":"https:\/\/bookstmartin.com\/fr\/shopping-bien-etre-a-saint-martin\/","title":{"rendered":"Shopping &amp; bien-\u00eatre \u00e0 Saint-Martin"},"content":{"rendered":"\t\t<div data-elementor-type=\"wp-page\" data-elementor-id=\"54409\" class=\"elementor elementor-54409 elementor-50630\" data-elementor-post-type=\"page\">\n\t\t\t\t<div class=\"elementor-element elementor-element-7109b18 e-flex e-con-boxed e-con e-parent\" data-id=\"7109b18\" data-element_type=\"container\" data-e-type=\"container\">\n\t\t\t\t\t<div class=\"e-con-inner\">\n\t\t\t\t<div class=\"elementor-element elementor-element-af8a4a1 elementor-widget elementor-widget-heading\" data-id=\"af8a4a1\" data-element_type=\"widget\" data-e-type=\"widget\" data-widget_type=\"heading.default\">\n\t\t\t\t\t<h1 class=\"elementor-heading-title elementor-size-default\">Shopping &amp; bien-\u00eatre<\/h1>\t\t\t\t<\/div>\n\t\t\t\t\t<\/div>\n\t\t\t\t<\/div>\n\t\t<div class=\"elementor-element elementor-element-a7897cb e-flex e-con-boxed e-con e-parent\" data-id=\"a7897cb\" data-element_type=\"container\" data-e-type=\"container\">\n\t\t\t\t\t<div class=\"e-con-inner\">\n\t\t\t\t<div class=\"elementor-element elementor-element-854ba14 elementor-widget elementor-widget-custom_experience_widget\" data-id=\"854ba14\" data-element_type=\"widget\" data-e-type=\"widget\" data-widget_type=\"custom_experience_widget.default\">\n\t\t\t\t<div class=\"elementor-widget-container\">\n\t\t\t\t\t\n        <section class=\"experience-listings\">\n\n            <div class=\"experience-grid\">\n\n                \n                    \n                        <style>\n\/* Card g\u00e9n\u00e9rique *\/\n.nfs-listing-card {\n  text-align:left;\n  padding:10px;\n  border:1px solid #e0e0e0;\n  border-radius:14px;\n  overflow:hidden; \/* force l\u2019image \u00e0 suivre l\u2019arrondi *\/\n  box-shadow:0 3px 10px rgba(0,0,0,0.08);\n  transition:transform .2s ease, box-shadow .2s ease;\n}\n.nfs-listing-card:hover {\n  transform:translateY(-3px);\n  box-shadow:0 6px 16px rgba(0,0,0,0.12);\n}\n\n\/* Lien *\/\n.nfs-experience-link {\n  display:block;\n  text-decoration:none;\n  color:inherit;\n}\n\n\/* Image de t\u00eate *\/\n.nfs-experience-image {\n  height:200px;\n  width:100%;\n  background-size:cover;\n  background-position:center;\n  border-radius:14;\n}\n\n\/* Contenu *\/\n.nfs-experience-content { color:#333; font-family:'Poppins',sans-serif; }\n.nfs-experience-title   { margin:15px 0 10px; font-size:16px; font-weight:700; }\n\n\/* Ligne infos *\/\n.nfs-experience-meta {\n  display:flex;\n  flex-wrap:wrap;\n  gap:20px;\n  font-size:12px;\n  margin:1px 0;\n  font-family:'Poppins',sans-serif;\n}\n\n.meta-dot{\n  width:4px;\n  height:4px;\n  background:#999;\n  border-radius:50%;\n  display:inline-block;\n  position:relative;\n  top:-1px; \/* ajuste ici: -1 parfait souvent, sinon 0 *\/\n}\n\t\n.nfs-experience-meta{\n  display:flex;\n  align-items:center;\n}\n<\/style>\n\n\n<div class=\"nfs-listing-col\">\n  <div class=\"nfs-listing-card\">\n    <a href=\"https:\/\/bookstmartin.com\/fr\/experiences\/sxmisland-com\/\" class=\"nfs-experience-link\">\n\n              <div class=\"nfs-experience-image\"\n             style=\"background-image:url('https:\/\/bookstmartin.com\/wp-content\/uploads\/2026\/01\/back-view-t-shirt-mockup-featuring-a-man-sitting-at-the-beach-m6660-r-el2-1024x1024.webp');\"><\/div>\n      \n      <div class=\"nfs-experience-content\">\n  <!-- Titre -->\n  <h3 class=\"nfs-experience-title\">sxmisland.com<\/h3>\n\n  <!-- S\u00e9parateur -->\n  <div style=\"border-top:1px solid #ddd; margin:10px 0; height:1px;\"><\/div>\n\n  <!-- Ligne infos : Cat\u00e9gorie + Localisation + Prix -->\n<div class=\"nfs-experience-meta\">\n\n      <span>Shopping<\/span>\n  \n      <span class=\"meta-dot\"><\/span>\n  \n      <span>Online Shop<\/span>\n  \n      <span class=\"meta-dot\"><\/span>\n  \n      <span>\u20ac\u20ac<\/span>\n  \n<\/div>\n<\/div>\n\n\n    <\/a>\n  <\/div>\n<\/div>\n\n                    \n                        <style>\n\/* Card g\u00e9n\u00e9rique *\/\n.nfs-listing-card {\n  text-align:left;\n  padding:10px;\n  border:1px solid #e0e0e0;\n  border-radius:14px;\n  overflow:hidden; \/* force l\u2019image \u00e0 suivre l\u2019arrondi *\/\n  box-shadow:0 3px 10px rgba(0,0,0,0.08);\n  transition:transform .2s ease, box-shadow .2s ease;\n}\n.nfs-listing-card:hover {\n  transform:translateY(-3px);\n  box-shadow:0 6px 16px rgba(0,0,0,0.12);\n}\n\n\/* Lien *\/\n.nfs-experience-link {\n  display:block;\n  text-decoration:none;\n  color:inherit;\n}\n\n\/* Image de t\u00eate *\/\n.nfs-experience-image {\n  height:200px;\n  width:100%;\n  background-size:cover;\n  background-position:center;\n  border-radius:14;\n}\n\n\/* Contenu *\/\n.nfs-experience-content { color:#333; font-family:'Poppins',sans-serif; }\n.nfs-experience-title   { margin:15px 0 10px; font-size:16px; font-weight:700; }\n\n\/* Ligne infos *\/\n.nfs-experience-meta {\n  display:flex;\n  flex-wrap:wrap;\n  gap:20px;\n  font-size:12px;\n  margin:1px 0;\n  font-family:'Poppins',sans-serif;\n}\n\n.meta-dot{\n  width:4px;\n  height:4px;\n  background:#999;\n  border-radius:50%;\n  display:inline-block;\n  position:relative;\n  top:-1px; \/* ajuste ici: -1 parfait souvent, sinon 0 *\/\n}\n\t\n.nfs-experience-meta{\n  display:flex;\n  align-items:center;\n}\n<\/style>\n\n\n<div class=\"nfs-listing-col\">\n  <div class=\"nfs-listing-card\">\n    <a href=\"https:\/\/bookstmartin.com\/fr\/experiences\/le-voyageur-par-vierge-dragon\/\" class=\"nfs-experience-link\">\n\n              <div class=\"nfs-experience-image\"\n             style=\"background-image:url('https:\/\/bookstmartin.com\/wp-content\/uploads\/2025\/09\/469751990_3031360690346022_1485217918324390874_n-1-768x1024.jpg');\"><\/div>\n      \n      <div class=\"nfs-experience-content\">\n  <!-- Titre -->\n  <h3 class=\"nfs-experience-title\">Le Voyageur par Vierge &amp; Dragon<\/h3>\n\n  <!-- S\u00e9parateur -->\n  <div style=\"border-top:1px solid #ddd; margin:10px 0; height:1px;\"><\/div>\n\n  <!-- Ligne infos : Cat\u00e9gorie + Localisation + Prix -->\n<div class=\"nfs-experience-meta\">\n\n      <span>Shopping<\/span>\n  \n  \n  \n  \n  \n<\/div>\n<\/div>\n\n\n    <\/a>\n  <\/div>\n<\/div>\n\n                    \n                        <style>\n\/* Card g\u00e9n\u00e9rique *\/\n.nfs-listing-card {\n  text-align:left;\n  padding:10px;\n  border:1px solid #e0e0e0;\n  border-radius:14px;\n  overflow:hidden; \/* force l\u2019image \u00e0 suivre l\u2019arrondi *\/\n  box-shadow:0 3px 10px rgba(0,0,0,0.08);\n  transition:transform .2s ease, box-shadow .2s ease;\n}\n.nfs-listing-card:hover {\n  transform:translateY(-3px);\n  box-shadow:0 6px 16px rgba(0,0,0,0.12);\n}\n\n\/* Lien *\/\n.nfs-experience-link {\n  display:block;\n  text-decoration:none;\n  color:inherit;\n}\n\n\/* Image de t\u00eate *\/\n.nfs-experience-image {\n  height:200px;\n  width:100%;\n  background-size:cover;\n  background-position:center;\n  border-radius:14;\n}\n\n\/* Contenu *\/\n.nfs-experience-content { color:#333; font-family:'Poppins',sans-serif; }\n.nfs-experience-title   { margin:15px 0 10px; font-size:16px; font-weight:700; }\n\n\/* Ligne infos *\/\n.nfs-experience-meta {\n  display:flex;\n  flex-wrap:wrap;\n  gap:20px;\n  font-size:12px;\n  margin:1px 0;\n  font-family:'Poppins',sans-serif;\n}\n\n.meta-dot{\n  width:4px;\n  height:4px;\n  background:#999;\n  border-radius:50%;\n  display:inline-block;\n  position:relative;\n  top:-1px; \/* ajuste ici: -1 parfait souvent, sinon 0 *\/\n}\n\t\n.nfs-experience-meta{\n  display:flex;\n  align-items:center;\n}\n<\/style>\n\n\n<div class=\"nfs-listing-col\">\n  <div class=\"nfs-listing-card\">\n    <a href=\"https:\/\/bookstmartin.com\/fr\/experiences\/sea-you-grand-case\/\" class=\"nfs-experience-link\">\n\n              <div class=\"nfs-experience-image\"\n             style=\"background-image:url('https:\/\/bookstmartin.com\/wp-content\/uploads\/2025\/09\/466980099_18137933242368324_7174362608716378767_n-768x768-1.jpg');\"><\/div>\n      \n      <div class=\"nfs-experience-content\">\n  <!-- Titre -->\n  <h3 class=\"nfs-experience-title\">Sea You Grand Case<\/h3>\n\n  <!-- S\u00e9parateur -->\n  <div style=\"border-top:1px solid #ddd; margin:10px 0; height:1px;\"><\/div>\n\n  <!-- Ligne infos : Cat\u00e9gorie + Localisation + Prix -->\n<div class=\"nfs-experience-meta\">\n\n      <span>Shopping<\/span>\n  \n  \n  \n  \n  \n<\/div>\n<\/div>\n\n\n    <\/a>\n  <\/div>\n<\/div>\n\n                    \n                        <style>\n\/* Card g\u00e9n\u00e9rique *\/\n.nfs-listing-card {\n  text-align:left;\n  padding:10px;\n  border:1px solid #e0e0e0;\n  border-radius:14px;\n  overflow:hidden; \/* force l\u2019image \u00e0 suivre l\u2019arrondi *\/\n  box-shadow:0 3px 10px rgba(0,0,0,0.08);\n  transition:transform .2s ease, box-shadow .2s ease;\n}\n.nfs-listing-card:hover {\n  transform:translateY(-3px);\n  box-shadow:0 6px 16px rgba(0,0,0,0.12);\n}\n\n\/* Lien *\/\n.nfs-experience-link {\n  display:block;\n  text-decoration:none;\n  color:inherit;\n}\n\n\/* Image de t\u00eate *\/\n.nfs-experience-image {\n  height:200px;\n  width:100%;\n  background-size:cover;\n  background-position:center;\n  border-radius:14;\n}\n\n\/* Contenu *\/\n.nfs-experience-content { color:#333; font-family:'Poppins',sans-serif; }\n.nfs-experience-title   { margin:15px 0 10px; font-size:16px; font-weight:700; }\n\n\/* Ligne infos *\/\n.nfs-experience-meta {\n  display:flex;\n  flex-wrap:wrap;\n  gap:20px;\n  font-size:12px;\n  margin:1px 0;\n  font-family:'Poppins',sans-serif;\n}\n\n.meta-dot{\n  width:4px;\n  height:4px;\n  background:#999;\n  border-radius:50%;\n  display:inline-block;\n  position:relative;\n  top:-1px; \/* ajuste ici: -1 parfait souvent, sinon 0 *\/\n}\n\t\n.nfs-experience-meta{\n  display:flex;\n  align-items:center;\n}\n<\/style>\n\n\n<div class=\"nfs-listing-col\">\n  <div class=\"nfs-listing-card\">\n    <a href=\"https:\/\/bookstmartin.com\/fr\/experiences\/voila-sxm\/\" class=\"nfs-experience-link\">\n\n              <div class=\"nfs-experience-image\"\n             style=\"background-image:url('https:\/\/bookstmartin.com\/wp-content\/uploads\/2025\/09\/315888728_575680664562015_8458267084934931102_n-1.jpg');\"><\/div>\n      \n      <div class=\"nfs-experience-content\">\n  <!-- Titre -->\n  <h3 class=\"nfs-experience-title\">Voila SXM<\/h3>\n\n  <!-- S\u00e9parateur -->\n  <div style=\"border-top:1px solid #ddd; margin:10px 0; height:1px;\"><\/div>\n\n  <!-- Ligne infos : Cat\u00e9gorie + Localisation + Prix -->\n<div class=\"nfs-experience-meta\">\n\n      <span>Shopping<\/span>\n  \n  \n  \n  \n  \n<\/div>\n<\/div>\n\n\n    <\/a>\n  <\/div>\n<\/div>\n\n                    \n                        <style>\n\/* Card g\u00e9n\u00e9rique *\/\n.nfs-listing-card {\n  text-align:left;\n  padding:10px;\n  border:1px solid #e0e0e0;\n  border-radius:14px;\n  overflow:hidden; \/* force l\u2019image \u00e0 suivre l\u2019arrondi *\/\n  box-shadow:0 3px 10px rgba(0,0,0,0.08);\n  transition:transform .2s ease, box-shadow .2s ease;\n}\n.nfs-listing-card:hover {\n  transform:translateY(-3px);\n  box-shadow:0 6px 16px rgba(0,0,0,0.12);\n}\n\n\/* Lien *\/\n.nfs-experience-link {\n  display:block;\n  text-decoration:none;\n  color:inherit;\n}\n\n\/* Image de t\u00eate *\/\n.nfs-experience-image {\n  height:200px;\n  width:100%;\n  background-size:cover;\n  background-position:center;\n  border-radius:14;\n}\n\n\/* Contenu *\/\n.nfs-experience-content { color:#333; font-family:'Poppins',sans-serif; }\n.nfs-experience-title   { margin:15px 0 10px; font-size:16px; font-weight:700; }\n\n\/* Ligne infos *\/\n.nfs-experience-meta {\n  display:flex;\n  flex-wrap:wrap;\n  gap:20px;\n  font-size:12px;\n  margin:1px 0;\n  font-family:'Poppins',sans-serif;\n}\n\n.meta-dot{\n  width:4px;\n  height:4px;\n  background:#999;\n  border-radius:50%;\n  display:inline-block;\n  position:relative;\n  top:-1px; \/* ajuste ici: -1 parfait souvent, sinon 0 *\/\n}\n\t\n.nfs-experience-meta{\n  display:flex;\n  align-items:center;\n}\n<\/style>\n\n\n<div class=\"nfs-listing-col\">\n  <div class=\"nfs-listing-card\">\n    <a href=\"https:\/\/bookstmartin.com\/fr\/experiences\/shelly-flor-creations\/\" class=\"nfs-experience-link\">\n\n              <div class=\"nfs-experience-image\"\n             style=\"background-image:url('https:\/\/bookstmartin.com\/wp-content\/uploads\/2025\/09\/463193501_573015681959047_4592033156206436341_n-576x1024.jpg');\"><\/div>\n      \n      <div class=\"nfs-experience-content\">\n  <!-- Titre -->\n  <h3 class=\"nfs-experience-title\">Shelly Flor Creations<\/h3>\n\n  <!-- S\u00e9parateur -->\n  <div style=\"border-top:1px solid #ddd; margin:10px 0; height:1px;\"><\/div>\n\n  <!-- Ligne infos : Cat\u00e9gorie + Localisation + Prix -->\n<div class=\"nfs-experience-meta\">\n\n      <span>Shopping<\/span>\n  \n  \n  \n  \n  \n<\/div>\n<\/div>\n\n\n    <\/a>\n  <\/div>\n<\/div>\n\n                    \n                \n            <\/div>\n\n        <\/section>\n\n        \t\t\t\t<\/div>\n\t\t\t\t<\/div>\n\t\t\t\t\t<\/div>\n\t\t\t\t<\/div>\n\t\t<div class=\"elementor-element elementor-element-9cd164f e-flex e-con-boxed e-con e-parent\" data-id=\"9cd164f\" data-element_type=\"container\" data-e-type=\"container\">\n\t\t\t\t\t<div class=\"e-con-inner\">\n\t\t\t\t<div class=\"elementor-element elementor-element-5591dd3 elementor-widget elementor-widget-custom_experience_widget\" data-id=\"5591dd3\" data-element_type=\"widget\" data-e-type=\"widget\" data-widget_type=\"custom_experience_widget.default\">\n\t\t\t\t<div class=\"elementor-widget-container\">\n\t\t\t\t\t\n        <section class=\"experience-listings\">\n\n            <div class=\"experience-grid\">\n\n                \n                    \n                        <style>\n\/* Card g\u00e9n\u00e9rique *\/\n.nfs-listing-card {\n  text-align:left;\n  padding:10px;\n  border:1px solid #e0e0e0;\n  border-radius:14px;\n  overflow:hidden; \/* force l\u2019image \u00e0 suivre l\u2019arrondi *\/\n  box-shadow:0 3px 10px rgba(0,0,0,0.08);\n  transition:transform .2s ease, box-shadow .2s ease;\n}\n.nfs-listing-card:hover {\n  transform:translateY(-3px);\n  box-shadow:0 6px 16px rgba(0,0,0,0.12);\n}\n\n\/* Lien *\/\n.nfs-experience-link {\n  display:block;\n  text-decoration:none;\n  color:inherit;\n}\n\n\/* Image de t\u00eate *\/\n.nfs-experience-image {\n  height:200px;\n  width:100%;\n  background-size:cover;\n  background-position:center;\n  border-radius:14;\n}\n\n\/* Contenu *\/\n.nfs-experience-content { color:#333; font-family:'Poppins',sans-serif; }\n.nfs-experience-title   { margin:15px 0 10px; font-size:16px; font-weight:700; }\n\n\/* Ligne infos *\/\n.nfs-experience-meta {\n  display:flex;\n  flex-wrap:wrap;\n  gap:20px;\n  font-size:12px;\n  margin:1px 0;\n  font-family:'Poppins',sans-serif;\n}\n\n.meta-dot{\n  width:4px;\n  height:4px;\n  background:#999;\n  border-radius:50%;\n  display:inline-block;\n  position:relative;\n  top:-1px; \/* ajuste ici: -1 parfait souvent, sinon 0 *\/\n}\n\t\n.nfs-experience-meta{\n  display:flex;\n  align-items:center;\n}\n<\/style>\n\n\n<div class=\"nfs-listing-col\">\n  <div class=\"nfs-listing-card\">\n    <a href=\"https:\/\/bookstmartin.com\/fr\/experiences\/ti-spa\/\" class=\"nfs-experience-link\">\n\n              <div class=\"nfs-experience-image\"\n             style=\"background-image:url('https:\/\/bookstmartin.com\/wp-content\/uploads\/2025\/11\/63f62e1b-cf17-4d54-87c2-28eabd8b6e6e-1024x576.jpg');\"><\/div>\n      \n      <div class=\"nfs-experience-content\">\n  <!-- Titre -->\n  <h3 class=\"nfs-experience-title\">Ti Spa<\/h3>\n\n  <!-- S\u00e9parateur -->\n  <div style=\"border-top:1px solid #ddd; margin:10px 0; height:1px;\"><\/div>\n\n  <!-- Ligne infos : Cat\u00e9gorie + Localisation + Prix -->\n<div class=\"nfs-experience-meta\">\n\n      <span>Wellness<\/span>\n  \n      <span class=\"meta-dot\"><\/span>\n  \n      <span>Grand Case<\/span>\n  \n      <span class=\"meta-dot\"><\/span>\n  \n      <span>\u20ac\u20ac<\/span>\n  \n<\/div>\n<\/div>\n\n\n    <\/a>\n  <\/div>\n<\/div>\n\n                    \n                        <style>\n\/* Card g\u00e9n\u00e9rique *\/\n.nfs-listing-card {\n  text-align:left;\n  padding:10px;\n  border:1px solid #e0e0e0;\n  border-radius:14px;\n  overflow:hidden; \/* force l\u2019image \u00e0 suivre l\u2019arrondi *\/\n  box-shadow:0 3px 10px rgba(0,0,0,0.08);\n  transition:transform .2s ease, box-shadow .2s ease;\n}\n.nfs-listing-card:hover {\n  transform:translateY(-3px);\n  box-shadow:0 6px 16px rgba(0,0,0,0.12);\n}\n\n\/* Lien *\/\n.nfs-experience-link {\n  display:block;\n  text-decoration:none;\n  color:inherit;\n}\n\n\/* Image de t\u00eate *\/\n.nfs-experience-image {\n  height:200px;\n  width:100%;\n  background-size:cover;\n  background-position:center;\n  border-radius:14;\n}\n\n\/* Contenu *\/\n.nfs-experience-content { color:#333; font-family:'Poppins',sans-serif; }\n.nfs-experience-title   { margin:15px 0 10px; font-size:16px; font-weight:700; }\n\n\/* Ligne infos *\/\n.nfs-experience-meta {\n  display:flex;\n  flex-wrap:wrap;\n  gap:20px;\n  font-size:12px;\n  margin:1px 0;\n  font-family:'Poppins',sans-serif;\n}\n\n.meta-dot{\n  width:4px;\n  height:4px;\n  background:#999;\n  border-radius:50%;\n  display:inline-block;\n  position:relative;\n  top:-1px; \/* ajuste ici: -1 parfait souvent, sinon 0 *\/\n}\n\t\n.nfs-experience-meta{\n  display:flex;\n  align-items:center;\n}\n<\/style>\n\n\n<div class=\"nfs-listing-col\">\n  <div class=\"nfs-listing-card\">\n    <a href=\"https:\/\/bookstmartin.com\/fr\/experiences\/feeling-well-massages\/\" class=\"nfs-experience-link\">\n\n              <div class=\"nfs-experience-image\"\n             style=\"background-image:url('https:\/\/bookstmartin.com\/wp-content\/uploads\/2025\/09\/405108386_359165653293479_5924985059667290153_n-1024x1024.jpg');\"><\/div>\n      \n      <div class=\"nfs-experience-content\">\n  <!-- Titre -->\n  <h3 class=\"nfs-experience-title\">Feeling Well Massages<\/h3>\n\n  <!-- S\u00e9parateur -->\n  <div style=\"border-top:1px solid #ddd; margin:10px 0; height:1px;\"><\/div>\n\n  <!-- Ligne infos : Cat\u00e9gorie + Localisation + Prix -->\n<div class=\"nfs-experience-meta\">\n\n      <span>Wellness<\/span>\n  \n  \n  \n  \n  \n<\/div>\n<\/div>\n\n\n    <\/a>\n  <\/div>\n<\/div>\n\n                    \n                \n            <\/div>\n\n        <\/section>\n\n        \t\t\t\t<\/div>\n\t\t\t\t<\/div>\n\t\t\t\t\t<\/div>\n\t\t\t\t<\/div>\n\t\t<div class=\"elementor-element elementor-element-0f1b6fd e-flex e-con-boxed e-con e-parent\" data-id=\"0f1b6fd\" data-element_type=\"container\" data-e-type=\"container\">\n\t\t\t\t\t<div class=\"e-con-inner\">\n\t\t\t\t<div class=\"elementor-element elementor-element-0203bdb elementor-widget elementor-widget-text-editor\" data-id=\"0203bdb\" data-element_type=\"widget\" data-e-type=\"widget\" data-widget_type=\"text-editor.default\">\n\t\t\t\t\t\t\t\t\t<p style=\"text-align: center;\">Shopping \u00e0 Saint-Martin | <a href=\"https:\/\/www.facebook.com\/bookstmartin\" target=\"_blank\" rel=\"noopener\">Suis-nous sur Facebook<\/a><\/p>\t\t\t\t\t\t\t\t<\/div>\n\t\t\t\t\t<\/div>\n\t\t\t\t<\/div>\n\t\t\t\t<\/div>\n\t\t","protected":false},"excerpt":{"rendered":"<p>Shopping &amp; bien-\u00eatre sxmisland.com Shopping Online Shop \u20ac\u20ac Le Voyageur by Vierge &#038; Dragon Shopping Marigot \u20ac\u20ac Sea You Grand Case Shopping Grand Case \u20ac\u20ac Voila SXM Shopping Grand Case \u20ac\u20ac Shelly Flor Creations Shopping Hope Estate \u20ac\u20ac Ti Spa Wellness Grand Case \u20ac\u20ac Feeling Well Massages Wellness Mobile massage \u20ac\u20ac\u20ac Shopping \u00e0 Saint-Martin | [&hellip;]<\/p>\n","protected":false},"author":4,"featured_media":54410,"parent":0,"menu_order":0,"comment_status":"closed","ping_status":"closed","template":"elementor_header_footer","meta":{"_acf_changed":false,"footnotes":""},"class_list":["post-54409","page","type-page","status-publish","has-post-thumbnail","hentry"],"acf":[],"yoast_head":"<!-- This site is optimized with the Yoast SEO Premium plugin v27.5 (Yoast SEO v27.5) - https:\/\/yoast.com\/product\/yoast-seo-premium-wordpress\/ -->\n<title>Shopping \u00e0 Saint-Martin | O\u00f9 faire les boutiques &amp; trouvailles locales<\/title>\n<meta name=\"description\" content=\"Tu cherches o\u00f9 faire du shopping \u00e0 Saint-Martin ? D\u00e9couvre des boutiques locales, des trouvailles uniques et des adresses fiables pour faire les boutiques, recommand\u00e9es par des partenaires locaux.\" \/>\n<meta name=\"robots\" content=\"index, follow, max-snippet:-1, max-image-preview:large, max-video-preview:-1\" \/>\n<link rel=\"canonical\" href=\"https:\/\/bookstmartin.com\/fr\/shopping-bien-etre-a-saint-martin\/\" \/>\n<meta property=\"og:locale\" content=\"fr_FR\" \/>\n<meta property=\"og:type\" content=\"article\" \/>\n<meta property=\"og:title\" content=\"Shopping &amp; bien-\u00eatre \u00e0 Saint-Martin\" \/>\n<meta property=\"og:description\" content=\"Tu cherches o\u00f9 faire du shopping \u00e0 Saint-Martin ? D\u00e9couvre des boutiques locales, des trouvailles uniques et des adresses fiables pour faire les boutiques, recommand\u00e9es par des partenaires locaux.\" \/>\n<meta property=\"og:url\" content=\"https:\/\/bookstmartin.com\/fr\/shopping-bien-etre-a-saint-martin\/\" \/>\n<meta property=\"og:site_name\" content=\"BookStMartin\" \/>\n<meta property=\"article:publisher\" content=\"https:\/\/www.facebook.com\/bookstmartin\/\" \/>\n<meta property=\"article:modified_time\" content=\"2026-03-07T13:56:09+00:00\" \/>\n<meta property=\"og:image\" content=\"https:\/\/bookstmartin.com\/wp-content\/uploads\/2026\/02\/back-view-t-shirt-mockup-of-a-man-at-the-beach-35380-r-el2.jpg\" \/>\n\t<meta property=\"og:image:width\" content=\"1920\" \/>\n\t<meta property=\"og:image:height\" content=\"1440\" \/>\n\t<meta property=\"og:image:type\" content=\"image\/jpeg\" \/>\n<meta name=\"twitter:card\" content=\"summary_large_image\" \/>\n<script type=\"application\/ld+json\" class=\"yoast-schema-graph\">{\"@context\":\"https:\\\/\\\/schema.org\",\"@graph\":[]}<\/script>\n<!-- \/ Yoast SEO Premium plugin. -->","yoast_head_json":{"title":"Shopping \u00e0 Saint-Martin | O\u00f9 faire les boutiques & trouvailles locales","description":"Tu cherches o\u00f9 faire du shopping \u00e0 Saint-Martin ? D\u00e9couvre des boutiques locales, des trouvailles uniques et des adresses fiables pour faire les boutiques, recommand\u00e9es par des partenaires locaux.","robots":{"index":"index","follow":"follow","max-snippet":"max-snippet:-1","max-image-preview":"max-image-preview:large","max-video-preview":"max-video-preview:-1"},"canonical":"https:\/\/bookstmartin.com\/fr\/shopping-bien-etre-a-saint-martin\/","og_locale":"fr_FR","og_type":"article","og_title":"Shopping &amp; bien-\u00eatre \u00e0 Saint-Martin","og_description":"Tu cherches o\u00f9 faire du shopping \u00e0 Saint-Martin ? D\u00e9couvre des boutiques locales, des trouvailles uniques et des adresses fiables pour faire les boutiques, recommand\u00e9es par des partenaires locaux.","og_url":"https:\/\/bookstmartin.com\/fr\/shopping-bien-etre-a-saint-martin\/","og_site_name":"BookStMartin","article_publisher":"https:\/\/www.facebook.com\/bookstmartin\/","article_modified_time":"2026-03-07T13:56:09+00:00","og_image":[{"width":1920,"height":1440,"url":"https:\/\/bookstmartin.com\/wp-content\/uploads\/2026\/02\/back-view-t-shirt-mockup-of-a-man-at-the-beach-35380-r-el2.jpg","type":"image\/jpeg"}],"twitter_card":"summary_large_image","schema":{"@context":"https:\/\/schema.org","@graph":[]}},"_links":{"self":[{"href":"https:\/\/bookstmartin.com\/fr\/wp-json\/wp\/v2\/pages\/54409","targetHints":{"allow":["GET"]}}],"collection":[{"href":"https:\/\/bookstmartin.com\/fr\/wp-json\/wp\/v2\/pages"}],"about":[{"href":"https:\/\/bookstmartin.com\/fr\/wp-json\/wp\/v2\/types\/page"}],"author":[{"embeddable":true,"href":"https:\/\/bookstmartin.com\/fr\/wp-json\/wp\/v2\/users\/4"}],"replies":[{"embeddable":true,"href":"https:\/\/bookstmartin.com\/fr\/wp-json\/wp\/v2\/comments?post=54409"}],"version-history":[{"count":1,"href":"https:\/\/bookstmartin.com\/fr\/wp-json\/wp\/v2\/pages\/54409\/revisions"}],"predecessor-version":[{"id":54412,"href":"https:\/\/bookstmartin.com\/fr\/wp-json\/wp\/v2\/pages\/54409\/revisions\/54412"}],"wp:featuredmedia":[{"embeddable":true,"href":"https:\/\/bookstmartin.com\/fr\/wp-json\/wp\/v2\/media\/54410"}],"wp:attachment":[{"href":"https:\/\/bookstmartin.com\/fr\/wp-json\/wp\/v2\/media?parent=54409"}],"curies":[{"name":"wp","href":"https:\/\/api.w.org\/{rel}","templated":true}]}}