
{"id":54413,"date":"2026-04-13T22:37:47","date_gmt":"2026-04-14T02:37:47","guid":{"rendered":"https:\/\/bookstmartin.com\/location-de-jet-ski-a-saint-martin\/"},"modified":"2026-03-07T09:56:10","modified_gmt":"2026-03-07T13:56:10","slug":"location-de-jet-ski-a-saint-martin","status":"publish","type":"page","link":"https:\/\/bookstmartin.com\/fr\/activites-a-faire-a-st-maarten\/location-de-jet-ski-a-saint-martin\/","title":{"rendered":"Location de jet-ski \u00e0 Saint-Martin"},"content":{"rendered":"\t\t<div data-elementor-type=\"wp-page\" data-elementor-id=\"54413\" class=\"elementor elementor-54413 elementor-53179\" data-elementor-post-type=\"page\">\n\t\t\t\t<div class=\"elementor-element elementor-element-3f9e931 e-flex e-con-boxed e-con e-parent\" data-id=\"3f9e931\" data-element_type=\"container\" data-e-type=\"container\">\n\t\t\t\t\t<div class=\"e-con-inner\">\n\t\t<div class=\"elementor-element elementor-element-41fc3b8 e-con-full e-flex e-con e-child\" data-id=\"41fc3b8\" data-element_type=\"container\" data-e-type=\"container\">\n\t\t\t\t<div class=\"elementor-element elementor-element-69708a9 elementor-widget elementor-widget-heading\" data-id=\"69708a9\" data-element_type=\"widget\" data-e-type=\"widget\" data-widget_type=\"heading.default\">\n\t\t\t\t\t<h1 class=\"elementor-heading-title elementor-size-default\">Location de jet-ski &amp; sports nautiques \u00e0 Saint-Martin<\/h1>\t\t\t\t<\/div>\n\t\t\t\t<div class=\"elementor-element elementor-element-1d76fff elementor-widget-mobile__width-inherit elementor-widget elementor-widget-text-editor\" data-id=\"1d76fff\" data-element_type=\"widget\" data-e-type=\"widget\" data-widget_type=\"text-editor.default\">\n\t\t\t\t\t\t\t\t\t<p data-start=\"605\" data-end=\"957\">Que tu aies envie de filer sur les eaux turquoise ou d\u2019explorer le littoral de l\u2019\u00eele sous un autre angle, le jet-ski est l\u2019une des activit\u00e9s nautiques les plus excitantes de Saint-Martin.<br>De Simpson Bay \u00e0 la Baie Orientale, les exp\u00e9riences de sports nautiques offrent le m\u00e9lange parfait d\u2019adr\u00e9naline et de paysages carib\u00e9ens.<\/p><p data-start=\"959\" data-end=\"1119\">Des plages spacieuses, des eaux chaudes et des prestataires exp\u00e9riment\u00e9s font de Saint-Martin l\u2019une des meilleures destinations des Cara\u00efbes pour la location de jet-ski et les aventures en mer.<\/p>\t\t\t\t\t\t\t\t<\/div>\n\t\t\t\t<\/div>\n\t\t\t\t\t<\/div>\n\t\t\t\t<\/div>\n\t\t<div class=\"elementor-element elementor-element-dd4adfc e-flex e-con-boxed e-con e-parent\" data-id=\"dd4adfc\" data-element_type=\"container\" data-e-type=\"container\">\n\t\t\t\t\t<div class=\"e-con-inner\">\n\t\t<div class=\"elementor-element elementor-element-3bf8f4b e-con-full e-flex e-con e-child\" data-id=\"3bf8f4b\" data-element_type=\"container\" data-e-type=\"container\">\n\t\t<div class=\"elementor-element elementor-element-7fa753b e-con-full e-flex e-con e-child\" data-id=\"7fa753b\" data-element_type=\"container\" data-e-type=\"container\">\n\t\t\t\t<div class=\"elementor-element elementor-element-773ced8 elementor-widget elementor-widget-heading\" data-id=\"773ced8\" data-element_type=\"widget\" data-e-type=\"widget\" data-widget_type=\"heading.default\">\n\t\t\t\t\t<h2 class=\"elementor-heading-title elementor-size-default\">Les meilleures locations de jet-ski \u00e0 Saint-Martin<\/h2>\t\t\t\t<\/div>\n\t\t\t\t<div class=\"elementor-element elementor-element-22a9d25 elementor-widget-divider--view-line elementor-widget elementor-widget-divider\" data-id=\"22a9d25\" data-element_type=\"widget\" data-e-type=\"widget\" data-widget_type=\"divider.default\">\n\t\t\t\t\t\t\t<div class=\"elementor-divider\">\n\t\t\t<span class=\"elementor-divider-separator\">\n\t\t\t\t\t\t<\/span>\n\t\t<\/div>\n\t\t\t\t\t\t<\/div>\n\t\t\t\t<div class=\"elementor-element elementor-element-f6ef477 elementor-widget elementor-widget-heading\" data-id=\"f6ef477\" data-element_type=\"widget\" data-e-type=\"widget\" data-widget_type=\"heading.default\">\n\t\t\t\t\t<h5 class=\"elementor-heading-title elementor-size-default\">R\u00e9servation s\u00e9curis\u00e9e \u2022 Annulation gratuite \u2022 Propos\u00e9 par Viator, une soci\u00e9t\u00e9 TripAdvisor<\/h5>\t\t\t\t<\/div>\n\t\t\t\t<\/div>\n\t\t<div class=\"elementor-element elementor-element-cdb3d85 e-con-full e-flex e-con e-child\" data-id=\"cdb3d85\" data-element_type=\"container\" data-e-type=\"container\">\n\t\t\t\t<div class=\"elementor-element elementor-element-72a56ab elementor-widget elementor-widget-image\" data-id=\"72a56ab\" data-element_type=\"widget\" data-e-type=\"widget\" data-widget_type=\"image.default\">\n\t\t\t\t\t\t\t\t\t\t\t\t\t\t\t<img decoding=\"async\" width=\"300\" height=\"80\" src=\"https:\/\/bookstmartin.com\/wp-content\/uploads\/2026\/03\/300x80viatorf.png\" class=\"attachment-large size-large wp-image-54290\" alt=\"\" \/>\t\t\t\t\t\t\t\t\t\t\t\t\t\t\t<\/div>\n\t\t\t\t<\/div>\n\t\t\t\t<\/div>\n\t\t\t\t\t<\/div>\n\t\t\t\t<\/div>\n\t\t<div class=\"elementor-element elementor-element-cd82671 e-flex e-con-boxed e-con e-parent\" data-id=\"cd82671\" data-element_type=\"container\" data-e-type=\"container\">\n\t\t\t\t\t<div class=\"e-con-inner\">\n\t\t\t\t<div class=\"elementor-element elementor-element-ecca498 elementor-widget elementor-widget-html\" data-id=\"ecca498\" data-element_type=\"widget\" data-e-type=\"widget\" data-widget_type=\"html.default\">\n\t\t\t\t\t    <div class=\"bsm-viator-widget\"\r\n         data-vi-partner-id=\"P00290947\"\r\n         data-vi-widget-ref=\"W-0ee21acd-212f-4208-aa97-58b209742173\">\r\n    <\/div>\r\n            <script async src=\"https:\/\/www.viator.com\/orion\/partner\/widget.js\"><\/script>\r\n        \t\t\t\t<\/div>\n\t\t\t\t\t<\/div>\n\t\t\t\t<\/div>\n\t\t<div class=\"elementor-element elementor-element-23c1588 e-flex e-con-boxed e-con e-parent\" data-id=\"23c1588\" data-element_type=\"container\" data-e-type=\"container\">\n\t\t\t\t\t<div class=\"e-con-inner\">\n\t\t<div class=\"elementor-element elementor-element-263506b e-con-full e-flex e-con e-child\" data-id=\"263506b\" data-element_type=\"container\" data-e-type=\"container\">\n\t\t\t\t<div class=\"elementor-element elementor-element-ad5d4c1 elementor-widget elementor-widget-text-editor\" data-id=\"ad5d4c1\" data-element_type=\"widget\" data-e-type=\"widget\" data-widget_type=\"text-editor.default\">\n\t\t\t\t\t\t\t\t\t<p data-start=\"1315\" data-end=\"1356\">Pourquoi louer un jet-ski \u00e0 Saint-Martin ?<\/p><p data-start=\"1358\" data-end=\"1663\">La location de jet-ski est l\u2019un des sports nautiques les plus populaires \u00e0 Saint-Martin, et ce n\u2019est pas sans raison. Elle allie vitesse, libert\u00e9 et vues spectaculaires sur le littoral de l\u2019\u00eele. Que tu sois seul ou accompagn\u00e9, le jet-ski te permet d\u2019explorer le large en toute s\u00e9curit\u00e9 tout en profitant des sensations fortes de la mer des Cara\u00efbes.  <\/p><p data-start=\"1665\" data-end=\"1964\">La plupart des sorties en jet-ski durent entre 30 minutes et une heure, ce qui est id\u00e9al pour les voyageurs qui souhaitent ajouter une touche d\u2019aventure \u00e0 leur journ\u00e9e sans s\u2019engager dans une excursion d\u2019une journ\u00e9e enti\u00e8re. De nombreux prestataires proposent des consignes de s\u00e9curit\u00e9, des gilets de sauvetage et des zones guid\u00e9es pour garantir une exp\u00e9rience amusante et s\u00e9curis\u00e9e. <\/p><p data-start=\"1966\" data-end=\"2212\">Au-del\u00e0 du jet-ski, Saint-Martin propose \u00e9galement une vari\u00e9t\u00e9 de sports nautiques tels que le parachute ascensionnel, la bou\u00e9e tract\u00e9e et d\u2019autres activit\u00e9s motoris\u00e9es en mer. Ces exp\u00e9riences sont parfaites pour les familles, les couples et les groupes qui recherchent une pause dynamique apr\u00e8s s\u2019\u00eatre pr\u00e9lass\u00e9s sur la plage. <\/p><p data-start=\"2214\" data-end=\"2343\">Il est recommand\u00e9 de r\u00e9server \u00e0 l\u2019avance, surtout pendant la haute saison touristique, car les activit\u00e9s nautiques peuvent vite afficher complet lors des journ\u00e9es ensoleill\u00e9es.<\/p>\t\t\t\t\t\t\t\t<\/div>\n\t\t\t\t<\/div>\n\t\t<div class=\"elementor-element elementor-element-a019cf3 e-con-full e-flex e-con e-child\" data-id=\"a019cf3\" data-element_type=\"container\" data-e-type=\"container\">\n\t\t\t\t<div class=\"elementor-element elementor-element-1675506 elementor-widget elementor-widget-image\" data-id=\"1675506\" data-element_type=\"widget\" data-e-type=\"widget\" data-widget_type=\"image.default\">\n\t\t\t\t\t\t\t\t\t\t\t\t\t\t\t<img fetchpriority=\"high\" decoding=\"async\" width=\"1024\" height=\"682\" src=\"https:\/\/bookstmartin.com\/wp-content\/uploads\/2026\/03\/jet-ski-1024x682.jpg\" class=\"attachment-large size-large wp-image-54347\" alt=\"Location de jet-skis \u00e0 St Maarten\" srcset=\"https:\/\/bookstmartin.com\/wp-content\/uploads\/2026\/03\/jet-ski-1024x682.jpg 1024w, https:\/\/bookstmartin.com\/wp-content\/uploads\/2026\/03\/jet-ski-300x200.jpg 300w, https:\/\/bookstmartin.com\/wp-content\/uploads\/2026\/03\/jet-ski-768x512.jpg 768w, https:\/\/bookstmartin.com\/wp-content\/uploads\/2026\/03\/jet-ski.jpg 1387w\" sizes=\"(max-width: 1024px) 100vw, 1024px\" \/>\t\t\t\t\t\t\t\t\t\t\t\t\t\t\t<\/div>\n\t\t\t\t<\/div>\n\t\t\t\t\t<\/div>\n\t\t\t\t<\/div>\n\t\t<div class=\"elementor-element elementor-element-0172231 e-flex e-con-boxed e-con e-parent\" data-id=\"0172231\" data-element_type=\"container\" data-e-type=\"container\">\n\t\t\t\t\t<div class=\"e-con-inner\">\n\t\t\t\t<div class=\"elementor-element elementor-element-33aa3d0 elementor-widget elementor-widget-text-editor\" data-id=\"33aa3d0\" data-element_type=\"widget\" data-e-type=\"widget\" data-widget_type=\"text-editor.default\">\n\t\t\t\t\t\t\t\t\t<p>Avertissement : Certains services pr\u00e9sent\u00e9s sur cette page peuvent inclure des liens d\u2019affiliation, ce qui signifie que BookStMartin peut percevoir une petite commission si tu choisis de r\u00e9server par leur interm\u00e9diaire. Cela aide \u00e0 soutenir notre plateforme sans aucun co\u00fbt suppl\u00e9mentaire pour toi. <\/p>\t\t\t\t\t\t\t\t<\/div>\n\t\t\t\t\t<\/div>\n\t\t\t\t<\/div>\n\t\t<div class=\"elementor-element elementor-element-5f8a88b e-flex e-con-boxed e-con e-parent\" data-id=\"5f8a88b\" data-element_type=\"container\" data-e-type=\"container\">\n\t\t\t\t\t<div class=\"e-con-inner\">\n\t\t\t\t\t<\/div>\n\t\t\t\t<\/div>\n\t\t<div class=\"elementor-element elementor-element-0f1b6fd e-flex e-con-boxed e-con e-parent\" data-id=\"0f1b6fd\" data-element_type=\"container\" data-e-type=\"container\">\n\t\t\t\t\t<div class=\"e-con-inner\">\n\t\t\t\t<div class=\"elementor-element elementor-element-0203bdb elementor-widget elementor-widget-text-editor\" data-id=\"0203bdb\" data-element_type=\"widget\" data-e-type=\"widget\" data-widget_type=\"text-editor.default\">\n\t\t\t\t\t\t\t\t\t<p style=\"text-align: center;\"><a href=\"https:\/\/www.facebook.com\/bookstmartin\" target=\"_blank\" rel=\"noopener\">Suis-nous sur Facebook | <\/a><a href=\"https:\/\/bookstmartin.com\/fr\/\">Retour \u00e0 l\u2019accueil <\/a>| <a href=\"https:\/\/bookstmartin.com\/fr\/activites-a-faire-a-st-maarten\/\">Retour aux activit\u00e9s \u00e0 St Maarten<\/a><\/p>\t\t\t\t\t\t\t\t<\/div>\n\t\t\t\t\t<\/div>\n\t\t\t\t<\/div>\n\t\t\t\t<\/div>\n\t\t","protected":false},"excerpt":{"rendered":"<p>Location de jet-ski &amp; sports nautiques \u00e0 Saint-Martin Que tu aies envie de filer sur les eaux turquoise ou d\u2019explorer le littoral de l\u2019\u00eele sous un autre angle, le jet-ski est l\u2019une des activit\u00e9s nautiques les plus excitantes de Saint-Martin.De Simpson Bay \u00e0 la Baie Orientale, les exp\u00e9riences de sports nautiques offrent le m\u00e9lange parfait [&hellip;]<\/p>\n","protected":false},"author":4,"featured_media":54347,"parent":54340,"menu_order":0,"comment_status":"closed","ping_status":"closed","template":"elementor_header_footer","meta":{"_acf_changed":false,"footnotes":""},"class_list":["post-54413","page","type-page","status-publish","has-post-thumbnail","hentry"],"acf":[],"yoast_head":"<!-- This site is optimized with the Yoast SEO Premium plugin v27.5 (Yoast SEO v27.5) - https:\/\/yoast.com\/product\/yoast-seo-premium-wordpress\/ -->\n<title>Location de jet-ski \u00e0 Saint-Martin | Sports nautiques<\/title>\n<meta name=\"description\" content=\"D\u00e9couvre les meilleurs sports nautiques et locations de jet-ski \u00e0 Saint-Martin, le parachute ascensionnel et des aventures riches en adr\u00e9naline.\" \/>\n<meta name=\"robots\" content=\"index, follow, max-snippet:-1, max-image-preview:large, max-video-preview:-1\" \/>\n<link rel=\"canonical\" href=\"https:\/\/bookstmartin.com\/fr\/activites-a-faire-a-st-maarten\/location-de-jet-ski-a-saint-martin\/\" \/>\n<meta property=\"og:locale\" content=\"fr_FR\" \/>\n<meta property=\"og:type\" content=\"article\" \/>\n<meta property=\"og:title\" content=\"Location de jet-ski \u00e0 Saint-Martin\" \/>\n<meta property=\"og:description\" content=\"D\u00e9couvre les meilleurs sports nautiques et locations de jet-ski \u00e0 Saint-Martin, le parachute ascensionnel et des aventures riches en adr\u00e9naline.\" \/>\n<meta property=\"og:url\" content=\"https:\/\/bookstmartin.com\/fr\/activites-a-faire-a-st-maarten\/location-de-jet-ski-a-saint-martin\/\" \/>\n<meta property=\"og:site_name\" content=\"BookStMartin\" \/>\n<meta property=\"article:publisher\" content=\"https:\/\/www.facebook.com\/bookstmartin\/\" \/>\n<meta property=\"og:image\" content=\"https:\/\/bookstmartin.com\/wp-content\/uploads\/2026\/03\/jet-ski.jpg\" \/>\n\t<meta property=\"og:image:width\" content=\"1387\" \/>\n\t<meta property=\"og:image:height\" content=\"924\" \/>\n\t<meta property=\"og:image:type\" content=\"image\/jpeg\" \/>\n<meta name=\"twitter:card\" content=\"summary_large_image\" \/>\n<meta name=\"twitter:label1\" content=\"Dur\u00e9e de lecture estim\u00e9e\" \/>\n\t<meta name=\"twitter:data1\" content=\"1 minute\" \/>\n<script type=\"application\/ld+json\" class=\"yoast-schema-graph\">{\"@context\":\"https:\\\/\\\/schema.org\",\"@graph\":[]}<\/script>\n<!-- \/ Yoast SEO Premium plugin. -->","yoast_head_json":{"title":"Location de jet-ski \u00e0 Saint-Martin | Sports nautiques","description":"D\u00e9couvre les meilleurs sports nautiques et locations de jet-ski \u00e0 Saint-Martin, le parachute ascensionnel et des aventures riches en adr\u00e9naline.","robots":{"index":"index","follow":"follow","max-snippet":"max-snippet:-1","max-image-preview":"max-image-preview:large","max-video-preview":"max-video-preview:-1"},"canonical":"https:\/\/bookstmartin.com\/fr\/activites-a-faire-a-st-maarten\/location-de-jet-ski-a-saint-martin\/","og_locale":"fr_FR","og_type":"article","og_title":"Location de jet-ski \u00e0 Saint-Martin","og_description":"D\u00e9couvre les meilleurs sports nautiques et locations de jet-ski \u00e0 Saint-Martin, le parachute ascensionnel et des aventures riches en adr\u00e9naline.","og_url":"https:\/\/bookstmartin.com\/fr\/activites-a-faire-a-st-maarten\/location-de-jet-ski-a-saint-martin\/","og_site_name":"BookStMartin","article_publisher":"https:\/\/www.facebook.com\/bookstmartin\/","og_image":[{"width":1387,"height":924,"url":"https:\/\/bookstmartin.com\/wp-content\/uploads\/2026\/03\/jet-ski.jpg","type":"image\/jpeg"}],"twitter_card":"summary_large_image","twitter_misc":{"Dur\u00e9e de lecture estim\u00e9e":"1 minute"},"schema":{"@context":"https:\/\/schema.org","@graph":[]}},"_links":{"self":[{"href":"https:\/\/bookstmartin.com\/fr\/wp-json\/wp\/v2\/pages\/54413","targetHints":{"allow":["GET"]}}],"collection":[{"href":"https:\/\/bookstmartin.com\/fr\/wp-json\/wp\/v2\/pages"}],"about":[{"href":"https:\/\/bookstmartin.com\/fr\/wp-json\/wp\/v2\/types\/page"}],"author":[{"embeddable":true,"href":"https:\/\/bookstmartin.com\/fr\/wp-json\/wp\/v2\/users\/4"}],"replies":[{"embeddable":true,"href":"https:\/\/bookstmartin.com\/fr\/wp-json\/wp\/v2\/comments?post=54413"}],"version-history":[{"count":1,"href":"https:\/\/bookstmartin.com\/fr\/wp-json\/wp\/v2\/pages\/54413\/revisions"}],"predecessor-version":[{"id":54415,"href":"https:\/\/bookstmartin.com\/fr\/wp-json\/wp\/v2\/pages\/54413\/revisions\/54415"}],"up":[{"embeddable":true,"href":"https:\/\/bookstmartin.com\/fr\/wp-json\/wp\/v2\/pages\/54340"}],"wp:featuredmedia":[{"embeddable":true,"href":"https:\/\/bookstmartin.com\/fr\/wp-json\/wp\/v2\/media\/54347"}],"wp:attachment":[{"href":"https:\/\/bookstmartin.com\/fr\/wp-json\/wp\/v2\/media?parent=54413"}],"curies":[{"name":"wp","href":"https:\/\/api.w.org\/{rel}","templated":true}]}}