
{"id":54416,"date":"2026-04-23T09:47:41","date_gmt":"2026-04-23T13:47:41","guid":{"rendered":"https:\/\/bookstmartin.com\/tyrolienne-a-saint-martin\/"},"modified":"2026-03-07T09:56:10","modified_gmt":"2026-03-07T13:56:10","slug":"tyrolienne-a-saint-martin","status":"publish","type":"page","link":"https:\/\/bookstmartin.com\/fr\/activites-a-faire-a-st-maarten\/tyrolienne-a-saint-martin\/","title":{"rendered":"Tyrolienne \u00e0 Saint-Martin"},"content":{"rendered":"\t\t<div data-elementor-type=\"wp-page\" data-elementor-id=\"54416\" class=\"elementor elementor-54416 elementor-53225\" data-elementor-post-type=\"page\">\n\t\t\t\t<div class=\"elementor-element elementor-element-3f9e931 e-flex e-con-boxed e-con e-parent\" data-id=\"3f9e931\" data-element_type=\"container\" data-e-type=\"container\">\n\t\t\t\t\t<div class=\"e-con-inner\">\n\t\t<div class=\"elementor-element elementor-element-41fc3b8 e-con-full e-flex e-con e-child\" data-id=\"41fc3b8\" data-element_type=\"container\" data-e-type=\"container\">\n\t\t\t\t<div class=\"elementor-element elementor-element-69708a9 elementor-widget elementor-widget-heading\" data-id=\"69708a9\" data-element_type=\"widget\" data-e-type=\"widget\" data-widget_type=\"heading.default\">\n\t\t\t\t\t<h1 class=\"elementor-heading-title elementor-size-default\">Tyrolienne \u00e0 Saint-Martin (St Martin)<\/h1>\t\t\t\t<\/div>\n\t\t\t\t<div class=\"elementor-element elementor-element-1d76fff elementor-widget-mobile__width-inherit elementor-widget elementor-widget-text-editor\" data-id=\"1d76fff\" data-element_type=\"widget\" data-e-type=\"widget\" data-widget_type=\"text-editor.default\">\n\t\t\t\t\t\t\t\t\t<p data-start=\"115\" data-end=\"434\">La tyrolienne est l\u2019une des activit\u00e9s d\u2019aventure les plus excitantes de l\u2019\u00eele, offrant des vues \u00e0 couper le souffle et une mont\u00e9e d\u2019adr\u00e9naline inoubliable. Envole-toi au-dessus des collines tropicales luxuriantes, admire les paysages panoramiques des Cara\u00efbes et d\u00e9couvre Saint-Martin sous une perspective compl\u00e8tement diff\u00e9rente. <\/p><p data-start=\"436\" data-end=\"695\">Que tu voyages en couple, entre amis ou en famille en qu\u00eate d\u2019aventure, les excursions en tyrolienne \u00e0 Saint-Martin combinent s\u00e9curit\u00e9, encadrement professionnel et paysages spectaculaires. C\u2019est le moyen id\u00e9al d\u2019ajouter un moment fort et palpitant \u00e0 ton escapade carib\u00e9enne. <\/p>\t\t\t\t\t\t\t\t<\/div>\n\t\t\t\t<\/div>\n\t\t\t\t\t<\/div>\n\t\t\t\t<\/div>\n\t\t<div class=\"elementor-element elementor-element-dd4adfc e-flex e-con-boxed e-con e-parent\" data-id=\"dd4adfc\" data-element_type=\"container\" data-e-type=\"container\">\n\t\t\t\t\t<div class=\"e-con-inner\">\n\t\t<div class=\"elementor-element elementor-element-3bf8f4b e-con-full e-flex e-con e-child\" data-id=\"3bf8f4b\" data-element_type=\"container\" data-e-type=\"container\">\n\t\t<div class=\"elementor-element elementor-element-7fa753b e-con-full e-flex e-con e-child\" data-id=\"7fa753b\" data-element_type=\"container\" data-e-type=\"container\">\n\t\t\t\t<div class=\"elementor-element elementor-element-773ced8 elementor-widget elementor-widget-heading\" data-id=\"773ced8\" data-element_type=\"widget\" data-e-type=\"widget\" data-widget_type=\"heading.default\">\n\t\t\t\t\t<h2 class=\"elementor-heading-title elementor-size-default\">Meilleures tyroliennes de Saint-Martin<\/h2>\t\t\t\t<\/div>\n\t\t\t\t<div class=\"elementor-element elementor-element-22a9d25 elementor-widget-divider--view-line elementor-widget elementor-widget-divider\" data-id=\"22a9d25\" data-element_type=\"widget\" data-e-type=\"widget\" data-widget_type=\"divider.default\">\n\t\t\t\t\t\t\t<div class=\"elementor-divider\">\n\t\t\t<span class=\"elementor-divider-separator\">\n\t\t\t\t\t\t<\/span>\n\t\t<\/div>\n\t\t\t\t\t\t<\/div>\n\t\t\t\t<div class=\"elementor-element elementor-element-f6ef477 elementor-widget elementor-widget-heading\" data-id=\"f6ef477\" data-element_type=\"widget\" data-e-type=\"widget\" data-widget_type=\"heading.default\">\n\t\t\t\t\t<h5 class=\"elementor-heading-title elementor-size-default\">R\u00e9servation s\u00e9curis\u00e9e \u2022 Annulation gratuite \u2022 Propos\u00e9 par Viator, une soci\u00e9t\u00e9 TripAdvisor<\/h5>\t\t\t\t<\/div>\n\t\t\t\t<\/div>\n\t\t<div class=\"elementor-element elementor-element-cdb3d85 e-con-full e-flex e-con e-child\" data-id=\"cdb3d85\" data-element_type=\"container\" data-e-type=\"container\">\n\t\t\t\t<div class=\"elementor-element elementor-element-72a56ab elementor-widget elementor-widget-image\" data-id=\"72a56ab\" data-element_type=\"widget\" data-e-type=\"widget\" data-widget_type=\"image.default\">\n\t\t\t\t\t\t\t\t\t\t\t\t\t\t\t<img decoding=\"async\" width=\"300\" height=\"80\" src=\"https:\/\/bookstmartin.com\/wp-content\/uploads\/2026\/03\/300x80viatorf.png\" class=\"attachment-large size-large wp-image-54290\" alt=\"\" \/>\t\t\t\t\t\t\t\t\t\t\t\t\t\t\t<\/div>\n\t\t\t\t<\/div>\n\t\t\t\t<\/div>\n\t\t\t\t\t<\/div>\n\t\t\t\t<\/div>\n\t\t<div class=\"elementor-element elementor-element-cd82671 e-flex e-con-boxed e-con e-parent\" data-id=\"cd82671\" data-element_type=\"container\" data-e-type=\"container\">\n\t\t\t\t\t<div class=\"e-con-inner\">\n\t\t\t\t<div class=\"elementor-element elementor-element-ecca498 elementor-widget elementor-widget-html\" data-id=\"ecca498\" data-element_type=\"widget\" data-e-type=\"widget\" data-widget_type=\"html.default\">\n\t\t\t\t\t    <div class=\"bsm-viator-widget\"\r\n         data-vi-partner-id=\"P00290947\"\r\n         data-vi-widget-ref=\"W-ed212687-7007-4f24-a57f-d0f148713cd4\">\r\n    <\/div>\r\n            <script async src=\"https:\/\/www.viator.com\/orion\/partner\/widget.js\"><\/script>\r\n        \t\t\t\t<\/div>\n\t\t\t\t\t<\/div>\n\t\t\t\t<\/div>\n\t\t<div class=\"elementor-element elementor-element-23c1588 e-flex e-con-boxed e-con e-parent\" data-id=\"23c1588\" data-element_type=\"container\" data-e-type=\"container\">\n\t\t\t\t\t<div class=\"e-con-inner\">\n\t\t<div class=\"elementor-element elementor-element-263506b e-con-full e-flex e-con e-child\" data-id=\"263506b\" data-element_type=\"container\" data-e-type=\"container\">\n\t\t\t\t<div class=\"elementor-element elementor-element-ad5d4c1 elementor-widget elementor-widget-text-editor\" data-id=\"ad5d4c1\" data-element_type=\"widget\" data-e-type=\"widget\" data-widget_type=\"text-editor.default\">\n\t\t\t\t\t\t\t\t\t<h2 data-start=\"98\" data-end=\"131\">Pourquoi essayer la tyrolienne \u00e0 Saint-Martin ?<\/h2><p data-start=\"133\" data-end=\"493\">La tyrolienne est l\u2019une des activit\u00e9s terrestres les plus excitantes de Saint-Martin. Contrairement aux excursions \u00e0 la plage ou aquatiques, une aventure en tyrolienne te permet d\u2019explorer le paysage naturel de l\u2019\u00eele d\u2019en haut, offrant des vues panoramiques sur les collines tropicales et le littoral carib\u00e9en. C\u2019est une activit\u00e9 id\u00e9ale pour les voyageurs qui cherchent \u00e0 \u00e9quilibrer d\u00e9tente et adr\u00e9naline.  <\/p><p data-start=\"495\" data-end=\"818\">La plupart des excursions en tyrolienne \u00e0 Saint-Martin sont con\u00e7ues avec la s\u00e9curit\u00e9 comme priorit\u00e9. Des guides professionnels fournissent des instructions d\u00e9taill\u00e9es, des syst\u00e8mes de harnais s\u00e9curis\u00e9s et une supervision compl\u00e8te tout au long de l\u2019exp\u00e9rience. Que tu sois novice en tyrolienne ou que tu l\u2019aies d\u00e9j\u00e0 essay\u00e9e, les parcours sont accessibles et agr\u00e9ables pour un large \u00e9ventail de visiteurs.  <\/p><p data-start=\"820\" data-end=\"1084\">En plus du frisson, la tyrolienne \u00e0 Saint-Martin offre une occasion unique d\u2019appr\u00e9cier le terrain de l\u2019\u00eele. Depuis les plateformes sur\u00e9lev\u00e9es, tu peux souvent voir les c\u00f4t\u00e9s hollandais et fran\u00e7ais, ce qui te donne une nouvelle perspective sur la beaut\u00e9 et la diversit\u00e9 de Saint-Martin. <\/p><p data-start=\"1086\" data-end=\"1319\">Si tu planifies tes activit\u00e9s \u00e0 l\u2019avance, il est recommand\u00e9 de r\u00e9server t\u00f4t, surtout pendant la haute saison touristique et les jours de croisi\u00e8re. Les exp\u00e9riences de tyrolienne ont tendance \u00e0 se remplir rapidement en raison de leur popularit\u00e9 et des horaires de d\u00e9part limit\u00e9s. <\/p><p data-start=\"1321\" data-end=\"1478\">Pour les voyageurs en qu\u00eate d\u2019aventure au-del\u00e0 des plages, la tyrolienne \u00e0 Saint-Martin offre excitation, paysages et souvenirs imp\u00e9rissables en une seule exp\u00e9rience inoubliable.<\/p>\t\t\t\t\t\t\t\t<\/div>\n\t\t\t\t<\/div>\n\t\t<div class=\"elementor-element elementor-element-a019cf3 e-con-full e-flex e-con e-child\" data-id=\"a019cf3\" data-element_type=\"container\" data-e-type=\"container\">\n\t\t\t\t<div class=\"elementor-element elementor-element-1675506 elementor-widget elementor-widget-image\" data-id=\"1675506\" data-element_type=\"widget\" data-e-type=\"widget\" data-widget_type=\"image.default\">\n\t\t\t\t\t\t\t\t\t\t\t\t\t\t\t<img fetchpriority=\"high\" decoding=\"async\" width=\"1024\" height=\"745\" src=\"https:\/\/bookstmartin.com\/wp-content\/uploads\/2026\/03\/Zipline-in-St-Maarten-1024x745.jpg\" class=\"attachment-large size-large wp-image-54349\" alt=\"Tyrolienne \u00e0 St Maarten\" srcset=\"https:\/\/bookstmartin.com\/wp-content\/uploads\/2026\/03\/Zipline-in-St-Maarten-1024x745.jpg 1024w, https:\/\/bookstmartin.com\/wp-content\/uploads\/2026\/03\/Zipline-in-St-Maarten-300x218.jpg 300w, https:\/\/bookstmartin.com\/wp-content\/uploads\/2026\/03\/Zipline-in-St-Maarten-768x559.jpg 768w, https:\/\/bookstmartin.com\/wp-content\/uploads\/2026\/03\/Zipline-in-St-Maarten.jpg 1100w\" sizes=\"(max-width: 1024px) 100vw, 1024px\" \/>\t\t\t\t\t\t\t\t\t\t\t\t\t\t\t<\/div>\n\t\t\t\t<\/div>\n\t\t\t\t\t<\/div>\n\t\t\t\t<\/div>\n\t\t<div class=\"elementor-element elementor-element-5f8a88b e-flex e-con-boxed e-con e-parent\" data-id=\"5f8a88b\" data-element_type=\"container\" data-e-type=\"container\">\n\t\t\t\t\t<div class=\"e-con-inner\">\n\t\t<div class=\"elementor-element elementor-element-8a7d3ac e-con-full e-flex e-con e-child\" data-id=\"8a7d3ac\" data-element_type=\"container\" data-e-type=\"container\">\n\t\t\t\t<div class=\"elementor-element elementor-element-7aac991 elementor-widget elementor-widget-text-editor\" data-id=\"7aac991\" data-element_type=\"widget\" data-e-type=\"widget\" data-widget_type=\"text-editor.default\">\n\t\t\t\t\t\t\t\t\t<p>Avertissement : Certains services pr\u00e9sent\u00e9s sur cette page peuvent inclure des liens d\u2019affiliation, ce qui signifie que BookStMartin peut percevoir une petite commission si tu choisis de r\u00e9server par leur interm\u00e9diaire. Cela aide \u00e0 soutenir notre plateforme sans aucun co\u00fbt suppl\u00e9mentaire pour toi. <\/p>\t\t\t\t\t\t\t\t<\/div>\n\t\t\t\t<\/div>\n\t\t\t\t\t<\/div>\n\t\t\t\t<\/div>\n\t\t<div class=\"elementor-element elementor-element-dc7e0c3 e-flex e-con-boxed e-con e-parent\" data-id=\"dc7e0c3\" data-element_type=\"container\" data-e-type=\"container\">\n\t\t\t\t\t<div class=\"e-con-inner\">\n\t\t\t\t<div class=\"elementor-element elementor-element-3bdc796 elementor-widget elementor-widget-text-editor\" data-id=\"3bdc796\" data-element_type=\"widget\" data-e-type=\"widget\" data-widget_type=\"text-editor.default\">\n\t\t\t\t\t\t\t\t\t<p style=\"text-align: center;\"><a href=\"https:\/\/www.facebook.com\/bookstmartin\" target=\"_blank\" rel=\"noopener\">Suis-nous sur Facebook | <\/a><a href=\"https:\/\/bookstmartin.com\/fr\/\">Retour \u00e0 l\u2019accueil <\/a>| <a href=\"https:\/\/bookstmartin.com\/fr\/activites-a-faire-a-st-maarten\/\">Retour aux activit\u00e9s \u00e0 St Maarten<\/a><\/p>\t\t\t\t\t\t\t\t<\/div>\n\t\t\t\t\t<\/div>\n\t\t\t\t<\/div>\n\t\t\t\t<\/div>\n\t\t","protected":false},"excerpt":{"rendered":"<p>Tyrolienne \u00e0 Saint-Martin (St Martin) La tyrolienne est l\u2019une des activit\u00e9s d\u2019aventure les plus excitantes de l\u2019\u00eele, offrant des vues \u00e0 couper le souffle et une mont\u00e9e d\u2019adr\u00e9naline inoubliable. Envole-toi au-dessus des collines tropicales luxuriantes, admire les paysages panoramiques des Cara\u00efbes et d\u00e9couvre Saint-Martin sous une perspective compl\u00e8tement diff\u00e9rente. Que tu voyages en couple, entre [&hellip;]<\/p>\n","protected":false},"author":4,"featured_media":54349,"parent":54340,"menu_order":0,"comment_status":"closed","ping_status":"closed","template":"elementor_header_footer","meta":{"_acf_changed":false,"footnotes":""},"class_list":["post-54416","page","type-page","status-publish","has-post-thumbnail","hentry"],"acf":[],"yoast_head":"<!-- This site is optimized with the Yoast SEO Premium plugin v27.5 (Yoast SEO v27.5) - https:\/\/yoast.com\/product\/yoast-seo-premium-wordpress\/ -->\n<title>Tyrolienne \u00e0 Saint-Martin | Meilleures excursions d&#039;aventure &amp; vues sur la for\u00eat tropicale<\/title>\n<meta name=\"description\" content=\"D\u00e9couvre la meilleure tyrolienne de Saint-Martin. Envole-toi au-dessus des collines tropicales et profite de vues panoramiques. Les excursions d&#039;aventure les plus excitantes de l&#039;\u00eele.\" \/>\n<meta name=\"robots\" content=\"index, follow, max-snippet:-1, max-image-preview:large, max-video-preview:-1\" \/>\n<link rel=\"canonical\" href=\"https:\/\/bookstmartin.com\/fr\/activites-a-faire-a-st-maarten\/tyrolienne-a-saint-martin\/\" \/>\n<meta property=\"og:locale\" content=\"fr_FR\" \/>\n<meta property=\"og:type\" content=\"article\" \/>\n<meta property=\"og:title\" content=\"Tyrolienne \u00e0 Saint-Martin\" \/>\n<meta property=\"og:description\" content=\"D\u00e9couvre la meilleure tyrolienne de Saint-Martin. Envole-toi au-dessus des collines tropicales et profite de vues panoramiques. Les excursions d&#039;aventure les plus excitantes de l&#039;\u00eele.\" \/>\n<meta property=\"og:url\" content=\"https:\/\/bookstmartin.com\/fr\/activites-a-faire-a-st-maarten\/tyrolienne-a-saint-martin\/\" \/>\n<meta property=\"og:site_name\" content=\"BookStMartin\" \/>\n<meta property=\"article:publisher\" content=\"https:\/\/www.facebook.com\/bookstmartin\/\" \/>\n<meta property=\"og:image\" content=\"https:\/\/bookstmartin.com\/wp-content\/uploads\/2026\/03\/Zipline-in-St-Maarten.jpg\" \/>\n\t<meta property=\"og:image:width\" content=\"1100\" \/>\n\t<meta property=\"og:image:height\" content=\"800\" \/>\n\t<meta property=\"og:image:type\" content=\"image\/jpeg\" \/>\n<meta name=\"twitter:card\" content=\"summary_large_image\" \/>\n<meta name=\"twitter:label1\" content=\"Dur\u00e9e de lecture estim\u00e9e\" \/>\n\t<meta name=\"twitter:data1\" content=\"1 minute\" \/>\n<script type=\"application\/ld+json\" class=\"yoast-schema-graph\">{\"@context\":\"https:\\\/\\\/schema.org\",\"@graph\":[]}<\/script>\n<!-- \/ Yoast SEO Premium plugin. -->","yoast_head_json":{"title":"Tyrolienne \u00e0 Saint-Martin | Meilleures excursions d'aventure & vues sur la for\u00eat tropicale","description":"D\u00e9couvre la meilleure tyrolienne de Saint-Martin. Envole-toi au-dessus des collines tropicales et profite de vues panoramiques. Les excursions d'aventure les plus excitantes de l'\u00eele.","robots":{"index":"index","follow":"follow","max-snippet":"max-snippet:-1","max-image-preview":"max-image-preview:large","max-video-preview":"max-video-preview:-1"},"canonical":"https:\/\/bookstmartin.com\/fr\/activites-a-faire-a-st-maarten\/tyrolienne-a-saint-martin\/","og_locale":"fr_FR","og_type":"article","og_title":"Tyrolienne \u00e0 Saint-Martin","og_description":"D\u00e9couvre la meilleure tyrolienne de Saint-Martin. Envole-toi au-dessus des collines tropicales et profite de vues panoramiques. Les excursions d'aventure les plus excitantes de l'\u00eele.","og_url":"https:\/\/bookstmartin.com\/fr\/activites-a-faire-a-st-maarten\/tyrolienne-a-saint-martin\/","og_site_name":"BookStMartin","article_publisher":"https:\/\/www.facebook.com\/bookstmartin\/","og_image":[{"width":1100,"height":800,"url":"https:\/\/bookstmartin.com\/wp-content\/uploads\/2026\/03\/Zipline-in-St-Maarten.jpg","type":"image\/jpeg"}],"twitter_card":"summary_large_image","twitter_misc":{"Dur\u00e9e de lecture estim\u00e9e":"1 minute"},"schema":{"@context":"https:\/\/schema.org","@graph":[]}},"_links":{"self":[{"href":"https:\/\/bookstmartin.com\/fr\/wp-json\/wp\/v2\/pages\/54416","targetHints":{"allow":["GET"]}}],"collection":[{"href":"https:\/\/bookstmartin.com\/fr\/wp-json\/wp\/v2\/pages"}],"about":[{"href":"https:\/\/bookstmartin.com\/fr\/wp-json\/wp\/v2\/types\/page"}],"author":[{"embeddable":true,"href":"https:\/\/bookstmartin.com\/fr\/wp-json\/wp\/v2\/users\/4"}],"replies":[{"embeddable":true,"href":"https:\/\/bookstmartin.com\/fr\/wp-json\/wp\/v2\/comments?post=54416"}],"version-history":[{"count":1,"href":"https:\/\/bookstmartin.com\/fr\/wp-json\/wp\/v2\/pages\/54416\/revisions"}],"predecessor-version":[{"id":54417,"href":"https:\/\/bookstmartin.com\/fr\/wp-json\/wp\/v2\/pages\/54416\/revisions\/54417"}],"up":[{"embeddable":true,"href":"https:\/\/bookstmartin.com\/fr\/wp-json\/wp\/v2\/pages\/54340"}],"wp:featuredmedia":[{"embeddable":true,"href":"https:\/\/bookstmartin.com\/fr\/wp-json\/wp\/v2\/media\/54349"}],"wp:attachment":[{"href":"https:\/\/bookstmartin.com\/fr\/wp-json\/wp\/v2\/media?parent=54416"}],"curies":[{"name":"wp","href":"https:\/\/api.w.org\/{rel}","templated":true}]}}