
{"id":54427,"date":"2025-07-21T22:50:56","date_gmt":"2025-07-22T02:50:56","guid":{"rendered":"https:\/\/bookstmartin.com\/contact-merci\/"},"modified":"2026-03-07T09:56:30","modified_gmt":"2026-03-07T13:56:30","slug":"contact-merci","status":"publish","type":"page","link":"https:\/\/bookstmartin.com\/fr\/contact-merci\/","title":{"rendered":"contact Merci"},"content":{"rendered":"\t\t<div data-elementor-type=\"wp-page\" data-elementor-id=\"54427\" class=\"elementor elementor-54427 elementor-827\" data-elementor-post-type=\"page\">\n\t\t\t\t<div class=\"elementor-element elementor-element-3a83861 e-flex e-con-boxed e-con e-parent\" data-id=\"3a83861\" data-element_type=\"container\" data-e-type=\"container\">\n\t\t\t\t\t<div class=\"e-con-inner\">\n\t\t\t\t<div class=\"elementor-element elementor-element-6f95959 elementor-widget elementor-widget-text-editor\" data-id=\"6f95959\" data-element_type=\"widget\" data-e-type=\"widget\" data-widget_type=\"text-editor.default\">\n\t\t\t\t\t\t\t\t\t<p style=\"text-align: center;\"><strong data-start=\"77\" data-end=\"91\">Merci !<\/strong><br data-start=\"91\" data-end=\"94\">Ton message a \u00e9t\u00e9 envoy\u00e9 avec succ\u00e8s.<br data-start=\"134\" data-end=\"137\">Pense \u00e0 consulter tes e-mails pour confirmer ta demande \u2014 nous te recontacterons tr\u00e8s bient\u00f4t !<\/p>\t\t\t\t\t\t\t\t<\/div>\n\t\t\t\t\t<\/div>\n\t\t\t\t<\/div>\n\t\t\t\t<\/div>\n\t\t","protected":false},"excerpt":{"rendered":"<p>Merci !Ton message a \u00e9t\u00e9 envoy\u00e9 avec succ\u00e8s.Pense \u00e0 consulter tes e-mails pour confirmer ta demande \u2014 nous te recontacterons tr\u00e8s bient\u00f4t !<\/p>\n","protected":false},"author":4,"featured_media":0,"parent":0,"menu_order":0,"comment_status":"closed","ping_status":"closed","template":"elementor_canvas","meta":{"_acf_changed":false,"footnotes":""},"class_list":["post-54427","page","type-page","status-publish","hentry"],"acf":[],"yoast_head":"<!-- This site is optimized with the Yoast SEO Premium plugin v27.4 (Yoast SEO v27.4) - https:\/\/yoast.com\/product\/yoast-seo-premium-wordpress\/ -->\n<title>contact Merci - BookStMartin<\/title>\n<meta name=\"robots\" content=\"index, follow, max-snippet:-1, max-image-preview:large, max-video-preview:-1\" \/>\n<link rel=\"canonical\" href=\"https:\/\/bookstmartin.com\/fr\/contact-merci\/\" \/>\n<meta property=\"og:locale\" content=\"fr_FR\" \/>\n<meta property=\"og:type\" content=\"article\" \/>\n<meta property=\"og:title\" content=\"contact Merci\" \/>\n<meta property=\"og:description\" content=\"Merci !Ton message a \u00e9t\u00e9 envoy\u00e9 avec succ\u00e8s.Pense \u00e0 consulter tes e-mails pour confirmer ta demande \u2014 nous te recontacterons tr\u00e8s bient\u00f4t !\" \/>\n<meta property=\"og:url\" content=\"https:\/\/bookstmartin.com\/fr\/contact-merci\/\" \/>\n<meta property=\"og:site_name\" content=\"BookStMartin\" \/>\n<meta property=\"article:publisher\" content=\"https:\/\/www.facebook.com\/bookstmartin\/\" \/>\n<meta property=\"article:modified_time\" content=\"2026-03-07T13:56:30+00:00\" \/>\n<meta name=\"twitter:card\" content=\"summary_large_image\" \/>\n<script type=\"application\/ld+json\" class=\"yoast-schema-graph\">{\"@context\":\"https:\\\/\\\/schema.org\",\"@graph\":[]}<\/script>\n<!-- \/ Yoast SEO Premium plugin. -->","yoast_head_json":{"title":"contact Merci - BookStMartin","robots":{"index":"index","follow":"follow","max-snippet":"max-snippet:-1","max-image-preview":"max-image-preview:large","max-video-preview":"max-video-preview:-1"},"canonical":"https:\/\/bookstmartin.com\/fr\/contact-merci\/","og_locale":"fr_FR","og_type":"article","og_title":"contact Merci","og_description":"Merci !Ton message a \u00e9t\u00e9 envoy\u00e9 avec succ\u00e8s.Pense \u00e0 consulter tes e-mails pour confirmer ta demande \u2014 nous te recontacterons tr\u00e8s bient\u00f4t !","og_url":"https:\/\/bookstmartin.com\/fr\/contact-merci\/","og_site_name":"BookStMartin","article_publisher":"https:\/\/www.facebook.com\/bookstmartin\/","article_modified_time":"2026-03-07T13:56:30+00:00","twitter_card":"summary_large_image","schema":{"@context":"https:\/\/schema.org","@graph":[]}},"_links":{"self":[{"href":"https:\/\/bookstmartin.com\/fr\/wp-json\/wp\/v2\/pages\/54427","targetHints":{"allow":["GET"]}}],"collection":[{"href":"https:\/\/bookstmartin.com\/fr\/wp-json\/wp\/v2\/pages"}],"about":[{"href":"https:\/\/bookstmartin.com\/fr\/wp-json\/wp\/v2\/types\/page"}],"author":[{"embeddable":true,"href":"https:\/\/bookstmartin.com\/fr\/wp-json\/wp\/v2\/users\/4"}],"replies":[{"embeddable":true,"href":"https:\/\/bookstmartin.com\/fr\/wp-json\/wp\/v2\/comments?post=54427"}],"version-history":[{"count":1,"href":"https:\/\/bookstmartin.com\/fr\/wp-json\/wp\/v2\/pages\/54427\/revisions"}],"predecessor-version":[{"id":54430,"href":"https:\/\/bookstmartin.com\/fr\/wp-json\/wp\/v2\/pages\/54427\/revisions\/54430"}],"wp:attachment":[{"href":"https:\/\/bookstmartin.com\/fr\/wp-json\/wp\/v2\/media?parent=54427"}],"curies":[{"name":"wp","href":"https:\/\/api.w.org\/{rel}","templated":true}]}}