
{"id":54433,"date":"2026-04-23T10:02:16","date_gmt":"2026-04-23T14:02:16","guid":{"rendered":"https:\/\/bookstmartin.com\/excursions-en-quad-a-saint-martin\/"},"modified":"2026-03-07T09:56:37","modified_gmt":"2026-03-07T13:56:37","slug":"excursions-en-quad-a-saint-martin","status":"publish","type":"page","link":"https:\/\/bookstmartin.com\/fr\/activites-a-faire-a-st-maarten\/excursions-en-quad-a-saint-martin\/","title":{"rendered":"Excursions en quad \u00e0 Saint-Martin"},"content":{"rendered":"\t\t<div data-elementor-type=\"wp-page\" data-elementor-id=\"54433\" class=\"elementor elementor-54433 elementor-53240\" data-elementor-post-type=\"page\">\n\t\t\t\t<div class=\"elementor-element elementor-element-3f9e931 e-flex e-con-boxed e-con e-parent\" data-id=\"3f9e931\" data-element_type=\"container\" data-e-type=\"container\">\n\t\t\t\t\t<div class=\"e-con-inner\">\n\t\t<div class=\"elementor-element elementor-element-41fc3b8 e-con-full e-flex e-con e-child\" data-id=\"41fc3b8\" data-element_type=\"container\" data-e-type=\"container\">\n\t\t\t\t<div class=\"elementor-element elementor-element-69708a9 elementor-widget elementor-widget-heading\" data-id=\"69708a9\" data-element_type=\"widget\" data-e-type=\"widget\" data-widget_type=\"heading.default\">\n\t\t\t\t\t<h1 class=\"elementor-heading-title elementor-size-default\">Excursions en quad \u00e0 Saint-Martin (St Martin)<\/h1>\t\t\t\t<\/div>\n\t\t\t\t<div class=\"elementor-element elementor-element-1d76fff elementor-widget-mobile__width-inherit elementor-widget elementor-widget-text-editor\" data-id=\"1d76fff\" data-element_type=\"widget\" data-e-type=\"widget\" data-widget_type=\"text-editor.default\">\n\t\t\t\t\t\t\t\t\t<p data-start=\"522\" data-end=\"815\">Les excursions en quad \u00e0 Saint-Martin offrent le m\u00e9lange parfait d&rsquo;aventure, de paysages et d&rsquo;exploration tout-terrain. Roule sur des terrains accident\u00e9s, d\u00e9couvre des plages cach\u00e9es et profite de points de vue panoramiques tout en d\u00e9couvrant l&rsquo;\u00eele au-del\u00e0 des sites touristiques habituels. <\/p><p data-start=\"817\" data-end=\"990\">Que tu voyages en couple, entre amis ou en petit groupe, les excursions en quad offrent une fa\u00e7on palpitante et guid\u00e9e de d\u00e9couvrir les c\u00f4t\u00e9s n\u00e9erlandais et fran\u00e7ais de Saint-Martin.<\/p>\t\t\t\t\t\t\t\t<\/div>\n\t\t\t\t<\/div>\n\t\t\t\t\t<\/div>\n\t\t\t\t<\/div>\n\t\t<div class=\"elementor-element elementor-element-dd4adfc e-flex e-con-boxed e-con e-parent\" data-id=\"dd4adfc\" data-element_type=\"container\" data-e-type=\"container\">\n\t\t\t\t\t<div class=\"e-con-inner\">\n\t\t<div class=\"elementor-element elementor-element-3bf8f4b e-con-full e-flex e-con e-child\" data-id=\"3bf8f4b\" data-element_type=\"container\" data-e-type=\"container\">\n\t\t<div class=\"elementor-element elementor-element-7fa753b e-con-full e-flex e-con e-child\" data-id=\"7fa753b\" data-element_type=\"container\" data-e-type=\"container\">\n\t\t\t\t<div class=\"elementor-element elementor-element-773ced8 elementor-widget elementor-widget-heading\" data-id=\"773ced8\" data-element_type=\"widget\" data-e-type=\"widget\" data-widget_type=\"heading.default\">\n\t\t\t\t\t<h3 class=\"elementor-heading-title elementor-size-default\">Meilleures excursions en quad \u00e0 Saint-Martin<\/h3>\t\t\t\t<\/div>\n\t\t\t\t<div class=\"elementor-element elementor-element-22a9d25 elementor-widget-divider--view-line elementor-widget elementor-widget-divider\" data-id=\"22a9d25\" data-element_type=\"widget\" data-e-type=\"widget\" data-widget_type=\"divider.default\">\n\t\t\t\t\t\t\t<div class=\"elementor-divider\">\n\t\t\t<span class=\"elementor-divider-separator\">\n\t\t\t\t\t\t<\/span>\n\t\t<\/div>\n\t\t\t\t\t\t<\/div>\n\t\t\t\t<div class=\"elementor-element elementor-element-f6ef477 elementor-widget elementor-widget-heading\" data-id=\"f6ef477\" data-element_type=\"widget\" data-e-type=\"widget\" data-widget_type=\"heading.default\">\n\t\t\t\t\t<h5 class=\"elementor-heading-title elementor-size-default\">R\u00e9servation s\u00e9curis\u00e9e \u2022 Annulation gratuite \u2022 Propos\u00e9 par Viator, une soci\u00e9t\u00e9 TripAdvisor<\/h5>\t\t\t\t<\/div>\n\t\t\t\t<\/div>\n\t\t<div class=\"elementor-element elementor-element-cdb3d85 e-con-full e-flex e-con e-child\" data-id=\"cdb3d85\" data-element_type=\"container\" data-e-type=\"container\">\n\t\t\t\t<div class=\"elementor-element elementor-element-72a56ab elementor-widget elementor-widget-image\" data-id=\"72a56ab\" data-element_type=\"widget\" data-e-type=\"widget\" data-widget_type=\"image.default\">\n\t\t\t\t\t\t\t\t\t\t\t\t\t\t\t<img decoding=\"async\" width=\"300\" height=\"80\" src=\"https:\/\/bookstmartin.com\/wp-content\/uploads\/2026\/03\/300x80viatorf.png\" class=\"attachment-large size-large wp-image-54290\" alt=\"\" \/>\t\t\t\t\t\t\t\t\t\t\t\t\t\t\t<\/div>\n\t\t\t\t<\/div>\n\t\t\t\t<\/div>\n\t\t\t\t\t<\/div>\n\t\t\t\t<\/div>\n\t\t<div class=\"elementor-element elementor-element-cd82671 e-flex e-con-boxed e-con e-parent\" data-id=\"cd82671\" data-element_type=\"container\" data-e-type=\"container\">\n\t\t\t\t\t<div class=\"e-con-inner\">\n\t\t\t\t<div class=\"elementor-element elementor-element-ecca498 elementor-widget elementor-widget-html\" data-id=\"ecca498\" data-element_type=\"widget\" data-e-type=\"widget\" data-widget_type=\"html.default\">\n\t\t\t\t\t    <div class=\"bsm-viator-widget\"\r\n         data-vi-partner-id=\"P00290947\"\r\n         data-vi-widget-ref=\"W-c702c204-9adc-4496-8280-9ce18bf93a1e\">\r\n    <\/div>\r\n            <script async src=\"https:\/\/www.viator.com\/orion\/partner\/widget.js\"><\/script>\r\n        \t\t\t\t<\/div>\n\t\t\t\t\t<\/div>\n\t\t\t\t<\/div>\n\t\t<div class=\"elementor-element elementor-element-23c1588 e-flex e-con-boxed e-con e-parent\" data-id=\"23c1588\" data-element_type=\"container\" data-e-type=\"container\">\n\t\t\t\t\t<div class=\"e-con-inner\">\n\t\t<div class=\"elementor-element elementor-element-263506b e-con-full e-flex e-con e-child\" data-id=\"263506b\" data-element_type=\"container\" data-e-type=\"container\">\n\t\t\t\t<div class=\"elementor-element elementor-element-ad5d4c1 elementor-widget elementor-widget-text-editor\" data-id=\"ad5d4c1\" data-element_type=\"widget\" data-e-type=\"widget\" data-widget_type=\"text-editor.default\">\n\t\t\t\t\t\t\t\t\t<h2 data-start=\"1127\" data-end=\"1167\">Pourquoi choisir une excursion en quad \u00e0 Saint-Martin ?<\/h2><p data-start=\"1169\" data-end=\"1438\">Les excursions en quad sont l&rsquo;une des aventures terrestres les plus populaires \u00e0 Saint-Martin pour les voyageurs qui souhaitent combiner visites touristiques et adr\u00e9naline. Contrairement aux circuits en bus classiques, conduire un quad te permet d&rsquo;explorer des endroits hors des sentiers battus et de vivre une exp\u00e9rience plus immersive. <\/p><p data-start=\"1440\" data-end=\"1718\">La plupart des excursions en quad incluent des itin\u00e9raires guid\u00e9s \u00e0 travers des routes c\u00f4ti\u00e8res pittoresques, des points de vue en hauteur et des zones moins fr\u00e9quent\u00e9es de l&rsquo;\u00eele. Des guides professionnels fournissent des consignes de s\u00e9curit\u00e9, des casques et des instructions pour garantir une balade s\u00fbre et agr\u00e9able aux d\u00e9butants comme aux conducteurs exp\u00e9riment\u00e9s. <\/p><p data-start=\"1720\" data-end=\"1907\">Les exp\u00e9riences en quad durent g\u00e9n\u00e9ralement entre deux et quatre heures, ce qui les rend id\u00e9ales pour les voyageurs souhaitant ajouter une activit\u00e9 dynamique \u00e0 leur programme sans s&rsquo;engager dans une excursion d&rsquo;une journ\u00e9e compl\u00e8te.<\/p><p data-start=\"1909\" data-end=\"2039\">Il est fortement recommand\u00e9 de r\u00e9server \u00e0 l&rsquo;avance, surtout pendant la haute saison et les jours de passage des bateaux de croisi\u00e8re, car les excursions en quad affichent souvent complet rapidement.<\/p><p data-start=\"2041\" data-end=\"2181\">Pour ceux qui recherchent l&rsquo;aventure et une fa\u00e7on unique d&rsquo;explorer Saint-Martin, les excursions en quad offrent excitation, libert\u00e9 et vues inoubliables sur l&rsquo;\u00eele.<\/p>\t\t\t\t\t\t\t\t<\/div>\n\t\t\t\t<\/div>\n\t\t<div class=\"elementor-element elementor-element-a019cf3 e-con-full e-flex e-con e-child\" data-id=\"a019cf3\" data-element_type=\"container\" data-e-type=\"container\">\n\t\t\t\t<div class=\"elementor-element elementor-element-1675506 elementor-widget elementor-widget-image\" data-id=\"1675506\" data-element_type=\"widget\" data-e-type=\"widget\" data-widget_type=\"image.default\">\n\t\t\t\t\t\t\t\t\t\t\t\t\t\t\t<img fetchpriority=\"high\" decoding=\"async\" width=\"800\" height=\"600\" src=\"https:\/\/bookstmartin.com\/wp-content\/uploads\/2026\/03\/ATV-Tours-in-St-Maarten.jpg\" class=\"attachment-large size-large wp-image-54348\" alt=\"Excursion en quad (ATV) \u00e0 St Maarten\" srcset=\"https:\/\/bookstmartin.com\/wp-content\/uploads\/2026\/03\/ATV-Tours-in-St-Maarten.jpg 800w, https:\/\/bookstmartin.com\/wp-content\/uploads\/2026\/03\/ATV-Tours-in-St-Maarten-300x225.jpg 300w, https:\/\/bookstmartin.com\/wp-content\/uploads\/2026\/03\/ATV-Tours-in-St-Maarten-768x576.jpg 768w\" sizes=\"(max-width: 800px) 100vw, 800px\" \/>\t\t\t\t\t\t\t\t\t\t\t\t\t\t\t<\/div>\n\t\t\t\t<\/div>\n\t\t\t\t\t<\/div>\n\t\t\t\t<\/div>\n\t\t<div class=\"elementor-element elementor-element-5f8a88b e-flex e-con-boxed e-con e-parent\" data-id=\"5f8a88b\" data-element_type=\"container\" data-e-type=\"container\">\n\t\t\t\t\t<div class=\"e-con-inner\">\n\t\t<div class=\"elementor-element elementor-element-45fd59d e-con-full e-flex e-con e-child\" data-id=\"45fd59d\" data-element_type=\"container\" data-e-type=\"container\">\n\t\t\t\t<div class=\"elementor-element elementor-element-2e0af85 elementor-widget elementor-widget-text-editor\" data-id=\"2e0af85\" data-element_type=\"widget\" data-e-type=\"widget\" data-widget_type=\"text-editor.default\">\n\t\t\t\t\t\t\t\t\t<p>Avertissement : Certains services pr\u00e9sent\u00e9s sur cette page peuvent inclure des liens d\u2019affiliation, ce qui signifie que BookStMartin peut percevoir une petite commission si tu choisis de r\u00e9server par leur interm\u00e9diaire. Cela aide \u00e0 soutenir notre plateforme sans aucun co\u00fbt suppl\u00e9mentaire pour toi. <\/p>\t\t\t\t\t\t\t\t<\/div>\n\t\t\t\t<\/div>\n\t\t\t\t\t<\/div>\n\t\t\t\t<\/div>\n\t\t<div class=\"elementor-element elementor-element-5dd6054 e-flex e-con-boxed e-con e-parent\" data-id=\"5dd6054\" data-element_type=\"container\" data-e-type=\"container\">\n\t\t\t\t\t<div class=\"e-con-inner\">\n\t\t\t\t<div class=\"elementor-element elementor-element-0cd2ff7 elementor-widget elementor-widget-text-editor\" data-id=\"0cd2ff7\" data-element_type=\"widget\" data-e-type=\"widget\" data-widget_type=\"text-editor.default\">\n\t\t\t\t\t\t\t\t\t<p style=\"text-align: center;\"><a href=\"https:\/\/www.facebook.com\/bookstmartin\" target=\"_blank\" rel=\"noopener\">Suis-nous sur Facebook | <\/a><a href=\"https:\/\/bookstmartin.com\/fr\/\">Retour \u00e0 l\u2019accueil <\/a>| <a href=\"https:\/\/bookstmartin.com\/fr\/activites-a-faire-a-st-maarten\/\">Retour aux activit\u00e9s \u00e0 St Maarten<\/a><\/p>\t\t\t\t\t\t\t\t<\/div>\n\t\t\t\t\t<\/div>\n\t\t\t\t<\/div>\n\t\t\t\t<\/div>\n\t\t","protected":false},"excerpt":{"rendered":"<p>Excursions en quad \u00e0 Saint-Martin (St Martin) Les excursions en quad \u00e0 Saint-Martin offrent le m\u00e9lange parfait d&rsquo;aventure, de paysages et d&rsquo;exploration tout-terrain. Roule sur des terrains accident\u00e9s, d\u00e9couvre des plages cach\u00e9es et profite de points de vue panoramiques tout en d\u00e9couvrant l&rsquo;\u00eele au-del\u00e0 des sites touristiques habituels. Que tu voyages en couple, entre amis [&hellip;]<\/p>\n","protected":false},"author":4,"featured_media":54348,"parent":54340,"menu_order":0,"comment_status":"closed","ping_status":"closed","template":"elementor_header_footer","meta":{"_acf_changed":false,"footnotes":""},"class_list":["post-54433","page","type-page","status-publish","has-post-thumbnail","hentry"],"acf":[],"yoast_head":"<!-- This site is optimized with the Yoast SEO Premium plugin v27.5 (Yoast SEO v27.5) - https:\/\/yoast.com\/product\/yoast-seo-premium-wordpress\/ -->\n<title>Excursions en quad \u00e0 Saint-Martin | Aventures en quad et tout-terrain<\/title>\n<meta name=\"description\" content=\"D\u00e9couvre les meilleures excursions en quad \u00e0 Saint-Martin. Explore des sentiers tout-terrain pittoresques, des plages cach\u00e9es et des points de vue panoramiques lors d&#039;une aventure en quad !\" \/>\n<meta name=\"robots\" content=\"index, follow, max-snippet:-1, max-image-preview:large, max-video-preview:-1\" \/>\n<link rel=\"canonical\" href=\"https:\/\/bookstmartin.com\/fr\/activites-a-faire-a-st-maarten\/excursions-en-quad-a-saint-martin\/\" \/>\n<meta property=\"og:locale\" content=\"fr_FR\" \/>\n<meta property=\"og:type\" content=\"article\" \/>\n<meta property=\"og:title\" content=\"Excursions en quad \u00e0 Saint-Martin\" \/>\n<meta property=\"og:description\" content=\"D\u00e9couvre les meilleures excursions en quad \u00e0 Saint-Martin. Explore des sentiers tout-terrain pittoresques, des plages cach\u00e9es et des points de vue panoramiques lors d&#039;une aventure en quad !\" \/>\n<meta property=\"og:url\" content=\"https:\/\/bookstmartin.com\/fr\/activites-a-faire-a-st-maarten\/excursions-en-quad-a-saint-martin\/\" \/>\n<meta property=\"og:site_name\" content=\"BookStMartin\" \/>\n<meta property=\"article:publisher\" content=\"https:\/\/www.facebook.com\/bookstmartin\/\" \/>\n<meta property=\"og:image\" content=\"https:\/\/bookstmartin.com\/wp-content\/uploads\/2026\/03\/ATV-Tours-in-St-Maarten.jpg\" \/>\n\t<meta property=\"og:image:width\" content=\"800\" \/>\n\t<meta property=\"og:image:height\" content=\"600\" \/>\n\t<meta property=\"og:image:type\" content=\"image\/jpeg\" \/>\n<meta name=\"twitter:card\" content=\"summary_large_image\" \/>\n<meta name=\"twitter:label1\" content=\"Dur\u00e9e de lecture estim\u00e9e\" \/>\n\t<meta name=\"twitter:data1\" content=\"1 minute\" \/>\n<script type=\"application\/ld+json\" class=\"yoast-schema-graph\">{\"@context\":\"https:\\\/\\\/schema.org\",\"@graph\":[]}<\/script>\n<!-- \/ Yoast SEO Premium plugin. -->","yoast_head_json":{"title":"Excursions en quad \u00e0 Saint-Martin | Aventures en quad et tout-terrain","description":"D\u00e9couvre les meilleures excursions en quad \u00e0 Saint-Martin. Explore des sentiers tout-terrain pittoresques, des plages cach\u00e9es et des points de vue panoramiques lors d'une aventure en quad !","robots":{"index":"index","follow":"follow","max-snippet":"max-snippet:-1","max-image-preview":"max-image-preview:large","max-video-preview":"max-video-preview:-1"},"canonical":"https:\/\/bookstmartin.com\/fr\/activites-a-faire-a-st-maarten\/excursions-en-quad-a-saint-martin\/","og_locale":"fr_FR","og_type":"article","og_title":"Excursions en quad \u00e0 Saint-Martin","og_description":"D\u00e9couvre les meilleures excursions en quad \u00e0 Saint-Martin. Explore des sentiers tout-terrain pittoresques, des plages cach\u00e9es et des points de vue panoramiques lors d'une aventure en quad !","og_url":"https:\/\/bookstmartin.com\/fr\/activites-a-faire-a-st-maarten\/excursions-en-quad-a-saint-martin\/","og_site_name":"BookStMartin","article_publisher":"https:\/\/www.facebook.com\/bookstmartin\/","og_image":[{"width":800,"height":600,"url":"https:\/\/bookstmartin.com\/wp-content\/uploads\/2026\/03\/ATV-Tours-in-St-Maarten.jpg","type":"image\/jpeg"}],"twitter_card":"summary_large_image","twitter_misc":{"Dur\u00e9e de lecture estim\u00e9e":"1 minute"},"schema":{"@context":"https:\/\/schema.org","@graph":[]}},"_links":{"self":[{"href":"https:\/\/bookstmartin.com\/fr\/wp-json\/wp\/v2\/pages\/54433","targetHints":{"allow":["GET"]}}],"collection":[{"href":"https:\/\/bookstmartin.com\/fr\/wp-json\/wp\/v2\/pages"}],"about":[{"href":"https:\/\/bookstmartin.com\/fr\/wp-json\/wp\/v2\/types\/page"}],"author":[{"embeddable":true,"href":"https:\/\/bookstmartin.com\/fr\/wp-json\/wp\/v2\/users\/4"}],"replies":[{"embeddable":true,"href":"https:\/\/bookstmartin.com\/fr\/wp-json\/wp\/v2\/comments?post=54433"}],"version-history":[{"count":1,"href":"https:\/\/bookstmartin.com\/fr\/wp-json\/wp\/v2\/pages\/54433\/revisions"}],"predecessor-version":[{"id":54437,"href":"https:\/\/bookstmartin.com\/fr\/wp-json\/wp\/v2\/pages\/54433\/revisions\/54437"}],"up":[{"embeddable":true,"href":"https:\/\/bookstmartin.com\/fr\/wp-json\/wp\/v2\/pages\/54340"}],"wp:featuredmedia":[{"embeddable":true,"href":"https:\/\/bookstmartin.com\/fr\/wp-json\/wp\/v2\/media\/54348"}],"wp:attachment":[{"href":"https:\/\/bookstmartin.com\/fr\/wp-json\/wp\/v2\/media?parent=54433"}],"curies":[{"name":"wp","href":"https:\/\/api.w.org\/{rel}","templated":true}]}}