
{"id":54439,"date":"2026-02-09T17:42:05","date_gmt":"2026-02-09T21:42:05","guid":{"rendered":"https:\/\/bookstmartin.com\/chef-prive-a-saint-martin\/"},"modified":"2026-03-07T09:56:46","modified_gmt":"2026-03-07T13:56:46","slug":"chef-prive-a-saint-martin","status":"publish","type":"page","link":"https:\/\/bookstmartin.com\/fr\/chef-prive-a-saint-martin\/","title":{"rendered":"Chef priv\u00e9 \u00e0 Saint-Martin"},"content":{"rendered":"\t\t<div data-elementor-type=\"wp-page\" data-elementor-id=\"54439\" class=\"elementor elementor-54439 elementor-50594\" data-elementor-post-type=\"page\">\n\t\t\t\t<div class=\"elementor-element elementor-element-51e37d5 e-con-full e-flex e-con e-parent\" data-id=\"51e37d5\" data-element_type=\"container\" data-e-type=\"container\">\n\t\t<div class=\"elementor-element elementor-element-cd2cc2d e-con-full e-flex e-con e-child\" data-id=\"cd2cc2d\" data-element_type=\"container\" data-e-type=\"container\">\n\t\t\t\t<div class=\"elementor-element elementor-element-58b972a elementor-widget elementor-widget-image\" data-id=\"58b972a\" data-element_type=\"widget\" data-e-type=\"widget\" data-widget_type=\"image.default\">\n\t\t\t\t\t\t\t\t\t\t\t\t\t\t\t<img decoding=\"async\" src=\"https:\/\/bookstmartin.com\/wp-content\/uploads\/2026\/02\/private-chef-st-martin.jpg\" title=\"\" alt=\"\" loading=\"lazy\" \/>\t\t\t\t\t\t\t\t\t\t\t\t\t\t\t<\/div>\n\t\t\t\t<\/div>\n\t\t<div class=\"elementor-element elementor-element-a6b44e9 e-con-full e-flex e-con e-child\" data-id=\"a6b44e9\" data-element_type=\"container\" data-e-type=\"container\">\n\t\t\t\t<div class=\"elementor-element elementor-element-0690895 elementor-widget elementor-widget-heading\" data-id=\"0690895\" data-element_type=\"widget\" data-e-type=\"widget\" data-widget_type=\"heading.default\">\n\t\t\t\t\t<h1 class=\"elementor-heading-title elementor-size-default\">Chef priv\u00e9 \u00e0 Saint-Martin<\/h1>\t\t\t\t<\/div>\n\t\t\t\t<div class=\"elementor-element elementor-element-7c9f1cb elementor-widget-mobile__width-inherit elementor-widget elementor-widget-text-editor\" data-id=\"7c9f1cb\" data-element_type=\"widget\" data-e-type=\"widget\" data-widget_type=\"text-editor.default\">\n\t\t\t\t\t\t\t\t\t<p style=\"text-align: justify;\" data-start=\"214\" data-end=\"325\"><strong>Parfois, la meilleure exp\u00e9rience culinaire se d\u00e9roule directement chez toi.<\/strong><\/p><p style=\"text-align: justify;\" data-start=\"327\" data-end=\"566\">Engager un chef priv\u00e9 \u00e0 Saint-Martin, c&rsquo;est plus qu&rsquo;une simple commodit\u00e9 \u2014 c&rsquo;est prendre le temps de vraiment profiter de ton s\u00e9jour. Pas de r\u00e9servations \u00e0 g\u00e9rer, pas de foule, pas de stress. Juste de la bonne nourriture, pr\u00e9par\u00e9e pour toi, dans le confort de ta villa.  <\/p><p style=\"text-align: justify;\" data-start=\"868\" data-end=\"1099\">Qu&rsquo;il s&rsquo;agisse d&rsquo;un d\u00eener sp\u00e9cial, d&rsquo;une r\u00e9union de famille, d&rsquo;un repas au coucher du soleil avec des amis, ou simplement du plaisir de ne pas avoir \u00e0 cuisiner pendant les vacances, choisir un chef transforme une soir\u00e9e ordinaire en un moment m\u00e9morable.<\/p><p style=\"text-align: justify;\" data-start=\"1101\" data-end=\"1411\">Ci-dessous, tu trouveras une s\u00e9lection de chefs priv\u00e9s que nous recommandons en toute confiance. Ce sont des partenaires de confiance que nous connaissons personnellement, des professionnels avec qui nous travaillons r\u00e9guli\u00e8rement et que nous sugg\u00e9rons volontiers \u00e0 nos clients. Passionn\u00e9s, fiables et engag\u00e9s envers la qualit\u00e9 \u2014 s&rsquo;ils sont list\u00e9s ici, c&rsquo;est parce que nous leur faisons confiance.  <\/p><p style=\"text-align: justify;\" data-start=\"1413\" data-end=\"1541\">D\u00e9tends-toi, profite de l&rsquo;instant, et laisse un chef priv\u00e9 s&rsquo;occuper de tout \u2014 c&rsquo;est ainsi que la vie insulaire devrait \u00eatre.<\/p>\t\t\t\t\t\t\t\t<\/div>\n\t\t\t\t<\/div>\n\t\t\t\t<\/div>\n\t\t<div class=\"elementor-element elementor-element-a50222a e-flex e-con-boxed e-con e-parent\" data-id=\"a50222a\" data-element_type=\"container\" data-e-type=\"container\">\n\t\t\t\t\t<div class=\"e-con-inner\">\n\t\t\t\t<div class=\"elementor-element elementor-element-813a8dc elementor-widget elementor-widget-custom_experience_widget\" data-id=\"813a8dc\" data-element_type=\"widget\" data-e-type=\"widget\" data-widget_type=\"custom_experience_widget.default\">\n\t\t\t\t<div class=\"elementor-widget-container\">\n\t\t\t\t\t\n        <section class=\"experience-listings\">\n\n            <div class=\"experience-grid\">\n\n                \n                    \n                        <style>\n\/* Card g\u00e9n\u00e9rique *\/\n.nfs-listing-card {\n  text-align:left;\n  padding:10px;\n  border:1px solid #e0e0e0;\n  border-radius:14px;\n  overflow:hidden; \/* force l\u2019image \u00e0 suivre l\u2019arrondi *\/\n  box-shadow:0 3px 10px rgba(0,0,0,0.08);\n  transition:transform .2s ease, box-shadow .2s ease;\n}\n.nfs-listing-card:hover {\n  transform:translateY(-3px);\n  box-shadow:0 6px 16px rgba(0,0,0,0.12);\n}\n\n\/* Lien *\/\n.nfs-experience-link {\n  display:block;\n  text-decoration:none;\n  color:inherit;\n}\n\n\/* Image de t\u00eate *\/\n.nfs-experience-image {\n  height:200px;\n  width:100%;\n  background-size:cover;\n  background-position:center;\n  border-radius:14;\n}\n\n\/* Contenu *\/\n.nfs-experience-content { color:#333; font-family:'Poppins',sans-serif; }\n.nfs-experience-title   { margin:15px 0 10px; font-size:16px; font-weight:700; }\n\n\/* Ligne infos *\/\n.nfs-experience-meta {\n  display:flex;\n  flex-wrap:wrap;\n  gap:20px;\n  font-size:12px;\n  margin:1px 0;\n  font-family:'Poppins',sans-serif;\n}\n\n.meta-dot{\n  width:4px;\n  height:4px;\n  background:#999;\n  border-radius:50%;\n  display:inline-block;\n  position:relative;\n  top:-1px; \/* ajuste ici: -1 parfait souvent, sinon 0 *\/\n}\n\t\n.nfs-experience-meta{\n  display:flex;\n  align-items:center;\n}\n<\/style>\n\n\n<div class=\"nfs-listing-col\">\n  <div class=\"nfs-listing-card\">\n    <a href=\"https:\/\/bookstmartin.com\/fr\/experiences\/chef-stephane-chef-prive\/\" class=\"nfs-experience-link\">\n\n              <div class=\"nfs-experience-image\"\n             style=\"background-image:url('https:\/\/bookstmartin.com\/wp-content\/uploads\/2025\/12\/IMG_3126.jpg');\"><\/div>\n      \n      <div class=\"nfs-experience-content\">\n  <!-- Titre -->\n  <h3 class=\"nfs-experience-title\">Chef Stephane &#8211; Chef priv\u00e9<\/h3>\n\n  <!-- S\u00e9parateur -->\n  <div style=\"border-top:1px solid #ddd; margin:10px 0; height:1px;\"><\/div>\n\n  <!-- Ligne infos : Cat\u00e9gorie + Localisation + Prix -->\n<div class=\"nfs-experience-meta\">\n\n      <span>Private Chef<\/span>\n  \n      <span class=\"meta-dot\"><\/span>\n  \n      <span>Saint-Martin<\/span>\n  \n      <span class=\"meta-dot\"><\/span>\n  \n      <span>\u20ac\u20ac\u20ac<\/span>\n  \n<\/div>\n<\/div>\n\n\n    <\/a>\n  <\/div>\n<\/div>\n\n                    \n                        <style>\n\/* Card g\u00e9n\u00e9rique *\/\n.nfs-listing-card {\n  text-align:left;\n  padding:10px;\n  border:1px solid #e0e0e0;\n  border-radius:14px;\n  overflow:hidden; \/* force l\u2019image \u00e0 suivre l\u2019arrondi *\/\n  box-shadow:0 3px 10px rgba(0,0,0,0.08);\n  transition:transform .2s ease, box-shadow .2s ease;\n}\n.nfs-listing-card:hover {\n  transform:translateY(-3px);\n  box-shadow:0 6px 16px rgba(0,0,0,0.12);\n}\n\n\/* Lien *\/\n.nfs-experience-link {\n  display:block;\n  text-decoration:none;\n  color:inherit;\n}\n\n\/* Image de t\u00eate *\/\n.nfs-experience-image {\n  height:200px;\n  width:100%;\n  background-size:cover;\n  background-position:center;\n  border-radius:14;\n}\n\n\/* Contenu *\/\n.nfs-experience-content { color:#333; font-family:'Poppins',sans-serif; }\n.nfs-experience-title   { margin:15px 0 10px; font-size:16px; font-weight:700; }\n\n\/* Ligne infos *\/\n.nfs-experience-meta {\n  display:flex;\n  flex-wrap:wrap;\n  gap:20px;\n  font-size:12px;\n  margin:1px 0;\n  font-family:'Poppins',sans-serif;\n}\n\n.meta-dot{\n  width:4px;\n  height:4px;\n  background:#999;\n  border-radius:50%;\n  display:inline-block;\n  position:relative;\n  top:-1px; \/* ajuste ici: -1 parfait souvent, sinon 0 *\/\n}\n\t\n.nfs-experience-meta{\n  display:flex;\n  align-items:center;\n}\n<\/style>\n\n\n<div class=\"nfs-listing-col\">\n  <div class=\"nfs-listing-card\">\n    <a href=\"https:\/\/bookstmartin.com\/fr\/experiences\/sxm-culinary-services\/\" class=\"nfs-experience-link\">\n\n              <div class=\"nfs-experience-image\"\n             style=\"background-image:url('https:\/\/bookstmartin.com\/wp-content\/uploads\/2025\/09\/SxmCulinaryServices-37-1536x1024-1-1024x683.jpg');\"><\/div>\n      \n      <div class=\"nfs-experience-content\">\n  <!-- Titre -->\n  <h3 class=\"nfs-experience-title\">SXM Culinary Services<\/h3>\n\n  <!-- S\u00e9parateur -->\n  <div style=\"border-top:1px solid #ddd; margin:10px 0; height:1px;\"><\/div>\n\n  <!-- Ligne infos : Cat\u00e9gorie + Localisation + Prix -->\n<div class=\"nfs-experience-meta\">\n\n      <span>Private Chef<\/span>\n  \n      <span class=\"meta-dot\"><\/span>\n  \n      <span>Private Chef at home<\/span>\n  \n      <span class=\"meta-dot\"><\/span>\n  \n      <span>\u20ac\u20ac\u20ac<\/span>\n  \n<\/div>\n<\/div>\n\n\n    <\/a>\n  <\/div>\n<\/div>\n\n                    \n                \n            <\/div>\n\n        <\/section>\n\n        \t\t\t\t<\/div>\n\t\t\t\t<\/div>\n\t\t\t\t\t<\/div>\n\t\t\t\t<\/div>\n\t\t<div class=\"elementor-element elementor-element-0f1b6fd e-flex e-con-boxed e-con e-parent\" data-id=\"0f1b6fd\" data-element_type=\"container\" data-e-type=\"container\">\n\t\t\t\t\t<div class=\"e-con-inner\">\n\t\t\t\t<div class=\"elementor-element elementor-element-0203bdb elementor-widget elementor-widget-text-editor\" data-id=\"0203bdb\" data-element_type=\"widget\" data-e-type=\"widget\" data-widget_type=\"text-editor.default\">\n\t\t\t\t\t\t\t\t\t<p style=\"text-align: center;\">Chef priv\u00e9 \u00e0 Saint-Martin | <a href=\"https:\/\/www.facebook.com\/bookstmartin\" target=\"_blank\" rel=\"noopener\">Suis-nous sur Facebook<\/a><\/p>\t\t\t\t\t\t\t\t<\/div>\n\t\t\t\t\t<\/div>\n\t\t\t\t<\/div>\n\t\t\t\t<\/div>\n\t\t","protected":false},"excerpt":{"rendered":"<p>Chef priv\u00e9 \u00e0 Saint-Martin Parfois, la meilleure exp\u00e9rience culinaire se d\u00e9roule directement chez toi. Engager un chef priv\u00e9 \u00e0 Saint-Martin, c&rsquo;est plus qu&rsquo;une simple commodit\u00e9 \u2014 c&rsquo;est prendre le temps de vraiment profiter de ton s\u00e9jour. Pas de r\u00e9servations \u00e0 g\u00e9rer, pas de foule, pas de stress. Juste de la bonne nourriture, pr\u00e9par\u00e9e pour toi, [&hellip;]<\/p>\n","protected":false},"author":4,"featured_media":54352,"parent":0,"menu_order":0,"comment_status":"closed","ping_status":"closed","template":"elementor_header_footer","meta":{"_acf_changed":false,"footnotes":""},"class_list":["post-54439","page","type-page","status-publish","has-post-thumbnail","hentry"],"acf":[],"yoast_head":"<!-- This site is optimized with the Yoast SEO Premium plugin v27.5 (Yoast SEO v27.5) - https:\/\/yoast.com\/product\/yoast-seo-premium-wordpress\/ -->\n<title>Chef priv\u00e9 \u00e0 Saint-Martin | Chefs en villa de confiance<\/title>\n<meta name=\"description\" content=\"D\u00e9couvre les meilleurs chefs priv\u00e9s \u00e0 Saint-Martin, proposant des repas personnalis\u00e9s en villa, des ingr\u00e9dients frais et des exp\u00e9riences insulaires d\u00e9contract\u00e9es.\" \/>\n<meta name=\"robots\" content=\"index, follow, max-snippet:-1, max-image-preview:large, max-video-preview:-1\" \/>\n<link rel=\"canonical\" href=\"https:\/\/bookstmartin.com\/fr\/chef-prive-a-saint-martin\/\" \/>\n<meta property=\"og:locale\" content=\"fr_FR\" \/>\n<meta property=\"og:type\" content=\"article\" \/>\n<meta property=\"og:title\" content=\"Chef priv\u00e9 \u00e0 Saint-Martin\" \/>\n<meta property=\"og:description\" content=\"D\u00e9couvre les meilleurs chefs priv\u00e9s \u00e0 Saint-Martin, proposant des repas personnalis\u00e9s en villa, des ingr\u00e9dients frais et des exp\u00e9riences insulaires d\u00e9contract\u00e9es.\" \/>\n<meta property=\"og:url\" content=\"https:\/\/bookstmartin.com\/fr\/chef-prive-a-saint-martin\/\" \/>\n<meta property=\"og:site_name\" content=\"BookStMartin\" \/>\n<meta property=\"article:publisher\" content=\"https:\/\/www.facebook.com\/bookstmartin\/\" \/>\n<meta property=\"article:modified_time\" content=\"2026-03-07T13:56:46+00:00\" \/>\n<meta property=\"og:image\" content=\"https:\/\/bookstmartin.com\/wp-content\/uploads\/2026\/02\/private-chef-st-martin.jpg\" \/>\n\t<meta property=\"og:image:width\" content=\"1920\" \/>\n\t<meta property=\"og:image:height\" content=\"1280\" \/>\n\t<meta property=\"og:image:type\" content=\"image\/jpeg\" \/>\n<meta name=\"twitter:card\" content=\"summary_large_image\" \/>\n<meta name=\"twitter:label1\" content=\"Dur\u00e9e de lecture estim\u00e9e\" \/>\n\t<meta name=\"twitter:data1\" content=\"1 minute\" \/>\n<script type=\"application\/ld+json\" class=\"yoast-schema-graph\">{\"@context\":\"https:\\\/\\\/schema.org\",\"@graph\":[]}<\/script>\n<!-- \/ Yoast SEO Premium plugin. -->","yoast_head_json":{"title":"Chef priv\u00e9 \u00e0 Saint-Martin | Chefs en villa de confiance","description":"D\u00e9couvre les meilleurs chefs priv\u00e9s \u00e0 Saint-Martin, proposant des repas personnalis\u00e9s en villa, des ingr\u00e9dients frais et des exp\u00e9riences insulaires d\u00e9contract\u00e9es.","robots":{"index":"index","follow":"follow","max-snippet":"max-snippet:-1","max-image-preview":"max-image-preview:large","max-video-preview":"max-video-preview:-1"},"canonical":"https:\/\/bookstmartin.com\/fr\/chef-prive-a-saint-martin\/","og_locale":"fr_FR","og_type":"article","og_title":"Chef priv\u00e9 \u00e0 Saint-Martin","og_description":"D\u00e9couvre les meilleurs chefs priv\u00e9s \u00e0 Saint-Martin, proposant des repas personnalis\u00e9s en villa, des ingr\u00e9dients frais et des exp\u00e9riences insulaires d\u00e9contract\u00e9es.","og_url":"https:\/\/bookstmartin.com\/fr\/chef-prive-a-saint-martin\/","og_site_name":"BookStMartin","article_publisher":"https:\/\/www.facebook.com\/bookstmartin\/","article_modified_time":"2026-03-07T13:56:46+00:00","og_image":[{"width":1920,"height":1280,"url":"https:\/\/bookstmartin.com\/wp-content\/uploads\/2026\/02\/private-chef-st-martin.jpg","type":"image\/jpeg"}],"twitter_card":"summary_large_image","twitter_misc":{"Dur\u00e9e de lecture estim\u00e9e":"1 minute"},"schema":{"@context":"https:\/\/schema.org","@graph":[]}},"_links":{"self":[{"href":"https:\/\/bookstmartin.com\/fr\/wp-json\/wp\/v2\/pages\/54439","targetHints":{"allow":["GET"]}}],"collection":[{"href":"https:\/\/bookstmartin.com\/fr\/wp-json\/wp\/v2\/pages"}],"about":[{"href":"https:\/\/bookstmartin.com\/fr\/wp-json\/wp\/v2\/types\/page"}],"author":[{"embeddable":true,"href":"https:\/\/bookstmartin.com\/fr\/wp-json\/wp\/v2\/users\/4"}],"replies":[{"embeddable":true,"href":"https:\/\/bookstmartin.com\/fr\/wp-json\/wp\/v2\/comments?post=54439"}],"version-history":[{"count":1,"href":"https:\/\/bookstmartin.com\/fr\/wp-json\/wp\/v2\/pages\/54439\/revisions"}],"predecessor-version":[{"id":54443,"href":"https:\/\/bookstmartin.com\/fr\/wp-json\/wp\/v2\/pages\/54439\/revisions\/54443"}],"wp:featuredmedia":[{"embeddable":true,"href":"https:\/\/bookstmartin.com\/fr\/wp-json\/wp\/v2\/media\/54352"}],"wp:attachment":[{"href":"https:\/\/bookstmartin.com\/fr\/wp-json\/wp\/v2\/media?parent=54439"}],"curies":[{"name":"wp","href":"https:\/\/api.w.org\/{rel}","templated":true}]}}