
{"id":54444,"date":"2026-02-16T16:47:47","date_gmt":"2026-02-16T20:47:47","guid":{"rendered":"https:\/\/bookstmartin.com\/boutique\/"},"modified":"2026-03-07T09:56:46","modified_gmt":"2026-03-07T13:56:46","slug":"boutique","status":"publish","type":"page","link":"https:\/\/bookstmartin.com\/fr\/boutique\/","title":{"rendered":"Boutique"},"content":{"rendered":"\t\t<div data-elementor-type=\"wp-page\" data-elementor-id=\"54444\" class=\"elementor elementor-54444 elementor-50871\" data-elementor-post-type=\"page\">\n\t\t\t\t<div class=\"elementor-element elementor-element-377cc9f e-flex e-con-boxed e-con e-parent\" data-id=\"377cc9f\" data-element_type=\"container\" data-e-type=\"container\">\n\t\t\t\t\t<div class=\"e-con-inner\">\n\t\t\t\t<div class=\"elementor-element elementor-element-a4104eb elementor-widget elementor-widget-heading\" data-id=\"a4104eb\" data-element_type=\"widget\" data-e-type=\"widget\" data-widget_type=\"heading.default\">\n\t\t\t\t\t<h2 class=\"elementor-heading-title elementor-size-default\">Tu adores l'\u00eele ? Notre boutique de produits d\u00e9riv\u00e9s est en ligne <\/h2>\t\t\t\t<\/div>\n\t\t\t\t<div class=\"elementor-element elementor-element-58b2ff9 elementor-widget elementor-widget-text-editor\" data-id=\"58b2ff9\" data-element_type=\"widget\" data-e-type=\"widget\" data-widget_type=\"text-editor.default\">\n\t\t\t\t\t\t\t\t\t<p style=\"text-align: center;\">Emporte un morceau de St Martin avec toi \u2014 o\u00f9 que tu sois.<\/p>\t\t\t\t\t\t\t\t<\/div>\n\t\t\t\t<div class=\"elementor-element elementor-element-a90acd8 elementor-button-success elementor-align-center elementor-widget elementor-widget-button\" data-id=\"a90acd8\" data-element_type=\"widget\" data-e-type=\"widget\" data-widget_type=\"button.default\">\n\t\t\t\t\t\t\t\t\t\t<a class=\"elementor-button elementor-button-link elementor-size-sm\" href=\"https:\/\/sxmisland.com\/\" target=\"_blank\">\n\t\t\t\t\t\t<span class=\"elementor-button-content-wrapper\">\n\t\t\t\t\t\t\t\t\t<span class=\"elementor-button-text\">Visite SXM Island \u2192<\/span>\n\t\t\t\t\t<\/span>\n\t\t\t\t\t<\/a>\n\t\t\t\t\t\t\t\t<\/div>\n\t\t<div class=\"elementor-element elementor-element-a4dadb0 e-con-full e-flex e-con e-child\" data-id=\"a4dadb0\" data-element_type=\"container\" data-e-type=\"container\">\n\t\t<div class=\"elementor-element elementor-element-919de4f e-con-full e-flex e-con e-child\" data-id=\"919de4f\" data-element_type=\"container\" data-e-type=\"container\">\n\t\t\t\t<div class=\"elementor-element elementor-element-32b9157 elementor-widget elementor-widget-image\" data-id=\"32b9157\" data-element_type=\"widget\" data-e-type=\"widget\" data-widget_type=\"image.default\">\n\t\t\t\t\t\t\t\t\t\t\t\t\t\t\t\t<a href=\"https:\/\/sxmisland.com\/\" target=\"_blank\">\n\t\t\t\t\t\t\t<img decoding=\"async\" src=\"https:\/\/bookstmartin.com\/wp-content\/uploads\/elementor\/thumbs\/616964532_122205879740306644_6209402427636951881_n-rj0054o4ulz5f38hxcpf07dp8wizjwphexucgf54lw.jpg\" title=\"616964532_122205879740306644_6209402427636951881_n\" alt=\"616964532_122205879740306644_6209402427636951881_n\" loading=\"lazy\" \/>\t\t\t\t\t\t\t\t<\/a>\n\t\t\t\t\t\t\t\t\t\t\t\t\t\t\t<\/div>\n\t\t\t\t<\/div>\n\t\t<div class=\"elementor-element elementor-element-2e0b912 e-con-full e-flex e-con e-child\" data-id=\"2e0b912\" data-element_type=\"container\" data-e-type=\"container\">\n\t\t\t\t<div class=\"elementor-element elementor-element-09907a1 elementor-widget elementor-widget-image\" data-id=\"09907a1\" data-element_type=\"widget\" data-e-type=\"widget\" data-widget_type=\"image.default\">\n\t\t\t\t\t\t\t\t\t\t\t\t\t\t\t\t<a href=\"https:\/\/sxmisland.com\/\" target=\"_blank\">\n\t\t\t\t\t\t\t<img decoding=\"async\" src=\"https:\/\/bookstmartin.com\/wp-content\/uploads\/elementor\/thumbs\/salt-sun-rj007bmksoz8ic1t4au2tngf59ptihexpsn4rnw238.jpg\" title=\"sel &amp; soleil\" alt=\"sel &amp; soleil\" loading=\"lazy\" \/>\t\t\t\t\t\t\t\t<\/a>\n\t\t\t\t\t\t\t\t\t\t\t\t\t\t\t<\/div>\n\t\t\t\t<\/div>\n\t\t<div class=\"elementor-element elementor-element-8aa68ec e-con-full e-flex e-con e-child\" data-id=\"8aa68ec\" data-element_type=\"container\" data-e-type=\"container\">\n\t\t\t\t<div class=\"elementor-element elementor-element-18527ea elementor-widget elementor-widget-image\" data-id=\"18527ea\" data-element_type=\"widget\" data-e-type=\"widget\" data-widget_type=\"image.default\">\n\t\t\t\t\t\t\t\t\t\t\t\t\t\t\t\t<a href=\"https:\/\/sxmisland.com\/\" target=\"_blank\">\n\t\t\t\t\t\t\t<img decoding=\"async\" src=\"https:\/\/bookstmartin.com\/wp-content\/uploads\/elementor\/thumbs\/just-relax-rj009yk9yyl72y7wpxvebhhz56pw3wvtquj68lzams.jpg\" title=\"d\u00e9tends-toi simplement\" alt=\"d\u00e9tends-toi simplement\" loading=\"lazy\" \/>\t\t\t\t\t\t\t\t<\/a>\n\t\t\t\t\t\t\t\t\t\t\t\t\t\t\t<\/div>\n\t\t\t\t<\/div>\n\t\t<div class=\"elementor-element elementor-element-21a2473 e-con-full e-flex e-con e-child\" data-id=\"21a2473\" data-element_type=\"container\" data-e-type=\"container\">\n\t\t\t\t<div class=\"elementor-element elementor-element-47e8127 elementor-widget elementor-widget-image\" data-id=\"47e8127\" data-element_type=\"widget\" data-e-type=\"widget\" data-widget_type=\"image.default\">\n\t\t\t\t\t\t\t\t\t\t\t\t\t\t\t\t<a href=\"https:\/\/sxmisland.com\/\" target=\"_blank\">\n\t\t\t\t\t\t\t<img fetchpriority=\"high\" decoding=\"async\" width=\"731\" height=\"825\" src=\"https:\/\/bookstmartin.com\/wp-content\/uploads\/2026\/02\/petit-bijou.jpg\" class=\"attachment-full size-full wp-image-54378\" alt=\"\" srcset=\"https:\/\/bookstmartin.com\/wp-content\/uploads\/2026\/02\/petit-bijou.jpg 731w, https:\/\/bookstmartin.com\/wp-content\/uploads\/2026\/02\/petit-bijou-266x300.jpg 266w\" sizes=\"(max-width: 731px) 100vw, 731px\" \/>\t\t\t\t\t\t\t\t<\/a>\n\t\t\t\t\t\t\t\t\t\t\t\t\t\t\t<\/div>\n\t\t\t\t<\/div>\n\t\t\t\t<\/div>\n\t\t\t\t\t<\/div>\n\t\t\t\t<\/div>\n\t\t\t\t<\/div>\n\t\t","protected":false},"excerpt":{"rendered":"<p>Tu adores l&rsquo;\u00eele ? Notre boutique de produits d\u00e9riv\u00e9s est en ligne Emporte un morceau de St Martin avec toi \u2014 o\u00f9 que tu sois. Visite SXM Island \u2192<\/p>\n","protected":false},"author":4,"featured_media":0,"parent":0,"menu_order":0,"comment_status":"closed","ping_status":"closed","template":"elementor_header_footer","meta":{"_acf_changed":false,"footnotes":""},"class_list":["post-54444","page","type-page","status-publish","hentry"],"acf":[],"yoast_head":"<!-- This site is optimized with the Yoast SEO Premium plugin v27.3 (Yoast SEO v27.3) - https:\/\/yoast.com\/product\/yoast-seo-premium-wordpress\/ -->\n<title>Boutique - BookStMartin<\/title>\n<meta name=\"robots\" content=\"index, follow, max-snippet:-1, max-image-preview:large, max-video-preview:-1\" \/>\n<link rel=\"canonical\" href=\"https:\/\/bookstmartin.com\/fr\/boutique\/\" \/>\n<meta property=\"og:locale\" content=\"fr_FR\" \/>\n<meta property=\"og:type\" content=\"article\" \/>\n<meta property=\"og:title\" content=\"Boutique\" \/>\n<meta property=\"og:description\" content=\"Tu adores l&rsquo;\u00eele ? Notre boutique de produits d\u00e9riv\u00e9s est en ligne Emporte un morceau de St Martin avec toi \u2014 o\u00f9 que tu sois. Visite SXM Island \u2192\" \/>\n<meta property=\"og:url\" content=\"https:\/\/bookstmartin.com\/fr\/boutique\/\" \/>\n<meta property=\"og:site_name\" content=\"BookStMartin\" \/>\n<meta property=\"article:publisher\" content=\"https:\/\/www.facebook.com\/bookstmartin\/\" \/>\n<meta property=\"article:modified_time\" content=\"2026-03-07T13:56:46+00:00\" \/>\n<meta property=\"og:image\" content=\"https:\/\/bookstmartin.com\/wp-content\/uploads\/elementor\/thumbs\/616964532_122205879740306644_6209402427636951881_n-rj0054o4ulz5f38hxcpf07dp8wizjwphexucgf54lw.jpg\" \/>\n<meta name=\"twitter:card\" content=\"summary_large_image\" \/>\n<script type=\"application\/ld+json\" class=\"yoast-schema-graph\">{\"@context\":\"https:\\\/\\\/schema.org\",\"@graph\":[]}<\/script>\n<!-- \/ Yoast SEO Premium plugin. -->","yoast_head_json":{"title":"Boutique - BookStMartin","robots":{"index":"index","follow":"follow","max-snippet":"max-snippet:-1","max-image-preview":"max-image-preview:large","max-video-preview":"max-video-preview:-1"},"canonical":"https:\/\/bookstmartin.com\/fr\/boutique\/","og_locale":"fr_FR","og_type":"article","og_title":"Boutique","og_description":"Tu adores l&rsquo;\u00eele ? Notre boutique de produits d\u00e9riv\u00e9s est en ligne Emporte un morceau de St Martin avec toi \u2014 o\u00f9 que tu sois. Visite SXM Island \u2192","og_url":"https:\/\/bookstmartin.com\/fr\/boutique\/","og_site_name":"BookStMartin","article_publisher":"https:\/\/www.facebook.com\/bookstmartin\/","article_modified_time":"2026-03-07T13:56:46+00:00","og_image":[{"url":"https:\/\/bookstmartin.com\/wp-content\/uploads\/elementor\/thumbs\/616964532_122205879740306644_6209402427636951881_n-rj0054o4ulz5f38hxcpf07dp8wizjwphexucgf54lw.jpg","type":"","width":"","height":""}],"twitter_card":"summary_large_image","schema":{"@context":"https:\/\/schema.org","@graph":[]}},"_links":{"self":[{"href":"https:\/\/bookstmartin.com\/fr\/wp-json\/wp\/v2\/pages\/54444","targetHints":{"allow":["GET"]}}],"collection":[{"href":"https:\/\/bookstmartin.com\/fr\/wp-json\/wp\/v2\/pages"}],"about":[{"href":"https:\/\/bookstmartin.com\/fr\/wp-json\/wp\/v2\/types\/page"}],"author":[{"embeddable":true,"href":"https:\/\/bookstmartin.com\/fr\/wp-json\/wp\/v2\/users\/4"}],"replies":[{"embeddable":true,"href":"https:\/\/bookstmartin.com\/fr\/wp-json\/wp\/v2\/comments?post=54444"}],"version-history":[{"count":1,"href":"https:\/\/bookstmartin.com\/fr\/wp-json\/wp\/v2\/pages\/54444\/revisions"}],"predecessor-version":[{"id":54445,"href":"https:\/\/bookstmartin.com\/fr\/wp-json\/wp\/v2\/pages\/54444\/revisions\/54445"}],"wp:attachment":[{"href":"https:\/\/bookstmartin.com\/fr\/wp-json\/wp\/v2\/media?parent=54444"}],"curies":[{"name":"wp","href":"https:\/\/api.w.org\/{rel}","templated":true}]}}