
{"id":54446,"date":"2026-03-02T19:00:58","date_gmt":"2026-03-02T23:00:58","guid":{"rendered":"https:\/\/bookstmartin.com\/charters-prives-en-bateau-a-st-maarten\/"},"modified":"2026-03-07T09:56:46","modified_gmt":"2026-03-07T13:56:46","slug":"charters-prives-en-bateau-a-st-maarten","status":"publish","type":"page","link":"https:\/\/bookstmartin.com\/fr\/charters-prives-en-bateau-a-st-maarten\/","title":{"rendered":"Charters priv\u00e9s en bateau \u00e0 St Maarten"},"content":{"rendered":"\t\t<div data-elementor-type=\"wp-page\" data-elementor-id=\"54446\" class=\"elementor elementor-54446\" data-elementor-post-type=\"page\">\n\t\t\t\t<div class=\"elementor-element elementor-element-3f9e931 e-flex e-con-boxed e-con e-parent\" data-id=\"3f9e931\" data-element_type=\"container\" data-e-type=\"container\">\n\t\t\t\t\t<div class=\"e-con-inner\">\n\t\t<div class=\"elementor-element elementor-element-41fc3b8 e-con-full e-flex e-con e-child\" data-id=\"41fc3b8\" data-element_type=\"container\" data-e-type=\"container\">\n\t\t\t\t<div class=\"elementor-element elementor-element-69708a9 elementor-widget elementor-widget-heading\" data-id=\"69708a9\" data-element_type=\"widget\" data-e-type=\"widget\" data-widget_type=\"heading.default\">\n\t\t\t\t\t<h1 class=\"elementor-heading-title elementor-size-default\">Charters priv\u00e9s en bateau \u00e0 St Maarten  <\/h1>\t\t\t\t<\/div>\n\t\t\t\t<div class=\"elementor-element elementor-element-1d76fff elementor-widget-mobile__width-inherit elementor-widget elementor-widget-text-editor\" data-id=\"1d76fff\" data-element_type=\"widget\" data-e-type=\"widget\" data-widget_type=\"text-editor.default\">\n\t\t\t\t\t\t\t\t\t<p data-start=\"251\" data-end=\"322\">Navigue sur des eaux carib\u00e9ennes cristallines, jette l\u2019ancre dans des baies isol\u00e9es et personnalise ton itin\u00e9raire vers Anguilla, Tintamarre ou des plages secr\u00e8tes le long de la c\u00f4te. Que tu pr\u00e9pares une escapade romantique, une f\u00eate en famille ou une journ\u00e9e exclusive en mer entre amis, un charter priv\u00e9 en bateau offre une flexibilit\u00e9, une intimit\u00e9 et un confort incomparables. <\/p>\t\t\t\t\t\t\t\t<\/div>\n\t\t\t\t<\/div>\n\t\t\t\t\t<\/div>\n\t\t\t\t<\/div>\n\t\t<div class=\"elementor-element elementor-element-422118e e-flex e-con-boxed e-con e-parent\" data-id=\"422118e\" data-element_type=\"container\" data-e-type=\"container\">\n\t\t\t\t\t<div class=\"e-con-inner\">\n\t\t<div class=\"elementor-element elementor-element-c20afb1 e-con-full e-flex e-con e-child\" data-id=\"c20afb1\" data-element_type=\"container\" data-e-type=\"container\">\n\t\t\t\t<div class=\"elementor-element elementor-element-bef2d34 elementor-widget elementor-widget-image\" data-id=\"bef2d34\" data-element_type=\"widget\" data-e-type=\"widget\" data-widget_type=\"image.default\">\n\t\t\t\t\t\t\t\t\t\t\t\t\t\t\t\t<a href=\"https:\/\/bookstmartin.com\/experiences\/arawak-charters\/\">\n\t\t\t\t\t\t\t<img decoding=\"async\" src=\"https:\/\/bookstmartin.com\/wp-content\/uploads\/2025\/08\/Arawak-charters-sxm-drone-picture-58-1920w.webp\" title=\"\" alt=\"Private Boat Charters in St Maarten\" loading=\"lazy\" \/>\t\t\t\t\t\t\t\t<\/a>\n\t\t\t\t\t\t\t\t\t\t\t\t\t\t\t<\/div>\n\t\t\t\t<\/div>\n\t\t<div class=\"elementor-element elementor-element-1aaa80b e-con-full e-flex e-con e-child\" data-id=\"1aaa80b\" data-element_type=\"container\" data-e-type=\"container\">\n\t\t\t\t<div class=\"elementor-element elementor-element-f90c7b6 elementor-widget elementor-widget-heading\" data-id=\"f90c7b6\" data-element_type=\"widget\" data-e-type=\"widget\" data-widget_type=\"heading.default\">\n\t\t\t\t\t<h2 class=\"elementor-heading-title elementor-size-default\">Partenaire \u00e0 la une  <\/h2>\t\t\t\t<\/div>\n\t\t\t\t<div class=\"elementor-element elementor-element-2f03a5c elementor-widget-divider--view-line elementor-widget elementor-widget-divider\" data-id=\"2f03a5c\" data-element_type=\"widget\" data-e-type=\"widget\" data-widget_type=\"divider.default\">\n\t\t\t\t\t\t\t<div class=\"elementor-divider\">\n\t\t\t<span class=\"elementor-divider-separator\">\n\t\t\t\t\t\t<\/span>\n\t\t<\/div>\n\t\t\t\t\t\t<\/div>\n\t\t\t\t<div class=\"elementor-element elementor-element-521f732 elementor-widget elementor-widget-heading\" data-id=\"521f732\" data-element_type=\"widget\" data-e-type=\"widget\" data-widget_type=\"heading.default\">\n\t\t\t\t\t<h2 class=\"elementor-heading-title elementor-size-default\">Arawak Luxury Boat Charters<\/h2>\t\t\t\t<\/div>\n\t\t\t\t<div class=\"elementor-element elementor-element-08fb972 elementor-widget elementor-widget-text-editor\" data-id=\"08fb972\" data-element_type=\"widget\" data-e-type=\"widget\" data-widget_type=\"text-editor.default\">\n\t\t\t\t\t\t\t\t\t<p data-start=\"524\" data-end=\"845\">Monte \u00e0 bord du <strong data-start=\"536\" data-end=\"575\">catamaran \u00e0 moteur Leopard 53 d\u2019Arawak<\/strong>, un bateau \u00e9l\u00e9gant et moderne, con\u00e7u pour allier confort et aventure. Avec de la place pour jusqu\u2019\u00e0 12 invit\u00e9s, c\u2019est le cadre id\u00e9al pour une escapade priv\u00e9e \u2014 que tu bronzes sur le pont, te d\u00e9tendes dans le salon spacieux ou regardes d\u00e9filer la c\u00f4te, un verre \u00e0 la main. <\/p><p data-start=\"847\" data-end=\"1128\">Arawak est sp\u00e9cialis\u00e9 dans les <strong data-start=\"869\" data-end=\"893\">charters sur mesure<\/strong> vers certaines des destinations les plus embl\u00e9matiques de la r\u00e9gion : Anguilla, Saint-Barth\u00e9lemy, Tintamarre, et bien plus. Des sorties \u00e0 la journ\u00e9e aux escapades d\u2019une demi-journ\u00e9e, en passant par les occasions sp\u00e9ciales, leur \u00e9quipage professionnel s\u2019occupe de tout, pour que tu n\u2019aies \u00e0 te soucier de rien. <\/p>\t\t\t\t\t\t\t\t<\/div>\n\t\t\t\t<div class=\"elementor-element elementor-element-e2044ed elementor-widget elementor-widget-button\" data-id=\"e2044ed\" data-element_type=\"widget\" data-e-type=\"widget\" data-widget_type=\"button.default\">\n\t\t\t\t\t\t\t\t\t\t<a class=\"elementor-button elementor-button-link elementor-size-sm\" href=\"https:\/\/bookstmartin.com\/experiences\/arawak-charters\/\">\n\t\t\t\t\t\t<span class=\"elementor-button-content-wrapper\">\n\t\t\t\t\t\t\t\t\t<span class=\"elementor-button-text\">D\u00e9couvrir plus<\/span>\n\t\t\t\t\t<\/span>\n\t\t\t\t\t<\/a>\n\t\t\t\t\t\t\t\t<\/div>\n\t\t\t\t<\/div>\n\t\t\t\t\t<\/div>\n\t\t\t\t<\/div>\n\t\t<div class=\"elementor-element elementor-element-be176ea e-flex e-con-boxed e-con e-parent\" data-id=\"be176ea\" data-element_type=\"container\" data-e-type=\"container\">\n\t\t\t\t\t<div class=\"e-con-inner\">\n\t\t<div class=\"elementor-element elementor-element-18cd0f5 e-con-full e-flex e-con e-child\" data-id=\"18cd0f5\" data-element_type=\"container\" data-e-type=\"container\">\n\t\t\t\t<div class=\"elementor-element elementor-element-177cf4d elementor-widget elementor-widget-heading\" data-id=\"177cf4d\" data-element_type=\"widget\" data-e-type=\"widget\" data-widget_type=\"heading.default\">\n\t\t\t\t\t<h2 class=\"elementor-heading-title elementor-size-default\">Autres charters priv\u00e9s en bateau \u00e0 St Maarten<\/h2>\t\t\t\t<\/div>\n\t\t\t\t<div class=\"elementor-element elementor-element-90ab4b0 elementor-widget-divider--view-line elementor-widget elementor-widget-divider\" data-id=\"90ab4b0\" data-element_type=\"widget\" data-e-type=\"widget\" data-widget_type=\"divider.default\">\n\t\t\t\t\t\t\t<div class=\"elementor-divider\">\n\t\t\t<span class=\"elementor-divider-separator\">\n\t\t\t\t\t\t<\/span>\n\t\t<\/div>\n\t\t\t\t\t\t<\/div>\n\t\t\t\t<div class=\"elementor-element elementor-element-a7318da elementor-widget elementor-widget-heading\" data-id=\"a7318da\" data-element_type=\"widget\" data-e-type=\"widget\" data-widget_type=\"heading.default\">\n\t\t\t\t\t<h5 class=\"elementor-heading-title elementor-size-default\">R\u00e9servation s\u00e9curis\u00e9e \u2022 Annulation gratuite \u2022 Propos\u00e9 par Viator, une soci\u00e9t\u00e9 TripAdvisor<\/h5>\t\t\t\t<\/div>\n\t\t\t\t<\/div>\n\t\t<div class=\"elementor-element elementor-element-e30bece e-con-full e-flex e-con e-child\" data-id=\"e30bece\" data-element_type=\"container\" data-e-type=\"container\">\n\t\t\t\t<div class=\"elementor-element elementor-element-c4dd9b0 elementor-widget elementor-widget-image\" data-id=\"c4dd9b0\" data-element_type=\"widget\" data-e-type=\"widget\" data-widget_type=\"image.default\">\n\t\t\t\t\t\t\t\t\t\t\t\t\t\t\t<img decoding=\"async\" width=\"300\" height=\"80\" src=\"https:\/\/bookstmartin.com\/wp-content\/uploads\/2026\/03\/300x80viatorf.png\" class=\"attachment-large size-large wp-image-54290\" alt=\"\" \/>\t\t\t\t\t\t\t\t\t\t\t\t\t\t\t<\/div>\n\t\t\t\t<\/div>\n\t\t\t\t\t<\/div>\n\t\t\t\t<\/div>\n\t\t<div class=\"elementor-element elementor-element-2062fb1 e-flex e-con-boxed e-con e-parent\" data-id=\"2062fb1\" data-element_type=\"container\" data-e-type=\"container\">\n\t\t\t\t\t<div class=\"e-con-inner\">\n\t\t\t\t<div class=\"elementor-element elementor-element-f79051a elementor-widget elementor-widget-html\" data-id=\"f79051a\" data-element_type=\"widget\" data-e-type=\"widget\" data-widget_type=\"html.default\">\n\t\t\t\t\t    <div class=\"bsm-viator-widget\"\r\n         data-vi-partner-id=\"P00290947\"\r\n         data-vi-widget-ref=\"W-44206589-1703-4931-8fc6-d693cf9e467f\">\r\n    <\/div>\r\n            <script async src=\"https:\/\/www.viator.com\/orion\/partner\/widget.js\"><\/script>\r\n        \t\t\t\t<\/div>\n\t\t\t\t\t<\/div>\n\t\t\t\t<\/div>\n\t\t<div class=\"elementor-element elementor-element-5f8a88b e-flex e-con-boxed e-con e-parent\" data-id=\"5f8a88b\" data-element_type=\"container\" data-e-type=\"container\">\n\t\t\t\t\t<div class=\"e-con-inner\">\n\t\t\t\t<div class=\"elementor-element elementor-element-ad5d4c1 elementor-widget elementor-widget-text-editor\" data-id=\"ad5d4c1\" data-element_type=\"widget\" data-e-type=\"widget\" data-widget_type=\"text-editor.default\">\n\t\t\t\t\t\t\t\t\t<h3 data-start=\"106\" data-end=\"154\">Pourquoi choisir un charter priv\u00e9 en bateau \u00e0 St Maarten ?<\/h3><p data-start=\"156\" data-end=\"559\">Un charter priv\u00e9 en bateau \u00e0 St Maarten offre une exp\u00e9rience totalement diff\u00e9rente des excursions de groupe classiques. Au lieu de suivre un itin\u00e9raire fixe avec des dizaines d\u2019autres passagers, tu profites d\u2019une flexibilit\u00e9 totale et d\u2019une vraie intimit\u00e9. Ton capitaine peut adapter le parcours \u00e0 tes envies : te d\u00e9tendre dans des baies turquoise et calmes, faire du snorkeling sur des r\u00e9cifs color\u00e9s, ou mettre le cap sur des \u00eeles proches comme Anguilla ou Tintamarre.  <\/p><p data-start=\"561\" data-end=\"873\">Les charters priv\u00e9s sont id\u00e9aux pour les familles, les couples et les petits groupes en qu\u00eate de confort et d\u2019exclusivit\u00e9. Avec de grands ponts, des espaces ombrag\u00e9s pour se relaxer et un service personnalis\u00e9 \u00e0 bord, l\u2019exp\u00e9rience est \u00e0 la fois simple et raffin\u00e9e. Tu fixes le rythme, choisis les arr\u00eats et profites des Cara\u00efbes exactement comme tu le souhaites.  <\/p><h3 data-start=\"875\" data-end=\"914\">Explore le meilleur de Saint-Martin par la mer<\/h3><p data-start=\"916\" data-end=\"1217\">St Maarten et Saint-Martin sont id\u00e9alement situ\u00e9es pour vivre des exp\u00e9riences de navigation inoubliables. Du littoral spectaculaire pr\u00e8s de Simpson Bay aux eaux cristallines de l\u2019\u00eelet Pinel et aux plages immacul\u00e9es d\u2019Anguilla, explorer en bateau te permet de d\u00e9couvrir l\u2019\u00eele sous son plus beau jour. <\/p><p data-start=\"1219\" data-end=\"1555\">De nombreuses locations de bateaux priv\u00e9es incluent l\u2019\u00e9quipement de snorkeling, des rafra\u00eechissements et l\u2019accompagnement d\u2019un capitaine local exp\u00e9riment\u00e9 qui conna\u00eet les meilleurs coins cach\u00e9s. Que tu c\u00e9l\u00e8bres une occasion sp\u00e9ciale ou que tu veuilles simplement sublimer tes vacances, un charter priv\u00e9 en yacht ou en catamaran transforme une journ\u00e9e ordinaire en moment fort de ton s\u00e9jour. <\/p><h3 data-start=\"1557\" data-end=\"1599\">Combien co\u00fbte un charter priv\u00e9 en bateau ?<\/h3><p data-start=\"1601\" data-end=\"1938\">Les charters priv\u00e9s en bateau \u00e0 St Maarten sont g\u00e9n\u00e9ralement factur\u00e9s par bateau plut\u00f4t que par personne. Les tarifs varient selon le type de bateau, la dur\u00e9e de la sortie, les co\u00fbts de carburant et les destinations incluses. Les charters de luxe \u00e0 la journ\u00e9e se situent souvent entre environ 900 $ et 2\u202f500 $ ou plus, selon la taille et les \u00e9quipements du yacht ou du catamaran.  <\/p><p data-start=\"1940\" data-end=\"2241\">Partag\u00e9 entre plusieurs invit\u00e9s, le co\u00fbt par personne devient tr\u00e8s raisonnable par rapport aux excursions de groupe premium \u2014 tout en offrant bien plus d\u2019intimit\u00e9 et de flexibilit\u00e9. En haute saison, surtout entre d\u00e9cembre et avril, les disponibilit\u00e9s peuvent \u00eatre limit\u00e9es : il est donc fortement recommand\u00e9 de r\u00e9server \u00e0 l\u2019avance. <\/p><h3 data-start=\"2243\" data-end=\"2289\">Pr\u00eat \u00e0 d\u00e9couvrir St Maarten depuis la mer ?<\/h3><p data-start=\"2291\" data-end=\"2532\" data-is-last-node=\"\" data-is-only-node=\"\">Un charter priv\u00e9 en bateau est l\u2019une des fa\u00e7ons les plus m\u00e9morables d\u2019explorer St Maarten et Saint-Martin. Parcours les options disponibles ci-dessus, compare les \u00e9quipements et les itin\u00e9raires, et r\u00e9serve t\u00f4t la date qui te convient pour garantir ta journ\u00e9e de luxe en mer. <\/p>\t\t\t\t\t\t\t\t<\/div>\n\t\t\t\t\t<\/div>\n\t\t\t\t<\/div>\n\t\t<div class=\"elementor-element elementor-element-59548f2 e-flex e-con-boxed e-con e-parent\" data-id=\"59548f2\" data-element_type=\"container\" data-e-type=\"container\">\n\t\t\t\t\t<div class=\"e-con-inner\">\n\t\t\t\t<div class=\"elementor-element elementor-element-3296db6 elementor-widget elementor-widget-text-editor\" data-id=\"3296db6\" data-element_type=\"widget\" data-e-type=\"widget\" data-widget_type=\"text-editor.default\">\n\t\t\t\t\t\t\t\t\t<p>Avertissement : Certains services pr\u00e9sent\u00e9s sur cette page peuvent inclure des liens d\u2019affiliation, ce qui signifie que BookStMartin peut percevoir une petite commission si tu choisis de r\u00e9server par leur interm\u00e9diaire. Cela aide \u00e0 soutenir notre plateforme sans aucun co\u00fbt suppl\u00e9mentaire pour toi. <\/p>\t\t\t\t\t\t\t\t<\/div>\n\t\t\t\t\t<\/div>\n\t\t\t\t<\/div>\n\t\t<div class=\"elementor-element elementor-element-0f1b6fd e-flex e-con-boxed e-con e-parent\" data-id=\"0f1b6fd\" data-element_type=\"container\" data-e-type=\"container\">\n\t\t\t\t\t<div class=\"e-con-inner\">\n\t\t\t\t<div class=\"elementor-element elementor-element-0203bdb elementor-widget elementor-widget-text-editor\" data-id=\"0203bdb\" data-element_type=\"widget\" data-e-type=\"widget\" data-widget_type=\"text-editor.default\">\n\t\t\t\t\t\t\t\t\t<p style=\"text-align: center;\">Charters priv\u00e9s en bateau \u00e0 St Maarten | <a href=\"https:\/\/www.facebook.com\/bookstmartin\" target=\"_blank\" rel=\"noopener\">Suis-nous sur Facebook <\/a>| <a href=\"https:\/\/bookstmartin.com\/fr\/\">Retour \u00e0 l\u2019accueil <\/a>| <a href=\"https:\/\/bookstmartin.com\/fr\/activites-a-faire-a-st-maarten\/\">Retour aux activit\u00e9s \u00e0 St Maarten<\/a><\/p>\t\t\t\t\t\t\t\t<\/div>\n\t\t\t\t\t<\/div>\n\t\t\t\t<\/div>\n\t\t\t\t<\/div>\n\t\t","protected":false},"excerpt":{"rendered":"<p>Charters priv\u00e9s en bateau \u00e0 St Maarten Navigue sur des eaux carib\u00e9ennes cristallines, jette l\u2019ancre dans des baies isol\u00e9es et personnalise ton itin\u00e9raire vers Anguilla, Tintamarre ou des plages secr\u00e8tes le long de la c\u00f4te. Que tu pr\u00e9pares une escapade romantique, une f\u00eate en famille ou une journ\u00e9e exclusive en mer entre amis, un charter [&hellip;]<\/p>\n","protected":false},"author":4,"featured_media":54447,"parent":0,"menu_order":0,"comment_status":"closed","ping_status":"closed","template":"elementor_header_footer","meta":{"_acf_changed":false,"footnotes":""},"class_list":["post-54446","page","type-page","status-publish","has-post-thumbnail","hentry"],"acf":[],"yoast_head":"<!-- This site is optimized with the Yoast SEO Premium plugin v27.5 (Yoast SEO v27.5) - https:\/\/yoast.com\/product\/yoast-seo-premium-wordpress\/ -->\n<title>Charters priv\u00e9s en bateau \u00e0 St Maarten | Yacht &amp; catamaran de luxe<\/title>\n<meta name=\"description\" content=\"D\u00e9couvre des charters priv\u00e9s en bateau \u00e0 St Maarten et Saint-Martin. Locations de yachts et de catamarans de luxe, croisi\u00e8res priv\u00e9es \u00e0 la journ\u00e9e.\" \/>\n<meta name=\"robots\" content=\"index, follow, max-snippet:-1, max-image-preview:large, max-video-preview:-1\" \/>\n<link rel=\"canonical\" href=\"https:\/\/bookstmartin.com\/private-boat-charters-in-st-maarten\/\" \/>\n<meta property=\"og:locale\" content=\"fr_FR\" \/>\n<meta property=\"og:type\" content=\"article\" \/>\n<meta property=\"og:title\" content=\"Charters priv\u00e9s en bateau \u00e0 St Maarten\" \/>\n<meta property=\"og:description\" content=\"D\u00e9couvre des charters priv\u00e9s en bateau \u00e0 St Maarten et Saint-Martin. Locations de yachts et de catamarans de luxe, croisi\u00e8res priv\u00e9es \u00e0 la journ\u00e9e.\" \/>\n<meta property=\"og:url\" content=\"https:\/\/bookstmartin.com\/private-boat-charters-in-st-maarten\/\" \/>\n<meta property=\"og:site_name\" content=\"BookStMartin\" \/>\n<meta property=\"article:publisher\" content=\"https:\/\/www.facebook.com\/bookstmartin\/\" \/>\n<meta property=\"article:modified_time\" content=\"2026-03-07T13:56:46+00:00\" \/>\n<meta property=\"og:image\" content=\"https:\/\/bookstmartin.com\/wp-content\/uploads\/2025\/09\/95497d6f6cfa1-6b2b-4962-b971-d4d468338332.jpg\" \/>\n\t<meta property=\"og:image:width\" content=\"1024\" \/>\n\t<meta property=\"og:image:height\" content=\"576\" \/>\n\t<meta property=\"og:image:type\" content=\"image\/jpeg\" \/>\n<meta name=\"twitter:card\" content=\"summary_large_image\" \/>\n<meta name=\"twitter:label1\" content=\"Dur\u00e9e de lecture estim\u00e9e\" \/>\n\t<meta name=\"twitter:data1\" content=\"3 minutes\" \/>\n<script type=\"application\/ld+json\" class=\"yoast-schema-graph\">{\"@context\":\"https:\\\/\\\/schema.org\",\"@graph\":[]}<\/script>\n<!-- \/ Yoast SEO Premium plugin. -->","yoast_head_json":{"title":"Charters priv\u00e9s en bateau \u00e0 St Maarten | Yacht & catamaran de luxe","description":"D\u00e9couvre des charters priv\u00e9s en bateau \u00e0 St Maarten et Saint-Martin. Locations de yachts et de catamarans de luxe, croisi\u00e8res priv\u00e9es \u00e0 la journ\u00e9e.","robots":{"index":"index","follow":"follow","max-snippet":"max-snippet:-1","max-image-preview":"max-image-preview:large","max-video-preview":"max-video-preview:-1"},"canonical":"https:\/\/bookstmartin.com\/private-boat-charters-in-st-maarten\/","og_locale":"fr_FR","og_type":"article","og_title":"Charters priv\u00e9s en bateau \u00e0 St Maarten","og_description":"D\u00e9couvre des charters priv\u00e9s en bateau \u00e0 St Maarten et Saint-Martin. Locations de yachts et de catamarans de luxe, croisi\u00e8res priv\u00e9es \u00e0 la journ\u00e9e.","og_url":"https:\/\/bookstmartin.com\/private-boat-charters-in-st-maarten\/","og_site_name":"BookStMartin","article_publisher":"https:\/\/www.facebook.com\/bookstmartin\/","article_modified_time":"2026-03-07T13:56:46+00:00","og_image":[{"width":1024,"height":576,"url":"https:\/\/bookstmartin.com\/wp-content\/uploads\/2025\/09\/95497d6f6cfa1-6b2b-4962-b971-d4d468338332.jpg","type":"image\/jpeg"}],"twitter_card":"summary_large_image","twitter_misc":{"Dur\u00e9e de lecture estim\u00e9e":"3 minutes"},"schema":{"@context":"https:\/\/schema.org","@graph":[]}},"_links":{"self":[{"href":"https:\/\/bookstmartin.com\/fr\/wp-json\/wp\/v2\/pages\/54446","targetHints":{"allow":["GET"]}}],"collection":[{"href":"https:\/\/bookstmartin.com\/fr\/wp-json\/wp\/v2\/pages"}],"about":[{"href":"https:\/\/bookstmartin.com\/fr\/wp-json\/wp\/v2\/types\/page"}],"author":[{"embeddable":true,"href":"https:\/\/bookstmartin.com\/fr\/wp-json\/wp\/v2\/users\/4"}],"replies":[{"embeddable":true,"href":"https:\/\/bookstmartin.com\/fr\/wp-json\/wp\/v2\/comments?post=54446"}],"version-history":[{"count":1,"href":"https:\/\/bookstmartin.com\/fr\/wp-json\/wp\/v2\/pages\/54446\/revisions"}],"predecessor-version":[{"id":54449,"href":"https:\/\/bookstmartin.com\/fr\/wp-json\/wp\/v2\/pages\/54446\/revisions\/54449"}],"wp:featuredmedia":[{"embeddable":true,"href":"https:\/\/bookstmartin.com\/fr\/wp-json\/wp\/v2\/media\/54447"}],"wp:attachment":[{"href":"https:\/\/bookstmartin.com\/fr\/wp-json\/wp\/v2\/media?parent=54446"}],"curies":[{"name":"wp","href":"https:\/\/api.w.org\/{rel}","templated":true}]}}