
{"id":54452,"date":"2024-12-10T12:19:27","date_gmt":"2024-12-10T16:19:27","guid":{"rendered":"https:\/\/bookstmartin.com\/my-island-box\/"},"modified":"2026-03-07T09:57:13","modified_gmt":"2026-03-07T13:57:13","slug":"my-island-box","status":"publish","type":"page","link":"https:\/\/bookstmartin.com\/fr\/my-island-box\/","title":{"rendered":"My Island Box"},"content":{"rendered":"\t\t<div data-elementor-type=\"wp-page\" data-elementor-id=\"54452\" class=\"elementor elementor-54452 elementor-36161\" data-elementor-post-type=\"page\">\n\t\t\t\t<div class=\"elementor-element elementor-element-52b63ea7 e-flex e-con-boxed e-con e-parent\" data-id=\"52b63ea7\" data-element_type=\"container\" data-e-type=\"container\">\n\t\t\t\t\t<div class=\"e-con-inner\">\n\t\t\t\t<div class=\"elementor-element elementor-element-3f603a00 elementor-widget elementor-widget-spacer\" data-id=\"3f603a00\" data-element_type=\"widget\" data-e-type=\"widget\" data-widget_type=\"spacer.default\">\n\t\t\t\t\t\t\t<div class=\"elementor-spacer\">\n\t\t\t<div class=\"elementor-spacer-inner\"><\/div>\n\t\t<\/div>\n\t\t\t\t\t\t<\/div>\n\t\t\t\t<div class=\"elementor-element elementor-element-5846ec51 elementor-widget elementor-widget-heading\" data-id=\"5846ec51\" data-element_type=\"widget\" data-e-type=\"widget\" data-widget_type=\"heading.default\">\n\t\t\t\t\t<h2 class=\"elementor-heading-title elementor-size-default\">My Island Box<\/h2>\t\t\t\t<\/div>\n\t\t\t\t\t<\/div>\n\t\t\t\t<\/div>\n\t\t<div class=\"elementor-element elementor-element-5d816360 e-flex e-con-boxed e-con e-parent\" data-id=\"5d816360\" data-element_type=\"container\" data-e-type=\"container\">\n\t\t\t\t\t<div class=\"e-con-inner\">\n\t\t<div class=\"elementor-element elementor-element-447afea3 e-con-full e-flex e-con e-child\" data-id=\"447afea3\" data-element_type=\"container\" data-e-type=\"container\">\n\t\t\t\t<div class=\"elementor-element elementor-element-5400dd66 elementor-widget elementor-widget-text-editor\" data-id=\"5400dd66\" data-element_type=\"widget\" data-e-type=\"widget\" data-widget_type=\"text-editor.default\">\n\t\t\t\t\t\t\t\t\t<p><strong>My Island Box<\/strong> propose une d\u00e9licieuse exp\u00e9rience culinaire \u00e0 Saint-Martin, en livrant des box brunch fra\u00eeches et artisanales directement l\u00e0 o\u00f9 tu te trouves \u2014 que ce soit une villa, un Airbnb, un bateau de location ou un \u00e9v\u00e9nement.<\/p><p><span style=\"font-family: 'Calibri','sans-serif';\">Leur menu propose une vari\u00e9t\u00e9 d\u2019options, dont la<\/span> <strong>my Brunch Box<\/strong>, qui est pour deux personnes et comprend des croissants, des pains au chocolat, des mini-pancakes au Nutella et au sirop d\u2019\u00e9rable, des toasts \u00e0 l\u2019avocat garnis de saumon fum\u00e9 et de fromage frais, une s\u00e9lection de fromages et de charcuterie avec des toasts croustillants, des fruits de saison et un yaourt cr\u00e9meux au muesli.<\/p><p>Pour d\u00e9couvrir leurs offres ou passer commande, rends-toi sur leur site web \u00e0 l\u2019adresse <a href=\"https:\/\/myislandbox.com\/\">myislandbox.com<\/a>.<\/p><p><em><span style=\"color: #ff0000;\"><strong>Note : Ton code privil\u00e8ge exclusif sera inclus dans ton e-mail de confirmation de r\u00e9servation.<\/strong><\/span><\/em><\/p>\t\t\t\t\t\t\t\t<\/div>\n\t\t\t\t<div class=\"elementor-element elementor-element-720fe28 elementor-widget elementor-widget-text-editor\" data-id=\"720fe28\" data-element_type=\"widget\" data-e-type=\"widget\" data-widget_type=\"text-editor.default\">\n\t\t\t\t\t\t\t\t\t<blockquote><p>Partenaire privil\u00e9gi\u00e9 \u2014 Nos clients b\u00e9n\u00e9ficient d\u2019une remise gracieuse de 15 % sur la facture totale. Laisse-nous r\u00e9server pour toi, ou pr\u00e9sente ta Digital Guest Card pour profiter des avantages.<\/p><\/blockquote>\t\t\t\t\t\t\t\t<\/div>\n\t\t\t\t<div class=\"elementor-element elementor-element-1e8cd54 elementor-position-inline-start elementor-view-default elementor-mobile-position-block-start elementor-widget elementor-widget-icon-box\" data-id=\"1e8cd54\" data-element_type=\"widget\" data-e-type=\"widget\" data-widget_type=\"icon-box.default\">\n\t\t\t\t\t\t\t<div class=\"elementor-icon-box-wrapper\">\n\n\t\t\t\t\t\t<div class=\"elementor-icon-box-icon\">\n\t\t\t\t<a href=\"https:\/\/myislandbox.com\/\" class=\"elementor-icon\" tabindex=\"-1\" aria-label=\"  Site web\">\n\t\t\t\t<svg aria-hidden=\"true\" class=\"e-font-icon-svg e-fas-desktop\" viewBox=\"0 0 576 512\" xmlns=\"http:\/\/www.w3.org\/2000\/svg\"><path d=\"M528 0H48C21.5 0 0 21.5 0 48v320c0 26.5 21.5 48 48 48h192l-16 48h-72c-13.3 0-24 10.7-24 24s10.7 24 24 24h272c13.3 0 24-10.7 24-24s-10.7-24-24-24h-72l-16-48h192c26.5 0 48-21.5 48-48V48c0-26.5-21.5-48-48-48zm-16 352H64V64h448v288z\"><\/path><\/svg>\t\t\t\t<\/a>\n\t\t\t<\/div>\n\t\t\t\n\t\t\t\t\t\t<div class=\"elementor-icon-box-content\">\n\n\t\t\t\t\t\t\t\t\t<h3 class=\"elementor-icon-box-title\">\n\t\t\t\t\t\t<a href=\"https:\/\/myislandbox.com\/\" >\n\t\t\t\t\t\t\t  Site web\t\t\t\t\t\t<\/a>\n\t\t\t\t\t<\/h3>\n\t\t\t\t\n\t\t\t\t\t\t\t\t\t<p class=\"elementor-icon-box-description\">\n\t\t\t\t\t\thttps:\/\/myislandbox.com\/\t\t\t\t\t<\/p>\n\t\t\t\t\n\t\t\t<\/div>\n\t\t\t\n\t\t<\/div>\n\t\t\t\t\t\t<\/div>\n\t\t\t\t<\/div>\n\t\t<div class=\"elementor-element elementor-element-3b2553fd e-con-full e-flex e-con e-child\" data-id=\"3b2553fd\" data-element_type=\"container\" data-e-type=\"container\">\n\t\t\t\t<div class=\"elementor-element elementor-element-35f54ad5 elementor-widget elementor-widget-image\" data-id=\"35f54ad5\" data-element_type=\"widget\" data-e-type=\"widget\" data-widget_type=\"image.default\">\n\t\t\t\t\t\t\t\t\t\t\t\t\t\t\t<img decoding=\"async\" src=\"https:\/\/bookstmartin.com\/wp-content\/uploads\/2024\/12\/468932459_17858088435300267_3025504905415899505_n.jpg\" title=\"\" alt=\"My Island Box\" loading=\"lazy\" \/>\t\t\t\t\t\t\t\t\t\t\t\t\t\t\t<\/div>\n\t\t\t\t<\/div>\n\t\t\t\t\t<\/div>\n\t\t\t\t<\/div>\n\t\t\t\t<section class=\"elementor-section elementor-top-section elementor-element elementor-element-1bb934b5 elementor-section-boxed elementor-section-height-default elementor-section-height-default\" data-id=\"1bb934b5\" data-element_type=\"section\" data-e-type=\"section\">\n\t\t\t\t\t\t<div class=\"elementor-container elementor-column-gap-default\">\n\t\t\t\t\t<div class=\"elementor-column elementor-col-100 elementor-top-column elementor-element elementor-element-751edf5a\" data-id=\"751edf5a\" data-element_type=\"column\" data-e-type=\"column\">\n\t\t\t<div class=\"elementor-widget-wrap elementor-element-populated\">\n\t\t\t\t\t\t<div class=\"elementor-element elementor-element-a3e6145 elementor-widget elementor-widget-spacer\" data-id=\"a3e6145\" data-element_type=\"widget\" data-e-type=\"widget\" data-widget_type=\"spacer.default\">\n\t\t\t\t\t\t\t<div class=\"elementor-spacer\">\n\t\t\t<div class=\"elementor-spacer-inner\"><\/div>\n\t\t<\/div>\n\t\t\t\t\t\t<\/div>\n\t\t\t\t\t<\/div>\n\t\t<\/div>\n\t\t\t\t\t<\/div>\n\t\t<\/section>\n\t\t<div class=\"elementor-element elementor-element-940807a e-flex e-con-boxed e-con e-parent\" data-id=\"940807a\" data-element_type=\"container\" data-e-type=\"container\">\n\t\t\t\t\t<div class=\"e-con-inner\">\n\t\t\t\t<div class=\"elementor-element elementor-element-b70e8d3 elementor-align-center elementor-widget elementor-widget-button\" data-id=\"b70e8d3\" data-element_type=\"widget\" data-e-type=\"widget\" data-widget_type=\"button.default\">\n\t\t\t\t\t\t\t\t\t\t<a class=\"elementor-button elementor-button-link elementor-size-sm\" href=\"https:\/\/bookstmartin.com\/fr\/restaurants-a-saint-martin\/\">\n\t\t\t\t\t\t<span class=\"elementor-button-content-wrapper\">\n\t\t\t\t\t\t\t\t\t<span class=\"elementor-button-text\">&lt;&lt; Retour aux restaurants<\/span>\n\t\t\t\t\t<\/span>\n\t\t\t\t\t<\/a>\n\t\t\t\t\t\t\t\t<\/div>\n\t\t\t\t<div class=\"elementor-element elementor-element-7ece08b elementor-widget elementor-widget-text-editor\" data-id=\"7ece08b\" data-element_type=\"widget\" data-e-type=\"widget\" data-widget_type=\"text-editor.default\">\n\t\t\t\t\t\t\t\t\t<p style=\"text-align: center;\"><a href=\"https:\/\/bookstmartin.com\/st-martin-villas-rentals\/\">Villas<\/a> | <a href=\"https:\/\/bookstmartin.com\/st-martin-luxury-villas\/\">Villas de luxe<\/a> | <a href=\"https:\/\/bookstmartin.com\/st-martin-apartments-rentals\/\">Appartements<\/a> | <a href=\"https:\/\/bookstmartin.com\/st-martin-bungalows-rentals\/\">Bungalows<\/a> | <a href=\"https:\/\/bookstmartin.com\/st-martin-rentals-group-getaways\/\">Grands groupes<\/a> | <a href=\"https:\/\/bookstmartin.com\/st-martin-clothing-optional\/\">Naturisme<\/a> |<a href=\"https:\/\/bookstmartin.com\/st-martin-rentals-with-ocean-view\/\">Locations avec vue sur l\u2019oc\u00e9an<\/a><\/p>\t\t\t\t\t\t\t\t<\/div>\n\t\t\t\t\t<\/div>\n\t\t\t\t<\/div>\n\t\t\t\t<section class=\"elementor-section elementor-top-section elementor-element elementor-element-20aed30 elementor-section-height-min-height elementor-section-boxed elementor-section-height-default elementor-section-items-middle\" data-id=\"20aed30\" data-element_type=\"section\" data-e-type=\"section\" data-settings=\"{&quot;background_background&quot;:&quot;classic&quot;}\">\n\t\t\t\t\t\t\t<div class=\"elementor-background-overlay\"><\/div>\n\t\t\t\t\t\t\t<div class=\"elementor-container elementor-column-gap-default\">\n\t\t\t\t\t<div class=\"elementor-column elementor-col-100 elementor-top-column elementor-element elementor-element-ac23b73 elementor-invisible\" data-id=\"ac23b73\" data-element_type=\"column\" data-e-type=\"column\" data-settings=\"{&quot;animation&quot;:&quot;zoomIn&quot;}\">\n\t\t\t<div class=\"elementor-widget-wrap elementor-element-populated\">\n\t\t\t\t\t\t<div class=\"elementor-element elementor-element-24480d5 elementor-widget elementor-widget-heading\" data-id=\"24480d5\" data-element_type=\"widget\" data-e-type=\"widget\" data-widget_type=\"heading.default\">\n\t\t\t\t\t<h2 class=\"elementor-heading-title elementor-size-default\">Tu planifies ton s\u00e9jour \u00e0 Saint-Martin ?\n<\/h2>\t\t\t\t<\/div>\n\t\t\t\t<div class=\"elementor-element elementor-element-c200f29 elementor-widget elementor-widget-text-editor\" data-id=\"c200f29\" data-element_type=\"widget\" data-e-type=\"widget\" data-widget_type=\"text-editor.default\">\n\t\t\t\t\t\t\t\t\t<p><strong>Facilite-toi la vie. Parcours notre collection de villas v\u00e9rifi\u00e9es et de locations premium \u2014 toutes s\u00e9lectionn\u00e9es pour leur confort, leur charme et leur emplacement.<\/strong><br data-start=\"811\" data-end=\"814\"><strong>Saisis tes dates de voyage ci-dessous pour v\u00e9rifier les disponibilit\u00e9s et commencer \u00e0 planifier ton escapade.<\/strong><\/p>\t\t\t\t\t\t\t\t<\/div>\n\t\t\t\t\t<\/div>\n\t\t<\/div>\n\t\t\t\t\t<\/div>\n\t\t<\/section>\n\t\t\t\t<\/div>\n\t\t","protected":false},"excerpt":{"rendered":"<p>My Island Box My Island Box propose une d\u00e9licieuse exp\u00e9rience culinaire \u00e0 Saint-Martin, en livrant des box brunch fra\u00eeches et artisanales directement l\u00e0 o\u00f9 tu te trouves \u2014 que ce soit une villa, un Airbnb, un bateau de location ou un \u00e9v\u00e9nement. Leur menu propose une vari\u00e9t\u00e9 d\u2019options, dont la my Brunch Box, qui est [&hellip;]<\/p>\n","protected":false},"author":526,"featured_media":0,"parent":0,"menu_order":0,"comment_status":"closed","ping_status":"closed","template":"","meta":{"_acf_changed":false,"footnotes":""},"class_list":["post-54452","page","type-page","status-publish","hentry"],"acf":[],"yoast_head":"<!-- This site is optimized with the Yoast SEO Premium plugin v27.4 (Yoast SEO v27.4) - https:\/\/yoast.com\/product\/yoast-seo-premium-wordpress\/ -->\n<title>My Island Box | 15 % DE R\u00c9DUCTION<\/title>\n<meta name=\"description\" content=\"My Island Box propose une d\u00e9licieuse exp\u00e9rience culinaire, en livrant des box brunch fra\u00eeches directement dans ta villa, ta location, ton bateau de location ou pour ton \u00e9v\u00e9nement.\" \/>\n<meta name=\"robots\" content=\"index, follow, max-snippet:-1, max-image-preview:large, max-video-preview:-1\" \/>\n<link rel=\"canonical\" href=\"https:\/\/bookstmartin.com\/fr\/my-island-box\/\" \/>\n<meta property=\"og:locale\" content=\"fr_FR\" \/>\n<meta property=\"og:type\" content=\"article\" \/>\n<meta property=\"og:title\" content=\"My Island Box\" \/>\n<meta property=\"og:description\" content=\"My Island Box propose une d\u00e9licieuse exp\u00e9rience culinaire, en livrant des box brunch fra\u00eeches directement dans ta villa, ta location, ton bateau de location ou pour ton \u00e9v\u00e9nement.\" \/>\n<meta property=\"og:url\" content=\"https:\/\/bookstmartin.com\/fr\/my-island-box\/\" \/>\n<meta property=\"og:site_name\" content=\"BookStMartin\" \/>\n<meta property=\"article:publisher\" content=\"https:\/\/www.facebook.com\/bookstmartin\/\" \/>\n<meta property=\"article:modified_time\" content=\"2026-03-07T13:57:13+00:00\" \/>\n<meta property=\"og:image\" content=\"https:\/\/bookstmartin.com\/wp-content\/uploads\/2024\/12\/468932459_17858088435300267_3025504905415899505_n.jpg\" \/>\n<meta name=\"twitter:card\" content=\"summary_large_image\" \/>\n<meta name=\"twitter:label1\" content=\"Dur\u00e9e de lecture estim\u00e9e\" \/>\n\t<meta name=\"twitter:data1\" content=\"1 minute\" \/>\n<script type=\"application\/ld+json\" class=\"yoast-schema-graph\">{\"@context\":\"https:\\\/\\\/schema.org\",\"@graph\":[]}<\/script>\n<!-- \/ Yoast SEO Premium plugin. -->","yoast_head_json":{"title":"My Island Box | 15 % DE R\u00c9DUCTION","description":"My Island Box propose une d\u00e9licieuse exp\u00e9rience culinaire, en livrant des box brunch fra\u00eeches directement dans ta villa, ta location, ton bateau de location ou pour ton \u00e9v\u00e9nement.","robots":{"index":"index","follow":"follow","max-snippet":"max-snippet:-1","max-image-preview":"max-image-preview:large","max-video-preview":"max-video-preview:-1"},"canonical":"https:\/\/bookstmartin.com\/fr\/my-island-box\/","og_locale":"fr_FR","og_type":"article","og_title":"My Island Box","og_description":"My Island Box propose une d\u00e9licieuse exp\u00e9rience culinaire, en livrant des box brunch fra\u00eeches directement dans ta villa, ta location, ton bateau de location ou pour ton \u00e9v\u00e9nement.","og_url":"https:\/\/bookstmartin.com\/fr\/my-island-box\/","og_site_name":"BookStMartin","article_publisher":"https:\/\/www.facebook.com\/bookstmartin\/","article_modified_time":"2026-03-07T13:57:13+00:00","og_image":[{"url":"https:\/\/bookstmartin.com\/wp-content\/uploads\/2024\/12\/468932459_17858088435300267_3025504905415899505_n.jpg","type":"","width":"","height":""}],"twitter_card":"summary_large_image","twitter_misc":{"Dur\u00e9e de lecture estim\u00e9e":"1 minute"},"schema":{"@context":"https:\/\/schema.org","@graph":[]}},"_links":{"self":[{"href":"https:\/\/bookstmartin.com\/fr\/wp-json\/wp\/v2\/pages\/54452","targetHints":{"allow":["GET"]}}],"collection":[{"href":"https:\/\/bookstmartin.com\/fr\/wp-json\/wp\/v2\/pages"}],"about":[{"href":"https:\/\/bookstmartin.com\/fr\/wp-json\/wp\/v2\/types\/page"}],"author":[{"embeddable":true,"href":"https:\/\/bookstmartin.com\/fr\/wp-json\/wp\/v2\/users\/526"}],"replies":[{"embeddable":true,"href":"https:\/\/bookstmartin.com\/fr\/wp-json\/wp\/v2\/comments?post=54452"}],"version-history":[{"count":1,"href":"https:\/\/bookstmartin.com\/fr\/wp-json\/wp\/v2\/pages\/54452\/revisions"}],"predecessor-version":[{"id":54453,"href":"https:\/\/bookstmartin.com\/fr\/wp-json\/wp\/v2\/pages\/54452\/revisions\/54453"}],"wp:attachment":[{"href":"https:\/\/bookstmartin.com\/fr\/wp-json\/wp\/v2\/media?parent=54452"}],"curies":[{"name":"wp","href":"https:\/\/api.w.org\/{rel}","templated":true}]}}