
{"id":54482,"date":"2025-08-26T21:13:58","date_gmt":"2025-08-27T01:13:58","guid":{"rendered":"https:\/\/bookstmartin.com\/conditions-dutilisation\/"},"modified":"2026-03-27T09:13:39","modified_gmt":"2026-03-27T13:13:39","slug":"conditions-dutilisation","status":"publish","type":"page","link":"https:\/\/bookstmartin.com\/fr\/conditions-dutilisation\/","title":{"rendered":"Conditions d\u2019utilisation"},"content":{"rendered":"\t\t<div data-elementor-type=\"wp-page\" data-elementor-id=\"54482\" class=\"elementor elementor-54482 elementor-1677\" data-elementor-post-type=\"page\">\n\t\t\t\t<div class=\"elementor-element elementor-element-1075e3f e-flex e-con-boxed e-con e-parent\" data-id=\"1075e3f\" data-element_type=\"container\" data-e-type=\"container\">\n\t\t\t\t\t<div class=\"e-con-inner\">\n\t\t\t\t\t<\/div>\n\t\t\t\t<\/div>\n\t\t<div class=\"elementor-element elementor-element-5e43802 e-flex e-con-boxed e-con e-parent\" data-id=\"5e43802\" data-element_type=\"container\" data-e-type=\"container\">\n\t\t\t\t\t<div class=\"e-con-inner\">\n\t\t\t\t<div class=\"elementor-element elementor-element-8aaf763 elementor-widget elementor-widget-text-editor\" data-id=\"8aaf763\" data-element_type=\"widget\" data-e-type=\"widget\" data-widget_type=\"text-editor.default\">\n\t\t\t\t\t\t\t\t\t<h1 data-start=\"183\" data-end=\"203\">Conditions d\u2019utilisation<\/h1><p data-start=\"204\" data-end=\"238\"><em data-start=\"204\" data-end=\"238\">Derni\u00e8re mise \u00e0 jour : 24 septembre 2025<\/em><\/p><h2 data-start=\"240\" data-end=\"258\">1. Introduction<\/h2><p data-start=\"259\" data-end=\"634\">1.1 Les pr\u00e9sentes Conditions d\u2019utilisation (\u00ab Conditions \u00bb) r\u00e9gissent l\u2019acc\u00e8s et l\u2019utilisation du site <strong data-start=\"336\" data-end=\"360\"><a class=\"decorated-link\" href=\"http:\/\/www.bookstmartin.com\" target=\"_new\" rel=\"noopener\" data-start=\"338\" data-end=\"358\">www.bookstmartin.com<\/a><\/strong> (le \u00ab Site \u00bb), exploit\u00e9 par <strong data-start=\"387\" data-end=\"409\">Digital Madame LLC<\/strong>, une soci\u00e9t\u00e9 \u00e0 responsabilit\u00e9 limit\u00e9e (LLC) du Wyoming.<br data-start=\"447\" data-end=\"450\" \/>1.2 En acc\u00e9dant au Site ou en l\u2019utilisant, tu acceptes les pr\u00e9sentes Conditions. L\u2019utilisation du Site est autoris\u00e9e uniquement aux personnes \u00e2g\u00e9es de 18 ans ou plus, capables de conclure des accords juridiquement contraignants.<\/p><h2 data-start=\"641\" data-end=\"664\">2. Champ des services<\/h2><p data-start=\"665\" data-end=\"1218\">2.1 BookStMartin est une <strong data-start=\"687\" data-end=\"725\">plateforme de visibilit\u00e9 et de mise en relation<\/strong>. Les propri\u00e9taires et les entreprises locales (\u00ab H\u00f4tes \u00bb) peuvent publier des annonces, et les voyageurs ou visiteurs (\u00ab Voyageurs \u00bb) peuvent les contacter directement.<br data-start=\"859\" data-end=\"862\" \/>2.2 BookStMartin <strong data-start=\"882\" data-end=\"897\">n\u2019est pas partie<\/strong> \u00e0 un quelconque contrat de location, de service ou commercial conclu entre les H\u00f4tes et les Voyageurs.<br data-start=\"983\" data-end=\"986\" \/>2.3 BookStMartin <strong data-start=\"1008\" data-end=\"1063\">ne g\u00e8re pas les r\u00e9servations, les paiements ni les annulations<\/strong> et ne garantit pas la qualit\u00e9, l\u2019exactitude ou la disponibilit\u00e9 des annonces.<br data-start=\"1139\" data-end=\"1142\" \/>2.4 La relation contractuelle existe <strong data-start=\"1182\" data-end=\"1215\">uniquement entre l\u2019H\u00f4te et le Voyageur<\/strong>.<\/p><h2 data-start=\"1225\" data-end=\"1256\">3. Responsabilit\u00e9s des H\u00f4tes<\/h2><p data-start=\"1257\" data-end=\"1300\">3.1 Les H\u00f4tes sont <strong data-start=\"1271\" data-end=\"1293\">seuls responsables<\/strong> de :<\/p><ul data-start=\"1301\" data-end=\"1554\"><li data-start=\"1301\" data-end=\"1381\"><p data-start=\"1303\" data-end=\"1381\">L\u2019exactitude de leurs annonces (descriptions, disponibilit\u00e9s, prix, photos).<\/p><\/li><li data-start=\"1382\" data-end=\"1466\"><p data-start=\"1384\" data-end=\"1466\">Le respect des lois locales, r\u00e9glementations, licences, autorisations et obligations fiscales.<\/p><\/li><li data-start=\"1467\" data-end=\"1554\"><p data-start=\"1469\" data-end=\"1554\">La gestion de toutes les demandes, r\u00e9servations, paiements et annulations directement avec les Voyageurs.<\/p><\/li><li data-start=\"1467\" data-end=\"1554\">Les H\u00f4tes confirment \u00e9galement qu\u2019ils d\u00e9tiennent les droits sur toutes les photos et tous les m\u00e9dias qu\u2019ils mettent en ligne sur la plateforme, et que ce contenu ne porte atteinte \u00e0 aucun droit d\u2019auteur de tiers ; BookStMartin n\u2019assume aucune responsabilit\u00e9 concernant tout contenu non autoris\u00e9 ou ill\u00e9gal fourni par les H\u00f4tes.<\/li><\/ul><p data-start=\"1556\" data-end=\"1764\">3.2 Les H\u00f4tes acceptent d\u2019<strong data-start=\"1575\" data-end=\"1619\">indemniser et de d\u00e9gager BookStMartin de toute responsabilit\u00e9<\/strong> en cas de r\u00e9clamations, dommages, responsabilit\u00e9s ou litiges d\u00e9coulant de leurs annonces, de leur comportement ou de leurs relations contractuelles avec les Voyageurs.<\/p><h2 data-start=\"1771\" data-end=\"1803\">4. Responsabilit\u00e9s des Voyageurs<\/h2><p data-start=\"1804\" data-end=\"2240\">4.1 Les Voyageurs comprennent que <strong data-start=\"1831\" data-end=\"1908\">toutes les r\u00e9servations, tous les paiements et toutes les annulations se font directement avec l\u2019H\u00f4te<\/strong>.<br data-start=\"1909\" data-end=\"1912\" \/>4.2 Les Voyageurs sont responsables de v\u00e9rifier la fiabilit\u00e9 de l\u2019H\u00f4te et de respecter les conditions de l\u2019H\u00f4te, le r\u00e8glement int\u00e9rieur et toutes les lois applicables.<br data-start=\"2059\" data-end=\"2062\" \/>4.3 BookStMartin ne peut \u00eatre tenu responsable des annulations, surr\u00e9servations, litiges, dommages, blessures ou pertes d\u00e9coulant de s\u00e9jours, services ou exp\u00e9riences r\u00e9serv\u00e9s via le Site.<\/p><h2 data-start=\"2247\" data-end=\"2276\">5. Limitation de responsabilit\u00e9<\/h2><p data-start=\"2277\" data-end=\"2404\">5.1 Dans la mesure maximale autoris\u00e9e par la loi, <strong data-start=\"2321\" data-end=\"2397\">BookStMartin, ses propri\u00e9taires, employ\u00e9s et partenaires d\u00e9clinent toute responsabilit\u00e9<\/strong> pour :<\/p><ul data-start=\"2405\" data-end=\"2641\"><li data-start=\"2405\" data-end=\"2456\"><p data-start=\"2407\" data-end=\"2456\">Les erreurs, omissions ou inexactitudes dans les annonces.<\/p><\/li><li data-start=\"2457\" data-end=\"2526\"><p data-start=\"2459\" data-end=\"2526\">Toute annulation, modification ou litige entre H\u00f4tes et Voyageurs.<\/p><\/li><li data-start=\"2527\" data-end=\"2641\"><p data-start=\"2529\" data-end=\"2641\">Toute perte, tout dommage, toute blessure ou toute r\u00e9clamation li\u00e9e aux h\u00e9bergements, services ou exp\u00e9riences annonc\u00e9s sur le Site.<\/p><\/li><\/ul><p data-start=\"2643\" data-end=\"2856\">5.2 Le r\u00f4le de BookStMartin se limite \u00e0 fournir une <strong data-start=\"2691\" data-end=\"2734\">visibilit\u00e9 en ligne et un soutien marketing<\/strong>. Les utilisateurs reconnaissent et acceptent que <strong data-start=\"2770\" data-end=\"2853\">tous les risques li\u00e9s aux r\u00e9servations ou aux services reposent enti\u00e8rement sur l\u2019H\u00f4te et le Voyageur<\/strong>.<\/p><h2 data-start=\"2643\" data-end=\"2856\">Avertissement voyage<\/h2><p data-start=\"711\" data-end=\"1001\">Les informations fournies sur BookStMartin sont donn\u00e9es \u00e0 titre indicatif et informatif uniquement. Bien que nous cherchions \u00e0 mettre en avant des services et des exp\u00e9riences locales de confiance, BookStMartin n\u2019exploite pas et ne g\u00e8re pas directement les services de tiers tels que les excursions, le transport ou les soci\u00e9t\u00e9s de location.<\/p><p data-start=\"1006\" data-end=\"1221\">Toute r\u00e9servation ou tout achat effectu\u00e9 aupr\u00e8s de prestataires externes est soumis aux conditions g\u00e9n\u00e9rales du prestataire concern\u00e9. BookStMartin ne peut \u00eatre tenu responsable des services fournis par des tiers.<\/p><p data-start=\"1226\" data-end=\"1402\">Certains liens sur ce site peuvent \u00eatre des liens d\u2019affiliation. Cela signifie que nous pouvons percevoir une petite commission si tu choisis d\u2019effectuer un achat via ces liens, sans frais suppl\u00e9mentaires pour toi.<\/p><h4 data-start=\"87\" data-end=\"134\">\u00c9volution de la plateforme et modifications<\/h4><p data-start=\"136\" data-end=\"435\">BookStMartin se r\u00e9serve le droit, \u00e0 tout moment, de modifier, mettre \u00e0 jour ou faire \u00e9voluer la structure, les fonctionnalit\u00e9s et le mod\u00e8le \u00e9conomique de la plateforme afin d\u2019am\u00e9liorer l\u2019exp\u00e9rience utilisateur, de s\u2019adapter aux conditions du march\u00e9 et de mieux r\u00e9pondre aux attentes de sa client\u00e8le.<\/p><p data-start=\"437\" data-end=\"474\">Cela peut inclure, sans s\u2019y limiter :<\/p><ul data-start=\"475\" data-end=\"757\"><li data-section-id=\"klk00t\" data-start=\"475\" data-end=\"548\">des modifications dans la mani\u00e8re dont les h\u00e9bergements sont pr\u00e9sent\u00e9s,<\/li><li data-section-id=\"hq8ut6\" data-start=\"549\" data-end=\"607\">l\u2019int\u00e9gration de partenaires tiers ou de liens affili\u00e9s,<\/li><li data-section-id=\"tigrug\" data-start=\"608\" data-end=\"692\">des ajustements de visibilit\u00e9, de positionnement ou de mise en avant des annonces,<\/li><li data-section-id=\"nxn9nf\" data-start=\"693\" data-end=\"757\">l\u2019ajout de nouveaux services, outils ou modes de mon\u00e9tisation.<\/li><\/ul><p data-start=\"759\" data-end=\"923\">En continuant \u00e0 utiliser la plateforme, les propri\u00e9taires reconnaissent et acceptent ces \u00e9volutions sans qu\u2019une notification individuelle pr\u00e9alable soit n\u00e9cessaire.<\/p><p data-start=\"925\" data-end=\"1068\" data-is-last-node=\"\" data-is-only-node=\"\">BookStMartin s\u2019engage \u00e0 maintenir une exposition \u00e9quitable et une exp\u00e9rience de qualit\u00e9, tant pour les propri\u00e9taires que pour les utilisateurs.<\/p><h2 data-start=\"2863\" data-end=\"2877\">6. Litiges<\/h2><p data-start=\"2878\" data-end=\"3149\">6.1 Tout litige concernant une r\u00e9servation, un paiement ou un contrat de location\/service doit \u00eatre r\u00e9gl\u00e9 <strong data-start=\"2968\" data-end=\"3006\">exclusivement entre l\u2019H\u00f4te et le Voyageur<\/strong>.<br data-start=\"3007\" data-end=\"3010\" \/>6.2 En cas de litige impliquant BookStMartin, l\u2019utilisateur accepte de rechercher d\u2019abord une <strong data-start=\"3094\" data-end=\"3117\">r\u00e9solution amiable<\/strong> avant toute proc\u00e9dure judiciaire.<\/p><h2 data-start=\"3156\" data-end=\"3169\">7. Confidentialit\u00e9<\/h2><p data-start=\"3170\" data-end=\"3276\">Le traitement des donn\u00e9es personnelles est r\u00e9gi par notre <strong data-start=\"3221\" data-end=\"3239\">Politique de confidentialit\u00e9<\/strong>, disponible s\u00e9par\u00e9ment sur le Site.<\/p><h2 data-start=\"3283\" data-end=\"3305\">8. Modifications des Conditions<\/h2><p data-start=\"3306\" data-end=\"3475\">BookStMartin peut modifier les pr\u00e9sentes Conditions \u00e0 tout moment. Les Conditions mises \u00e0 jour seront publi\u00e9es sur le Site, et la poursuite de l\u2019utilisation du Site vaut acceptation des Conditions r\u00e9vis\u00e9es.<\/p><h2 data-start=\"3482\" data-end=\"3495\">9. Contact<\/h2><p data-start=\"3496\" data-end=\"3581\"><strong data-start=\"3496\" data-end=\"3533\">BookStMartin \u2013 Digital Madame LLC<\/strong><br data-start=\"3533\" data-end=\"3536\" \/>Wyoming, USA<br data-start=\"3548\" data-end=\"3551\" \/><a class=\"decorated-link cursor-pointer\" rel=\"noopener\" data-start=\"3551\" data-end=\"3579\">reservation@bookstmartin.com<\/a><\/p>\t\t\t\t\t\t\t\t<\/div>\n\t\t\t\t\t<\/div>\n\t\t\t\t<\/div>\n\t\t<div class=\"elementor-element elementor-element-1ded32d e-flex e-con-boxed e-con e-parent\" data-id=\"1ded32d\" data-element_type=\"container\" data-e-type=\"container\">\n\t\t\t\t\t<div class=\"e-con-inner\">\n\t\t\t\t<div class=\"elementor-element elementor-element-a4afcbc elementor-widget-divider--view-line elementor-widget elementor-widget-divider\" data-id=\"a4afcbc\" data-element_type=\"widget\" data-e-type=\"widget\" data-widget_type=\"divider.default\">\n\t\t\t\t\t\t\t<div class=\"elementor-divider\">\n\t\t\t<span class=\"elementor-divider-separator\">\n\t\t\t\t\t\t<\/span>\n\t\t<\/div>\n\t\t\t\t\t\t<\/div>\n\t\t\t\t<div class=\"elementor-element elementor-element-342234b elementor-widget elementor-widget-text-editor\" data-id=\"342234b\" data-element_type=\"widget\" data-e-type=\"widget\" data-widget_type=\"text-editor.default\">\n\t\t\t\t\t\t\t\t\t<p>Pour les r\u00e9servations effectu\u00e9es avant le 15 septembre 2025, merci de te r\u00e9f\u00e9rer aux pr\u00e9c\u00e9dentes <a href=\"https:\/\/bookstmartin.com\/wp-content\/uploads\/2025\/10\/GENERAL-CONDITIONS-OF-RENTAL-0225.pdf\" target=\"_blank\" rel=\"noopener\">Conditions g\u00e9n\u00e9rales<\/a>.<\/p>\t\t\t\t\t\t\t\t<\/div>\n\t\t\t\t\t<\/div>\n\t\t\t\t<\/div>\n\t\t\t\t<\/div>\n\t\t","protected":false},"excerpt":{"rendered":"<p>Conditions d\u2019utilisation Derni\u00e8re mise \u00e0 jour : 24 septembre 2025 1. Introduction 1.1 Les pr\u00e9sentes Conditions d\u2019utilisation (\u00ab Conditions \u00bb) r\u00e9gissent l\u2019acc\u00e8s et l\u2019utilisation du site www.bookstmartin.com (le \u00ab Site \u00bb), exploit\u00e9 par Digital Madame LLC, une soci\u00e9t\u00e9 \u00e0 responsabilit\u00e9 limit\u00e9e (LLC) du Wyoming.1.2 En acc\u00e9dant au Site ou en l\u2019utilisant, tu acceptes les pr\u00e9sentes [&hellip;]<\/p>\n","protected":false},"author":4,"featured_media":0,"parent":0,"menu_order":0,"comment_status":"closed","ping_status":"closed","template":"","meta":{"_acf_changed":false,"footnotes":""},"class_list":["post-54482","page","type-page","status-publish","hentry"],"acf":[],"yoast_head":"<!-- This site is optimized with the Yoast SEO Premium plugin v27.4 (Yoast SEO v27.4) - https:\/\/yoast.com\/product\/yoast-seo-premium-wordpress\/ -->\n<title>Conditions d\u2019utilisation - BookStMartin<\/title>\n<meta name=\"robots\" content=\"index, follow, max-snippet:-1, max-image-preview:large, max-video-preview:-1\" \/>\n<link rel=\"canonical\" href=\"https:\/\/bookstmartin.com\/fr\/conditions-dutilisation\/\" \/>\n<meta property=\"og:locale\" content=\"fr_FR\" \/>\n<meta property=\"og:type\" content=\"article\" \/>\n<meta property=\"og:title\" content=\"Conditions d\u2019utilisation\" \/>\n<meta property=\"og:description\" content=\"Conditions d\u2019utilisation Derni\u00e8re mise \u00e0 jour : 24 septembre 2025 1. Introduction 1.1 Les pr\u00e9sentes Conditions d\u2019utilisation (\u00ab Conditions \u00bb) r\u00e9gissent l\u2019acc\u00e8s et l\u2019utilisation du site www.bookstmartin.com (le \u00ab Site \u00bb), exploit\u00e9 par Digital Madame LLC, une soci\u00e9t\u00e9 \u00e0 responsabilit\u00e9 limit\u00e9e (LLC) du Wyoming.1.2 En acc\u00e9dant au Site ou en l\u2019utilisant, tu acceptes les pr\u00e9sentes [&hellip;]\" \/>\n<meta property=\"og:url\" content=\"https:\/\/bookstmartin.com\/fr\/conditions-dutilisation\/\" \/>\n<meta property=\"og:site_name\" content=\"BookStMartin\" \/>\n<meta property=\"article:publisher\" content=\"https:\/\/www.facebook.com\/bookstmartin\/\" \/>\n<meta property=\"article:modified_time\" content=\"2026-03-27T13:13:39+00:00\" \/>\n<meta name=\"twitter:card\" content=\"summary_large_image\" \/>\n<meta name=\"twitter:label1\" content=\"Dur\u00e9e de lecture estim\u00e9e\" \/>\n\t<meta name=\"twitter:data1\" content=\"4 minutes\" \/>\n<script type=\"application\/ld+json\" class=\"yoast-schema-graph\">{\"@context\":\"https:\\\/\\\/schema.org\",\"@graph\":[]}<\/script>\n<!-- \/ Yoast SEO Premium plugin. -->","yoast_head_json":{"title":"Conditions d\u2019utilisation - BookStMartin","robots":{"index":"index","follow":"follow","max-snippet":"max-snippet:-1","max-image-preview":"max-image-preview:large","max-video-preview":"max-video-preview:-1"},"canonical":"https:\/\/bookstmartin.com\/fr\/conditions-dutilisation\/","og_locale":"fr_FR","og_type":"article","og_title":"Conditions d\u2019utilisation","og_description":"Conditions d\u2019utilisation Derni\u00e8re mise \u00e0 jour : 24 septembre 2025 1. Introduction 1.1 Les pr\u00e9sentes Conditions d\u2019utilisation (\u00ab Conditions \u00bb) r\u00e9gissent l\u2019acc\u00e8s et l\u2019utilisation du site www.bookstmartin.com (le \u00ab Site \u00bb), exploit\u00e9 par Digital Madame LLC, une soci\u00e9t\u00e9 \u00e0 responsabilit\u00e9 limit\u00e9e (LLC) du Wyoming.1.2 En acc\u00e9dant au Site ou en l\u2019utilisant, tu acceptes les pr\u00e9sentes [&hellip;]","og_url":"https:\/\/bookstmartin.com\/fr\/conditions-dutilisation\/","og_site_name":"BookStMartin","article_publisher":"https:\/\/www.facebook.com\/bookstmartin\/","article_modified_time":"2026-03-27T13:13:39+00:00","twitter_card":"summary_large_image","twitter_misc":{"Dur\u00e9e de lecture estim\u00e9e":"4 minutes"},"schema":{"@context":"https:\/\/schema.org","@graph":[]}},"_links":{"self":[{"href":"https:\/\/bookstmartin.com\/fr\/wp-json\/wp\/v2\/pages\/54482","targetHints":{"allow":["GET"]}}],"collection":[{"href":"https:\/\/bookstmartin.com\/fr\/wp-json\/wp\/v2\/pages"}],"about":[{"href":"https:\/\/bookstmartin.com\/fr\/wp-json\/wp\/v2\/types\/page"}],"author":[{"embeddable":true,"href":"https:\/\/bookstmartin.com\/fr\/wp-json\/wp\/v2\/users\/4"}],"replies":[{"embeddable":true,"href":"https:\/\/bookstmartin.com\/fr\/wp-json\/wp\/v2\/comments?post=54482"}],"version-history":[{"count":4,"href":"https:\/\/bookstmartin.com\/fr\/wp-json\/wp\/v2\/pages\/54482\/revisions"}],"predecessor-version":[{"id":61119,"href":"https:\/\/bookstmartin.com\/fr\/wp-json\/wp\/v2\/pages\/54482\/revisions\/61119"}],"wp:attachment":[{"href":"https:\/\/bookstmartin.com\/fr\/wp-json\/wp\/v2\/media?parent=54482"}],"curies":[{"name":"wp","href":"https:\/\/api.w.org\/{rel}","templated":true}]}}