
{"id":54492,"date":"2024-08-19T21:17:54","date_gmt":"2024-08-20T01:17:54","guid":{"rendered":"https:\/\/bookstmartin.com\/grand-case-saint-martin\/"},"modified":"2026-03-07T09:58:19","modified_gmt":"2026-03-07T13:58:19","slug":"grand-case-saint-martin","status":"publish","type":"page","link":"https:\/\/bookstmartin.com\/fr\/les-plus-belles-plages-de-saint-martin\/grand-case-saint-martin\/","title":{"rendered":"Grand Case, Saint-Martin"},"content":{"rendered":"\t\t<div data-elementor-type=\"wp-page\" data-elementor-id=\"54492\" class=\"elementor elementor-54492 elementor-17161\" data-elementor-post-type=\"page\">\n\t\t\t\t<div class=\"elementor-element elementor-element-4dfcda1 e-flex e-con-boxed e-con e-parent\" data-id=\"4dfcda1\" data-element_type=\"container\" data-e-type=\"container\">\n\t\t\t\t\t<div class=\"e-con-inner\">\n\t\t<div class=\"elementor-element elementor-element-ea437a8 e-con-full e-flex e-con e-child\" data-id=\"ea437a8\" data-element_type=\"container\" data-e-type=\"container\">\n\t\t\t\t<div class=\"elementor-element elementor-element-bb4d5fb elementor-widget elementor-widget-heading\" data-id=\"bb4d5fb\" data-element_type=\"widget\" data-e-type=\"widget\" data-widget_type=\"heading.default\">\n\t\t\t\t\t<h2 class=\"elementor-heading-title elementor-size-default\">TOP PLAGES<\/h2>\t\t\t\t<\/div>\n\t\t\t\t<div class=\"elementor-element elementor-element-a5a5b09 elementor-widget elementor-widget-heading\" data-id=\"a5a5b09\" data-element_type=\"widget\" data-e-type=\"widget\" data-widget_type=\"heading.default\">\n\t\t\t\t\t<h1 class=\"elementor-heading-title elementor-size-default\">Grand Case, Saint-Martin<\/h1>\t\t\t\t<\/div>\n\t\t\t\t<div class=\"elementor-element elementor-element-3500ce4 elementor-widget elementor-widget-image\" data-id=\"3500ce4\" data-element_type=\"widget\" data-e-type=\"widget\" data-widget_type=\"image.default\">\n\t\t\t\t\t\t\t\t\t\t\t\t\t\t\t<img fetchpriority=\"high\" decoding=\"async\" width=\"1920\" height=\"1920\" src=\"https:\/\/bookstmartin.com\/wp-content\/uploads\/2026\/01\/347088085_283340014098317_6218712006601901950_n.jpg\" class=\"attachment-full size-full wp-image-54493\" alt=\"\" srcset=\"https:\/\/bookstmartin.com\/wp-content\/uploads\/2026\/01\/347088085_283340014098317_6218712006601901950_n.jpg 1920w, https:\/\/bookstmartin.com\/wp-content\/uploads\/2026\/01\/347088085_283340014098317_6218712006601901950_n-300x300.jpg 300w, https:\/\/bookstmartin.com\/wp-content\/uploads\/2026\/01\/347088085_283340014098317_6218712006601901950_n-1024x1024.jpg 1024w, https:\/\/bookstmartin.com\/wp-content\/uploads\/2026\/01\/347088085_283340014098317_6218712006601901950_n-150x150.jpg 150w, https:\/\/bookstmartin.com\/wp-content\/uploads\/2026\/01\/347088085_283340014098317_6218712006601901950_n-768x768.jpg 768w, https:\/\/bookstmartin.com\/wp-content\/uploads\/2026\/01\/347088085_283340014098317_6218712006601901950_n-1536x1536.jpg 1536w, https:\/\/bookstmartin.com\/wp-content\/uploads\/2026\/01\/347088085_283340014098317_6218712006601901950_n-100x100.jpg 100w\" sizes=\"(max-width: 1920px) 100vw, 1920px\" \/>\t\t\t\t\t\t\t\t\t\t\t\t\t\t\t<\/div>\n\t\t\t\t<div class=\"elementor-element elementor-element-1e3ff1a elementor-widget-mobile__width-inherit elementor-widget elementor-widget-text-editor\" data-id=\"1e3ff1a\" data-element_type=\"widget\" data-e-type=\"widget\" data-widget_type=\"text-editor.default\">\n\t\t\t\t\t\t\t\t\t<h3 style=\"text-align: left;\" data-start=\"510\" data-end=\"568\">Le village le plus gourmand des Cara\u00efbes fran\u00e7aises<\/h3><p style=\"text-align: left;\" data-start=\"570\" data-end=\"617\">Grand Case est souvent surnomm\u00e9e la capitale culinaire de Saint-Martin \u2014 et apr\u00e8s y avoir pass\u00e9 une soir\u00e9e, on comprend vite pourquoi. Ce petit village sur la c\u00f4te nord de l\u2019\u00eele m\u00eale la douceur de la lumi\u00e8re carib\u00e9enne \u00e0 une approche tr\u00e8s fran\u00e7aise de la table : de bons produits, une simplicit\u00e9 assum\u00e9e, et des repas faits pour durer. <\/p>\t\t\t\t\t\t\t\t<\/div>\n\t\t\t\t<div class=\"elementor-element elementor-element-3574354 elementor-widget-mobile__width-inherit elementor-widget elementor-widget-text-editor\" data-id=\"3574354\" data-element_type=\"widget\" data-e-type=\"widget\" data-widget_type=\"text-editor.default\">\n\t\t\t\t\t\t\t\t\t<p data-start=\"626\" data-end=\"1078\">Le long du front de mer, tu trouveras une belle \u00e9tendue de plage, une eau calme et certains des couchers de soleil les plus paisibles de l\u2019\u00eele. Mais la vraie identit\u00e9 de Grand Case se r\u00e9v\u00e8le apr\u00e8s la tomb\u00e9e de la nuit, quand les restaurants se remplissent et que tout le boulevard commence \u00e0 ressembler \u00e0 une grande salle \u00e0 manger en plein air. <\/p><p data-start=\"626\" data-end=\"1078\">De la cuisine franco-carib\u00e9enne raffin\u00e9e aux c\u00e9l\u00e8bres \u00ab lolos \u00bb qui servent de g\u00e9n\u00e9reux plats locaux, la vari\u00e9t\u00e9 fait partie du charme \u2014 tout comme la proximit\u00e9 de tout.<\/p><p data-start=\"1080\" data-end=\"1332\">Grand Case est aussi faite pour fl\u00e2ner. Une courte balade te fait passer devant des maisons cr\u00e9oles color\u00e9es, de petites boutiques et des galeries d\u2019art, avec la mer jamais bien loin. C\u2019est le genre d\u2019endroit o\u00f9 tu n\u2019as pas besoin de programme \u2014 juste d\u2019app\u00e9tit et d\u2019un peu de temps.  <\/p><p data-start=\"1080\" data-end=\"1332\">Quelques notes pratiques rendent l\u2019exp\u00e9rience encore meilleure. En haute saison, il est vivement conseill\u00e9 de r\u00e9server pour le d\u00eener, surtout les soirs pris\u00e9s comme le mardi pendant le \u00ab Mardi de Grand Case \u00bb. Pour les lolos, pr\u00e9voir du liquide reste une bonne id\u00e9e. Et si tu peux, arrive un peu avant le coucher du soleil \u2014 Grand Case est \u00e0 son meilleur quand la lumi\u00e8re commence \u00e0 s\u2019adoucir et que le village se met au rythme de la soir\u00e9e.   <\/p>\t\t\t\t\t\t\t\t<\/div>\n\t\t\t\t<\/div>\n\t\t<div class=\"elementor-element elementor-element-71d9374 e-con-full e-flex e-con e-child\" data-id=\"71d9374\" data-element_type=\"container\" data-e-type=\"container\">\n\t\t<div class=\"elementor-element elementor-element-d00dc04 e-con-full e-flex e-con e-child\" data-id=\"d00dc04\" data-element_type=\"container\" data-e-type=\"container\">\n\t\t\t\t<div class=\"elementor-element elementor-element-dde60d0 elementor-widget elementor-widget-heading\" data-id=\"dde60d0\" data-element_type=\"widget\" data-e-type=\"widget\" data-widget_type=\"heading.default\">\n\t\t\t\t\t<h2 class=\"elementor-heading-title elementor-size-default\">Partager :<\/h2>\t\t\t\t<\/div>\n\t\t\t\t<div class=\"elementor-element elementor-element-a7dc6b5 elementor-share-buttons--view-icon elementor-share-buttons--skin-minimal elementor-share-buttons--shape-circle elementor-grid-0 elementor-share-buttons--color-official elementor-widget elementor-widget-share-buttons\" data-id=\"a7dc6b5\" data-element_type=\"widget\" data-e-type=\"widget\" data-widget_type=\"share-buttons.default\">\n\t\t\t\t\t\t\t<div class=\"elementor-grid\" role=\"list\">\n\t\t\t\t\t\t\t\t<div class=\"elementor-grid-item\" role=\"listitem\">\n\t\t\t\t\t\t<div class=\"elementor-share-btn elementor-share-btn_facebook\" role=\"button\" tabindex=\"0\" aria-label=\"Partager sur facebook\">\n\t\t\t\t\t\t\t\t\t\t\t\t\t\t\t<span class=\"elementor-share-btn__icon\">\n\t\t\t\t\t\t\t\t<svg aria-hidden=\"true\" class=\"e-font-icon-svg e-fab-facebook\" viewBox=\"0 0 512 512\" xmlns=\"http:\/\/www.w3.org\/2000\/svg\"><path d=\"M504 256C504 119 393 8 256 8S8 119 8 256c0 123.78 90.69 226.38 209.25 245V327.69h-63V256h63v-54.64c0-62.15 37-96.48 93.67-96.48 27.14 0 55.52 4.84 55.52 4.84v61h-31.28c-30.8 0-40.41 19.12-40.41 38.73V256h68.78l-11 71.69h-57.78V501C413.31 482.38 504 379.78 504 256z\"><\/path><\/svg>\t\t\t\t\t\t\t<\/span>\n\t\t\t\t\t\t\t\t\t\t\t\t\t\t\t\t\t\t\t\t<\/div>\n\t\t\t\t\t<\/div>\n\t\t\t\t\t\t\t\t\t<div class=\"elementor-grid-item\" role=\"listitem\">\n\t\t\t\t\t\t<div class=\"elementor-share-btn elementor-share-btn_x-twitter\" role=\"button\" tabindex=\"0\" aria-label=\"Partager sur x-twitter\">\n\t\t\t\t\t\t\t\t\t\t\t\t\t\t\t<span class=\"elementor-share-btn__icon\">\n\t\t\t\t\t\t\t\t<svg aria-hidden=\"true\" class=\"e-font-icon-svg e-fab-x-twitter\" viewBox=\"0 0 512 512\" xmlns=\"http:\/\/www.w3.org\/2000\/svg\"><path d=\"M389.2 48h70.6L305.6 224.2 487 464H345L233.7 318.6 106.5 464H35.8L200.7 275.5 26.8 48H172.4L272.9 180.9 389.2 48zM364.4 421.8h39.1L151.1 88h-42L364.4 421.8z\"><\/path><\/svg>\t\t\t\t\t\t\t<\/span>\n\t\t\t\t\t\t\t\t\t\t\t\t\t\t\t\t\t\t\t\t<\/div>\n\t\t\t\t\t<\/div>\n\t\t\t\t\t\t\t\t\t<div class=\"elementor-grid-item\" role=\"listitem\">\n\t\t\t\t\t\t<div class=\"elementor-share-btn elementor-share-btn_whatsapp\" role=\"button\" tabindex=\"0\" aria-label=\"Partager sur whatsapp\">\n\t\t\t\t\t\t\t\t\t\t\t\t\t\t\t<span class=\"elementor-share-btn__icon\">\n\t\t\t\t\t\t\t\t<svg aria-hidden=\"true\" class=\"e-font-icon-svg e-fab-whatsapp\" viewBox=\"0 0 448 512\" xmlns=\"http:\/\/www.w3.org\/2000\/svg\"><path d=\"M380.9 97.1C339 55.1 283.2 32 223.9 32c-122.4 0-222 99.6-222 222 0 39.1 10.2 77.3 29.6 111L0 480l117.7-30.9c32.4 17.7 68.9 27 106.1 27h.1c122.3 0 224.1-99.6 224.1-222 0-59.3-25.2-115-67.1-157zm-157 341.6c-33.2 0-65.7-8.9-94-25.7l-6.7-4-69.8 18.3L72 359.2l-4.4-7c-18.5-29.4-28.2-63.3-28.2-98.2 0-101.7 82.8-184.5 184.6-184.5 49.3 0 95.6 19.2 130.4 54.1 34.8 34.9 56.2 81.2 56.1 130.5 0 101.8-84.9 184.6-186.6 184.6zm101.2-138.2c-5.5-2.8-32.8-16.2-37.9-18-5.1-1.9-8.8-2.8-12.5 2.8-3.7 5.6-14.3 18-17.6 21.8-3.2 3.7-6.5 4.2-12 1.4-32.6-16.3-54-29.1-75.5-66-5.7-9.8 5.7-9.1 16.3-30.3 1.8-3.7.9-6.9-.5-9.7-1.4-2.8-12.5-30.1-17.1-41.2-4.5-10.8-9.1-9.3-12.5-9.5-3.2-.2-6.9-.2-10.6-.2-3.7 0-9.7 1.4-14.8 6.9-5.1 5.6-19.4 19-19.4 46.3 0 27.3 19.9 53.7 22.6 57.4 2.8 3.7 39.1 59.7 94.8 83.8 35.2 15.2 49 16.5 66.6 13.9 10.7-1.6 32.8-13.4 37.4-26.4 4.6-13 4.6-24.1 3.2-26.4-1.3-2.5-5-3.9-10.5-6.6z\"><\/path><\/svg>\t\t\t\t\t\t\t<\/span>\n\t\t\t\t\t\t\t\t\t\t\t\t\t\t\t\t\t\t\t\t<\/div>\n\t\t\t\t\t<\/div>\n\t\t\t\t\t\t\t\t\t<div class=\"elementor-grid-item\" role=\"listitem\">\n\t\t\t\t\t\t<div class=\"elementor-share-btn elementor-share-btn_pinterest\" role=\"button\" tabindex=\"0\" aria-label=\"Partager sur pinterest\">\n\t\t\t\t\t\t\t\t\t\t\t\t\t\t\t<span class=\"elementor-share-btn__icon\">\n\t\t\t\t\t\t\t\t<svg aria-hidden=\"true\" class=\"e-font-icon-svg e-fab-pinterest\" viewBox=\"0 0 496 512\" xmlns=\"http:\/\/www.w3.org\/2000\/svg\"><path d=\"M496 256c0 137-111 248-248 248-25.6 0-50.2-3.9-73.4-11.1 10.1-16.5 25.2-43.5 30.8-65 3-11.6 15.4-59 15.4-59 8.1 15.4 31.7 28.5 56.8 28.5 74.8 0 128.7-68.8 128.7-154.3 0-81.9-66.9-143.2-152.9-143.2-107 0-163.9 71.8-163.9 150.1 0 36.4 19.4 81.7 50.3 96.1 4.7 2.2 7.2 1.2 8.3-3.3.8-3.4 5-20.3 6.9-28.1.6-2.5.3-4.7-1.7-7.1-10.1-12.5-18.3-35.3-18.3-56.6 0-54.7 41.4-107.6 112-107.6 60.9 0 103.6 41.5 103.6 100.9 0 67.1-33.9 113.6-78 113.6-24.3 0-42.6-20.1-36.7-44.8 7-29.5 20.5-61.3 20.5-82.6 0-19-10.2-34.9-31.4-34.9-24.9 0-44.9 25.7-44.9 60.2 0 22 7.4 36.8 7.4 36.8s-24.5 103.8-29 123.2c-5 21.4-3 51.6-.9 71.2C65.4 450.9 0 361.1 0 256 0 119 111 8 248 8s248 111 248 248z\"><\/path><\/svg>\t\t\t\t\t\t\t<\/span>\n\t\t\t\t\t\t\t\t\t\t\t\t\t\t\t\t\t\t\t\t<\/div>\n\t\t\t\t\t<\/div>\n\t\t\t\t\t\t\t\t\t<div class=\"elementor-grid-item\" role=\"listitem\">\n\t\t\t\t\t\t<div class=\"elementor-share-btn elementor-share-btn_linkedin\" role=\"button\" tabindex=\"0\" aria-label=\"Partager sur linkedin\">\n\t\t\t\t\t\t\t\t\t\t\t\t\t\t\t<span class=\"elementor-share-btn__icon\">\n\t\t\t\t\t\t\t\t<svg aria-hidden=\"true\" class=\"e-font-icon-svg e-fab-linkedin\" viewBox=\"0 0 448 512\" xmlns=\"http:\/\/www.w3.org\/2000\/svg\"><path d=\"M416 32H31.9C14.3 32 0 46.5 0 64.3v383.4C0 465.5 14.3 480 31.9 480H416c17.6 0 32-14.5 32-32.3V64.3c0-17.8-14.4-32.3-32-32.3zM135.4 416H69V202.2h66.5V416zm-33.2-243c-21.3 0-38.5-17.3-38.5-38.5S80.9 96 102.2 96c21.2 0 38.5 17.3 38.5 38.5 0 21.3-17.2 38.5-38.5 38.5zm282.1 243h-66.4V312c0-24.8-.5-56.7-34.5-56.7-34.6 0-39.9 27-39.9 54.9V416h-66.4V202.2h63.7v29.2h.9c8.9-16.8 30.6-34.5 62.9-34.5 67.2 0 79.7 44.3 79.7 101.9V416z\"><\/path><\/svg>\t\t\t\t\t\t\t<\/span>\n\t\t\t\t\t\t\t\t\t\t\t\t\t\t\t\t\t\t\t\t<\/div>\n\t\t\t\t\t<\/div>\n\t\t\t\t\t\t<\/div>\n\t\t\t\t\t\t<\/div>\n\t\t\t\t<\/div>\n\t\t\t\t<div class=\"elementor-element elementor-element-9259ff9 elementor-widget__width-inherit e-transform e-transform elementor-widget elementor-widget-custom_listing_widget\" data-id=\"9259ff9\" data-element_type=\"widget\" data-e-type=\"widget\" data-settings=\"{&quot;_transform_rotateZ_effect&quot;:{&quot;unit&quot;:&quot;px&quot;,&quot;size&quot;:&quot;&quot;,&quot;sizes&quot;:[]},&quot;_transform_rotateZ_effect_tablet&quot;:{&quot;unit&quot;:&quot;deg&quot;,&quot;size&quot;:&quot;&quot;,&quot;sizes&quot;:[]},&quot;_transform_rotateZ_effect_mobile&quot;:{&quot;unit&quot;:&quot;deg&quot;,&quot;size&quot;:&quot;&quot;,&quot;sizes&quot;:[]},&quot;_transform_translateX_effect&quot;:{&quot;unit&quot;:&quot;px&quot;,&quot;size&quot;:&quot;&quot;,&quot;sizes&quot;:[]},&quot;_transform_translateX_effect_tablet&quot;:{&quot;unit&quot;:&quot;px&quot;,&quot;size&quot;:&quot;&quot;,&quot;sizes&quot;:[]},&quot;_transform_translateX_effect_mobile&quot;:{&quot;unit&quot;:&quot;px&quot;,&quot;size&quot;:&quot;&quot;,&quot;sizes&quot;:[]},&quot;_transform_translateY_effect&quot;:{&quot;unit&quot;:&quot;px&quot;,&quot;size&quot;:&quot;&quot;,&quot;sizes&quot;:[]},&quot;_transform_translateY_effect_tablet&quot;:{&quot;unit&quot;:&quot;px&quot;,&quot;size&quot;:&quot;&quot;,&quot;sizes&quot;:[]},&quot;_transform_translateY_effect_mobile&quot;:{&quot;unit&quot;:&quot;px&quot;,&quot;size&quot;:&quot;&quot;,&quot;sizes&quot;:[]}}\" data-widget_type=\"custom_listing_widget.default\">\n\t\t\t\t<div class=\"elementor-widget-container\">\n\t\t\t\t\t        <section class=\"property-listings\">\n            <div class=\"grid grid-cols-3 gap-4\">\n                                                            \n\n<div class=\"nfs-listing-col\">\n  <div class=\"nfs-listing-card\"\n       style=\"text-align:left; padding:10px; border:1px solid #e0e0e0;\n              border-radius:14px; overflow:hidden;\n              box-shadow:0 3px 10px rgba(0,0,0,0.08);\">\n    <a href=\"https:\/\/bookstmartin.com\/fr\/listing\/villa-o-villa-de-luxe-paisible-avec-4-chambres\/\" class=\"nfs-listing-link\" style=\"display:block; text-decoration:none; color:inherit;\">\n      \n              <div class=\"nfs-listing-image\"\n     style=\"background-image:url('https:\/\/bookstmartin.com\/wp-content\/uploads\/2025\/09\/400999096_2695643357251092_8685085753175098937_n.jpg');\n            height:200px; width:100%; margin:0;\n            background-size:cover; background-position:center;\n            border-radius:14px 14px 0 0;\">\n<\/div>\n\n      \n      <div class=\"nfs-listing-content\" style=\"color:#333; font-family:'Poppins',sans-serif;\">\n        <h3 class=\"nfs-listing-title\"\n    style=\"margin:15px 0 8px; font-size:16px; font-weight:700;\n           white-space:nowrap; overflow:hidden; text-overflow:ellipsis; max-width:100%; display:block;\">\n  Villa \u00d4 &#8211; Villa de luxe paisible ave\u2026<\/h3>\n\n\n<div class=\"nfs-meta\"\n     style=\"font-size:12px; margin:6px 0 2px; color:#555; line-height:1.2;\">\n  8 voyageurs  <span style=\"display:inline-block; width:4px; height:4px; margin:0 8px; background:#999; border-radius:50%; vertical-align:middle;\"><\/span>\n  4 chambres  <span style=\"display:inline-block; width:4px; height:4px; margin:0 8px; background:#999; border-radius:50%; vertical-align:middle;\"><\/span>\n  4 SDB<\/div>\n\n\n\n<p style=\"border-top:1px solid #ddd; margin:10px 0 0; padding-top:8px; font-size:14px; font-weight:500; color:#222;\">\n  A partir de $1,217 \/ nuit<\/p>\n\n      <\/div>\n    <\/a>\n  <\/div>\n<\/div>\n\n\n                                                <\/div>\n        <\/section>\n        \t\t\t\t<\/div>\n\t\t\t\t<\/div>\n\t\t\t\t<div class=\"elementor-element elementor-element-fe9b9a1 elementor-widget elementor-widget-text-editor\" data-id=\"fe9b9a1\" data-element_type=\"widget\" data-e-type=\"widget\" data-widget_type=\"text-editor.default\">\n\t\t\t\t\t\t\t\t\t<p><div id=\"bsm-discovercars-widget\">\r\n    <script id=\"dchwidget\"\r\n        data-dev-env=\"com\"\r\n        data-location=\"saint-marteen\/sint-maarten\"\r\n        data-lang=\"fr\"\r\n        data-currency=\"usd\"\r\n        data-utm-source=\"bookstmartin\"\r\n        data-utm-medium=\"widget\"\r\n        data-aff-code=\"bookstmartin\"\r\n        data-aff-channel=\"website\"\r\n        data-autocomplete=\"on\"\r\n        data-style-submit-bg-color=\"#007ac2\"\r\n        data-style-submit-font-color=\"#ffffff\"\r\n        data-style-form-bg-color=\"#fcd34d\"\r\n        data-style-form-font-color=\"#000000\"\r\n        data-style-submit-text=\"Rechercher\"\r\n        data-style-title-color=\"#000000\"\r\n        data-title-text=\"Comparez les locations de voiture \u00e0 Saint-Martin et \u00e9conomisez jusqu&#039;\u00e0 70 %\"\r\n        data-style_rounded_corners=\"on\"\r\n        data-layout_benefits=\"on\"\r\n        data-layout_description=\"on\"\r\n        data-layout_description_text=\"Nous avons s\u00e9lectionn\u00e9 les meilleures offres de nos partenaires de location.\"\r\n        data-layout_powered_by=\"on\"\r\n        data-layout_title=\"on\"\r\n        data-layout_supplier_logos=\"on\">\r\n    <\/script>\r\n<\/div>\r\n<script async src=\"https:\/\/www.discovercars.com\/widget.js?v1\"><\/script>\r\n<\/p>\t\t\t\t\t\t\t\t<\/div>\n\t\t\t\t<\/div>\n\t\t\t\t\t<\/div>\n\t\t\t\t<\/div>\n\t\t<div class=\"elementor-element elementor-element-ceb2b5e e-flex e-con-boxed e-con e-parent\" data-id=\"ceb2b5e\" data-element_type=\"container\" data-e-type=\"container\">\n\t\t\t\t\t<div class=\"e-con-inner\">\n\t\t\t\t<div class=\"elementor-element elementor-element-02d6968 elementor-widget elementor-widget-text-editor\" data-id=\"02d6968\" data-element_type=\"widget\" data-e-type=\"widget\" data-widget_type=\"text-editor.default\">\n\t\t\t\t\t\t\t\t\t<p style=\"text-align: center;\"><a href=\"https:\/\/www.facebook.com\/bookstmartin\" target=\"_blank\" rel=\"noopener\">Suis-nous sur Facebook | <\/a><a href=\"https:\/\/bookstmartin.com\/fr\/\">Retour \u00e0 l\u2019accueil <\/a>| <a href=\"https:\/\/bookstmartin.com\/top-beaches-in-st-martin\/\">Retour au top des plages <\/a> <\/p>\t\t\t\t\t\t\t\t<\/div>\n\t\t\t\t\t<\/div>\n\t\t\t\t<\/div>\n\t\t\t\t<\/div>\n\t\t","protected":false},"excerpt":{"rendered":"<p>TOP PLAGES Grand Case, Saint-Martin Le village le plus gourmand des Cara\u00efbes fran\u00e7aises Grand Case est souvent surnomm\u00e9e la capitale culinaire de Saint-Martin \u2014 et apr\u00e8s y avoir pass\u00e9 une soir\u00e9e, on comprend vite pourquoi. Ce petit village sur la c\u00f4te nord de l\u2019\u00eele m\u00eale la douceur de la lumi\u00e8re carib\u00e9enne \u00e0 une approche tr\u00e8s [&hellip;]<\/p>\n","protected":false},"author":132,"featured_media":0,"parent":54549,"menu_order":0,"comment_status":"closed","ping_status":"closed","template":"","meta":{"_acf_changed":false,"footnotes":""},"class_list":["post-54492","page","type-page","status-publish","hentry"],"acf":[],"yoast_head":"<!-- This site is optimized with the Yoast SEO Premium plugin v27.4 (Yoast SEO v27.4) - https:\/\/yoast.com\/product\/yoast-seo-premium-wordpress\/ -->\n<title>Grand Case, Saint-Martin | Vacances \u00e0 Saint-Martin<\/title>\n<meta name=\"description\" content=\"Explore Grand Case, \u00e0 Saint-Martin, avec ses eaux turquoise et une ambiance carib\u00e9enne incomparable. Un paradis tropical \u00e0 ne pas manquer !\" \/>\n<meta name=\"robots\" content=\"index, follow, max-snippet:-1, max-image-preview:large, max-video-preview:-1\" \/>\n<link rel=\"canonical\" href=\"https:\/\/bookstmartin.com\/top-beaches-in-st-martin\/grand-case-st-martin\/\" \/>\n<meta property=\"og:locale\" content=\"fr_FR\" \/>\n<meta property=\"og:type\" content=\"article\" \/>\n<meta property=\"og:title\" content=\"Grand Case, Saint-Martin\" \/>\n<meta property=\"og:description\" content=\"Explore Grand Case, \u00e0 Saint-Martin, avec ses eaux turquoise et une ambiance carib\u00e9enne incomparable. Un paradis tropical \u00e0 ne pas manquer !\" \/>\n<meta property=\"og:url\" content=\"https:\/\/bookstmartin.com\/top-beaches-in-st-martin\/grand-case-st-martin\/\" \/>\n<meta property=\"og:site_name\" content=\"BookStMartin\" \/>\n<meta property=\"article:publisher\" content=\"https:\/\/www.facebook.com\/bookstmartin\/\" \/>\n<meta property=\"article:modified_time\" content=\"2026-03-07T13:58:19+00:00\" \/>\n<meta property=\"og:image\" content=\"https:\/\/bookstmartin.com\/wp-content\/uploads\/2026\/01\/347088085_283340014098317_6218712006601901950_n.jpg\" \/>\n\t<meta property=\"og:image:width\" content=\"1920\" \/>\n\t<meta property=\"og:image:height\" content=\"1920\" \/>\n\t<meta property=\"og:image:type\" content=\"image\/jpeg\" \/>\n<meta name=\"twitter:card\" content=\"summary_large_image\" \/>\n<meta name=\"twitter:label1\" content=\"Dur\u00e9e de lecture estim\u00e9e\" \/>\n\t<meta name=\"twitter:data1\" content=\"1 minute\" \/>\n<script type=\"application\/ld+json\" class=\"yoast-schema-graph\">{\"@context\":\"https:\\\/\\\/schema.org\",\"@graph\":[]}<\/script>\n<!-- \/ Yoast SEO Premium plugin. -->","yoast_head_json":{"title":"Grand Case, Saint-Martin | Vacances \u00e0 Saint-Martin","description":"Explore Grand Case, \u00e0 Saint-Martin, avec ses eaux turquoise et une ambiance carib\u00e9enne incomparable. Un paradis tropical \u00e0 ne pas manquer !","robots":{"index":"index","follow":"follow","max-snippet":"max-snippet:-1","max-image-preview":"max-image-preview:large","max-video-preview":"max-video-preview:-1"},"canonical":"https:\/\/bookstmartin.com\/top-beaches-in-st-martin\/grand-case-st-martin\/","og_locale":"fr_FR","og_type":"article","og_title":"Grand Case, Saint-Martin","og_description":"Explore Grand Case, \u00e0 Saint-Martin, avec ses eaux turquoise et une ambiance carib\u00e9enne incomparable. Un paradis tropical \u00e0 ne pas manquer !","og_url":"https:\/\/bookstmartin.com\/top-beaches-in-st-martin\/grand-case-st-martin\/","og_site_name":"BookStMartin","article_publisher":"https:\/\/www.facebook.com\/bookstmartin\/","article_modified_time":"2026-03-07T13:58:19+00:00","og_image":[{"width":1920,"height":1920,"url":"https:\/\/bookstmartin.com\/wp-content\/uploads\/2026\/01\/347088085_283340014098317_6218712006601901950_n.jpg","type":"image\/jpeg"}],"twitter_card":"summary_large_image","twitter_misc":{"Dur\u00e9e de lecture estim\u00e9e":"1 minute"},"schema":{"@context":"https:\/\/schema.org","@graph":[]}},"_links":{"self":[{"href":"https:\/\/bookstmartin.com\/fr\/wp-json\/wp\/v2\/pages\/54492","targetHints":{"allow":["GET"]}}],"collection":[{"href":"https:\/\/bookstmartin.com\/fr\/wp-json\/wp\/v2\/pages"}],"about":[{"href":"https:\/\/bookstmartin.com\/fr\/wp-json\/wp\/v2\/types\/page"}],"author":[{"embeddable":true,"href":"https:\/\/bookstmartin.com\/fr\/wp-json\/wp\/v2\/users\/132"}],"replies":[{"embeddable":true,"href":"https:\/\/bookstmartin.com\/fr\/wp-json\/wp\/v2\/comments?post=54492"}],"version-history":[{"count":1,"href":"https:\/\/bookstmartin.com\/fr\/wp-json\/wp\/v2\/pages\/54492\/revisions"}],"predecessor-version":[{"id":54494,"href":"https:\/\/bookstmartin.com\/fr\/wp-json\/wp\/v2\/pages\/54492\/revisions\/54494"}],"up":[{"embeddable":true,"href":"https:\/\/bookstmartin.com\/fr\/wp-json\/wp\/v2\/pages\/54549"}],"wp:attachment":[{"href":"https:\/\/bookstmartin.com\/fr\/wp-json\/wp\/v2\/media?parent=54492"}],"curies":[{"name":"wp","href":"https:\/\/api.w.org\/{rel}","templated":true}]}}