
{"id":54504,"date":"2023-09-16T20:16:06","date_gmt":"2023-09-17T00:16:06","guid":{"rendered":"https:\/\/bookstmartin.com\/cul-de-sac\/"},"modified":"2026-03-07T09:58:44","modified_gmt":"2026-03-07T13:58:44","slug":"cul-de-sac","status":"publish","type":"page","link":"https:\/\/bookstmartin.com\/fr\/cul-de-sac\/","title":{"rendered":"Cul de Sac"},"content":{"rendered":"\t\t<div data-elementor-type=\"wp-page\" data-elementor-id=\"54504\" class=\"elementor elementor-54504 elementor-9134\" data-elementor-post-type=\"page\">\n\t\t\t\t\t\t<section class=\"elementor-section elementor-top-section elementor-element elementor-element-5bb7181 elementor-section-boxed elementor-section-height-default elementor-section-height-default\" data-id=\"5bb7181\" data-element_type=\"section\" data-e-type=\"section\">\n\t\t\t\t\t\t<div class=\"elementor-container elementor-column-gap-default\">\n\t\t\t\t\t<div class=\"elementor-column elementor-col-100 elementor-top-column elementor-element elementor-element-53a1040\" data-id=\"53a1040\" data-element_type=\"column\" data-e-type=\"column\">\n\t\t\t<div class=\"elementor-widget-wrap elementor-element-populated\">\n\t\t\t\t\t\t<div class=\"elementor-element elementor-element-e56099d elementor-widget elementor-widget-spacer\" data-id=\"e56099d\" data-element_type=\"widget\" data-e-type=\"widget\" data-widget_type=\"spacer.default\">\n\t\t\t\t\t\t\t<div class=\"elementor-spacer\">\n\t\t\t<div class=\"elementor-spacer-inner\"><\/div>\n\t\t<\/div>\n\t\t\t\t\t\t<\/div>\n\t\t\t\t<div class=\"elementor-element elementor-element-fb98c09 elementor-widget elementor-widget-heading\" data-id=\"fb98c09\" data-element_type=\"widget\" data-e-type=\"widget\" data-widget_type=\"heading.default\">\n\t\t\t\t\t<h1 class=\"elementor-heading-title elementor-size-default\">Cul de Sac - D\u00e9couverte authentique <\/h1>\t\t\t\t<\/div>\n\t\t\t\t<div class=\"elementor-element elementor-element-a318497 elementor-widget elementor-widget-text-editor\" data-id=\"a318497\" data-element_type=\"widget\" data-e-type=\"widget\" data-widget_type=\"text-editor.default\">\n\t\t\t\t\t\t\t\t\t<p style=\"text-align: center;\"><strong>Les meilleures propri\u00e9t\u00e9s de l\u2019\u00eele. Prix transparents. <\/strong><br data-start=\"341\" data-end=\"344\">\ud83c\udf34  <strong><em data-start=\"347\" data-end=\"372\">R\u00e9serve intelligemment. R\u00e9serve localement. <\/em><\/strong>  \ud83c\udf34<\/p>\t\t\t\t\t\t\t\t<\/div>\n\t\t\t\t\t<\/div>\n\t\t<\/div>\n\t\t\t\t\t<\/div>\n\t\t<\/section>\n\t\t\t\t<section class=\"elementor-section elementor-top-section elementor-element elementor-element-34c6ed4 elementor-section-boxed elementor-section-height-default elementor-section-height-default\" data-id=\"34c6ed4\" data-element_type=\"section\" data-e-type=\"section\">\n\t\t\t\t\t\t<div class=\"elementor-container elementor-column-gap-default\">\n\t\t\t\t\t<div class=\"elementor-column elementor-col-100 elementor-top-column elementor-element elementor-element-3b9f746\" data-id=\"3b9f746\" data-element_type=\"column\" data-e-type=\"column\">\n\t\t\t<div class=\"elementor-widget-wrap elementor-element-populated\">\n\t\t\t\t\t\t<div class=\"elementor-element elementor-element-166fe1e1 elementor-widget elementor-widget-text-editor\" data-id=\"166fe1e1\" data-element_type=\"widget\" data-e-type=\"widget\" data-widget_type=\"text-editor.default\">\n\t\t\t\t\t\t\t\t\t<p style=\"text-align: justify;\">Nich\u00e9 au nord-est de Saint-Martin, Cul de Sac offre une retraite sereine loin de l\u2019agitation. Ici, tu trouveras un m\u00e9lange parfait de nature intacte et de proximit\u00e9 pratique avec les attractions voisines, ce qui en fait un endroit id\u00e9al pour ceux qui recherchent la tranquillit\u00e9 avec tout le confort \u00e0 port\u00e9e de main.<br>Faisant face aux \u00eelets pittoresques de Pinel et Tintamarre, Cul de Sac offre des vues \u00e0 couper le souffle et un acc\u00e8s facile \u00e0 ces lieux exotiques. Une courte promenade en bateau depuis le quai de la ville transporte les visiteurs vers les rives tranquilles de l\u2019\u00eele Pinel, connue pour ses eaux turquoises calmes.  <\/p><p style=\"text-align: justify;\">D\u00eene le long de la route dans de charmants restaurants servant des sp\u00e9cialit\u00e9s cr\u00e9oles, des pizzas et des plats traditionnels. Et \u00e0 seulement 5 minutes en voiture, le centre commercial de Hope Estate abrite un grand supermarch\u00e9, une boulangerie, des banques, des restaurants et une vari\u00e9t\u00e9 de boutiques. <\/p>\t\t\t\t\t\t\t\t<\/div>\n\t\t\t\t\t<\/div>\n\t\t<\/div>\n\t\t\t\t\t<\/div>\n\t\t<\/section>\n\t\t\t\t<section class=\"elementor-section elementor-top-section elementor-element elementor-element-70a135e elementor-section-boxed elementor-section-height-default elementor-section-height-default\" data-id=\"70a135e\" data-element_type=\"section\" data-e-type=\"section\">\n\t\t\t\t\t\t<div class=\"elementor-container elementor-column-gap-default\">\n\t\t\t\t\t<div class=\"elementor-column elementor-col-100 elementor-top-column elementor-element elementor-element-f80db76\" data-id=\"f80db76\" data-element_type=\"column\" data-e-type=\"column\">\n\t\t\t<div class=\"elementor-widget-wrap elementor-element-populated\">\n\t\t\t\t\t\t<div class=\"elementor-element elementor-element-2040316 elementor-widget elementor-widget-spacer\" data-id=\"2040316\" data-element_type=\"widget\" data-e-type=\"widget\" data-widget_type=\"spacer.default\">\n\t\t\t\t\t\t\t<div class=\"elementor-spacer\">\n\t\t\t<div class=\"elementor-spacer-inner\"><\/div>\n\t\t<\/div>\n\t\t\t\t\t\t<\/div>\n\t\t\t\t<div class=\"elementor-element elementor-element-29a3cd4 elementor-widget elementor-widget-text-editor\" data-id=\"29a3cd4\" data-element_type=\"widget\" data-e-type=\"widget\" data-widget_type=\"text-editor.default\">\n\t\t\t\t\t\t\t\t\t<p style=\"text-align: center;\"><span style=\"color: #999999;\"><a style=\"color: #999999;\" href=\"https:\/\/www.facebook.com\/bookstmartin\/\" target=\"_blank\" rel=\"noopener\">Suis-nous sur Facebook<\/a> | <a href=\"https:\/\/bookstmartin.com\/st-martin-villas-rentals\/\">Villas \u00e0 Saint-Martin<\/a> | <a style=\"color: #999999;\" href=\"https:\/\/bookstmartin.com\/orient-bay-vacation-rentals\/\">Orient Bay<\/a> | <a style=\"color: #999999;\" href=\"https:\/\/bookstmartin.com\/anse-marcel-vacation-rentals\/\">Anse Marcel <\/a> | <a style=\"color: #999999;\" href=\"https:\/\/bookstmartin.com\/nettle-bay-vacation-rentals\/\">Nettle Bay <\/a>  <\/span><\/p>\t\t\t\t\t\t\t\t<\/div>\n\t\t\t\t\t<\/div>\n\t\t<\/div>\n\t\t\t\t\t<\/div>\n\t\t<\/section>\n\t\t\t\t<\/div>\n\t\t","protected":false},"excerpt":{"rendered":"<p>Cul de Sac &#8211; D\u00e9couverte authentique Les meilleures propri\u00e9t\u00e9s de l\u2019\u00eele. Prix transparents. \ud83c\udf34 R\u00e9serve intelligemment. R\u00e9serve localement. \ud83c\udf34 Nich\u00e9 au nord-est de Saint-Martin, Cul de Sac offre une retraite sereine loin de l\u2019agitation. Ici, tu trouveras un m\u00e9lange parfait de nature intacte et de proximit\u00e9 pratique avec les attractions voisines, ce qui en fait [&hellip;]<\/p>\n","protected":false},"author":1,"featured_media":0,"parent":0,"menu_order":0,"comment_status":"closed","ping_status":"closed","template":"","meta":{"_acf_changed":false,"footnotes":""},"class_list":["post-54504","page","type-page","status-publish","hentry"],"acf":[],"yoast_head":"<!-- This site is optimized with the Yoast SEO Premium plugin v27.5 (Yoast SEO v27.5) - https:\/\/yoast.com\/product\/yoast-seo-premium-wordpress\/ -->\n<title>Locations de vacances \u00e0 Cul de Sac [Avec photos]<\/title>\n<meta name=\"description\" content=\"D\u00e9couvre les meilleures locations de vacances \u00e0 Cul de Sac. Frais de r\u00e9servation r\u00e9duits sur des villas avec piscine, des appartements confortables pr\u00e8s de la plage. R\u00e9serve maintenant !\" \/>\n<meta name=\"robots\" content=\"index, follow, max-snippet:-1, max-image-preview:large, max-video-preview:-1\" \/>\n<link rel=\"canonical\" href=\"https:\/\/bookstmartin.com\/fr\/cul-de-sac\/\" \/>\n<meta property=\"og:locale\" content=\"fr_FR\" \/>\n<meta property=\"og:type\" content=\"article\" \/>\n<meta property=\"og:title\" content=\"Cul de Sac\" \/>\n<meta property=\"og:description\" content=\"D\u00e9couvre les meilleures locations de vacances \u00e0 Cul de Sac. Frais de r\u00e9servation r\u00e9duits sur des villas avec piscine, des appartements confortables pr\u00e8s de la plage. R\u00e9serve maintenant !\" \/>\n<meta property=\"og:url\" content=\"https:\/\/bookstmartin.com\/fr\/cul-de-sac\/\" \/>\n<meta property=\"og:site_name\" content=\"BookStMartin\" \/>\n<meta property=\"article:publisher\" content=\"https:\/\/www.facebook.com\/bookstmartin\/\" \/>\n<meta property=\"article:modified_time\" content=\"2026-03-07T13:58:44+00:00\" \/>\n<meta name=\"twitter:card\" content=\"summary_large_image\" \/>\n<meta name=\"twitter:label1\" content=\"Dur\u00e9e de lecture estim\u00e9e\" \/>\n\t<meta name=\"twitter:data1\" content=\"1 minute\" \/>\n<script type=\"application\/ld+json\" class=\"yoast-schema-graph\">{\"@context\":\"https:\\\/\\\/schema.org\",\"@graph\":[]}<\/script>\n<!-- \/ Yoast SEO Premium plugin. -->","yoast_head_json":{"title":"Locations de vacances \u00e0 Cul de Sac [Avec photos]","description":"D\u00e9couvre les meilleures locations de vacances \u00e0 Cul de Sac. Frais de r\u00e9servation r\u00e9duits sur des villas avec piscine, des appartements confortables pr\u00e8s de la plage. R\u00e9serve maintenant !","robots":{"index":"index","follow":"follow","max-snippet":"max-snippet:-1","max-image-preview":"max-image-preview:large","max-video-preview":"max-video-preview:-1"},"canonical":"https:\/\/bookstmartin.com\/fr\/cul-de-sac\/","og_locale":"fr_FR","og_type":"article","og_title":"Cul de Sac","og_description":"D\u00e9couvre les meilleures locations de vacances \u00e0 Cul de Sac. Frais de r\u00e9servation r\u00e9duits sur des villas avec piscine, des appartements confortables pr\u00e8s de la plage. R\u00e9serve maintenant !","og_url":"https:\/\/bookstmartin.com\/fr\/cul-de-sac\/","og_site_name":"BookStMartin","article_publisher":"https:\/\/www.facebook.com\/bookstmartin\/","article_modified_time":"2026-03-07T13:58:44+00:00","twitter_card":"summary_large_image","twitter_misc":{"Dur\u00e9e de lecture estim\u00e9e":"1 minute"},"schema":{"@context":"https:\/\/schema.org","@graph":[]}},"_links":{"self":[{"href":"https:\/\/bookstmartin.com\/fr\/wp-json\/wp\/v2\/pages\/54504","targetHints":{"allow":["GET"]}}],"collection":[{"href":"https:\/\/bookstmartin.com\/fr\/wp-json\/wp\/v2\/pages"}],"about":[{"href":"https:\/\/bookstmartin.com\/fr\/wp-json\/wp\/v2\/types\/page"}],"author":[{"embeddable":true,"href":"https:\/\/bookstmartin.com\/fr\/wp-json\/wp\/v2\/users\/1"}],"replies":[{"embeddable":true,"href":"https:\/\/bookstmartin.com\/fr\/wp-json\/wp\/v2\/comments?post=54504"}],"version-history":[{"count":1,"href":"https:\/\/bookstmartin.com\/fr\/wp-json\/wp\/v2\/pages\/54504\/revisions"}],"predecessor-version":[{"id":54505,"href":"https:\/\/bookstmartin.com\/fr\/wp-json\/wp\/v2\/pages\/54504\/revisions\/54505"}],"wp:attachment":[{"href":"https:\/\/bookstmartin.com\/fr\/wp-json\/wp\/v2\/media?parent=54504"}],"curies":[{"name":"wp","href":"https:\/\/api.w.org\/{rel}","templated":true}]}}