
{"id":54506,"date":"2025-08-26T19:06:42","date_gmt":"2025-08-26T23:06:42","guid":{"rendered":"https:\/\/bookstmartin.com\/deviens-partenaire\/"},"modified":"2026-03-08T00:02:19","modified_gmt":"2026-03-08T04:02:19","slug":"deviens-partenaire","status":"publish","type":"page","link":"https:\/\/bookstmartin.com\/fr\/deviens-partenaire\/","title":{"rendered":"Deviens partenaire"},"content":{"rendered":"\t\t<div data-elementor-type=\"wp-page\" data-elementor-id=\"54506\" class=\"elementor elementor-54506 elementor-1634\" data-elementor-post-type=\"page\">\n\t\t\t\t<div class=\"elementor-element elementor-element-f483bd3 e-flex e-con-boxed e-con e-parent\" data-id=\"f483bd3\" data-element_type=\"container\" data-e-type=\"container\">\n\t\t\t\t\t<div class=\"e-con-inner\">\n\t\t\t\t<div class=\"elementor-element elementor-element-c5be511 elementor-widget elementor-widget-heading\" data-id=\"c5be511\" data-element_type=\"widget\" data-e-type=\"widget\" data-widget_type=\"heading.default\">\n\t\t\t\t\t<h1 class=\"elementor-heading-title elementor-size-default\">Vous souhaitez booster la visibilit\u00e9 de votre entreprise \u00e0 SXM ?\n<\/h1>\t\t\t\t<\/div>\n\t\t\t\t<div class=\"elementor-element elementor-element-198fd07 elementor-widget-mobile__width-inherit elementor-widget elementor-widget-text-editor\" data-id=\"198fd07\" data-element_type=\"widget\" data-e-type=\"widget\" data-widget_type=\"text-editor.default\">\n\t\t\t\t\t\t\t\t\t<p>Avec <strong>plus de 48 000 abonn\u00e9s engag\u00e9s sur notre page communautaire<\/strong> et une plateforme de voyage en pleine croissance, <strong>BookStMartin vous met directement en relation avec les r\u00e9sidents et les voyageurs<\/strong> \u2014 sans commissions ni interm\u00e9diaires.<\/p><p><strong>Ce que vous y gagnez :<\/strong><\/p><p>\u2022 <strong>Prospects directs<\/strong> : les demandes arrivent directement chez vous<br \/>\u2022 <strong>Z\u00e9ro frais cach\u00e9s<\/strong> : vous conservez 100 % de vos revenus<br \/>\u2022 <strong>Port\u00e9e r\u00e9elle<\/strong> : plus de <strong>48 000 abonn\u00e9s actifs sur Facebook<\/strong><br \/>\u2022 <strong>Simplicit\u00e9 totale<\/strong> : nous cr\u00e9ons et publions les contenus pour vous<\/p><p><strong>Rejoignez-nous.<\/strong><\/p><p>Afin d\u2019offrir des exp\u00e9riences de qualit\u00e9 \u00e0 notre communaut\u00e9 de voyageurs, nous collaborons exclusivement avec <strong>des entreprises locales fiables et reconnues<\/strong>. Nous mettons en avant des adresses qui refl\u00e8tent l\u2019esprit de l\u2019\u00eele, en alliant <strong>authenticit\u00e9, professionnalisme et sens de l\u2019accueil<\/strong>.<\/p><p>L\u2019acc\u00e8s \u00e0 la plateforme reste <strong>s\u00e9lectif et premium<\/strong>, afin de garantir une visibilit\u00e9 optimale et de maximiser votre retour sur investissement.<\/p><p>Pour postuler, il vous suffit de partager les informations de votre entreprise (site web, r\u00e9seaux sociaux, etc.) via le formulaire ci-dessous. <strong>Notre \u00e9quipe examinera votre demande et vous recontactera rapidement pour \u00e9changer sur la suite.<\/strong><\/p>\t\t\t\t\t\t\t\t<\/div>\n\t\t\t\t<div class=\"elementor-element elementor-element-bd45b03 elementor-widget elementor-widget-html\" data-id=\"bd45b03\" data-element_type=\"widget\" data-e-type=\"widget\" data-widget_type=\"html.default\">\n\t\t\t\t\t<div class=\"nfs-contact-form-wrapper\">\n<div class=\"wpcf7 no-js\" id=\"wpcf7-f54622-o1\" lang=\"fr-FR\" dir=\"ltr\" data-wpcf7-id=\"54622\">\n<div class=\"screen-reader-response\"><p role=\"status\" aria-live=\"polite\" aria-atomic=\"true\"><\/p> <ul><\/ul><\/div>\n<form action=\"\/fr\/wp-json\/wp\/v2\/pages\/54506#wpcf7-f54622-o1\" method=\"post\" class=\"wpcf7-form init\" aria-label=\"Formulaire de contact\" novalidate=\"novalidate\" data-status=\"init\">\n<fieldset class=\"hidden-fields-container\"><input type=\"hidden\" name=\"_wpcf7\" value=\"54622\" \/><input type=\"hidden\" name=\"_wpcf7_version\" value=\"6.1.5\" \/><input type=\"hidden\" name=\"_wpcf7_locale\" value=\"fr_FR\" \/><input type=\"hidden\" name=\"_wpcf7_unit_tag\" value=\"wpcf7-f54622-o1\" \/><input type=\"hidden\" name=\"_wpcf7_container_post\" value=\"0\" \/><input type=\"hidden\" name=\"_wpcf7_posted_data_hash\" value=\"\" \/>\n<\/fieldset>\n<div class=\"name-email-row\">\n\t<p><label> Pr\u00e9nom*<br \/>\n<span class=\"wpcf7-form-control-wrap\" data-name=\"text-585\"><input size=\"40\" maxlength=\"400\" class=\"wpcf7-form-control wpcf7-text wpcf7-validates-as-required\" aria-required=\"true\" aria-invalid=\"false\" value=\"\" type=\"text\" name=\"text-585\" \/><\/span><br \/>\n<\/label>\n\t<\/p>\n\t<p><label> Nom*<br \/>\n<span class=\"wpcf7-form-control-wrap\" data-name=\"text-457\"><input size=\"40\" maxlength=\"400\" class=\"wpcf7-form-control wpcf7-text\" aria-invalid=\"false\" value=\"\" type=\"text\" name=\"text-457\" \/><\/span><br \/>\n<\/label>\n\t<\/p>\n<\/div>\n<div class=\"name-email-row\">\n\t<p><label> E-mail*<br \/>\n<span class=\"wpcf7-form-control-wrap\" data-name=\"email-804\"><input size=\"40\" maxlength=\"400\" class=\"wpcf7-form-control wpcf7-email wpcf7-validates-as-required wpcf7-text wpcf7-validates-as-email\" aria-required=\"true\" aria-invalid=\"false\" value=\"\" type=\"email\" name=\"email-804\" \/><\/span><br \/>\n<\/label>\n\t<\/p>\n\t<p><label> T\u00e9l\u00e9phone*<br \/>\n<span class=\"wpcf7-form-control-wrap\" data-name=\"tel-452\"><input size=\"40\" maxlength=\"400\" class=\"wpcf7-form-control wpcf7-tel wpcf7-text wpcf7-validates-as-tel\" aria-invalid=\"false\" value=\"\" type=\"tel\" name=\"tel-452\" \/><\/span><br \/>\n<\/label>\n\t<\/p>\n<\/div>\n<p><label> Copie et colle le lien de ton site web (ou Instagram\/Facebook etc...)*<br \/>\n<span class=\"wpcf7-form-control-wrap\" data-name=\"text-271\"><input size=\"40\" maxlength=\"400\" class=\"wpcf7-form-control wpcf7-text wpcf7-validates-as-required\" aria-required=\"true\" aria-invalid=\"false\" value=\"\" type=\"text\" name=\"text-271\" \/><\/span><br \/>\n<\/label>\n<\/p>\n<p><label> Ton message<br \/>\n<span class=\"wpcf7-form-control-wrap\" data-name=\"your-message\"><textarea cols=\"40\" rows=\"10\" maxlength=\"2000\" class=\"wpcf7-form-control wpcf7-textarea wpcf7-validates-as-required\" aria-required=\"true\" aria-invalid=\"false\" name=\"your-message\"><\/textarea><\/span><br \/>\n<\/label>\n<\/p>\n<p><input class=\"wpcf7-form-control wpcf7-submit has-spinner\" type=\"submit\" value=\"Envoyer\" \/>\n<\/p><div class=\"wpcf7-response-output\" aria-hidden=\"true\"><\/div>\n<\/form>\n<\/div>\n\r\n<\/div><style>\/* Conteneur *\/\r\n.nfs-contact-form-wrapper{\r\n  background:#f9f9f9;\r\n  border-radius:12px;\r\n  padding:30px;\r\n  box-shadow:0 4px 10px rgba(0,0,0,.05);\r\n  width:100%;\r\n  max-width:100%;\r\n  box-sizing:border-box;\r\n}\r\n\r\n\/* Reset CF7 paras\/br qui cr\u00e9ent le trou *\/\r\n.nfs-contact-form-wrapper .wpcf7 form p{margin:0 !important;}\r\n.nfs-contact-form-wrapper .wpcf7-form p{margin:0 !important;}\r\n.nfs-contact-form-wrapper .wpcf7-form p:empty{display:none;}\r\n.nfs-contact-form-wrapper .wpcf7-form br{display:none;}\r\n@supports(selector(:has(*))){\r\n  .nfs-contact-form-wrapper .wpcf7-form p:has(> br){display:none;}\r\n}\r\n\r\n\/* Champs *\/\r\n.nfs-contact-form-wrapper input,\r\n.nfs-contact-form-wrapper textarea,\r\n.nfs-contact-form-wrapper select{\r\n  width:100% !important;\r\n  border-radius:8px !important;\r\n  border:1px solid #ccc !important;\r\n  padding:12px !important;\r\n  margin-bottom:15px !important;\r\n  font-size:16px !important;\r\n  box-sizing:border-box;\r\n}\r\n\r\n\/* Labels propres *\/\r\n.nfs-contact-form-wrapper .wpcf7-form label{\r\n  display:block;\r\n  margin:0 0 10px;\r\n}\r\n\r\n\/* Ligne Name + Email *\/\r\n.nfs-contact-form-wrapper .name-email-row{\r\n  display:flex;\r\n  gap:15px;\r\n  margin:0 0 10px;\r\n}\r\n.nfs-contact-form-wrapper .name-email-row > label{\r\n  flex:1;\r\n  display:flex;\r\n  flex-direction:column;\r\n  margin:0;\r\n}\r\n\r\n\/* Checkbox host-options *\/\r\n.nfs-contact-form-wrapper .host-options {\r\n  display: flex;\r\n  gap: 30px;          \/* espace horizontal entre options *\/\r\n  flex-wrap: wrap;    \/* passe en colonne sur mobile *\/\r\n  margin-bottom: 15px;\r\n}\r\n\r\n.nfs-contact-form-wrapper .host-options label {\r\n  display: flex;\r\n  align-items: center; \/* centre case + texte *\/\r\n  cursor: pointer;\r\n}\r\n\r\n.nfs-contact-form-wrapper .host-options input[type=\"checkbox\"] {\r\n  margin-right: 6px;\r\n}\r\n\r\n.nfs-contact-form-wrapper p {\r\n  margin-bottom: 8px;\r\n}\r\n\r\n\/* Bouton *\/\r\n.nfs-contact-form-wrapper input[type=\"submit\"]{\r\n  background:#00CEE3 !important;\r\n  color:#fff !important;\r\n  border:none !important;\r\n  border-radius:8px !important;\r\n  padding:12px 20px !important;\r\n  cursor:pointer;\r\n  transition:opacity .25s ease;\r\n}\r\n.nfs-contact-form-wrapper input[type=\"submit\"]:hover{opacity:.9}\r\n\r\n\/* Responsive *\/\r\n@media (max-width:600px){\r\n  .nfs-contact-form-wrapper .name-email-row{flex-direction:column;gap:0}\r\n}\r\n\r\n\/* Force options sur une ligne (case + texte) *\/\r\n.nfs-contact-form-wrapper .wpcf7-list-item {\r\n  display: inline-flex !important;\r\n  align-items: center !important;\r\n  gap: 6px; \/* espace case\/texte *\/\r\n  margin-right: 30px; \/* espace entre One-Time et Annual *\/\r\n}\r\n\r\n.nfs-contact-form-wrapper .wpcf7-list-item-label {\r\n  margin: 0 !important; \/* enl\u00e8ve marge forc\u00e9e *\/\r\n}\r\n\/* Corrige l'affichage des checkboxes CF7 *\/\r\n.nfs-contact-form-wrapper .wpcf7-list-item {\r\n  display: inline-flex !important;\r\n  align-items: center !important;\r\n  margin-right: 30px; \/* espace entre One-Time et Annual *\/\r\n}\r\n\r\n.nfs-contact-form-wrapper .wpcf7-list-item label {\r\n  display: inline-flex !important;\r\n  align-items: center !important;\r\n  gap: 6px; \/* espace case\/texte *\/\r\n}\r\n\r\n.nfs-contact-form-wrapper .wpcf7-list-item-label {\r\n  display: inline !important; \/* force le texte \u00e0 rester \u00e0 droite *\/\r\n  margin: 0 !important;\r\n}\r\n\r\n<\/style>\t\t\t\t<\/div>\n\t\t\t\t<div class=\"elementor-element elementor-element-c98c12d elementor-widget elementor-widget-text-editor\" data-id=\"c98c12d\" data-element_type=\"widget\" data-e-type=\"widget\" data-widget_type=\"text-editor.default\">\n\t\t\t\t\t\t\t\t\t<p style=\"text-align: left;\">\u2714 Aucune commission, jamais <br>\u2714 Plateforme locale de confiance avec 25 ans d\u2019exp\u00e9rience \u00e0 St Martin <br>\u2714 Abonnement annuel simple \u2014 aucun frais cach\u00e9<\/p>\t\t\t\t\t\t\t\t<\/div>\n\t\t\t\t\t<\/div>\n\t\t\t\t<\/div>\n\t\t\t\t<\/div>\n\t\t","protected":false},"excerpt":{"rendered":"<p>Vous souhaitez booster la visibilit\u00e9 de votre entreprise \u00e0 SXM ? Avec plus de 48 000 abonn\u00e9s engag\u00e9s sur notre page communautaire et une plateforme de voyage en pleine croissance, BookStMartin vous met directement en relation avec les r\u00e9sidents et les voyageurs \u2014 sans commissions ni interm\u00e9diaires. Ce que vous y gagnez : \u2022 Prospects [&hellip;]<\/p>\n","protected":false},"author":4,"featured_media":54507,"parent":0,"menu_order":0,"comment_status":"closed","ping_status":"closed","template":"","meta":{"_acf_changed":false,"footnotes":""},"class_list":["post-54506","page","type-page","status-publish","has-post-thumbnail","hentry"],"acf":[],"yoast_head":"<!-- This site is optimized with the Yoast SEO Premium plugin v27.5 (Yoast SEO v27.5) - https:\/\/yoast.com\/product\/yoast-seo-premium-wordpress\/ -->\n<title>Deviens partenaire - BookStMartin<\/title>\n<meta name=\"robots\" content=\"index, follow, max-snippet:-1, max-image-preview:large, max-video-preview:-1\" \/>\n<link rel=\"canonical\" href=\"https:\/\/bookstmartin.com\/fr\/deviens-partenaire\/\" \/>\n<meta property=\"og:locale\" content=\"fr_FR\" \/>\n<meta property=\"og:type\" content=\"article\" \/>\n<meta property=\"og:title\" content=\"Deviens partenaire\" \/>\n<meta property=\"og:description\" content=\"Vous souhaitez booster la visibilit\u00e9 de votre entreprise \u00e0 SXM ? Avec plus de 48 000 abonn\u00e9s engag\u00e9s sur notre page communautaire et une plateforme de voyage en pleine croissance, BookStMartin vous met directement en relation avec les r\u00e9sidents et les voyageurs \u2014 sans commissions ni interm\u00e9diaires. Ce que vous y gagnez : \u2022 Prospects [&hellip;]\" \/>\n<meta property=\"og:url\" content=\"https:\/\/bookstmartin.com\/fr\/deviens-partenaire\/\" \/>\n<meta property=\"og:site_name\" content=\"BookStMartin\" \/>\n<meta property=\"article:publisher\" content=\"https:\/\/www.facebook.com\/bookstmartin\/\" \/>\n<meta property=\"article:modified_time\" content=\"2026-03-08T04:02:19+00:00\" \/>\n<meta property=\"og:image\" content=\"https:\/\/bookstmartin.com\/wp-content\/uploads\/2025\/10\/your-business-here.jpg\" \/>\n\t<meta property=\"og:image:width\" content=\"1024\" \/>\n\t<meta property=\"og:image:height\" content=\"1024\" \/>\n\t<meta property=\"og:image:type\" content=\"image\/jpeg\" \/>\n<meta name=\"twitter:card\" content=\"summary_large_image\" \/>\n<meta name=\"twitter:label1\" content=\"Dur\u00e9e de lecture estim\u00e9e\" \/>\n\t<meta name=\"twitter:data1\" content=\"3 minutes\" \/>\n<script type=\"application\/ld+json\" class=\"yoast-schema-graph\">{\"@context\":\"https:\\\/\\\/schema.org\",\"@graph\":[]}<\/script>\n<!-- \/ Yoast SEO Premium plugin. -->","yoast_head_json":{"title":"Deviens partenaire - BookStMartin","robots":{"index":"index","follow":"follow","max-snippet":"max-snippet:-1","max-image-preview":"max-image-preview:large","max-video-preview":"max-video-preview:-1"},"canonical":"https:\/\/bookstmartin.com\/fr\/deviens-partenaire\/","og_locale":"fr_FR","og_type":"article","og_title":"Deviens partenaire","og_description":"Vous souhaitez booster la visibilit\u00e9 de votre entreprise \u00e0 SXM ? Avec plus de 48 000 abonn\u00e9s engag\u00e9s sur notre page communautaire et une plateforme de voyage en pleine croissance, BookStMartin vous met directement en relation avec les r\u00e9sidents et les voyageurs \u2014 sans commissions ni interm\u00e9diaires. Ce que vous y gagnez : \u2022 Prospects [&hellip;]","og_url":"https:\/\/bookstmartin.com\/fr\/deviens-partenaire\/","og_site_name":"BookStMartin","article_publisher":"https:\/\/www.facebook.com\/bookstmartin\/","article_modified_time":"2026-03-08T04:02:19+00:00","og_image":[{"width":1024,"height":1024,"url":"https:\/\/bookstmartin.com\/wp-content\/uploads\/2025\/10\/your-business-here.jpg","type":"image\/jpeg"}],"twitter_card":"summary_large_image","twitter_misc":{"Dur\u00e9e de lecture estim\u00e9e":"3 minutes"},"schema":{"@context":"https:\/\/schema.org","@graph":[]}},"_links":{"self":[{"href":"https:\/\/bookstmartin.com\/fr\/wp-json\/wp\/v2\/pages\/54506","targetHints":{"allow":["GET"]}}],"collection":[{"href":"https:\/\/bookstmartin.com\/fr\/wp-json\/wp\/v2\/pages"}],"about":[{"href":"https:\/\/bookstmartin.com\/fr\/wp-json\/wp\/v2\/types\/page"}],"author":[{"embeddable":true,"href":"https:\/\/bookstmartin.com\/fr\/wp-json\/wp\/v2\/users\/4"}],"replies":[{"embeddable":true,"href":"https:\/\/bookstmartin.com\/fr\/wp-json\/wp\/v2\/comments?post=54506"}],"version-history":[{"count":4,"href":"https:\/\/bookstmartin.com\/fr\/wp-json\/wp\/v2\/pages\/54506\/revisions"}],"predecessor-version":[{"id":58468,"href":"https:\/\/bookstmartin.com\/fr\/wp-json\/wp\/v2\/pages\/54506\/revisions\/58468"}],"wp:featuredmedia":[{"embeddable":true,"href":"https:\/\/bookstmartin.com\/fr\/wp-json\/wp\/v2\/media\/54507"}],"wp:attachment":[{"href":"https:\/\/bookstmartin.com\/fr\/wp-json\/wp\/v2\/media?parent=54506"}],"curies":[{"name":"wp","href":"https:\/\/api.w.org\/{rel}","templated":true}]}}