
{"id":54509,"date":"2023-09-16T19:46:37","date_gmt":"2023-09-16T23:46:37","guid":{"rendered":"https:\/\/bookstmartin.com\/locations-de-vacances-a-la-baie-nettle\/"},"modified":"2026-03-07T09:59:08","modified_gmt":"2026-03-07T13:59:08","slug":"locations-de-vacances-a-la-baie-nettle","status":"publish","type":"page","link":"https:\/\/bookstmartin.com\/fr\/locations-de-vacances-a-la-baie-nettle\/","title":{"rendered":"Locations de vacances \u00e0 la Baie Nettl\u00e9"},"content":{"rendered":"\t\t<div data-elementor-type=\"wp-page\" data-elementor-id=\"54509\" class=\"elementor elementor-54509\" data-elementor-post-type=\"page\">\n\t\t\t\t\t\t<section class=\"elementor-section elementor-top-section elementor-element elementor-element-f5b8f24 elementor-section-boxed elementor-section-height-default elementor-section-height-default\" data-id=\"f5b8f24\" data-element_type=\"section\" data-e-type=\"section\">\n\t\t\t\t\t\t<div class=\"elementor-container elementor-column-gap-default\">\n\t\t\t\t\t<div class=\"elementor-column elementor-col-100 elementor-top-column elementor-element elementor-element-6d8f903\" data-id=\"6d8f903\" data-element_type=\"column\" data-e-type=\"column\">\n\t\t\t<div class=\"elementor-widget-wrap elementor-element-populated\">\n\t\t\t\t\t\t<div class=\"elementor-element elementor-element-45350fe elementor-widget elementor-widget-spacer\" data-id=\"45350fe\" data-element_type=\"widget\" data-e-type=\"widget\" data-widget_type=\"spacer.default\">\n\t\t\t\t\t\t\t<div class=\"elementor-spacer\">\n\t\t\t<div class=\"elementor-spacer-inner\"><\/div>\n\t\t<\/div>\n\t\t\t\t\t\t<\/div>\n\t\t\t\t<div class=\"elementor-element elementor-element-bcdb16b elementor-widget elementor-widget-heading\" data-id=\"bcdb16b\" data-element_type=\"widget\" data-e-type=\"widget\" data-widget_type=\"heading.default\">\n\t\t\t\t\t<h2 class=\"elementor-heading-title elementor-size-default\">Locations de vacances \u00e0 la Baie Nettl\u00e9<\/h2>\t\t\t\t<\/div>\n\t\t\t\t<div class=\"elementor-element elementor-element-8603b51 elementor-widget elementor-widget-spacer\" data-id=\"8603b51\" data-element_type=\"widget\" data-e-type=\"widget\" data-widget_type=\"spacer.default\">\n\t\t\t\t\t\t\t<div class=\"elementor-spacer\">\n\t\t\t<div class=\"elementor-spacer-inner\"><\/div>\n\t\t<\/div>\n\t\t\t\t\t\t<\/div>\n\t\t\t\t\t<\/div>\n\t\t<\/div>\n\t\t\t\t\t<\/div>\n\t\t<\/section>\n\t\t\t\t<section class=\"elementor-section elementor-top-section elementor-element elementor-element-803fb89 elementor-section-boxed elementor-section-height-default elementor-section-height-default\" data-id=\"803fb89\" data-element_type=\"section\" data-e-type=\"section\">\n\t\t\t\t\t\t<div class=\"elementor-container elementor-column-gap-default\">\n\t\t\t\t\t<div class=\"elementor-column elementor-col-100 elementor-top-column elementor-element elementor-element-6b47292\" data-id=\"6b47292\" data-element_type=\"column\" data-e-type=\"column\">\n\t\t\t<div class=\"elementor-widget-wrap\">\n\t\t\t\t\t\t\t<\/div>\n\t\t<\/div>\n\t\t\t\t\t<\/div>\n\t\t<\/section>\n\t\t\t\t<section class=\"elementor-section elementor-top-section elementor-element elementor-element-36dcd35 elementor-section-boxed elementor-section-height-default elementor-section-height-default\" data-id=\"36dcd35\" data-element_type=\"section\" data-e-type=\"section\">\n\t\t\t\t\t\t<div class=\"elementor-container elementor-column-gap-default\">\n\t\t\t\t\t<div class=\"elementor-column elementor-col-100 elementor-top-column elementor-element elementor-element-4a31237\" data-id=\"4a31237\" data-element_type=\"column\" data-e-type=\"column\">\n\t\t\t<div class=\"elementor-widget-wrap elementor-element-populated\">\n\t\t\t\t\t\t<div class=\"elementor-element elementor-element-99fac7c elementor-widget elementor-widget-text-editor\" data-id=\"99fac7c\" data-element_type=\"widget\" data-e-type=\"widget\" data-widget_type=\"text-editor.default\">\n\t\t\t\t\t\t\t\t\t<section class=\"elementor-section elementor-top-section elementor-element elementor-element-6c28222 elementor-section-boxed elementor-section-height-default elementor-section-height-default wpr-particle-no wpr-jarallax-no wpr-parallax-no wpr-sticky-section-no\" data-id=\"6c28222\" data-element_type=\"section\">\n<div class=\"elementor-container elementor-column-gap-default\">\n<div class=\"elementor-column elementor-col-100 elementor-top-column elementor-element elementor-element-9f8424e\" data-id=\"9f8424e\" data-element_type=\"column\">\n<div class=\"elementor-widget-wrap elementor-element-populated\">\n<div class=\"elementor-element elementor-element-fc7a45b elementor-widget elementor-widget-text-editor\" data-id=\"fc7a45b\" data-element_type=\"widget\" data-widget_type=\"text-editor.default\">\n<div class=\"elementor-widget-container\">\n<p style=\"text-align: center;\"><strong>Locations de vacances \u00e0 Saint-Martin <\/strong>| <a href=\"https:\/\/bookstmartin.com\/st-martin-villas-rentals\/\">Villas<\/a> | <a href=\"https:\/\/bookstmartin.com\/st-martin-luxury-villas\/\">Villas de luxe<\/a> | <a href=\"https:\/\/bookstmartin.com\/st-martin-apartments-rentals\/\">Appartements<\/a> | <a href=\"https:\/\/bookstmartin.com\/st-martin-bungalows-rentals\/\">Bungalows<\/a> | <a href=\"https:\/\/bookstmartin.com\/st-martin-rentals-group-getaways\/\">Grands groupes<\/a> | <a href=\"https:\/\/bookstmartin.com\/st-martin-clothing-optional\/\">Naturisme<\/a> | <a href=\"https:\/\/www.facebook.com\/bookstmartin\/\">Suis-nous sur Facebook<\/a><\/p>\n\n<\/div>\n<\/div>\n<\/div>\n<\/div>\n<\/div>\n<\/section>\t\t\t\t\t\t\t\t<\/div>\n\t\t\t\t\t<\/div>\n\t\t<\/div>\n\t\t\t\t\t<\/div>\n\t\t<\/section>\n\t\t\t\t<section class=\"elementor-section elementor-top-section elementor-element elementor-element-e998e8d elementor-section-boxed elementor-section-height-default elementor-section-height-default\" data-id=\"e998e8d\" data-element_type=\"section\" data-e-type=\"section\" data-settings=\"{&quot;background_background&quot;:&quot;classic&quot;}\">\n\t\t\t\t\t\t<div class=\"elementor-container elementor-column-gap-default\">\n\t\t\t\t\t<div class=\"elementor-column elementor-col-20 elementor-top-column elementor-element elementor-element-c2f7e7e\" data-id=\"c2f7e7e\" data-element_type=\"column\" data-e-type=\"column\">\n\t\t\t<div class=\"elementor-widget-wrap elementor-element-populated\">\n\t\t\t\t\t\t<div class=\"elementor-element elementor-element-bfc4d44 elementor-widget elementor-widget-text-editor\" data-id=\"bfc4d44\" data-element_type=\"widget\" data-e-type=\"widget\" data-widget_type=\"text-editor.default\">\n\t\t\t\t\t\t\t\t\t<p><strong><span style=\"color: #999999;\">Plateforme de r\u00e9servation locale n\u00b0 1<\/span><\/strong><br><strong><span style=\"color: #999999;\">Locations de vacances \u00e0 Saint-Martin<\/span><\/strong><\/p>\t\t\t\t\t\t\t\t<\/div>\n\t\t\t\t\t<\/div>\n\t\t<\/div>\n\t\t\t\t<div class=\"elementor-column elementor-col-20 elementor-top-column elementor-element elementor-element-680a4f1\" data-id=\"680a4f1\" data-element_type=\"column\" data-e-type=\"column\">\n\t\t\t<div class=\"elementor-widget-wrap\">\n\t\t\t\t\t\t\t<\/div>\n\t\t<\/div>\n\t\t\t\t<div class=\"elementor-column elementor-col-20 elementor-top-column elementor-element elementor-element-4995453\" data-id=\"4995453\" data-element_type=\"column\" data-e-type=\"column\">\n\t\t\t<div class=\"elementor-widget-wrap elementor-element-populated\">\n\t\t\t\t\t\t<div class=\"elementor-element elementor-element-203fe00 elementor-widget elementor-widget-heading\" data-id=\"203fe00\" data-element_type=\"widget\" data-e-type=\"widget\" data-widget_type=\"heading.default\">\n\t\t\t\t\t<h2 class=\"elementor-heading-title elementor-size-default\">Liens<\/h2>\t\t\t\t<\/div>\n\t\t\t\t<div class=\"elementor-element elementor-element-7dd85a2 elementor-widget elementor-widget-heading\" data-id=\"7dd85a2\" data-element_type=\"widget\" data-e-type=\"widget\" data-widget_type=\"heading.default\">\n\t\t\t\t\t<p class=\"elementor-heading-title elementor-size-default\"><a href=\"https:\/\/bookstmartin.com\/become-a-host\/\">Deviens h\u00f4te<\/a><\/p>\t\t\t\t<\/div>\n\t\t\t\t<div class=\"elementor-element elementor-element-e3fa9f7 elementor-widget elementor-widget-heading\" data-id=\"e3fa9f7\" data-element_type=\"widget\" data-e-type=\"widget\" data-widget_type=\"heading.default\">\n\t\t\t\t\t<p class=\"elementor-heading-title elementor-size-default\"><a href=\"https:\/\/bookstmartin.com\/useful-infos\/\">Infos utiles sur l\u2019\u00eele<\/a><\/p>\t\t\t\t<\/div>\n\t\t\t\t<div class=\"elementor-element elementor-element-c36b06b elementor-widget elementor-widget-heading\" data-id=\"c36b06b\" data-element_type=\"widget\" data-e-type=\"widget\" data-widget_type=\"heading.default\">\n\t\t\t\t\t<p class=\"elementor-heading-title elementor-size-default\"><a href=\"https:\/\/bookstmartin.com\/about-us\/\">\u00c0 propos<\/a><\/p>\t\t\t\t<\/div>\n\t\t\t\t\t<\/div>\n\t\t<\/div>\n\t\t\t\t<div class=\"elementor-column elementor-col-20 elementor-top-column elementor-element elementor-element-fceb81b\" data-id=\"fceb81b\" data-element_type=\"column\" data-e-type=\"column\">\n\t\t\t<div class=\"elementor-widget-wrap elementor-element-populated\">\n\t\t\t\t\t\t<div class=\"elementor-element elementor-element-986fd34 elementor-widget elementor-widget-heading\" data-id=\"986fd34\" data-element_type=\"widget\" data-e-type=\"widget\" data-widget_type=\"heading.default\">\n\t\t\t\t\t<h2 class=\"elementor-heading-title elementor-size-default\">Assistance<\/h2>\t\t\t\t<\/div>\n\t\t\t\t<div class=\"elementor-element elementor-element-a3987d8 elementor-widget elementor-widget-heading\" data-id=\"a3987d8\" data-element_type=\"widget\" data-e-type=\"widget\" data-widget_type=\"heading.default\">\n\t\t\t\t\t<p class=\"elementor-heading-title elementor-size-default\"><a href=\"https:\/\/bookstmartin.com\/help-center\/\">Centre d\u2019aide<\/a><\/p>\t\t\t\t<\/div>\n\t\t\t\t<div class=\"elementor-element elementor-element-66a4eeb elementor-widget elementor-widget-heading\" data-id=\"66a4eeb\" data-element_type=\"widget\" data-e-type=\"widget\" data-widget_type=\"heading.default\">\n\t\t\t\t\t<p class=\"elementor-heading-title elementor-size-default\"><a href=\"https:\/\/bookstmartin.com\/how-to-book\/\">Comment r\u00e9server<\/a><\/p>\t\t\t\t<\/div>\n\t\t\t\t<div class=\"elementor-element elementor-element-c47e000 elementor-widget elementor-widget-heading\" data-id=\"c47e000\" data-element_type=\"widget\" data-e-type=\"widget\" data-widget_type=\"heading.default\">\n\t\t\t\t\t<p class=\"elementor-heading-title elementor-size-default\"><a href=\"https:\/\/bookstmartin.com\/fr\/conditions-generales\/\">Conditions g\u00e9n\u00e9rales<\/a><\/p>\t\t\t\t<\/div>\n\t\t\t\t\t<\/div>\n\t\t<\/div>\n\t\t\t\t<div class=\"elementor-column elementor-col-20 elementor-top-column elementor-element elementor-element-370ef26\" data-id=\"370ef26\" data-element_type=\"column\" data-e-type=\"column\">\n\t\t\t<div class=\"elementor-widget-wrap elementor-element-populated\">\n\t\t\t\t\t\t<div class=\"elementor-element elementor-element-dc5c701 elementor-widget elementor-widget-heading\" data-id=\"dc5c701\" data-element_type=\"widget\" data-e-type=\"widget\" data-widget_type=\"heading.default\">\n\t\t\t\t\t<h2 class=\"elementor-heading-title elementor-size-default\">Contacts<\/h2>\t\t\t\t<\/div>\n\t\t\t\t<div class=\"elementor-element elementor-element-a924988 elementor-widget elementor-widget-text-editor\" data-id=\"a924988\" data-element_type=\"widget\" data-e-type=\"widget\" data-widget_type=\"text-editor.default\">\n\t\t\t\t\t\t\t\t\t<p>Baie Orientale<br>97150 Saint-Martin<br>Antilles fran\u00e7aises<br>reservation@bookstmartin.com<\/p>\t\t\t\t\t\t\t\t<\/div>\n\t\t\t\t<div class=\"elementor-element elementor-element-4c9ce27 elementor-widget elementor-widget-image\" data-id=\"4c9ce27\" data-element_type=\"widget\" data-e-type=\"widget\" data-widget_type=\"image.default\">\n\t\t\t\t\t\t\t\t\t\t\t\t\t\t\t<img decoding=\"async\" src=\"https:\/\/bookstmartin.com\/wp-content\/uploads\/2023\/09\/secure-stripe-payment-logo.png\" title=\"\" alt=\"\" loading=\"lazy\" \/>\t\t\t\t\t\t\t\t\t\t\t\t\t\t\t<\/div>\n\t\t\t\t\t<\/div>\n\t\t<\/div>\n\t\t\t\t\t<\/div>\n\t\t<\/section>\n\t\t\t\t<\/div>\n\t\t","protected":false},"excerpt":{"rendered":"<p>Locations de vacances \u00e0 la Baie Nettl\u00e9 Locations de vacances \u00e0 Saint-Martin | Villas | Villas de luxe | Appartements | Bungalows | Grands groupes | Naturisme | Suis-nous sur Facebook Plateforme de r\u00e9servation locale n\u00b0 1Locations de vacances \u00e0 Saint-Martin Liens Deviens h\u00f4te Infos utiles sur l\u2019\u00eele \u00c0 propos Assistance Centre d\u2019aide Comment r\u00e9server [&hellip;]<\/p>\n","protected":false},"author":1,"featured_media":0,"parent":0,"menu_order":0,"comment_status":"closed","ping_status":"closed","template":"","meta":{"_acf_changed":false,"footnotes":""},"class_list":["post-54509","page","type-page","status-publish","hentry"],"acf":[],"yoast_head":"<!-- This site is optimized with the Yoast SEO Premium plugin v27.5 (Yoast SEO v27.5) - https:\/\/yoast.com\/product\/yoast-seo-premium-wordpress\/ -->\n<title>Locations de vacances \u00e0 la Baie Nettl\u00e9 [Avec photos]<\/title>\n<meta name=\"description\" content=\"D\u00e9couvre les meilleures locations de vacances \u00e0 la Baie Nettl\u00e9 : frais de r\u00e9servation r\u00e9duits sur les villas avec piscine, appartements cosy pr\u00e8s de la plage. R\u00e9serve d\u00e8s maintenant !\" \/>\n<meta name=\"robots\" content=\"index, follow, max-snippet:-1, max-image-preview:large, max-video-preview:-1\" \/>\n<link rel=\"canonical\" href=\"https:\/\/bookstmartin.com\/fr\/locations-de-vacances-a-la-baie-nettle\/\" \/>\n<meta property=\"og:locale\" content=\"fr_FR\" \/>\n<meta property=\"og:type\" content=\"article\" \/>\n<meta property=\"og:title\" content=\"Locations de vacances \u00e0 la Baie Nettl\u00e9\" \/>\n<meta property=\"og:description\" content=\"D\u00e9couvre les meilleures locations de vacances \u00e0 la Baie Nettl\u00e9 : frais de r\u00e9servation r\u00e9duits sur les villas avec piscine, appartements cosy pr\u00e8s de la plage. R\u00e9serve d\u00e8s maintenant !\" \/>\n<meta property=\"og:url\" content=\"https:\/\/bookstmartin.com\/fr\/locations-de-vacances-a-la-baie-nettle\/\" \/>\n<meta property=\"og:site_name\" content=\"BookStMartin\" \/>\n<meta property=\"article:publisher\" content=\"https:\/\/www.facebook.com\/bookstmartin\/\" \/>\n<meta property=\"article:modified_time\" content=\"2026-03-07T13:59:08+00:00\" \/>\n<meta property=\"og:image\" content=\"https:\/\/bookstmartin.com\/wp-content\/uploads\/2023\/09\/secure-stripe-payment-logo.png\" \/>\n<meta name=\"twitter:card\" content=\"summary_large_image\" \/>\n<script type=\"application\/ld+json\" class=\"yoast-schema-graph\">{\"@context\":\"https:\\\/\\\/schema.org\",\"@graph\":[]}<\/script>\n<!-- \/ Yoast SEO Premium plugin. -->","yoast_head_json":{"title":"Locations de vacances \u00e0 la Baie Nettl\u00e9 [Avec photos]","description":"D\u00e9couvre les meilleures locations de vacances \u00e0 la Baie Nettl\u00e9 : frais de r\u00e9servation r\u00e9duits sur les villas avec piscine, appartements cosy pr\u00e8s de la plage. R\u00e9serve d\u00e8s maintenant !","robots":{"index":"index","follow":"follow","max-snippet":"max-snippet:-1","max-image-preview":"max-image-preview:large","max-video-preview":"max-video-preview:-1"},"canonical":"https:\/\/bookstmartin.com\/fr\/locations-de-vacances-a-la-baie-nettle\/","og_locale":"fr_FR","og_type":"article","og_title":"Locations de vacances \u00e0 la Baie Nettl\u00e9","og_description":"D\u00e9couvre les meilleures locations de vacances \u00e0 la Baie Nettl\u00e9 : frais de r\u00e9servation r\u00e9duits sur les villas avec piscine, appartements cosy pr\u00e8s de la plage. R\u00e9serve d\u00e8s maintenant !","og_url":"https:\/\/bookstmartin.com\/fr\/locations-de-vacances-a-la-baie-nettle\/","og_site_name":"BookStMartin","article_publisher":"https:\/\/www.facebook.com\/bookstmartin\/","article_modified_time":"2026-03-07T13:59:08+00:00","og_image":[{"url":"https:\/\/bookstmartin.com\/wp-content\/uploads\/2023\/09\/secure-stripe-payment-logo.png","type":"","width":"","height":""}],"twitter_card":"summary_large_image","schema":{"@context":"https:\/\/schema.org","@graph":[]}},"_links":{"self":[{"href":"https:\/\/bookstmartin.com\/fr\/wp-json\/wp\/v2\/pages\/54509","targetHints":{"allow":["GET"]}}],"collection":[{"href":"https:\/\/bookstmartin.com\/fr\/wp-json\/wp\/v2\/pages"}],"about":[{"href":"https:\/\/bookstmartin.com\/fr\/wp-json\/wp\/v2\/types\/page"}],"author":[{"embeddable":true,"href":"https:\/\/bookstmartin.com\/fr\/wp-json\/wp\/v2\/users\/1"}],"replies":[{"embeddable":true,"href":"https:\/\/bookstmartin.com\/fr\/wp-json\/wp\/v2\/comments?post=54509"}],"version-history":[{"count":1,"href":"https:\/\/bookstmartin.com\/fr\/wp-json\/wp\/v2\/pages\/54509\/revisions"}],"predecessor-version":[{"id":54510,"href":"https:\/\/bookstmartin.com\/fr\/wp-json\/wp\/v2\/pages\/54509\/revisions\/54510"}],"wp:attachment":[{"href":"https:\/\/bookstmartin.com\/fr\/wp-json\/wp\/v2\/media?parent=54509"}],"curies":[{"name":"wp","href":"https:\/\/api.w.org\/{rel}","templated":true}]}}