
{"id":54541,"date":"2026-01-03T18:54:18","date_gmt":"2026-01-03T22:54:18","guid":{"rendered":"https:\/\/bookstmartin.com\/a-propos\/"},"modified":"2026-03-22T13:33:21","modified_gmt":"2026-03-22T17:33:21","slug":"a-propos","status":"publish","type":"page","link":"https:\/\/bookstmartin.com\/fr\/a-propos\/","title":{"rendered":"\u00c0 propos"},"content":{"rendered":"\t\t<div data-elementor-type=\"wp-page\" data-elementor-id=\"54541\" class=\"elementor elementor-54541 elementor-49384\" data-elementor-post-type=\"page\">\n\t\t\t\t<div class=\"elementor-element elementor-element-6f7f674 e-con-full e-flex e-con e-parent\" data-id=\"6f7f674\" data-element_type=\"container\" data-e-type=\"container\" data-settings=\"{&quot;background_background&quot;:&quot;classic&quot;}\">\n\t\t\t\t<div class=\"elementor-element elementor-element-c9ebe10 elementor-widget elementor-widget-heading\" data-id=\"c9ebe10\" data-element_type=\"widget\" data-e-type=\"widget\" data-widget_type=\"heading.default\">\n\t\t\t\t\t<h1 class=\"elementor-heading-title elementor-size-default\">\u00c0 propos de nous<\/h1>\t\t\t\t<\/div>\n\t\t\t\t<\/div>\n\t\t\t\t<section class=\"elementor-section elementor-top-section elementor-element elementor-element-00ea0c6 elementor-section-boxed elementor-section-height-default elementor-section-height-default\" data-id=\"00ea0c6\" data-element_type=\"section\" data-e-type=\"section\" data-settings=\"{&quot;background_background&quot;:&quot;classic&quot;}\">\n\t\t\t\t\t\t\t<div class=\"elementor-background-overlay\"><\/div>\n\t\t\t\t\t\t\t<div class=\"elementor-container elementor-column-gap-wide\">\n\t\t\t\t\t<div class=\"elementor-column elementor-col-50 elementor-top-column elementor-element elementor-element-78dfe58\" data-id=\"78dfe58\" data-element_type=\"column\" data-e-type=\"column\">\n\t\t\t<div class=\"elementor-widget-wrap elementor-element-populated\">\n\t\t\t\t\t\t<div class=\"elementor-element elementor-element-fc16f30 elementor-widget elementor-widget-heading\" data-id=\"fc16f30\" data-element_type=\"widget\" data-e-type=\"widget\" data-widget_type=\"heading.default\">\n\t\t\t\t\t<h3 class=\"elementor-heading-title elementor-size-default\">\u00c0 propos de nous<\/h3>\t\t\t\t<\/div>\n\t\t\t\t<div class=\"elementor-element elementor-element-463c078 elementor-widget elementor-widget-text-editor\" data-id=\"463c078\" data-element_type=\"widget\" data-e-type=\"widget\" data-widget_type=\"text-editor.default\">\n\t\t\t\t\t\t\t\t\t<p>Nous avons fait de cette \u00eele notre foyer depuis pr\u00e8s de 25 ans et notre mission est simple : te mettre en relation directe avec des propri\u00e9taires s\u00e9rieux et fiables pour ta location de vacances, ainsi qu\u2019avec des p\u00e9pites locales qui rendront ton s\u00e9jour inoubliable. <br><br>Rien que l\u2019authenticit\u00e9 de St. Martin \/ St. Maarten, partag\u00e9e avec toi comme il se doit !<\/p>\t\t\t\t\t\t\t\t<\/div>\n\t\t\t\t<div class=\"elementor-element elementor-element-f5bebe9 elementor-widget elementor-widget-text-editor\" data-id=\"f5bebe9\" data-element_type=\"widget\" data-e-type=\"widget\" data-widget_type=\"text-editor.default\">\n\t\t\t\t\t\t\t\t\t<p><span style=\"color: #00cee3;\">Suis nos aventures insulaires et nos coups de c\u0153ur sur notre blog.<\/span><\/p>\t\t\t\t\t\t\t\t<\/div>\n\t\t\t\t<div class=\"elementor-element elementor-element-d7fecac elementor-widget elementor-widget-heading\" data-id=\"d7fecac\" data-element_type=\"widget\" data-e-type=\"widget\" data-widget_type=\"heading.default\">\n\t\t\t\t\t<h2 class=\"elementor-heading-title elementor-size-default\">#bookstmartin<\/h2>\t\t\t\t<\/div>\n\t\t<div class=\"elementor-element elementor-element-f05151a e-flex e-con-boxed e-con e-parent\" data-id=\"f05151a\" data-element_type=\"container\" data-e-type=\"container\">\n\t\t\t\t\t<div class=\"e-con-inner\">\n\t\t\t\t<div class=\"elementor-element elementor-element-fb20ddb e-grid-align-left elementor-shape-rounded elementor-grid-0 elementor-widget elementor-widget-social-icons\" data-id=\"fb20ddb\" data-element_type=\"widget\" data-e-type=\"widget\" data-widget_type=\"social-icons.default\">\n\t\t\t\t\t\t\t<div class=\"elementor-social-icons-wrapper elementor-grid\">\n\t\t\t\t\t\t\t<span class=\"elementor-grid-item\">\n\t\t\t\t\t<a class=\"elementor-icon elementor-social-icon elementor-social-icon-facebook-f elementor-repeater-item-2f307f6\" href=\"https:\/\/www.facebook.com\/bookstmartin\" target=\"_blank\">\n\t\t\t\t\t\t<span class=\"elementor-screen-only\">Facebook-f<\/span>\n\t\t\t\t\t\t<svg aria-hidden=\"true\" class=\"e-font-icon-svg e-fab-facebook-f\" viewBox=\"0 0 320 512\" xmlns=\"http:\/\/www.w3.org\/2000\/svg\"><path d=\"M279.14 288l14.22-92.66h-88.91v-60.13c0-25.35 12.42-50.06 52.24-50.06h40.42V6.26S260.43 0 225.36 0c-73.22 0-121.08 44.38-121.08 124.72v70.62H22.89V288h81.39v224h100.17V288z\"><\/path><\/svg>\t\t\t\t\t<\/a>\n\t\t\t\t<\/span>\n\t\t\t\t\t<\/div>\n\t\t\t\t\t\t<\/div>\n\t\t\t\t\t<\/div>\n\t\t\t\t<\/div>\n\t\t\t\t\t<\/div>\n\t\t<\/div>\n\t\t\t\t<div class=\"elementor-column elementor-col-50 elementor-top-column elementor-element elementor-element-976a953\" data-id=\"976a953\" data-element_type=\"column\" data-e-type=\"column\">\n\t\t\t<div class=\"elementor-widget-wrap elementor-element-populated\">\n\t\t\t\t\t\t<div class=\"elementor-element elementor-element-880805c elementor-widget elementor-widget-image\" data-id=\"880805c\" data-element_type=\"widget\" data-e-type=\"widget\" data-settings=\"{&quot;_animation&quot;:&quot;none&quot;}\" data-widget_type=\"image.default\">\n\t\t\t\t\t\t\t\t\t\t\t\t\t\t\t\t<a href=\"https:\/\/www.facebook.com\/bookstmartin\" target=\"_blank\">\n\t\t\t\t\t\t\t<img fetchpriority=\"high\" decoding=\"async\" width=\"1024\" height=\"560\" src=\"https:\/\/bookstmartin.com\/wp-content\/uploads\/2026\/03\/blog-1024x560.jpg\" class=\"attachment-large size-large wp-image-54542\" alt=\"\" srcset=\"https:\/\/bookstmartin.com\/wp-content\/uploads\/2026\/03\/blog-1024x560.jpg 1024w, https:\/\/bookstmartin.com\/wp-content\/uploads\/2026\/03\/blog-300x164.jpg 300w, https:\/\/bookstmartin.com\/wp-content\/uploads\/2026\/03\/blog-768x420.jpg 768w, https:\/\/bookstmartin.com\/wp-content\/uploads\/2026\/03\/blog.jpg 1367w\" sizes=\"(max-width: 1024px) 100vw, 1024px\" \/>\t\t\t\t\t\t\t\t<\/a>\n\t\t\t\t\t\t\t\t\t\t\t\t\t\t\t<\/div>\n\t\t\t\t\t<\/div>\n\t\t<\/div>\n\t\t\t\t\t<\/div>\n\t\t<\/section>\n\t\t\t\t<\/div>\n\t\t","protected":false},"excerpt":{"rendered":"<p>\u00c0 propos de nous \u00c0 propos de nous Nous avons fait de cette \u00eele notre foyer depuis pr\u00e8s de 25 ans et notre mission est simple : te mettre en relation directe avec des propri\u00e9taires s\u00e9rieux et fiables pour ta location de vacances, ainsi qu\u2019avec des p\u00e9pites locales qui rendront ton s\u00e9jour inoubliable. Rien que [&hellip;]<\/p>\n","protected":false},"author":4,"featured_media":0,"parent":0,"menu_order":0,"comment_status":"closed","ping_status":"closed","template":"elementor_header_footer","meta":{"_acf_changed":false,"footnotes":""},"class_list":["post-54541","page","type-page","status-publish","hentry"],"acf":[],"yoast_head":"<!-- This site is optimized with the Yoast SEO Premium plugin v27.3 (Yoast SEO v27.3) - https:\/\/yoast.com\/product\/yoast-seo-premium-wordpress\/ -->\n<title>\u00c0 propos - BookStMartin<\/title>\n<meta name=\"robots\" content=\"index, follow, max-snippet:-1, max-image-preview:large, max-video-preview:-1\" \/>\n<link rel=\"canonical\" href=\"https:\/\/bookstmartin.com\/fr\/a-propos\/\" \/>\n<meta property=\"og:locale\" content=\"fr_FR\" \/>\n<meta property=\"og:type\" content=\"article\" \/>\n<meta property=\"og:title\" content=\"\u00c0 propos\" \/>\n<meta property=\"og:description\" content=\"\u00c0 propos de nous \u00c0 propos de nous Nous avons fait de cette \u00eele notre foyer depuis pr\u00e8s de 25 ans et notre mission est simple : te mettre en relation directe avec des propri\u00e9taires s\u00e9rieux et fiables pour ta location de vacances, ainsi qu\u2019avec des p\u00e9pites locales qui rendront ton s\u00e9jour inoubliable. Rien que [&hellip;]\" \/>\n<meta property=\"og:url\" content=\"https:\/\/bookstmartin.com\/fr\/a-propos\/\" \/>\n<meta property=\"og:site_name\" content=\"BookStMartin\" \/>\n<meta property=\"article:publisher\" content=\"https:\/\/www.facebook.com\/bookstmartin\/\" \/>\n<meta property=\"article:modified_time\" content=\"2026-03-22T17:33:21+00:00\" \/>\n<meta property=\"og:image\" content=\"https:\/\/bookstmartin.com\/wp-content\/uploads\/2026\/03\/blog.jpg\" \/>\n\t<meta property=\"og:image:width\" content=\"1367\" \/>\n\t<meta property=\"og:image:height\" content=\"747\" \/>\n\t<meta property=\"og:image:type\" content=\"image\/jpeg\" \/>\n<meta name=\"twitter:card\" content=\"summary_large_image\" \/>\n<meta name=\"twitter:label1\" content=\"Dur\u00e9e de lecture estim\u00e9e\" \/>\n\t<meta name=\"twitter:data1\" content=\"1 minute\" \/>\n<script type=\"application\/ld+json\" class=\"yoast-schema-graph\">{\"@context\":\"https:\\\/\\\/schema.org\",\"@graph\":[]}<\/script>\n<!-- \/ Yoast SEO Premium plugin. -->","yoast_head_json":{"title":"\u00c0 propos - BookStMartin","robots":{"index":"index","follow":"follow","max-snippet":"max-snippet:-1","max-image-preview":"max-image-preview:large","max-video-preview":"max-video-preview:-1"},"canonical":"https:\/\/bookstmartin.com\/fr\/a-propos\/","og_locale":"fr_FR","og_type":"article","og_title":"\u00c0 propos","og_description":"\u00c0 propos de nous \u00c0 propos de nous Nous avons fait de cette \u00eele notre foyer depuis pr\u00e8s de 25 ans et notre mission est simple : te mettre en relation directe avec des propri\u00e9taires s\u00e9rieux et fiables pour ta location de vacances, ainsi qu\u2019avec des p\u00e9pites locales qui rendront ton s\u00e9jour inoubliable. Rien que [&hellip;]","og_url":"https:\/\/bookstmartin.com\/fr\/a-propos\/","og_site_name":"BookStMartin","article_publisher":"https:\/\/www.facebook.com\/bookstmartin\/","article_modified_time":"2026-03-22T17:33:21+00:00","og_image":[{"width":1367,"height":747,"url":"https:\/\/bookstmartin.com\/wp-content\/uploads\/2026\/03\/blog.jpg","type":"image\/jpeg"}],"twitter_card":"summary_large_image","twitter_misc":{"Dur\u00e9e de lecture estim\u00e9e":"1 minute"},"schema":{"@context":"https:\/\/schema.org","@graph":[]}},"_links":{"self":[{"href":"https:\/\/bookstmartin.com\/fr\/wp-json\/wp\/v2\/pages\/54541","targetHints":{"allow":["GET"]}}],"collection":[{"href":"https:\/\/bookstmartin.com\/fr\/wp-json\/wp\/v2\/pages"}],"about":[{"href":"https:\/\/bookstmartin.com\/fr\/wp-json\/wp\/v2\/types\/page"}],"author":[{"embeddable":true,"href":"https:\/\/bookstmartin.com\/fr\/wp-json\/wp\/v2\/users\/4"}],"replies":[{"embeddable":true,"href":"https:\/\/bookstmartin.com\/fr\/wp-json\/wp\/v2\/comments?post=54541"}],"version-history":[{"count":4,"href":"https:\/\/bookstmartin.com\/fr\/wp-json\/wp\/v2\/pages\/54541\/revisions"}],"predecessor-version":[{"id":60591,"href":"https:\/\/bookstmartin.com\/fr\/wp-json\/wp\/v2\/pages\/54541\/revisions\/60591"}],"wp:attachment":[{"href":"https:\/\/bookstmartin.com\/fr\/wp-json\/wp\/v2\/media?parent=54541"}],"curies":[{"name":"wp","href":"https:\/\/api.w.org\/{rel}","templated":true}]}}