
{"id":54547,"date":"2025-10-16T14:02:34","date_gmt":"2025-10-16T18:02:34","guid":{"rendered":"https:\/\/bookstmartin.com\/villas-naturistes-a-saint-martin\/"},"modified":"2026-03-10T13:27:08","modified_gmt":"2026-03-10T17:27:08","slug":"villas-naturistes-a-saint-martin","status":"publish","type":"page","link":"https:\/\/bookstmartin.com\/fr\/villas-naturistes-a-saint-martin\/","title":{"rendered":"Villas naturistes \u00e0 Saint-Martin"},"content":{"rendered":"\t\t<div data-elementor-type=\"wp-page\" data-elementor-id=\"54547\" class=\"elementor elementor-54547 elementor-47683\" data-elementor-post-type=\"page\">\n\t\t\t\t<div class=\"elementor-element elementor-element-272b210 e-flex e-con-boxed e-con e-parent\" data-id=\"272b210\" data-element_type=\"container\" data-e-type=\"container\">\n\t\t\t\t\t<div class=\"e-con-inner\">\n\t\t\t\t<div class=\"elementor-element elementor-element-b8b6d54 elementor-widget elementor-widget-html\" data-id=\"b8b6d54\" data-element_type=\"widget\" data-e-type=\"widget\" data-widget_type=\"html.default\">\n\t\t\t\t\t<div style=\"display:none;\">\r\n  <p>\r\n Trouve les meilleures <strong>locations de villas \u00e0 Saint-Martin<\/strong> avec BookStMartin. \r\n De la Baie Orientale aux Terres Basses, d\u00e9couvre des villas en bord de mer et des \r\n refuges \u00e0 flanc de colline g\u00e9r\u00e9s directement par des h\u00f4tes locaux.\r\n  <\/p>\r\n  <p>\r\n Notre s\u00e9lection de <strong>locations de villas \u00e0 Saint-Martin<\/strong> comprend \r\n des maisons familiales, des refuges romantiques et des h\u00e9bergements de groupe. \r\n R\u00e9serve directement aupr\u00e8s des propri\u00e9taires et profite de prix transparents sans frais cach\u00e9s.\r\n  <\/p>\r\n  <p>\r\n Que tu recherches des <strong>locations de vacances \u00e0 Saint-Martin<\/strong>, \r\n des villas de luxe ou des maisons insulaires confortables, nous t'aidons \u00e0 planifier ton s\u00e9jour aux Cara\u00efbes. \r\n Explore nos annonces et connecte-toi avec des h\u00f4tes locaux d\u00e8s aujourd'hui.\r\n  <\/p>\r\n<\/div>\r\n\t\t\t\t<\/div>\n\t\t\t\t\t<\/div>\n\t\t\t\t<\/div>\n\t\t<div class=\"elementor-element elementor-element-940bad8 e-flex e-con-boxed e-con e-parent\" data-id=\"940bad8\" data-element_type=\"container\" data-e-type=\"container\" data-settings=\"{&quot;background_background&quot;:&quot;classic&quot;}\">\n\t\t\t\t\t<div class=\"e-con-inner\">\n\t\t\t\t<div class=\"elementor-element elementor-element-38b47e9 elementor-widget elementor-widget-heading\" data-id=\"38b47e9\" data-element_type=\"widget\" data-e-type=\"widget\" data-widget_type=\"heading.default\">\n\t\t\t\t\t<h1 class=\"elementor-heading-title elementor-size-default\">Villas Naturistes \u00e0 Saint-Martin<\/h1>\t\t\t\t<\/div>\n\t\t\t\t<div class=\"elementor-element elementor-element-8a29fef elementor-widget elementor-widget-custom_listing_widget\" data-id=\"8a29fef\" data-element_type=\"widget\" data-e-type=\"widget\" data-widget_type=\"custom_listing_widget.default\">\n\t\t\t\t<div class=\"elementor-widget-container\">\n\t\t\t\t\t        <section class=\"property-listings\">\n            <div class=\"grid grid-cols-3 gap-4\">\n                                                            \n\n<div class=\"nfs-listing-col\">\n  <div class=\"nfs-listing-card\"\n       style=\"text-align:left; padding:10px; border:1px solid #e0e0e0;\n              border-radius:14px; overflow:hidden;\n              box-shadow:0 3px 10px rgba(0,0,0,0.08);\">\n    <a href=\"https:\/\/bookstmartin.com\/fr\/listing\/villa-acropole-orient-bay\/\" class=\"nfs-listing-link\" style=\"display:block; text-decoration:none; color:inherit;\">\n      \n              <div class=\"nfs-listing-image\"\n     style=\"background-image:url('https:\/\/bookstmartin.com\/wp-content\/uploads\/2025\/09\/bb18f633-ccbe-48bc-8308-6669286279f6-1024x683.jpg');\n            height:200px; width:100%; margin:0;\n            background-size:cover; background-position:center;\n            border-radius:14px 14px 0 0;\">\n<\/div>\n\n      \n      <div class=\"nfs-listing-content\" style=\"color:#333; font-family:'Poppins',sans-serif;\">\n        <h3 class=\"nfs-listing-title\"\n    style=\"margin:15px 0 8px; font-size:16px; font-weight:700;\n           white-space:nowrap; overflow:hidden; text-overflow:ellipsis; max-width:100%; display:block;\">\n  Villa Acropole &#8211; Orient Bay<\/h3>\n\n\n<div class=\"nfs-meta\"\n     style=\"font-size:12px; margin:6px 0 2px; color:#555; line-height:1.2;\">\n  6 voyageurs  <span style=\"display:inline-block; width:4px; height:4px; margin:0 8px; background:#999; border-radius:50%; vertical-align:middle;\"><\/span>\n  3 chambres  <span style=\"display:inline-block; width:4px; height:4px; margin:0 8px; background:#999; border-radius:50%; vertical-align:middle;\"><\/span>\n  3 SDB<\/div>\n\n\n\n<p style=\"border-top:1px solid #ddd; margin:10px 0 0; padding-top:8px; font-size:14px; font-weight:500; color:#222;\">\n  A partir de $426 \/ nuit<\/p>\n\n      <\/div>\n    <\/a>\n  <\/div>\n<\/div>\n\n\n                                            \n\n<div class=\"nfs-listing-col\">\n  <div class=\"nfs-listing-card\"\n       style=\"text-align:left; padding:10px; border:1px solid #e0e0e0;\n              border-radius:14px; overflow:hidden;\n              box-shadow:0 3px 10px rgba(0,0,0,0.08);\">\n    <a href=\"https:\/\/bookstmartin.com\/fr\/listing\/villa-paloma-adaptee-aux-naturistes\/\" class=\"nfs-listing-link\" style=\"display:block; text-decoration:none; color:inherit;\">\n      \n              <div class=\"nfs-listing-image\"\n     style=\"background-image:url('https:\/\/bookstmartin.com\/wp-content\/uploads\/2024\/03\/1e3e1ce9-1024x768.jpg');\n            height:200px; width:100%; margin:0;\n            background-size:cover; background-position:center;\n            border-radius:14px 14px 0 0;\">\n<\/div>\n\n      \n      <div class=\"nfs-listing-content\" style=\"color:#333; font-family:'Poppins',sans-serif;\">\n        <h3 class=\"nfs-listing-title\"\n    style=\"margin:15px 0 8px; font-size:16px; font-weight:700;\n           white-space:nowrap; overflow:hidden; text-overflow:ellipsis; max-width:100%; display:block;\">\n  Villa Paloma &#8211; Adapt\u00e9e aux naturiste\u2026<\/h3>\n\n\n<div class=\"nfs-meta\"\n     style=\"font-size:12px; margin:6px 0 2px; color:#555; line-height:1.2;\">\n  4 voyageurs  <span style=\"display:inline-block; width:4px; height:4px; margin:0 8px; background:#999; border-radius:50%; vertical-align:middle;\"><\/span>\n  2 chambres  <span style=\"display:inline-block; width:4px; height:4px; margin:0 8px; background:#999; border-radius:50%; vertical-align:middle;\"><\/span>\n  2 SDB<\/div>\n\n\n\n<p style=\"border-top:1px solid #ddd; margin:10px 0 0; padding-top:8px; font-size:14px; font-weight:500; color:#222;\">\n  A partir de $430 \/ nuit<\/p>\n\n      <\/div>\n    <\/a>\n  <\/div>\n<\/div>\n\n\n                                            \n\n<div class=\"nfs-listing-col\">\n  <div class=\"nfs-listing-card\"\n       style=\"text-align:left; padding:10px; border:1px solid #e0e0e0;\n              border-radius:14px; overflow:hidden;\n              box-shadow:0 3px 10px rgba(0,0,0,0.08);\">\n    <a href=\"https:\/\/bookstmartin.com\/fr\/listing\/villa-casa-antilla-villa-accueillant-les-naturistes\/\" class=\"nfs-listing-link\" style=\"display:block; text-decoration:none; color:inherit;\">\n      \n              <div class=\"nfs-listing-image\"\n     style=\"background-image:url('https:\/\/bookstmartin.com\/wp-content\/uploads\/2025\/11\/1-CASA-ANTILLA-Copie-1024x576.jpg');\n            height:200px; width:100%; margin:0;\n            background-size:cover; background-position:center;\n            border-radius:14px 14px 0 0;\">\n<\/div>\n\n      \n      <div class=\"nfs-listing-content\" style=\"color:#333; font-family:'Poppins',sans-serif;\">\n        <h3 class=\"nfs-listing-title\"\n    style=\"margin:15px 0 8px; font-size:16px; font-weight:700;\n           white-space:nowrap; overflow:hidden; text-overflow:ellipsis; max-width:100%; display:block;\">\n  VILLA CASA ANTILLA &#8211; Villa accueilla\u2026<\/h3>\n\n\n<div class=\"nfs-meta\"\n     style=\"font-size:12px; margin:6px 0 2px; color:#555; line-height:1.2;\">\n  6 voyageurs  <span style=\"display:inline-block; width:4px; height:4px; margin:0 8px; background:#999; border-radius:50%; vertical-align:middle;\"><\/span>\n  3 chambres  <span style=\"display:inline-block; width:4px; height:4px; margin:0 8px; background:#999; border-radius:50%; vertical-align:middle;\"><\/span>\n  2 SDB<\/div>\n\n\n\n<p style=\"border-top:1px solid #ddd; margin:10px 0 0; padding-top:8px; font-size:14px; font-weight:500; color:#222;\">\n  A partir de $276 \/ nuit<\/p>\n\n      <\/div>\n    <\/a>\n  <\/div>\n<\/div>\n\n\n                                            \n\n<div class=\"nfs-listing-col\">\n  <div class=\"nfs-listing-card\"\n       style=\"text-align:left; padding:10px; border:1px solid #e0e0e0;\n              border-radius:14px; overflow:hidden;\n              box-shadow:0 3px 10px rgba(0,0,0,0.08);\">\n    <a href=\"https:\/\/bookstmartin.com\/fr\/listing\/villa-natica-villa-naturiste-optionnel\/\" class=\"nfs-listing-link\" style=\"display:block; text-decoration:none; color:inherit;\">\n      \n              <div class=\"nfs-listing-image\"\n     style=\"background-image:url('https:\/\/bookstmartin.com\/wp-content\/uploads\/2025\/10\/501430477.jpg');\n            height:200px; width:100%; margin:0;\n            background-size:cover; background-position:center;\n            border-radius:14px 14px 0 0;\">\n<\/div>\n\n      \n      <div class=\"nfs-listing-content\" style=\"color:#333; font-family:'Poppins',sans-serif;\">\n        <h3 class=\"nfs-listing-title\"\n    style=\"margin:15px 0 8px; font-size:16px; font-weight:700;\n           white-space:nowrap; overflow:hidden; text-overflow:ellipsis; max-width:100%; display:block;\">\n  VILLA NATICA &#8211; Villa naturiste (opti\u2026<\/h3>\n\n\n<div class=\"nfs-meta\"\n     style=\"font-size:12px; margin:6px 0 2px; color:#555; line-height:1.2;\">\n  6 voyageurs  <span style=\"display:inline-block; width:4px; height:4px; margin:0 8px; background:#999; border-radius:50%; vertical-align:middle;\"><\/span>\n  3 chambres  <span style=\"display:inline-block; width:4px; height:4px; margin:0 8px; background:#999; border-radius:50%; vertical-align:middle;\"><\/span>\n  2 SDB<\/div>\n\n\n\n<p style=\"border-top:1px solid #ddd; margin:10px 0 0; padding-top:8px; font-size:14px; font-weight:500; color:#222;\">\n  A partir de $240 \/ nuit<\/p>\n\n      <\/div>\n    <\/a>\n  <\/div>\n<\/div>\n\n\n                                            \n\n<div class=\"nfs-listing-col\">\n  <div class=\"nfs-listing-card\"\n       style=\"text-align:left; padding:10px; border:1px solid #e0e0e0;\n              border-radius:14px; overflow:hidden;\n              box-shadow:0 3px 10px rgba(0,0,0,0.08);\">\n    <a href=\"https:\/\/bookstmartin.com\/fr\/listing\/villa-bruneva-villa-naturiste\/\" class=\"nfs-listing-link\" style=\"display:block; text-decoration:none; color:inherit;\">\n      \n              <div class=\"nfs-listing-image\"\n     style=\"background-image:url('https:\/\/bookstmartin.com\/wp-content\/uploads\/2025\/10\/20250728_153058553_iOS.webp');\n            height:200px; width:100%; margin:0;\n            background-size:cover; background-position:center;\n            border-radius:14px 14px 0 0;\">\n<\/div>\n\n      \n      <div class=\"nfs-listing-content\" style=\"color:#333; font-family:'Poppins',sans-serif;\">\n        <h3 class=\"nfs-listing-title\"\n    style=\"margin:15px 0 8px; font-size:16px; font-weight:700;\n           white-space:nowrap; overflow:hidden; text-overflow:ellipsis; max-width:100%; display:block;\">\n  VILLA BRUNEVA &#8211; Villa naturiste<\/h3>\n\n\n<div class=\"nfs-meta\"\n     style=\"font-size:12px; margin:6px 0 2px; color:#555; line-height:1.2;\">\n  6 voyageurs  <span style=\"display:inline-block; width:4px; height:4px; margin:0 8px; background:#999; border-radius:50%; vertical-align:middle;\"><\/span>\n  3 chambres  <span style=\"display:inline-block; width:4px; height:4px; margin:0 8px; background:#999; border-radius:50%; vertical-align:middle;\"><\/span>\n  2 SDB<\/div>\n\n\n\n<p style=\"border-top:1px solid #ddd; margin:10px 0 0; padding-top:8px; font-size:14px; font-weight:500; color:#222;\">\n  A partir de $276 \/ nuit<\/p>\n\n      <\/div>\n    <\/a>\n  <\/div>\n<\/div>\n\n\n                                            \n\n<div class=\"nfs-listing-col\">\n  <div class=\"nfs-listing-card\"\n       style=\"text-align:left; padding:10px; border:1px solid #e0e0e0;\n              border-radius:14px; overflow:hidden;\n              box-shadow:0 3px 10px rgba(0,0,0,0.08);\">\n    <a href=\"https:\/\/bookstmartin.com\/fr\/listing\/chouchou-charmant-bungalow-avec-piscine\/\" class=\"nfs-listing-link\" style=\"display:block; text-decoration:none; color:inherit;\">\n      \n              <div class=\"nfs-listing-image\"\n     style=\"background-image:url('https:\/\/bookstmartin.com\/wp-content\/uploads\/2025\/09\/0de4df3f-1024x683.jpg');\n            height:200px; width:100%; margin:0;\n            background-size:cover; background-position:center;\n            border-radius:14px 14px 0 0;\">\n<\/div>\n\n      \n      <div class=\"nfs-listing-content\" style=\"color:#333; font-family:'Poppins',sans-serif;\">\n        <h3 class=\"nfs-listing-title\"\n    style=\"margin:15px 0 8px; font-size:16px; font-weight:700;\n           white-space:nowrap; overflow:hidden; text-overflow:ellipsis; max-width:100%; display:block;\">\n  Chouchou &#8211; Charmant bungalow avec pi\u2026<\/h3>\n\n\n<div class=\"nfs-meta\"\n     style=\"font-size:12px; margin:6px 0 2px; color:#555; line-height:1.2;\">\n  2 voyageurs  <span style=\"display:inline-block; width:4px; height:4px; margin:0 8px; background:#999; border-radius:50%; vertical-align:middle;\"><\/span>\n  1 chambre  <span style=\"display:inline-block; width:4px; height:4px; margin:0 8px; background:#999; border-radius:50%; vertical-align:middle;\"><\/span>\n  1 SDB<\/div>\n\n\n\n<p style=\"border-top:1px solid #ddd; margin:10px 0 0; padding-top:8px; font-size:14px; font-weight:500; color:#222;\">\n  A partir de $204 \/ nuit<\/p>\n\n      <\/div>\n    <\/a>\n  <\/div>\n<\/div>\n\n\n                                            \n\n<div class=\"nfs-listing-col\">\n  <div class=\"nfs-listing-card\"\n       style=\"text-align:left; padding:10px; border:1px solid #e0e0e0;\n              border-radius:14px; overflow:hidden;\n              box-shadow:0 3px 10px rgba(0,0,0,0.08);\">\n    <a href=\"https:\/\/bookstmartin.com\/fr\/listing\/villa-saba-deluxe-3-chambres\/\" class=\"nfs-listing-link\" style=\"display:block; text-decoration:none; color:inherit;\">\n      \n              <div class=\"nfs-listing-image\"\n     style=\"background-image:url('https:\/\/bookstmartin.com\/wp-content\/uploads\/2025\/09\/AMM-46_24_11zon-1024x683.jpg');\n            height:200px; width:100%; margin:0;\n            background-size:cover; background-position:center;\n            border-radius:14px 14px 0 0;\">\n<\/div>\n\n      \n      <div class=\"nfs-listing-content\" style=\"color:#333; font-family:'Poppins',sans-serif;\">\n        <h3 class=\"nfs-listing-title\"\n    style=\"margin:15px 0 8px; font-size:16px; font-weight:700;\n           white-space:nowrap; overflow:hidden; text-overflow:ellipsis; max-width:100%; display:block;\">\n  Villa Saba &#8211; Deluxe 3 chambres<\/h3>\n\n\n<div class=\"nfs-meta\"\n     style=\"font-size:12px; margin:6px 0 2px; color:#555; line-height:1.2;\">\n  6 voyageurs  <span style=\"display:inline-block; width:4px; height:4px; margin:0 8px; background:#999; border-radius:50%; vertical-align:middle;\"><\/span>\n  3 chambres  <span style=\"display:inline-block; width:4px; height:4px; margin:0 8px; background:#999; border-radius:50%; vertical-align:middle;\"><\/span>\n  3 SDB<\/div>\n\n\n\n<p style=\"border-top:1px solid #ddd; margin:10px 0 0; padding-top:8px; font-size:14px; font-weight:500; color:#222;\">\n  A partir de $362 \/ nuit<\/p>\n\n      <\/div>\n    <\/a>\n  <\/div>\n<\/div>\n\n\n                                            \n\n<div class=\"nfs-listing-col\">\n  <div class=\"nfs-listing-card\"\n       style=\"text-align:left; padding:10px; border:1px solid #e0e0e0;\n              border-radius:14px; overflow:hidden;\n              box-shadow:0 3px 10px rgba(0,0,0,0.08);\">\n    <a href=\"https:\/\/bookstmartin.com\/fr\/listing\/villa-ele-villa-naturiste\/\" class=\"nfs-listing-link\" style=\"display:block; text-decoration:none; color:inherit;\">\n      \n              <div class=\"nfs-listing-image\"\n     style=\"background-image:url('https:\/\/bookstmartin.com\/wp-content\/uploads\/2025\/09\/68511d82-260d-4698-8e54-e413f99e3605-1024x683.webp');\n            height:200px; width:100%; margin:0;\n            background-size:cover; background-position:center;\n            border-radius:14px 14px 0 0;\">\n<\/div>\n\n      \n      <div class=\"nfs-listing-content\" style=\"color:#333; font-family:'Poppins',sans-serif;\">\n        <h3 class=\"nfs-listing-title\"\n    style=\"margin:15px 0 8px; font-size:16px; font-weight:700;\n           white-space:nowrap; overflow:hidden; text-overflow:ellipsis; max-width:100%; display:block;\">\n  Villa El\u00e9 &#8211; Villa naturiste<\/h3>\n\n\n<div class=\"nfs-meta\"\n     style=\"font-size:12px; margin:6px 0 2px; color:#555; line-height:1.2;\">\n  6 voyageurs  <span style=\"display:inline-block; width:4px; height:4px; margin:0 8px; background:#999; border-radius:50%; vertical-align:middle;\"><\/span>\n  4 chambres  <span style=\"display:inline-block; width:4px; height:4px; margin:0 8px; background:#999; border-radius:50%; vertical-align:middle;\"><\/span>\n  4 SDB<\/div>\n\n\n\n<p style=\"border-top:1px solid #ddd; margin:10px 0 0; padding-top:8px; font-size:14px; font-weight:500; color:#222;\">\n  A partir de $840 \/ nuit<\/p>\n\n      <\/div>\n    <\/a>\n  <\/div>\n<\/div>\n\n\n                                            \n\n<div class=\"nfs-listing-col\">\n  <div class=\"nfs-listing-card\"\n       style=\"text-align:left; padding:10px; border:1px solid #e0e0e0;\n              border-radius:14px; overflow:hidden;\n              box-shadow:0 3px 10px rgba(0,0,0,0.08);\">\n    <a href=\"https:\/\/bookstmartin.com\/fr\/listing\/casa-del-jefe-4-ch-piscine-a-debordement\/\" class=\"nfs-listing-link\" style=\"display:block; text-decoration:none; color:inherit;\">\n      \n              <div class=\"nfs-listing-image\"\n     style=\"background-image:url('https:\/\/bookstmartin.com\/wp-content\/uploads\/2025\/09\/A-1024x658.jpg');\n            height:200px; width:100%; margin:0;\n            background-size:cover; background-position:center;\n            border-radius:14px 14px 0 0;\">\n<\/div>\n\n      \n      <div class=\"nfs-listing-content\" style=\"color:#333; font-family:'Poppins',sans-serif;\">\n        <h3 class=\"nfs-listing-title\"\n    style=\"margin:15px 0 8px; font-size:16px; font-weight:700;\n           white-space:nowrap; overflow:hidden; text-overflow:ellipsis; max-width:100%; display:block;\">\n  Casa del Jefe 4 ch. \u2013 Piscine \u00e0 d\u00e9bordemen\u2026<\/h3>\n\n\n<div class=\"nfs-meta\"\n     style=\"font-size:12px; margin:6px 0 2px; color:#555; line-height:1.2;\">\n  8 voyageurs  <span style=\"display:inline-block; width:4px; height:4px; margin:0 8px; background:#999; border-radius:50%; vertical-align:middle;\"><\/span>\n  3 chambres  <span style=\"display:inline-block; width:4px; height:4px; margin:0 8px; background:#999; border-radius:50%; vertical-align:middle;\"><\/span>\n  3 SDB<\/div>\n\n\n\n<p style=\"border-top:1px solid #ddd; margin:10px 0 0; padding-top:8px; font-size:14px; font-weight:500; color:#222;\">\n  A partir de $568 \/ nuit<\/p>\n\n      <\/div>\n    <\/a>\n  <\/div>\n<\/div>\n\n\n                                            \n\n<div class=\"nfs-listing-col\">\n  <div class=\"nfs-listing-card\"\n       style=\"text-align:left; padding:10px; border:1px solid #e0e0e0;\n              border-radius:14px; overflow:hidden;\n              box-shadow:0 3px 10px rgba(0,0,0,0.08);\">\n    <a href=\"https:\/\/bookstmartin.com\/fr\/listing\/casa-del-jefe-3-chambres-luxe-sur-les-hauteurs\/\" class=\"nfs-listing-link\" style=\"display:block; text-decoration:none; color:inherit;\">\n      \n              <div class=\"nfs-listing-image\"\n     style=\"background-image:url('https:\/\/bookstmartin.com\/wp-content\/uploads\/2025\/09\/4-1-1024x658.jpg');\n            height:200px; width:100%; margin:0;\n            background-size:cover; background-position:center;\n            border-radius:14px 14px 0 0;\">\n<\/div>\n\n      \n      <div class=\"nfs-listing-content\" style=\"color:#333; font-family:'Poppins',sans-serif;\">\n        <h3 class=\"nfs-listing-title\"\n    style=\"margin:15px 0 8px; font-size:16px; font-weight:700;\n           white-space:nowrap; overflow:hidden; text-overflow:ellipsis; max-width:100%; display:block;\">\n  Casa del Jefe 3 chambres \u2013 Luxe sur les ha\u2026<\/h3>\n\n\n<div class=\"nfs-meta\"\n     style=\"font-size:12px; margin:6px 0 2px; color:#555; line-height:1.2;\">\n  6 voyageurs  <span style=\"display:inline-block; width:4px; height:4px; margin:0 8px; background:#999; border-radius:50%; vertical-align:middle;\"><\/span>\n  3 chambres  <span style=\"display:inline-block; width:4px; height:4px; margin:0 8px; background:#999; border-radius:50%; vertical-align:middle;\"><\/span>\n  3 SDB<\/div>\n\n\n\n<p style=\"border-top:1px solid #ddd; margin:10px 0 0; padding-top:8px; font-size:14px; font-weight:500; color:#222;\">\n  A partir de $442 \/ nuit<\/p>\n\n      <\/div>\n    <\/a>\n  <\/div>\n<\/div>\n\n\n                                                <\/div>\n        <\/section>\n        \t\t\t\t<\/div>\n\t\t\t\t<\/div>\n\t\t\t\t\t<\/div>\n\t\t\t\t<\/div>\n\t\t\t\t<\/div>\n\t\t","protected":false},"excerpt":{"rendered":"<p>Trouve les meilleures locations de villas \u00e0 Saint-Martin avec BookStMartin. De la Baie Orientale aux Terres Basses, d\u00e9couvre des villas en bord de mer et des refuges \u00e0 flanc de colline g\u00e9r\u00e9s directement par des h\u00f4tes locaux. Notre s\u00e9lection de locations de villas \u00e0 Saint-Martin comprend des maisons familiales, des refuges romantiques et des h\u00e9bergements [&hellip;]<\/p>\n","protected":false},"author":4,"featured_media":54516,"parent":0,"menu_order":0,"comment_status":"closed","ping_status":"closed","template":"elementor_header_footer","meta":{"_acf_changed":false,"footnotes":""},"class_list":["post-54547","page","type-page","status-publish","has-post-thumbnail","hentry"],"acf":[],"yoast_head":"<!-- This site is optimized with the Yoast SEO Premium plugin v27.4 (Yoast SEO v27.4) - https:\/\/yoast.com\/product\/yoast-seo-premium-wordpress\/ -->\n<title>Villas naturistes \u00e0 Saint-Martin \u2013 R\u00e9serve directement aupr\u00e8s des propri\u00e9taires<\/title>\n<meta name=\"description\" content=\"Trouve ta villa naturiste id\u00e9ale \u00e0 Saint-Martin. R\u00e9serve directement aupr\u00e8s des propri\u00e9taires, sans commissions, et profite d&#039;un s\u00e9jour carib\u00e9en plus authentique.\" \/>\n<meta name=\"robots\" content=\"index, follow, max-snippet:-1, max-image-preview:large, max-video-preview:-1\" \/>\n<link rel=\"canonical\" href=\"https:\/\/bookstmartin.com\/clothing-optional-villas\/\" \/>\n<meta property=\"og:locale\" content=\"fr_FR\" \/>\n<meta property=\"og:type\" content=\"article\" \/>\n<meta property=\"og:title\" content=\"Villas naturistes \u00e0 Saint-Martin\" \/>\n<meta property=\"og:description\" content=\"Trouve ta villa naturiste id\u00e9ale \u00e0 Saint-Martin. R\u00e9serve directement aupr\u00e8s des propri\u00e9taires, sans commissions, et profite d&#039;un s\u00e9jour carib\u00e9en plus authentique.\" \/>\n<meta property=\"og:url\" content=\"https:\/\/bookstmartin.com\/clothing-optional-villas\/\" \/>\n<meta property=\"og:site_name\" content=\"BookStMartin\" \/>\n<meta property=\"article:publisher\" content=\"https:\/\/www.facebook.com\/bookstmartin\/\" \/>\n<meta property=\"article:modified_time\" content=\"2026-03-10T17:27:08+00:00\" \/>\n<meta property=\"og:image\" content=\"https:\/\/bookstmartin.com\/wp-content\/uploads\/2025\/10\/Saintmartin_Holidays_Villarocher_3-2.jpg\" \/>\n\t<meta property=\"og:image:width\" content=\"1438\" \/>\n\t<meta property=\"og:image:height\" content=\"960\" \/>\n\t<meta property=\"og:image:type\" content=\"image\/jpeg\" \/>\n<meta name=\"twitter:card\" content=\"summary_large_image\" \/>\n<meta name=\"twitter:label1\" content=\"Dur\u00e9e de lecture estim\u00e9e\" \/>\n\t<meta name=\"twitter:data1\" content=\"1 minute\" \/>\n<script type=\"application\/ld+json\" class=\"yoast-schema-graph\">{\"@context\":\"https:\\\/\\\/schema.org\",\"@graph\":[]}<\/script>\n<!-- \/ Yoast SEO Premium plugin. -->","yoast_head_json":{"title":"Villas naturistes \u00e0 Saint-Martin \u2013 R\u00e9serve directement aupr\u00e8s des propri\u00e9taires","description":"Trouve ta villa naturiste id\u00e9ale \u00e0 Saint-Martin. R\u00e9serve directement aupr\u00e8s des propri\u00e9taires, sans commissions, et profite d'un s\u00e9jour carib\u00e9en plus authentique.","robots":{"index":"index","follow":"follow","max-snippet":"max-snippet:-1","max-image-preview":"max-image-preview:large","max-video-preview":"max-video-preview:-1"},"canonical":"https:\/\/bookstmartin.com\/clothing-optional-villas\/","og_locale":"fr_FR","og_type":"article","og_title":"Villas naturistes \u00e0 Saint-Martin","og_description":"Trouve ta villa naturiste id\u00e9ale \u00e0 Saint-Martin. R\u00e9serve directement aupr\u00e8s des propri\u00e9taires, sans commissions, et profite d'un s\u00e9jour carib\u00e9en plus authentique.","og_url":"https:\/\/bookstmartin.com\/clothing-optional-villas\/","og_site_name":"BookStMartin","article_publisher":"https:\/\/www.facebook.com\/bookstmartin\/","article_modified_time":"2026-03-10T17:27:08+00:00","og_image":[{"width":1438,"height":960,"url":"https:\/\/bookstmartin.com\/wp-content\/uploads\/2025\/10\/Saintmartin_Holidays_Villarocher_3-2.jpg","type":"image\/jpeg"}],"twitter_card":"summary_large_image","twitter_misc":{"Dur\u00e9e de lecture estim\u00e9e":"1 minute"},"schema":{"@context":"https:\/\/schema.org","@graph":[]}},"_links":{"self":[{"href":"https:\/\/bookstmartin.com\/fr\/wp-json\/wp\/v2\/pages\/54547","targetHints":{"allow":["GET"]}}],"collection":[{"href":"https:\/\/bookstmartin.com\/fr\/wp-json\/wp\/v2\/pages"}],"about":[{"href":"https:\/\/bookstmartin.com\/fr\/wp-json\/wp\/v2\/types\/page"}],"author":[{"embeddable":true,"href":"https:\/\/bookstmartin.com\/fr\/wp-json\/wp\/v2\/users\/4"}],"replies":[{"embeddable":true,"href":"https:\/\/bookstmartin.com\/fr\/wp-json\/wp\/v2\/comments?post=54547"}],"version-history":[{"count":13,"href":"https:\/\/bookstmartin.com\/fr\/wp-json\/wp\/v2\/pages\/54547\/revisions"}],"predecessor-version":[{"id":58889,"href":"https:\/\/bookstmartin.com\/fr\/wp-json\/wp\/v2\/pages\/54547\/revisions\/58889"}],"wp:featuredmedia":[{"embeddable":true,"href":"https:\/\/bookstmartin.com\/fr\/wp-json\/wp\/v2\/media\/54516"}],"wp:attachment":[{"href":"https:\/\/bookstmartin.com\/fr\/wp-json\/wp\/v2\/media?parent=54547"}],"curies":[{"name":"wp","href":"https:\/\/api.w.org\/{rel}","templated":true}]}}