
{"id":54549,"date":"2026-01-03T11:37:55","date_gmt":"2026-01-03T15:37:55","guid":{"rendered":"https:\/\/bookstmartin.com\/les-plus-belles-plages-de-saint-martin\/"},"modified":"2026-03-18T16:44:39","modified_gmt":"2026-03-18T20:44:39","slug":"les-plus-belles-plages-de-saint-martin","status":"publish","type":"page","link":"https:\/\/bookstmartin.com\/fr\/les-plus-belles-plages-de-saint-martin\/","title":{"rendered":"Les plus belles plages de Saint-Martin"},"content":{"rendered":"\t\t<div data-elementor-type=\"wp-page\" data-elementor-id=\"54549\" class=\"elementor elementor-54549 elementor-49153\" data-elementor-post-type=\"page\">\n\t\t\t\t<div class=\"elementor-element elementor-element-ea6ad53 e-con-full e-flex e-con e-parent\" data-id=\"ea6ad53\" data-element_type=\"container\" data-e-type=\"container\" data-settings=\"{&quot;background_background&quot;:&quot;classic&quot;}\">\n\t\t\t\t<div class=\"elementor-element elementor-element-33ce1dc elementor-widget elementor-widget-heading\" data-id=\"33ce1dc\" data-element_type=\"widget\" data-e-type=\"widget\" data-widget_type=\"heading.default\">\n\t\t\t\t\t<h1 class=\"elementor-heading-title elementor-size-default\">Top Beaches in St Martin<\/h1>\t\t\t\t<\/div>\n\t\t\t\t<\/div>\n\t\t<div class=\"elementor-element elementor-element-abe7739 e-flex e-con-boxed e-con e-parent\" data-id=\"abe7739\" data-element_type=\"container\" data-e-type=\"container\">\n\t\t\t\t\t<div class=\"e-con-inner\">\n\t\t<div class=\"elementor-element elementor-element-6d0cf95 e-con-full e-flex e-con e-child\" data-id=\"6d0cf95\" data-element_type=\"container\" data-e-type=\"container\">\n\t\t\t\t<div class=\"elementor-element elementor-element-87ce763 elementor-widget elementor-widget-image\" data-id=\"87ce763\" data-element_type=\"widget\" data-e-type=\"widget\" data-widget_type=\"image.default\">\n\t\t\t\t\t\t\t\t\t\t\t\t\t\t\t<img fetchpriority=\"high\" decoding=\"async\" width=\"960\" height=\"960\" src=\"https:\/\/bookstmartin.com\/wp-content\/uploads\/2026\/01\/305196617_646908166797681_5783053351898419013_n.jpg\" class=\"attachment-full size-full wp-image-54550\" alt=\"\" srcset=\"https:\/\/bookstmartin.com\/wp-content\/uploads\/2026\/01\/305196617_646908166797681_5783053351898419013_n.jpg 960w, https:\/\/bookstmartin.com\/wp-content\/uploads\/2026\/01\/305196617_646908166797681_5783053351898419013_n-300x300.jpg 300w, https:\/\/bookstmartin.com\/wp-content\/uploads\/2026\/01\/305196617_646908166797681_5783053351898419013_n-150x150.jpg 150w, https:\/\/bookstmartin.com\/wp-content\/uploads\/2026\/01\/305196617_646908166797681_5783053351898419013_n-768x768.jpg 768w, https:\/\/bookstmartin.com\/wp-content\/uploads\/2026\/01\/305196617_646908166797681_5783053351898419013_n-100x100.jpg 100w\" sizes=\"(max-width: 960px) 100vw, 960px\" \/>\t\t\t\t\t\t\t\t\t\t\t\t\t\t\t<\/div>\n\t\t\t\t<\/div>\n\t\t<div class=\"elementor-element elementor-element-9038153 e-con-full e-flex e-con e-child\" data-id=\"9038153\" data-element_type=\"container\" data-e-type=\"container\">\n\t\t\t\t<div class=\"elementor-element elementor-element-c5e2b76 elementor-widget-mobile__width-inherit elementor-widget elementor-widget-text-editor\" data-id=\"c5e2b76\" data-element_type=\"widget\" data-e-type=\"widget\" data-widget_type=\"text-editor.default\">\n\t\t\t\t\t\t\t\t\t<p style=\"text-align: justify;\" data-start=\"443\" data-end=\"852\"><strong data-start=\"443\" data-end=\"526\">Saint-Martin est souvent d\u00e9crite comme un paradis pour les amoureux de la plage \u2014 et pour de bonnes raisons.<\/strong><br data-start=\"526\" data-end=\"529\">Avec plus de 30 plages r\u00e9parties sur les c\u00f4t\u00e9s fran\u00e7ais et n\u00e9erlandais de l&rsquo;\u00eele, chaque \u00e9tendue de sable offre sa propre atmosph\u00e8re, son paysage et son rythme. Des baies anim\u00e9es bord\u00e9es de clubs de plage aux criques isol\u00e9es encadr\u00e9es de falaises et d&rsquo;eaux turquoise, l&rsquo;\u00eele r\u00e9v\u00e8le une diversit\u00e9 surprenante pour un si petit territoire. <\/p>\n<p style=\"text-align: justify;\" data-start=\"854\" data-end=\"1205\">Ce guide rassemble les <strong data-start=\"885\" data-end=\"913\">plus belles plages de Saint-Martin<\/strong>, soigneusement s\u00e9lectionn\u00e9es pour leur beaut\u00e9, leur accessibilit\u00e9 et l&rsquo;exp\u00e9rience globale qu&rsquo;elles offrent. Que tu recherches des eaux calmes et cristallines, de longues promenades le long du rivage, des endroits adapt\u00e9s aux familles ou des plages cach\u00e9es loin de la foule, tu trouveras ici les lieux qui d\u00e9finissent v\u00e9ritablement le littoral de l&rsquo;\u00eele. <\/p>\n<p style=\"text-align: justify;\" data-start=\"1207\" data-end=\"1475\">En tant que plateforme locale, nous avons explor\u00e9 ces plages ann\u00e9e apr\u00e8s ann\u00e9e \u2014 non seulement en tant que visiteurs, mais aussi en tant que r\u00e9sidents. D\u00e9couvre ci-dessous nos plages pr\u00e9f\u00e9r\u00e9es \u00e0 Saint-Martin, ainsi que des informations pratiques et de l&rsquo;inspiration pour t&rsquo;aider \u00e0 choisir o\u00f9 passer tes journ\u00e9es au bord de la mer. <\/p>\n\t\t\t\t\t\t\t\t<\/div>\n\t\t\t\t<\/div>\n\t\t\t\t\t<\/div>\n\t\t\t\t<\/div>\n\t\t<div class=\"elementor-element elementor-element-42bc525 e-flex e-con-boxed e-con e-parent\" data-id=\"42bc525\" data-element_type=\"container\" data-e-type=\"container\">\n\t\t\t\t\t<div class=\"e-con-inner\">\n\t\t<div class=\"elementor-element elementor-element-b8d56ed e-con-full e-flex e-con e-child\" data-id=\"b8d56ed\" data-element_type=\"container\" data-e-type=\"container\">\n\t\t<div class=\"elementor-element elementor-element-6408253 e-con-full e-flex e-con e-child\" data-id=\"6408253\" data-element_type=\"container\" data-e-type=\"container\">\n\t\t\t\t<div class=\"elementor-element elementor-element-0600e8e elementor-widget elementor-widget-heading\" data-id=\"0600e8e\" data-element_type=\"widget\" data-e-type=\"widget\" data-widget_type=\"heading.default\">\n\t\t\t\t\t<h2 class=\"elementor-heading-title elementor-size-default\"><a href=\"https:\/\/bookstmartin.com\/orient-bay-st-martin\/\">Orient Beach<\/a><\/h2>\t\t\t\t<\/div>\n\t\t\t\t<div class=\"elementor-element elementor-element-f8a6149 elementor-widget elementor-widget-image\" data-id=\"f8a6149\" data-element_type=\"widget\" data-e-type=\"widget\" data-widget_type=\"image.default\">\n\t\t\t\t\t\t\t\t\t\t\t\t\t\t\t\t<a href=\"https:\/\/bookstmartin.com\/fr\/orient-beach-saint-martin\/\">\n\t\t\t\t\t\t\t<img decoding=\"async\" src=\"https:\/\/bookstmartin.com\/wp-content\/uploads\/elementor\/thumbs\/304955987_646780510143780_7850778593473689055_n-rk35okp2icoebmcuf7o8ml3n6qmr1zxspr4zllhos8.webp\" title=\"304955987_646780510143780_7850778593473689055_n\" alt=\"304955987_646780510143780_7850778593473689055_n\" loading=\"lazy\" \/>\t\t\t\t\t\t\t\t<\/a>\n\t\t\t\t\t\t\t\t\t\t\t\t\t\t\t<\/div>\n\t\t\t\t<div class=\"elementor-element elementor-element-e288b05 elementor-widget elementor-widget-text-editor\" data-id=\"e288b05\" data-element_type=\"widget\" data-e-type=\"widget\" data-widget_type=\"text-editor.default\">\n\t\t\t\t\t\t\t\t\t<p>Une longue \u00e9tendue de sable blanc avec des eaux calmes, des clubs de plage et une atmosph\u00e8re anim\u00e9e \u2014 parfaite pour la baignade, les repas et l&rsquo;observation des gens.<\/p>\n\t\t\t\t\t\t\t\t<\/div>\n\t\t\t\t<div class=\"elementor-element elementor-element-6a079ad elementor-widget elementor-widget-text-editor\" data-id=\"6a079ad\" data-element_type=\"widget\" data-e-type=\"widget\" data-widget_type=\"text-editor.default\">\n\t\t\t\t\t\t\t\t\t<p style=\"text-align: right;\"><a href=\"https:\/\/bookstmartin.com\/fr\/orient-beach-saint-martin\/\">Lire la suite &gt;&gt;<\/a><\/p>\n\t\t\t\t\t\t\t\t<\/div>\n\t\t\t\t<div class=\"elementor-element elementor-element-711f555 elementor-widget elementor-widget-image\" data-id=\"711f555\" data-element_type=\"widget\" data-e-type=\"widget\" data-widget_type=\"image.default\">\n\t\t\t\t\t\t\t\t\t\t\t\t\t\t\t\t<a href=\"https:\/\/bookstmartin.com\/orient-bay-st-martin\/\">\n\t\t\t\t\t\t\t<img decoding=\"async\" src=\"https:\/\/bookstmartin.com\/wp-content\/uploads\/2025\/04\/334222901_2287661048077521_5923074448171763869_n.jpg\" title=\"\" alt=\"\" loading=\"lazy\" \/>\t\t\t\t\t\t\t\t<\/a>\n\t\t\t\t\t\t\t\t\t\t\t\t\t\t\t<\/div>\n\t\t\t\t<\/div>\n\t\t<div class=\"elementor-element elementor-element-8bbd117 e-con-full e-flex e-con e-child\" data-id=\"8bbd117\" data-element_type=\"container\" data-e-type=\"container\">\n\t\t\t\t<div class=\"elementor-element elementor-element-1323288 elementor-widget elementor-widget-heading\" data-id=\"1323288\" data-element_type=\"widget\" data-e-type=\"widget\" data-widget_type=\"heading.default\">\n\t\t\t\t\t<h2 class=\"elementor-heading-title elementor-size-default\"><a href=\"https:\/\/bookstmartin.com\/pinel-island-st-martin\/\">\u00cele Pinel<\/a><\/h2>\t\t\t\t<\/div>\n\t\t\t\t<div class=\"elementor-element elementor-element-b45e4c2 elementor-widget elementor-widget-image\" data-id=\"b45e4c2\" data-element_type=\"widget\" data-e-type=\"widget\" data-widget_type=\"image.default\">\n\t\t\t\t\t\t\t\t\t\t\t\t\t\t\t\t<a href=\"https:\/\/bookstmartin.com\/pinel-island-st-martin\/\">\n\t\t\t\t\t\t\t<img decoding=\"async\" src=\"https:\/\/bookstmartin.com\/wp-content\/uploads\/elementor\/thumbs\/16402579_591535787706222_8994357298008386513_o-rk35pttbmee5swjb3r6by9prp8gdbgwwvygamvmshk.jpg\" title=\"16402579_591535787706222_8994357298008386513_o\" alt=\"16402579_591535787706222_8994357298008386513_o\" loading=\"lazy\" \/>\t\t\t\t\t\t\t\t<\/a>\n\t\t\t\t\t\t\t\t\t\t\t\t\t\t\t<\/div>\n\t\t\t\t<div class=\"elementor-element elementor-element-1564be6 elementor-widget elementor-widget-text-editor\" data-id=\"1564be6\" data-element_type=\"widget\" data-e-type=\"widget\" data-widget_type=\"text-editor.default\">\n\t\t\t\t\t\t\t\t\t<p>Une petite \u00eele juste au large, connue pour ses eaux turquoise peu profondes, ses restaurants de plage d\u00e9contract\u00e9s et un acc\u00e8s facile en bateau depuis le c\u00f4t\u00e9 fran\u00e7ais.<\/p>\n\t\t\t\t\t\t\t\t<\/div>\n\t\t\t\t<div class=\"elementor-element elementor-element-893d88b elementor-widget elementor-widget-text-editor\" data-id=\"893d88b\" data-element_type=\"widget\" data-e-type=\"widget\" data-widget_type=\"text-editor.default\">\n\t\t\t\t\t\t\t\t\t<p style=\"text-align: right;\"><a href=\"https:\/\/bookstmartin.com\/fr\/ile-pinel-saint-martin\/\">Lire la suite &gt;&gt;<\/a><\/p>\n\t\t\t\t\t\t\t\t<\/div>\n\t\t\t\t<div class=\"elementor-element elementor-element-0619f72 elementor-widget elementor-widget-image\" data-id=\"0619f72\" data-element_type=\"widget\" data-e-type=\"widget\" data-widget_type=\"image.default\">\n\t\t\t\t\t\t\t\t\t\t\t\t\t\t\t\t<a href=\"https:\/\/bookstmartin.com\/pinel-island-st-martin\/\">\n\t\t\t\t\t\t\t<img decoding=\"async\" src=\"https:\/\/bookstmartin.com\/wp-content\/uploads\/2025\/04\/186546349_336052841216550_3033659843187720766_n.jpg\" title=\"\" alt=\"\" loading=\"lazy\" \/>\t\t\t\t\t\t\t\t<\/a>\n\t\t\t\t\t\t\t\t\t\t\t\t\t\t\t<\/div>\n\t\t\t\t<\/div>\n\t\t<div class=\"elementor-element elementor-element-54a27ed e-con-full e-flex e-con e-child\" data-id=\"54a27ed\" data-element_type=\"container\" data-e-type=\"container\">\n\t\t\t\t<div class=\"elementor-element elementor-element-dbdf72b elementor-widget elementor-widget-heading\" data-id=\"dbdf72b\" data-element_type=\"widget\" data-e-type=\"widget\" data-widget_type=\"heading.default\">\n\t\t\t\t\t<h2 class=\"elementor-heading-title elementor-size-default\">Grand Case<\/h2>\t\t\t\t<\/div>\n\t\t\t\t<div class=\"elementor-element elementor-element-0e7391e elementor-widget elementor-widget-image\" data-id=\"0e7391e\" data-element_type=\"widget\" data-e-type=\"widget\" data-widget_type=\"image.default\">\n\t\t\t\t\t\t\t\t\t\t\t\t\t\t\t\t<a href=\"https:\/\/bookstmartin.com\/fr\/grand-case-saint-martin\/\">\n\t\t\t\t\t\t\t<img decoding=\"async\" src=\"https:\/\/bookstmartin.com\/wp-content\/uploads\/elementor\/thumbs\/347088085_283340014098317_6218712006601901950_n-rk35rksicasderztw0ec3btni1tyn6uxgm5tsf1ewo.jpg\" title=\"347088085_283340014098317_6218712006601901950_n\" alt=\"347088085_283340014098317_6218712006601901950_n\" loading=\"lazy\" \/>\t\t\t\t\t\t\t\t<\/a>\n\t\t\t\t\t\t\t\t\t\t\t\t\t\t\t<\/div>\n\t\t\t\t<div class=\"elementor-element elementor-element-fe9a651 elementor-widget elementor-widget-text-editor\" data-id=\"fe9a651\" data-element_type=\"widget\" data-e-type=\"widget\" data-widget_type=\"text-editor.default\">\n\t\t\t\t\t\t\t\t\t<p>Une baie paisible face \u00e0 des eaux calmes, id\u00e9ale pour la baignade en journ\u00e9e et pour admirer les couchers de soleil pr\u00e8s de la capitale culinaire de Saint-Martin.<\/p>\n\t\t\t\t\t\t\t\t<\/div>\n\t\t\t\t<div class=\"elementor-element elementor-element-29eb927 elementor-widget elementor-widget-text-editor\" data-id=\"29eb927\" data-element_type=\"widget\" data-e-type=\"widget\" data-widget_type=\"text-editor.default\">\n\t\t\t\t\t\t\t\t\t<p style=\"text-align: right;\"><a href=\"https:\/\/bookstmartin.com\/fr\/grand-case-saint-martin\/\">Lire la suite &gt;&gt;<\/a><\/p>\n\t\t\t\t\t\t\t\t<\/div>\n\t\t\t\t<div class=\"elementor-element elementor-element-8f84c4d elementor-widget elementor-widget-image\" data-id=\"8f84c4d\" data-element_type=\"widget\" data-e-type=\"widget\" data-widget_type=\"image.default\">\n\t\t\t\t\t\t\t\t\t\t\t\t\t\t\t\t<a href=\"https:\/\/bookstmartin.com\/fr\/grand-case-saint-martin\/\">\n\t\t\t\t\t\t\t<img decoding=\"async\" src=\"https:\/\/bookstmartin.com\/wp-content\/uploads\/2025\/04\/279890406_562719461883219_6080528173763307828_n.jpg\" title=\"\" alt=\"\" loading=\"lazy\" \/>\t\t\t\t\t\t\t\t<\/a>\n\t\t\t\t\t\t\t\t\t\t\t\t\t\t\t<\/div>\n\t\t\t\t<\/div>\n\t\t\t\t<\/div>\n\t\t\t\t\t<\/div>\n\t\t\t\t<\/div>\n\t\t<div class=\"elementor-element elementor-element-3793280 e-flex e-con-boxed e-con e-parent\" data-id=\"3793280\" data-element_type=\"container\" data-e-type=\"container\">\n\t\t\t\t\t<div class=\"e-con-inner\">\n\t\t<div class=\"elementor-element elementor-element-b37d19d e-con-full e-flex e-con e-child\" data-id=\"b37d19d\" data-element_type=\"container\" data-e-type=\"container\">\n\t\t<div class=\"elementor-element elementor-element-2aebf57 e-con-full e-flex e-con e-child\" data-id=\"2aebf57\" data-element_type=\"container\" data-e-type=\"container\">\n\t\t\t\t<div class=\"elementor-element elementor-element-94535ca elementor-widget elementor-widget-heading\" data-id=\"94535ca\" data-element_type=\"widget\" data-e-type=\"widget\" data-widget_type=\"heading.default\">\n\t\t\t\t\t<h2 class=\"elementor-heading-title elementor-size-default\">Baie Rouge<\/h2>\t\t\t\t<\/div>\n\t\t\t\t<div class=\"elementor-element elementor-element-93edba5 elementor-widget elementor-widget-image\" data-id=\"93edba5\" data-element_type=\"widget\" data-e-type=\"widget\" data-widget_type=\"image.default\">\n\t\t\t\t\t\t\t\t\t\t\t\t\t\t\t\t<a href=\"https:\/\/bookstmartin.com\/fr\/baie-rouge-saint-martin\/\">\n\t\t\t\t\t\t\t<img decoding=\"async\" src=\"https:\/\/bookstmartin.com\/wp-content\/uploads\/elementor\/thumbs\/356411872_841711593984003_3172189107908034602_n-rj94vh6txz21elzp81i2ynt3rumc98iovlocjiebp4.jpg\" title=\"356411872_841711593984003_3172189107908034602_n\" alt=\"356411872_841711593984003_3172189107908034602_n\" loading=\"lazy\" \/>\t\t\t\t\t\t\t\t<\/a>\n\t\t\t\t\t\t\t\t\t\t\t\t\t\t\t<\/div>\n\t\t\t\t<div class=\"elementor-element elementor-element-fec41f3 elementor-widget elementor-widget-text-editor\" data-id=\"fec41f3\" data-element_type=\"widget\" data-e-type=\"widget\" data-widget_type=\"text-editor.default\">\n\t\t\t\t\t\t\t\t\t<p>Une plage pittoresque encadr\u00e9e de falaises rouges, offrant des eaux cristallines et un cadre plus calme et naturel, loin des zones anim\u00e9es.<\/p>\n\t\t\t\t\t\t\t\t<\/div>\n\t\t\t\t<div class=\"elementor-element elementor-element-dce2a2f elementor-widget elementor-widget-text-editor\" data-id=\"dce2a2f\" data-element_type=\"widget\" data-e-type=\"widget\" data-widget_type=\"text-editor.default\">\n\t\t\t\t\t\t\t\t\t<p style=\"text-align: right;\"><a href=\"https:\/\/bookstmartin.com\/fr\/baie-rouge-saint-martin\/\">Lire la suite &gt;&gt;<\/a><\/p>\n\t\t\t\t\t\t\t\t<\/div>\n\t\t\t\t<\/div>\n\t\t<div class=\"elementor-element elementor-element-3d4c421 e-con-full e-flex e-con e-child\" data-id=\"3d4c421\" data-element_type=\"container\" data-e-type=\"container\">\n\t\t\t\t<div class=\"elementor-element elementor-element-d2d8eff elementor-widget elementor-widget-heading\" data-id=\"d2d8eff\" data-element_type=\"widget\" data-e-type=\"widget\" data-widget_type=\"heading.default\">\n\t\t\t\t\t<h2 class=\"elementor-heading-title elementor-size-default\">Happy Bay<\/h2>\t\t\t\t<\/div>\n\t\t\t\t<div class=\"elementor-element elementor-element-e84f27c elementor-widget elementor-widget-image\" data-id=\"e84f27c\" data-element_type=\"widget\" data-e-type=\"widget\" data-widget_type=\"image.default\">\n\t\t\t\t\t\t\t\t\t\t\t\t\t\t\t\t<a href=\"https:\/\/bookstmartin.com\/fr\/happy-bay-st-martin\/\">\n\t\t\t\t\t\t\t<img decoding=\"async\" src=\"https:\/\/bookstmartin.com\/wp-content\/uploads\/2026\/03\/4214e106-306d-4d78-8977-fc0f0eec8375.webp\" title=\"\" alt=\"\" loading=\"lazy\" \/>\t\t\t\t\t\t\t\t<\/a>\n\t\t\t\t\t\t\t\t\t\t\t\t\t\t\t<\/div>\n\t\t\t\t<div class=\"elementor-element elementor-element-e6a379a elementor-widget elementor-widget-text-editor\" data-id=\"e6a379a\" data-element_type=\"widget\" data-e-type=\"widget\" data-widget_type=\"text-editor.default\">\n\t\t\t\t\t\t\t\t\t<p>Une plage isol\u00e9e accessible par un sentier, appr\u00e9ci\u00e9e pour son aspect sauvage, ses eaux claires et son sentiment d&rsquo;\u00e9vasion loin de l&rsquo;agitation de l&rsquo;\u00eele.<\/p>\n\t\t\t\t\t\t\t\t<\/div>\n\t\t\t\t<div class=\"elementor-element elementor-element-40ca76a elementor-widget elementor-widget-text-editor\" data-id=\"40ca76a\" data-element_type=\"widget\" data-e-type=\"widget\" data-widget_type=\"text-editor.default\">\n\t\t\t\t\t\t\t\t\t<p style=\"text-align: right;\"><a href=\"https:\/\/bookstmartin.com\/fr\/happy-bay-st-martin\/\">Lire la suite &gt;&gt;<\/a><\/p>\n\t\t\t\t\t\t\t\t<\/div>\n\t\t\t\t<div class=\"elementor-element elementor-element-3b45a80 elementor-widget elementor-widget-image\" data-id=\"3b45a80\" data-element_type=\"widget\" data-e-type=\"widget\" data-widget_type=\"image.default\">\n\t\t\t\t\t\t\t\t\t\t\t\t\t\t\t\t<a href=\"https:\/\/bookstmartin.com\/fr\/happy-bay-st-martin\/\">\n\t\t\t\t\t\t\t<img decoding=\"async\" src=\"https:\/\/bookstmartin.com\/wp-content\/uploads\/2025\/04\/16463403_594281257431675_2533952679662702610_o.jpg\" title=\"\" alt=\"\" loading=\"lazy\" \/>\t\t\t\t\t\t\t\t<\/a>\n\t\t\t\t\t\t\t\t\t\t\t\t\t\t\t<\/div>\n\t\t\t\t<\/div>\n\t\t<div class=\"elementor-element elementor-element-b697f24 e-con-full e-flex e-con e-child\" data-id=\"b697f24\" data-element_type=\"container\" data-e-type=\"container\">\n\t\t\t\t<\/div>\n\t\t\t\t<\/div>\n\t\t\t\t\t<\/div>\n\t\t\t\t<\/div>\n\t\t<div class=\"elementor-element elementor-element-12c15ca e-flex e-con-boxed e-con e-parent\" data-id=\"12c15ca\" data-element_type=\"container\" data-e-type=\"container\">\n\t\t\t\t\t<div class=\"e-con-inner\">\n\t\t\t\t<div class=\"elementor-element elementor-element-b9a94fb elementor-widget elementor-widget-spacer\" data-id=\"b9a94fb\" data-element_type=\"widget\" data-e-type=\"widget\" data-widget_type=\"spacer.default\">\n\t\t\t\t\t\t\t<div class=\"elementor-spacer\">\n\t\t\t<div class=\"elementor-spacer-inner\"><\/div>\n\t\t<\/div>\n\t\t\t\t\t\t<\/div>\n\t\t\t\t\t<\/div>\n\t\t\t\t<\/div>\n\t\t\t\t<\/div>\n\t\t","protected":false},"excerpt":{"rendered":"<p>Top Beaches in St Martin Saint-Martin est souvent d\u00e9crite comme un paradis pour les amoureux de la plage \u2014 et pour de bonnes raisons.Avec plus de 30 plages r\u00e9parties sur les c\u00f4t\u00e9s fran\u00e7ais et n\u00e9erlandais de l&rsquo;\u00eele, chaque \u00e9tendue de sable offre sa propre atmosph\u00e8re, son paysage et son rythme. Des baies anim\u00e9es bord\u00e9es de [&hellip;]<\/p>\n","protected":false},"author":4,"featured_media":0,"parent":0,"menu_order":0,"comment_status":"closed","ping_status":"closed","template":"elementor_header_footer","meta":{"_acf_changed":false,"footnotes":""},"class_list":["post-54549","page","type-page","status-publish","hentry"],"acf":[],"yoast_head":"<!-- This site is optimized with the Yoast SEO Premium plugin v27.4 (Yoast SEO v27.4) - https:\/\/yoast.com\/product\/yoast-seo-premium-wordpress\/ -->\n<title>Les plus belles plages de Saint-Martin c\u00f4t\u00e9 fran\u00e7ais<\/title>\n<meta name=\"description\" content=\"Les plus belles plages de Saint-Martin : Les plages incontournables \u00e0 visiter en 2026.\" \/>\n<meta name=\"robots\" content=\"index, follow, max-snippet:-1, max-image-preview:large, max-video-preview:-1\" \/>\n<link rel=\"canonical\" href=\"https:\/\/bookstmartin.com\/top-beaches-in-st-martin\/\" \/>\n<meta property=\"og:locale\" content=\"fr_FR\" \/>\n<meta property=\"og:type\" content=\"article\" \/>\n<meta property=\"og:title\" content=\"Les plus belles plages de Saint-Martin\" \/>\n<meta property=\"og:description\" content=\"Les plus belles plages de Saint-Martin : Les plages incontournables \u00e0 visiter en 2026.\" \/>\n<meta property=\"og:url\" content=\"https:\/\/bookstmartin.com\/top-beaches-in-st-martin\/\" \/>\n<meta property=\"og:site_name\" content=\"BookStMartin\" \/>\n<meta property=\"article:publisher\" content=\"https:\/\/www.facebook.com\/bookstmartin\/\" \/>\n<meta property=\"article:modified_time\" content=\"2026-03-18T20:44:39+00:00\" \/>\n<meta property=\"og:image\" content=\"https:\/\/bookstmartin.com\/wp-content\/uploads\/2026\/01\/305196617_646908166797681_5783053351898419013_n.jpg\" \/>\n\t<meta property=\"og:image:width\" content=\"960\" \/>\n\t<meta property=\"og:image:height\" content=\"960\" \/>\n\t<meta property=\"og:image:type\" content=\"image\/jpeg\" \/>\n<meta name=\"twitter:card\" content=\"summary_large_image\" \/>\n<meta name=\"twitter:label1\" content=\"Dur\u00e9e de lecture estim\u00e9e\" \/>\n\t<meta name=\"twitter:data1\" content=\"4 minutes\" \/>\n<script type=\"application\/ld+json\" class=\"yoast-schema-graph\">{\"@context\":\"https:\\\/\\\/schema.org\",\"@graph\":[]}<\/script>\n<!-- \/ Yoast SEO Premium plugin. -->","yoast_head_json":{"title":"Les plus belles plages de Saint-Martin c\u00f4t\u00e9 fran\u00e7ais","description":"Les plus belles plages de Saint-Martin : Les plages incontournables \u00e0 visiter en 2026.","robots":{"index":"index","follow":"follow","max-snippet":"max-snippet:-1","max-image-preview":"max-image-preview:large","max-video-preview":"max-video-preview:-1"},"canonical":"https:\/\/bookstmartin.com\/top-beaches-in-st-martin\/","og_locale":"fr_FR","og_type":"article","og_title":"Les plus belles plages de Saint-Martin","og_description":"Les plus belles plages de Saint-Martin : Les plages incontournables \u00e0 visiter en 2026.","og_url":"https:\/\/bookstmartin.com\/top-beaches-in-st-martin\/","og_site_name":"BookStMartin","article_publisher":"https:\/\/www.facebook.com\/bookstmartin\/","article_modified_time":"2026-03-18T20:44:39+00:00","og_image":[{"width":960,"height":960,"url":"https:\/\/bookstmartin.com\/wp-content\/uploads\/2026\/01\/305196617_646908166797681_5783053351898419013_n.jpg","type":"image\/jpeg"}],"twitter_card":"summary_large_image","twitter_misc":{"Dur\u00e9e de lecture estim\u00e9e":"4 minutes"},"schema":{"@context":"https:\/\/schema.org","@graph":[]}},"_links":{"self":[{"href":"https:\/\/bookstmartin.com\/fr\/wp-json\/wp\/v2\/pages\/54549","targetHints":{"allow":["GET"]}}],"collection":[{"href":"https:\/\/bookstmartin.com\/fr\/wp-json\/wp\/v2\/pages"}],"about":[{"href":"https:\/\/bookstmartin.com\/fr\/wp-json\/wp\/v2\/types\/page"}],"author":[{"embeddable":true,"href":"https:\/\/bookstmartin.com\/fr\/wp-json\/wp\/v2\/users\/4"}],"replies":[{"embeddable":true,"href":"https:\/\/bookstmartin.com\/fr\/wp-json\/wp\/v2\/comments?post=54549"}],"version-history":[{"count":5,"href":"https:\/\/bookstmartin.com\/fr\/wp-json\/wp\/v2\/pages\/54549\/revisions"}],"predecessor-version":[{"id":60077,"href":"https:\/\/bookstmartin.com\/fr\/wp-json\/wp\/v2\/pages\/54549\/revisions\/60077"}],"wp:attachment":[{"href":"https:\/\/bookstmartin.com\/fr\/wp-json\/wp\/v2\/media?parent=54549"}],"curies":[{"name":"wp","href":"https:\/\/api.w.org\/{rel}","templated":true}]}}