
{"id":54578,"date":"2023-09-22T22:47:12","date_gmt":"2023-09-23T02:47:12","guid":{"rendered":"https:\/\/bookstmartin.com\/resultats-de-recherche\/"},"modified":"2023-09-22T22:47:12","modified_gmt":"2023-09-23T02:47:12","slug":"resultats-de-recherche","status":"publish","type":"page","link":"https:\/\/bookstmartin.com\/fr\/resultats-de-recherche\/","title":{"rendered":"R\u00e9sultats de recherche"},"content":{"rendered":"<p><img decoding=\"async\" class=\"aligncenter\" src=\"https:\/\/bookstmartin.com\/wp-content\/uploads\/2025\/04\/Gold-Modern-Premium-Warranty-Logo-Copier-Copier.png\" sizes=\"(max-width: 105px) 100vw, 105px\" srcset=\"https:\/\/bookstmartin.com\/wp-content\/uploads\/2025\/04\/Gold-Modern-Premium-Warranty-Logo-Copier-Copier.png 105w, https:\/\/bookstmartin.com\/wp-content\/uploads\/2025\/04\/Gold-Modern-Premium-Warranty-Logo-Copier-Copier-100x100.png 100w\" alt=\"\" width=\"105\" height=\"105\"><\/p>\n<p style=\"font-size: 20px; font-weight: 600; text-align: center; margin-bottom: 20px;\">Les m\u00eames logements magnifiques. Des frais de service plus bas. Des avantages VIP.<br \/>\n<em>R\u00e9serve plus malin avec des locaux.<\/em><\/p>\n<p>&nbsp;<\/p>\n","protected":false},"excerpt":{"rendered":"<p>Les m\u00eames logements magnifiques. Des frais de service plus bas. Des avantages VIP. R\u00e9serve plus malin avec des locaux. &nbsp;<\/p>\n","protected":false},"author":1,"featured_media":0,"parent":0,"menu_order":0,"comment_status":"closed","ping_status":"closed","template":"","meta":{"_acf_changed":false,"footnotes":""},"class_list":["post-54578","page","type-page","status-publish","hentry"],"acf":[],"yoast_head":"<!-- This site is optimized with the Yoast SEO Premium plugin v27.5 (Yoast SEO v27.5) - https:\/\/yoast.com\/product\/yoast-seo-premium-wordpress\/ -->\n<title>R\u00e9sultats de recherche - BookStMartin<\/title>\n<meta name=\"description\" content=\"Trouve ta location id\u00e9ale \u00e0 Saint-Martin ! Villas de luxe, appartements en bord de mer. Vis la magie des Cara\u00efbes en toute s\u00e9r\u00e9nit\u00e9.\" \/>\n<meta name=\"robots\" content=\"index, follow, max-snippet:-1, max-image-preview:large, max-video-preview:-1\" \/>\n<link rel=\"canonical\" href=\"https:\/\/bookstmartin.com\/fr\/resultats-de-recherche\/\" \/>\n<meta property=\"og:locale\" content=\"fr_FR\" \/>\n<meta property=\"og:type\" content=\"article\" \/>\n<meta property=\"og:title\" content=\"R\u00e9sultats de recherche\" \/>\n<meta property=\"og:description\" content=\"Trouve ta location id\u00e9ale \u00e0 Saint-Martin ! Villas de luxe, appartements en bord de mer. Vis la magie des Cara\u00efbes en toute s\u00e9r\u00e9nit\u00e9.\" \/>\n<meta property=\"og:url\" content=\"https:\/\/bookstmartin.com\/fr\/resultats-de-recherche\/\" \/>\n<meta property=\"og:site_name\" content=\"BookStMartin\" \/>\n<meta property=\"article:publisher\" content=\"https:\/\/www.facebook.com\/bookstmartin\/\" \/>\n<meta property=\"og:image\" content=\"https:\/\/bookstmartin.com\/wp-content\/uploads\/2023\/10\/Screenshot_2.jpg\" \/>\n<meta name=\"twitter:card\" content=\"summary_large_image\" \/>\n<script type=\"application\/ld+json\" class=\"yoast-schema-graph\">{\"@context\":\"https:\\\/\\\/schema.org\",\"@graph\":[]}<\/script>\n<!-- \/ Yoast SEO Premium plugin. -->","yoast_head_json":{"title":"R\u00e9sultats de recherche - BookStMartin","description":"Trouve ta location id\u00e9ale \u00e0 Saint-Martin ! Villas de luxe, appartements en bord de mer. Vis la magie des Cara\u00efbes en toute s\u00e9r\u00e9nit\u00e9.","robots":{"index":"index","follow":"follow","max-snippet":"max-snippet:-1","max-image-preview":"max-image-preview:large","max-video-preview":"max-video-preview:-1"},"canonical":"https:\/\/bookstmartin.com\/fr\/resultats-de-recherche\/","og_locale":"fr_FR","og_type":"article","og_title":"R\u00e9sultats de recherche","og_description":"Trouve ta location id\u00e9ale \u00e0 Saint-Martin ! Villas de luxe, appartements en bord de mer. Vis la magie des Cara\u00efbes en toute s\u00e9r\u00e9nit\u00e9.","og_url":"https:\/\/bookstmartin.com\/fr\/resultats-de-recherche\/","og_site_name":"BookStMartin","article_publisher":"https:\/\/www.facebook.com\/bookstmartin\/","og_image":[{"url":"https:\/\/bookstmartin.com\/wp-content\/uploads\/2023\/10\/Screenshot_2.jpg","type":"","width":"","height":""}],"twitter_card":"summary_large_image","schema":{"@context":"https:\/\/schema.org","@graph":[]}},"_links":{"self":[{"href":"https:\/\/bookstmartin.com\/fr\/wp-json\/wp\/v2\/pages\/54578","targetHints":{"allow":["GET"]}}],"collection":[{"href":"https:\/\/bookstmartin.com\/fr\/wp-json\/wp\/v2\/pages"}],"about":[{"href":"https:\/\/bookstmartin.com\/fr\/wp-json\/wp\/v2\/types\/page"}],"author":[{"embeddable":true,"href":"https:\/\/bookstmartin.com\/fr\/wp-json\/wp\/v2\/users\/1"}],"replies":[{"embeddable":true,"href":"https:\/\/bookstmartin.com\/fr\/wp-json\/wp\/v2\/comments?post=54578"}],"version-history":[{"count":0,"href":"https:\/\/bookstmartin.com\/fr\/wp-json\/wp\/v2\/pages\/54578\/revisions"}],"wp:attachment":[{"href":"https:\/\/bookstmartin.com\/fr\/wp-json\/wp\/v2\/media?parent=54578"}],"curies":[{"name":"wp","href":"https:\/\/api.w.org\/{rel}","templated":true}]}}