
{"id":54580,"date":"2023-09-24T01:11:12","date_gmt":"2023-09-24T05:11:12","guid":{"rendered":"https:\/\/bookstmartin.com\/la-trattoria-orient-bay\/"},"modified":"2026-03-07T10:01:15","modified_gmt":"2026-03-07T14:01:15","slug":"la-trattoria-orient-bay","status":"publish","type":"page","link":"https:\/\/bookstmartin.com\/fr\/la-trattoria-orient-bay\/","title":{"rendered":"La Trattoria Orient Bay"},"content":{"rendered":"\t\t<div data-elementor-type=\"wp-page\" data-elementor-id=\"54580\" class=\"elementor elementor-54580\" data-elementor-post-type=\"page\">\n\t\t\t\t\t\t<section class=\"elementor-section elementor-top-section elementor-element elementor-element-2ee2f6d8 elementor-section-boxed elementor-section-height-default elementor-section-height-default\" data-id=\"2ee2f6d8\" data-element_type=\"section\" data-e-type=\"section\">\n\t\t\t\t\t\t<div class=\"elementor-container elementor-column-gap-default\">\n\t\t\t\t\t<div class=\"elementor-column elementor-col-100 elementor-top-column elementor-element elementor-element-2ab93582\" data-id=\"2ab93582\" data-element_type=\"column\" data-e-type=\"column\">\n\t\t\t<div class=\"elementor-widget-wrap\">\n\t\t\t\t\t\t\t<\/div>\n\t\t<\/div>\n\t\t\t\t\t<\/div>\n\t\t<\/section>\n\t\t<div class=\"elementor-element elementor-element-519251c3 e-flex e-con-boxed e-con e-parent\" data-id=\"519251c3\" data-element_type=\"container\" data-e-type=\"container\">\n\t\t\t\t\t<div class=\"e-con-inner\">\n\t\t\t\t<div class=\"elementor-element elementor-element-5f3bc54 elementor-widget elementor-widget-spacer\" data-id=\"5f3bc54\" data-element_type=\"widget\" data-e-type=\"widget\" data-widget_type=\"spacer.default\">\n\t\t\t\t\t\t\t<div class=\"elementor-spacer\">\n\t\t\t<div class=\"elementor-spacer-inner\"><\/div>\n\t\t<\/div>\n\t\t\t\t\t\t<\/div>\n\t\t\t\t<div class=\"elementor-element elementor-element-7dbdddf8 elementor-widget elementor-widget-heading\" data-id=\"7dbdddf8\" data-element_type=\"widget\" data-e-type=\"widget\" data-widget_type=\"heading.default\">\n\t\t\t\t\t<h2 class=\"elementor-heading-title elementor-size-default\">La Trattoria - Orient Bay<\/h2>\t\t\t\t<\/div>\n\t\t\t\t\t<\/div>\n\t\t\t\t<\/div>\n\t\t<div class=\"elementor-element elementor-element-7552560c e-flex e-con-boxed e-con e-parent\" data-id=\"7552560c\" data-element_type=\"container\" data-e-type=\"container\">\n\t\t\t\t\t<div class=\"e-con-inner\">\n\t\t<div class=\"elementor-element elementor-element-5d4b3a41 e-con-full e-flex e-con e-child\" data-id=\"5d4b3a41\" data-element_type=\"container\" data-e-type=\"container\">\n\t\t\t\t<div class=\"elementor-element elementor-element-cfaee6f elementor-widget elementor-widget-image\" data-id=\"cfaee6f\" data-element_type=\"widget\" data-e-type=\"widget\" data-widget_type=\"image.default\">\n\t\t\t\t\t\t\t\t\t\t\t\t\t\t\t<img decoding=\"async\" src=\"https:\/\/bookstmartin.com\/wp-content\/uploads\/2024\/12\/313433515_535917138541330_7837993341234667706_n-2-1152x1536-1.jpg\" title=\"\" alt=\"\" loading=\"lazy\" \/>\t\t\t\t\t\t\t\t\t\t\t\t\t\t\t<\/div>\n\t\t\t\t<\/div>\n\t\t<div class=\"elementor-element elementor-element-1b53b5ae e-con-full e-flex e-con e-child\" data-id=\"1b53b5ae\" data-element_type=\"container\" data-e-type=\"container\">\n\t\t\t\t<div class=\"elementor-element elementor-element-49c9d7ea elementor-widget elementor-widget-text-editor\" data-id=\"49c9d7ea\" data-element_type=\"widget\" data-e-type=\"widget\" data-widget_type=\"text-editor.default\">\n\t\t\t\t\t\t\t\t\t<p data-start=\"504\" data-end=\"653\">Confort italien classique avec une touche moderne, La Trattoria apporte pizza napolitaine, p\u00e2tes faites maison et hospitalit\u00e9 chaleureuse au c\u0153ur d&rsquo;Orient Bay.<\/p><p data-start=\"655\" data-end=\"841\">Tout est pr\u00e9par\u00e9 avec soin \u2014 des pizzas aux bords croustillants aux sauces riches faites maison \u2014 et il y a juste assez de cr\u00e9ativit\u00e9 au menu pour que ce soit int\u00e9ressant sans s&rsquo;\u00e9loigner de la tradition.<\/p><p data-start=\"843\" data-end=\"1055\">Le cadre est d\u00e9contract\u00e9 et accueillant, parfait pour s&rsquo;attarder autour d&rsquo;un verre de vin et laisser la soir\u00e9e prendre son temps. C&rsquo;est le genre d&rsquo;endroit o\u00f9 on revient \u2014 parce que la bonne cuisine italienne ne se d\u00e9mode jamais. <\/p>\t\t\t\t\t\t\t\t<\/div>\n\t\t\t\t<div class=\"elementor-element elementor-element-3e7836dc elementor-widget elementor-widget-text-editor\" data-id=\"3e7836dc\" data-element_type=\"widget\" data-e-type=\"widget\" data-widget_type=\"text-editor.default\">\n\t\t\t\t\t\t\t\t\t<blockquote><p data-start=\"646\" data-end=\"827\">Partenaire privil\u00e9gi\u00e9 \u2014 Nos clients profitent d&rsquo;un ap\u00e9ritif offert &#8211; avec le d\u00eener uniquement (Punch au rhum, Punch aux fruits ou un verre de vin). Laisse-nous r\u00e9server pour toi, ou pr\u00e9sente ta carte d&rsquo;invit\u00e9 num\u00e9rique pour profiter des avantages. <\/p><\/blockquote>\t\t\t\t\t\t\t\t<\/div>\n\t\t\t\t<\/div>\n\t\t\t\t\t<\/div>\n\t\t\t\t<\/div>\n\t\t\t\t<section class=\"elementor-section elementor-top-section elementor-element elementor-element-77001025 elementor-section-boxed elementor-section-height-default elementor-section-height-default\" data-id=\"77001025\" data-element_type=\"section\" data-e-type=\"section\">\n\t\t\t\t\t\t<div class=\"elementor-container elementor-column-gap-default\">\n\t\t\t\t\t<div class=\"elementor-column elementor-col-50 elementor-top-column elementor-element elementor-element-71597960\" data-id=\"71597960\" data-element_type=\"column\" data-e-type=\"column\">\n\t\t\t<div class=\"elementor-widget-wrap elementor-element-populated\">\n\t\t\t\t\t\t<div class=\"elementor-element elementor-element-64315873 elementor-position-inline-start elementor-view-default elementor-mobile-position-block-start elementor-widget elementor-widget-icon-box\" data-id=\"64315873\" data-element_type=\"widget\" data-e-type=\"widget\" data-widget_type=\"icon-box.default\">\n\t\t\t\t\t\t\t<div class=\"elementor-icon-box-wrapper\">\n\n\t\t\t\t\t\t<div class=\"elementor-icon-box-icon\">\n\t\t\t\t<span  class=\"elementor-icon\">\n\t\t\t\t<svg aria-hidden=\"true\" class=\"e-font-icon-svg e-fas-phone-alt\" viewBox=\"0 0 512 512\" xmlns=\"http:\/\/www.w3.org\/2000\/svg\"><path d=\"M497.39 361.8l-112-48a24 24 0 0 0-28 6.9l-49.6 60.6A370.66 370.66 0 0 1 130.6 204.11l60.6-49.6a23.94 23.94 0 0 0 6.9-28l-48-112A24.16 24.16 0 0 0 122.6.61l-104 24A24 24 0 0 0 0 48c0 256.5 207.9 464 464 464a24 24 0 0 0 23.4-18.6l24-104a24.29 24.29 0 0 0-14.01-27.6z\"><\/path><\/svg>\t\t\t\t<\/span>\n\t\t\t<\/div>\n\t\t\t\n\t\t\t\t\t\t<div class=\"elementor-icon-box-content\">\n\n\t\t\t\t\t\t\t\t\t<h3 class=\"elementor-icon-box-title\">\n\t\t\t\t\t\t<span  >\n\t\t\t\t\t\t\tNum\u00e9ro de t\u00e9l\u00e9phone\t\t\t\t\t\t<\/span>\n\t\t\t\t\t<\/h3>\n\t\t\t\t\n\t\t\t\t\t\t\t\t\t<p class=\"elementor-icon-box-description\">\n\t\t\t\t\t\t+590 590 290 829\t\t\t\t\t<\/p>\n\t\t\t\t\n\t\t\t<\/div>\n\t\t\t\n\t\t<\/div>\n\t\t\t\t\t\t<\/div>\n\t\t\t\t<section class=\"elementor-section elementor-inner-section elementor-element elementor-element-5d01f1cf elementor-section-boxed elementor-section-height-default elementor-section-height-default\" data-id=\"5d01f1cf\" data-element_type=\"section\" data-e-type=\"section\">\n\t\t\t\t\t\t<div class=\"elementor-container elementor-column-gap-default\">\n\t\t\t\t\t<div class=\"elementor-column elementor-col-100 elementor-inner-column elementor-element elementor-element-1b0761a5\" data-id=\"1b0761a5\" data-element_type=\"column\" data-e-type=\"column\">\n\t\t\t<div class=\"elementor-widget-wrap elementor-element-populated\">\n\t\t\t\t\t\t<div class=\"elementor-element elementor-element-3715553d elementor-position-inline-start elementor-view-default elementor-mobile-position-block-start elementor-widget elementor-widget-icon-box\" data-id=\"3715553d\" data-element_type=\"widget\" data-e-type=\"widget\" data-widget_type=\"icon-box.default\">\n\t\t\t\t\t\t\t<div class=\"elementor-icon-box-wrapper\">\n\n\t\t\t\t\t\t<div class=\"elementor-icon-box-icon\">\n\t\t\t\t<span  class=\"elementor-icon\">\n\t\t\t\t<svg aria-hidden=\"true\" class=\"e-font-icon-svg e-fas-map-marker-alt\" viewBox=\"0 0 384 512\" xmlns=\"http:\/\/www.w3.org\/2000\/svg\"><path d=\"M172.268 501.67C26.97 291.031 0 269.413 0 192 0 85.961 85.961 0 192 0s192 85.961 192 192c0 77.413-26.97 99.031-172.268 309.67-9.535 13.774-29.93 13.773-39.464 0zM192 272c44.183 0 80-35.817 80-80s-35.817-80-80-80-80 35.817-80 80 35.817 80 80 80z\"><\/path><\/svg>\t\t\t\t<\/span>\n\t\t\t<\/div>\n\t\t\t\n\t\t\t\t\t\t<div class=\"elementor-icon-box-content\">\n\n\t\t\t\t\t\t\t\t\t<h3 class=\"elementor-icon-box-title\">\n\t\t\t\t\t\t<span  >\n\t\t\t\t\t\t\t Adresse\t\t\t\t\t\t<\/span>\n\t\t\t\t\t<\/h3>\n\t\t\t\t\n\t\t\t\t\t\t\t\t\t<p class=\"elementor-icon-box-description\">\n\t\t\t\t\t\tPlace du village\nOrient Bay, Saint-Martin\t\t\t\t\t<\/p>\n\t\t\t\t\n\t\t\t<\/div>\n\t\t\t\n\t\t<\/div>\n\t\t\t\t\t\t<\/div>\n\t\t\t\t<div class=\"elementor-element elementor-element-29177995 elementor-position-inline-start elementor-view-default elementor-mobile-position-block-start elementor-widget elementor-widget-icon-box\" data-id=\"29177995\" data-element_type=\"widget\" data-e-type=\"widget\" data-widget_type=\"icon-box.default\">\n\t\t\t\t\t\t\t<div class=\"elementor-icon-box-wrapper\">\n\n\t\t\t\t\t\t<div class=\"elementor-icon-box-icon\">\n\t\t\t\t<a href=\"https:\/\/www.facebook.com\/profile.php?id=100063691444195\" class=\"elementor-icon\" tabindex=\"-1\" aria-label=\" Site web\">\n\t\t\t\t<svg aria-hidden=\"true\" class=\"e-font-icon-svg e-fas-desktop\" viewBox=\"0 0 576 512\" xmlns=\"http:\/\/www.w3.org\/2000\/svg\"><path d=\"M528 0H48C21.5 0 0 21.5 0 48v320c0 26.5 21.5 48 48 48h192l-16 48h-72c-13.3 0-24 10.7-24 24s10.7 24 24 24h272c13.3 0 24-10.7 24-24s-10.7-24-24-24h-72l-16-48h192c26.5 0 48-21.5 48-48V48c0-26.5-21.5-48-48-48zm-16 352H64V64h448v288z\"><\/path><\/svg>\t\t\t\t<\/a>\n\t\t\t<\/div>\n\t\t\t\n\t\t\t\t\t\t<div class=\"elementor-icon-box-content\">\n\n\t\t\t\t\t\t\t\t\t<h3 class=\"elementor-icon-box-title\">\n\t\t\t\t\t\t<a href=\"https:\/\/www.facebook.com\/profile.php?id=100063691444195\" >\n\t\t\t\t\t\t\t Site web\t\t\t\t\t\t<\/a>\n\t\t\t\t\t<\/h3>\n\t\t\t\t\n\t\t\t\t\t\t\t\t\t<p class=\"elementor-icon-box-description\">\n\t\t\t\t\t\thttps:\/\/www.facebook.com\/profile.php?id=100063691444195\t\t\t\t\t<\/p>\n\t\t\t\t\n\t\t\t<\/div>\n\t\t\t\n\t\t<\/div>\n\t\t\t\t\t\t<\/div>\n\t\t\t\t\t<\/div>\n\t\t<\/div>\n\t\t\t\t\t<\/div>\n\t\t<\/section>\n\t\t\t\t\t<\/div>\n\t\t<\/div>\n\t\t\t\t<div class=\"elementor-column elementor-col-50 elementor-top-column elementor-element elementor-element-445c8d33\" data-id=\"445c8d33\" data-element_type=\"column\" data-e-type=\"column\">\n\t\t\t<div class=\"elementor-widget-wrap elementor-element-populated\">\n\t\t\t\t\t\t<div class=\"elementor-element elementor-element-7a4cad7 elementor-widget elementor-widget-google_maps\" data-id=\"7a4cad7\" data-element_type=\"widget\" data-e-type=\"widget\" data-widget_type=\"google_maps.default\">\n\t\t\t\t\t\t\t<div class=\"elementor-custom-embed\">\n\t\t\t<iframe loading=\"lazy\"\n\t\t\t\t\tsrc=\"https:\/\/maps.google.com\/maps?q=La%20trattoria%20orient%20bay&#038;t=m&#038;z=14&#038;output=embed&#038;iwloc=near\"\n\t\t\t\t\ttitle=\"La trattoria orient bay\"\n\t\t\t\t\taria-label=\"La trattoria orient bay\"\n\t\t\t><\/iframe>\n\t\t<\/div>\n\t\t\t\t\t\t<\/div>\n\t\t\t\t\t<\/div>\n\t\t<\/div>\n\t\t\t\t\t<\/div>\n\t\t<\/section>\n\t\t<div class=\"elementor-element elementor-element-2dfb89d0 e-flex e-con-boxed e-con e-parent\" data-id=\"2dfb89d0\" data-element_type=\"container\" data-e-type=\"container\">\n\t\t\t\t\t<div class=\"e-con-inner\">\n\t\t\t\t<div class=\"elementor-element elementor-element-13ef4d09 elementor-align-center elementor-widget elementor-widget-button\" data-id=\"13ef4d09\" data-element_type=\"widget\" data-e-type=\"widget\" data-widget_type=\"button.default\">\n\t\t\t\t\t\t\t\t\t\t<a class=\"elementor-button elementor-button-link elementor-size-sm\" href=\"https:\/\/bookstmartin.com\/fr\/restaurants-a-saint-martin\/\">\n\t\t\t\t\t\t<span class=\"elementor-button-content-wrapper\">\n\t\t\t\t\t\t\t\t\t<span class=\"elementor-button-text\">&lt;&lt; Retour aux restaurants<\/span>\n\t\t\t\t\t<\/span>\n\t\t\t\t\t<\/a>\n\t\t\t\t\t\t\t\t<\/div>\n\t\t\t\t<div class=\"elementor-element elementor-element-3fa1fb58 elementor-widget elementor-widget-text-editor\" data-id=\"3fa1fb58\" data-element_type=\"widget\" data-e-type=\"widget\" data-widget_type=\"text-editor.default\">\n\t\t\t\t\t\t\t\t\t<p style=\"text-align: center;\"><a href=\"https:\/\/bookstmartin.com\/st-martin-villas-rentals\/\">Villas<\/a> | <a href=\"https:\/\/bookstmartin.com\/st-martin-luxury-villas\/\">Villas de luxe<\/a> | <a href=\"https:\/\/bookstmartin.com\/st-martin-apartments-rentals\/\">Appartements<\/a> | <a href=\"https:\/\/bookstmartin.com\/st-martin-bungalows-rentals\/\">Bungalows<\/a> | <a href=\"https:\/\/bookstmartin.com\/st-martin-rentals-group-getaways\/\">Grands groupes<\/a> | <a href=\"https:\/\/bookstmartin.com\/st-martin-clothing-optional\/\">V\u00eatements optionnels<\/a> | <a href=\"https:\/\/bookstmartin.com\/st-martin-rentals-with-ocean-view\/\">Locations avec vue sur l&rsquo;oc\u00e9an<\/a><\/p>\t\t\t\t\t\t\t\t<\/div>\n\t\t\t\t\t<\/div>\n\t\t\t\t<\/div>\n\t\t\t\t<section class=\"elementor-section elementor-top-section elementor-element elementor-element-643b07f elementor-section-height-min-height elementor-section-boxed elementor-section-height-default elementor-section-items-middle\" data-id=\"643b07f\" data-element_type=\"section\" data-e-type=\"section\" data-settings=\"{&quot;background_background&quot;:&quot;classic&quot;}\">\n\t\t\t\t\t\t\t<div class=\"elementor-background-overlay\"><\/div>\n\t\t\t\t\t\t\t<div class=\"elementor-container elementor-column-gap-default\">\n\t\t\t\t\t<div class=\"elementor-column elementor-col-100 elementor-top-column elementor-element elementor-element-7e837e8 elementor-invisible\" data-id=\"7e837e8\" data-element_type=\"column\" data-e-type=\"column\" data-settings=\"{&quot;animation&quot;:&quot;zoomIn&quot;}\">\n\t\t\t<div class=\"elementor-widget-wrap elementor-element-populated\">\n\t\t\t\t\t\t<div class=\"elementor-element elementor-element-762c42d elementor-widget elementor-widget-heading\" data-id=\"762c42d\" data-element_type=\"widget\" data-e-type=\"widget\" data-widget_type=\"heading.default\">\n\t\t\t\t\t<h2 class=\"elementor-heading-title elementor-size-default\">Tu planifies ton s\u00e9jour \u00e0 Saint-Martin ?\n<\/h2>\t\t\t\t<\/div>\n\t\t\t\t<div class=\"elementor-element elementor-element-95ccff3 elementor-widget elementor-widget-text-editor\" data-id=\"95ccff3\" data-element_type=\"widget\" data-e-type=\"widget\" data-widget_type=\"text-editor.default\">\n\t\t\t\t\t\t\t\t\t<p><strong>Rends-le simple. Parcours notre collection s\u00e9lectionn\u00e9e de villas v\u00e9rifi\u00e9es et de locations premium \u2014 toutes choisies avec soin pour le confort, le charme et l&#8217;emplacement. <\/strong><br data-start=\"811\" data-end=\"814\"><strong>Saisis tes dates de voyage ci-dessous pour v\u00e9rifier les disponibilit\u00e9s et commencer \u00e0 planifier ton escapade.<\/strong><\/p>\t\t\t\t\t\t\t\t<\/div>\n\t\t\t\t\t<\/div>\n\t\t<\/div>\n\t\t\t\t\t<\/div>\n\t\t<\/section>\n\t\t\t\t<\/div>\n\t\t","protected":false},"excerpt":{"rendered":"<p>La Trattoria &#8211; Orient Bay Confort italien classique avec une touche moderne, La Trattoria apporte pizza napolitaine, p\u00e2tes faites maison et hospitalit\u00e9 chaleureuse au c\u0153ur d&rsquo;Orient Bay. Tout est pr\u00e9par\u00e9 avec soin \u2014 des pizzas aux bords croustillants aux sauces riches faites maison \u2014 et il y a juste assez de cr\u00e9ativit\u00e9 au menu pour [&hellip;]<\/p>\n","protected":false},"author":1,"featured_media":0,"parent":0,"menu_order":0,"comment_status":"closed","ping_status":"closed","template":"","meta":{"_acf_changed":false,"footnotes":""},"class_list":["post-54580","page","type-page","status-publish","hentry"],"acf":[],"yoast_head":"<!-- This site is optimized with the Yoast SEO Premium plugin v27.4 (Yoast SEO v27.4) - https:\/\/yoast.com\/product\/yoast-seo-premium-wordpress\/ -->\n<title>Restaurant La Trattoria (avec menu)<\/title>\n<meta name=\"description\" content=\"La Trattoria Orient Bay : c&#039;est comme une maison italienne chaleureuse qui s&#039;ouvre rien que pour toi. C&#039;est comme des mini-vacances en Italie, sans le d\u00e9calage horaire.\" \/>\n<meta name=\"robots\" content=\"index, follow, max-snippet:-1, max-image-preview:large, max-video-preview:-1\" \/>\n<link rel=\"canonical\" href=\"https:\/\/bookstmartin.com\/fr\/la-trattoria-orient-bay\/\" \/>\n<meta property=\"og:locale\" content=\"fr_FR\" \/>\n<meta property=\"og:type\" content=\"article\" \/>\n<meta property=\"og:title\" content=\"La Trattoria Orient Bay\" \/>\n<meta property=\"og:description\" content=\"La Trattoria Orient Bay : c&#039;est comme une maison italienne chaleureuse qui s&#039;ouvre rien que pour toi. C&#039;est comme des mini-vacances en Italie, sans le d\u00e9calage horaire.\" \/>\n<meta property=\"og:url\" content=\"https:\/\/bookstmartin.com\/fr\/la-trattoria-orient-bay\/\" \/>\n<meta property=\"og:site_name\" content=\"BookStMartin\" \/>\n<meta property=\"article:publisher\" content=\"https:\/\/www.facebook.com\/bookstmartin\/\" \/>\n<meta property=\"article:modified_time\" content=\"2026-03-07T14:01:15+00:00\" \/>\n<meta property=\"og:image\" content=\"https:\/\/bookstmartin.com\/wp-content\/uploads\/2024\/12\/313433515_535917138541330_7837993341234667706_n-2-1152x1536-1.jpg\" \/>\n<meta name=\"twitter:card\" content=\"summary_large_image\" \/>\n<meta name=\"twitter:label1\" content=\"Dur\u00e9e de lecture estim\u00e9e\" \/>\n\t<meta name=\"twitter:data1\" content=\"1 minute\" \/>\n<script type=\"application\/ld+json\" class=\"yoast-schema-graph\">{\"@context\":\"https:\\\/\\\/schema.org\",\"@graph\":[]}<\/script>\n<!-- \/ Yoast SEO Premium plugin. -->","yoast_head_json":{"title":"Restaurant La Trattoria (avec menu)","description":"La Trattoria Orient Bay : c'est comme une maison italienne chaleureuse qui s'ouvre rien que pour toi. C'est comme des mini-vacances en Italie, sans le d\u00e9calage horaire.","robots":{"index":"index","follow":"follow","max-snippet":"max-snippet:-1","max-image-preview":"max-image-preview:large","max-video-preview":"max-video-preview:-1"},"canonical":"https:\/\/bookstmartin.com\/fr\/la-trattoria-orient-bay\/","og_locale":"fr_FR","og_type":"article","og_title":"La Trattoria Orient Bay","og_description":"La Trattoria Orient Bay : c'est comme une maison italienne chaleureuse qui s'ouvre rien que pour toi. C'est comme des mini-vacances en Italie, sans le d\u00e9calage horaire.","og_url":"https:\/\/bookstmartin.com\/fr\/la-trattoria-orient-bay\/","og_site_name":"BookStMartin","article_publisher":"https:\/\/www.facebook.com\/bookstmartin\/","article_modified_time":"2026-03-07T14:01:15+00:00","og_image":[{"url":"https:\/\/bookstmartin.com\/wp-content\/uploads\/2024\/12\/313433515_535917138541330_7837993341234667706_n-2-1152x1536-1.jpg","type":"","width":"","height":""}],"twitter_card":"summary_large_image","twitter_misc":{"Dur\u00e9e de lecture estim\u00e9e":"1 minute"},"schema":{"@context":"https:\/\/schema.org","@graph":[]}},"_links":{"self":[{"href":"https:\/\/bookstmartin.com\/fr\/wp-json\/wp\/v2\/pages\/54580","targetHints":{"allow":["GET"]}}],"collection":[{"href":"https:\/\/bookstmartin.com\/fr\/wp-json\/wp\/v2\/pages"}],"about":[{"href":"https:\/\/bookstmartin.com\/fr\/wp-json\/wp\/v2\/types\/page"}],"author":[{"embeddable":true,"href":"https:\/\/bookstmartin.com\/fr\/wp-json\/wp\/v2\/users\/1"}],"replies":[{"embeddable":true,"href":"https:\/\/bookstmartin.com\/fr\/wp-json\/wp\/v2\/comments?post=54580"}],"version-history":[{"count":1,"href":"https:\/\/bookstmartin.com\/fr\/wp-json\/wp\/v2\/pages\/54580\/revisions"}],"predecessor-version":[{"id":54583,"href":"https:\/\/bookstmartin.com\/fr\/wp-json\/wp\/v2\/pages\/54580\/revisions\/54583"}],"wp:attachment":[{"href":"https:\/\/bookstmartin.com\/fr\/wp-json\/wp\/v2\/media?parent=54580"}],"curies":[{"name":"wp","href":"https:\/\/api.w.org\/{rel}","templated":true}]}}