
{"id":54588,"date":"2023-12-05T23:22:02","date_gmt":"2023-12-06T03:22:02","guid":{"rendered":"https:\/\/bookstmartin.com\/carte-de-saint-martin\/"},"modified":"2026-03-07T10:01:15","modified_gmt":"2026-03-07T14:01:15","slug":"carte-de-saint-martin","status":"publish","type":"page","link":"https:\/\/bookstmartin.com\/fr\/carte-de-saint-martin\/","title":{"rendered":"Carte de Saint-Martin"},"content":{"rendered":"\t\t<div data-elementor-type=\"wp-page\" data-elementor-id=\"54588\" class=\"elementor elementor-54588 elementor-17907\" data-elementor-post-type=\"page\">\n\t\t\t\t\t\t<section class=\"elementor-section elementor-top-section elementor-element elementor-element-291fe6d4 elementor-section-boxed elementor-section-height-default elementor-section-height-default\" data-id=\"291fe6d4\" data-element_type=\"section\" data-e-type=\"section\">\n\t\t\t\t\t\t<div class=\"elementor-container elementor-column-gap-default\">\n\t\t\t\t\t<div class=\"elementor-column elementor-col-100 elementor-top-column elementor-element elementor-element-6d4b6637\" data-id=\"6d4b6637\" data-element_type=\"column\" data-e-type=\"column\">\n\t\t\t<div class=\"elementor-widget-wrap elementor-element-populated\">\n\t\t\t\t\t\t<div class=\"elementor-element elementor-element-29dbd140 elementor-widget elementor-widget-spacer\" data-id=\"29dbd140\" data-element_type=\"widget\" data-e-type=\"widget\" data-widget_type=\"spacer.default\">\n\t\t\t\t\t\t\t<div class=\"elementor-spacer\">\n\t\t\t<div class=\"elementor-spacer-inner\"><\/div>\n\t\t<\/div>\n\t\t\t\t\t\t<\/div>\n\t\t\t\t<div class=\"elementor-element elementor-element-2875f92e elementor-widget elementor-widget-heading\" data-id=\"2875f92e\" data-element_type=\"widget\" data-e-type=\"widget\" data-widget_type=\"heading.default\">\n\t\t\t\t\t<h1 class=\"elementor-heading-title elementor-size-default\">Carte de Saint-Martin \/ Sint Maarten<\/h1>\t\t\t\t<\/div>\n\t\t\t\t<div class=\"elementor-element elementor-element-6a213def elementor-widget-divider--view-line elementor-widget elementor-widget-divider\" data-id=\"6a213def\" data-element_type=\"widget\" data-e-type=\"widget\" data-widget_type=\"divider.default\">\n\t\t\t\t\t\t\t<div class=\"elementor-divider\">\n\t\t\t<span class=\"elementor-divider-separator\">\n\t\t\t\t\t\t<\/span>\n\t\t<\/div>\n\t\t\t\t\t\t<\/div>\n\t\t\t\t\t<\/div>\n\t\t<\/div>\n\t\t\t\t\t<\/div>\n\t\t<\/section>\n\t\t\t\t<section class=\"elementor-section elementor-top-section elementor-element elementor-element-4e374a15 elementor-section-boxed elementor-section-height-default elementor-section-height-default\" data-id=\"4e374a15\" data-element_type=\"section\" data-e-type=\"section\">\n\t\t\t\t\t\t<div class=\"elementor-container elementor-column-gap-default\">\n\t\t\t\t\t<div class=\"elementor-column elementor-col-100 elementor-top-column elementor-element elementor-element-6961edb2\" data-id=\"6961edb2\" data-element_type=\"column\" data-e-type=\"column\">\n\t\t\t<div class=\"elementor-widget-wrap elementor-element-populated\">\n\t\t\t\t\t\t<div class=\"elementor-element elementor-element-55f3fc3 elementor-widget elementor-widget-image\" data-id=\"55f3fc3\" data-element_type=\"widget\" data-e-type=\"widget\" data-widget_type=\"image.default\">\n\t\t\t\t\t\t\t\t\t\t\t\t\t\t\t<img decoding=\"async\" src=\"https:\/\/bookstmartin.com\/wp-content\/uploads\/2024\/08\/MAP-scaled.jpg\" title=\"\" alt=\"\" loading=\"lazy\" \/>\t\t\t\t\t\t\t\t\t\t\t\t\t\t\t<\/div>\n\t\t\t\t\t<\/div>\n\t\t<\/div>\n\t\t\t\t\t<\/div>\n\t\t<\/section>\n\t\t<div class=\"elementor-element elementor-element-b4ea73d e-flex e-con-boxed e-con e-parent\" data-id=\"b4ea73d\" data-element_type=\"container\" data-e-type=\"container\">\n\t\t\t\t\t<div class=\"e-con-inner\">\n\t\t\t\t<div class=\"elementor-element elementor-element-62250f9 elementor-widget elementor-widget-spacer\" data-id=\"62250f9\" data-element_type=\"widget\" data-e-type=\"widget\" data-widget_type=\"spacer.default\">\n\t\t\t\t\t\t\t<div class=\"elementor-spacer\">\n\t\t\t<div class=\"elementor-spacer-inner\"><\/div>\n\t\t<\/div>\n\t\t\t\t\t\t<\/div>\n\t\t\t\t\t<\/div>\n\t\t\t\t<\/div>\n\t\t<div class=\"elementor-element elementor-element-c972c78 e-flex e-con-boxed e-con e-parent\" data-id=\"c972c78\" data-element_type=\"container\" data-e-type=\"container\">\n\t\t\t\t\t<div class=\"e-con-inner\">\n\t\t\t\t<div class=\"elementor-element elementor-element-e8de045 elementor-widget elementor-widget-spacer\" data-id=\"e8de045\" data-element_type=\"widget\" data-e-type=\"widget\" data-widget_type=\"spacer.default\">\n\t\t\t\t\t\t\t<div class=\"elementor-spacer\">\n\t\t\t<div class=\"elementor-spacer-inner\"><\/div>\n\t\t<\/div>\n\t\t\t\t\t\t<\/div>\n\t\t\t\t\t<\/div>\n\t\t\t\t<\/div>\n\t\t\t\t<section class=\"elementor-section elementor-top-section elementor-element elementor-element-746ce3e2 elementor-section-boxed elementor-section-height-default elementor-section-height-default\" data-id=\"746ce3e2\" data-element_type=\"section\" data-e-type=\"section\">\n\t\t\t\t\t\t<div class=\"elementor-container elementor-column-gap-default\">\n\t\t\t\t\t<div class=\"elementor-column elementor-col-100 elementor-top-column elementor-element elementor-element-24e96dce\" data-id=\"24e96dce\" data-element_type=\"column\" data-e-type=\"column\">\n\t\t\t<div class=\"elementor-widget-wrap elementor-element-populated\">\n\t\t\t\t\t\t<div class=\"elementor-element elementor-element-18bb44e1 elementor-widget elementor-widget-text-editor\" data-id=\"18bb44e1\" data-element_type=\"widget\" data-e-type=\"widget\" data-widget_type=\"text-editor.default\">\n\t\t\t\t\t\t\t\t\t<p style=\"text-align: center;\"><span style=\"color: #808080;\"><a style=\"color: #808080;\" href=\"https:\/\/www.facebook.com\/bookstmartin\/\" target=\"_blank\" rel=\"noopener\">Suis-nous sur Facebook<\/a> | L<a style=\"color: #808080;\" href=\"https:\/\/bookstmartin.com\/st-martin-villas-rentals\/\">ocations de villas<\/a> | <a style=\"color: #808080;\" href=\"https:\/\/bookstmartin.com\/st-martin-luxury-villas\/\">Villas de luxe <\/a>| <a style=\"color: #808080;\" href=\"https:\/\/bookstmartin.com\/st-martin-apartments-rentals\/\">Locations d\u2019appartements<\/a> | <a style=\"color: #808080;\" href=\"https:\/\/bookstmartin.com\/bungalows\/\">Locations de bungalows<\/a> | <a style=\"color: #808080;\" href=\"https:\/\/bookstmartin.com\/orient-bay-vacation-rentals\/\">Baie Orientale<\/a><\/span><\/p>\t\t\t\t\t\t\t\t<\/div>\n\t\t\t\t\t<\/div>\n\t\t<\/div>\n\t\t\t\t\t<\/div>\n\t\t<\/section>\n\t\t\t\t<\/div>\n\t\t","protected":false},"excerpt":{"rendered":"<p>Carte de Saint-Martin \/ Sint Maarten Suis-nous sur Facebook | Locations de villas | Villas de luxe | Locations d\u2019appartements | Locations de bungalows | Baie Orientale<\/p>\n","protected":false},"author":132,"featured_media":0,"parent":0,"menu_order":0,"comment_status":"closed","ping_status":"closed","template":"elementor_header_footer","meta":{"_acf_changed":false,"footnotes":""},"class_list":["post-54588","page","type-page","status-publish","hentry"],"acf":[],"yoast_head":"<!-- This site is optimized with the Yoast SEO Premium plugin v27.3 (Yoast SEO v27.3) - https:\/\/yoast.com\/product\/yoast-seo-premium-wordpress\/ -->\n<title>Carte de Saint-Martin - BookStMartin<\/title>\n<meta name=\"description\" content=\"Explore notre carte d\u00e9taill\u00e9e de Saint-Martin pour d\u00e9couvrir l\u2019\u00eele. Parfait pour planifier ta prochaine aventure. Carte de Saint-Martin\" \/>\n<meta name=\"robots\" content=\"index, follow, max-snippet:-1, max-image-preview:large, max-video-preview:-1\" \/>\n<link rel=\"canonical\" href=\"https:\/\/bookstmartin.com\/fr\/carte-de-saint-martin\/\" \/>\n<meta property=\"og:locale\" content=\"fr_FR\" \/>\n<meta property=\"og:type\" content=\"article\" \/>\n<meta property=\"og:title\" content=\"Carte de Saint-Martin\" \/>\n<meta property=\"og:description\" content=\"Explore notre carte d\u00e9taill\u00e9e de Saint-Martin pour d\u00e9couvrir l\u2019\u00eele. Parfait pour planifier ta prochaine aventure. Carte de Saint-Martin\" \/>\n<meta property=\"og:url\" content=\"https:\/\/bookstmartin.com\/fr\/carte-de-saint-martin\/\" \/>\n<meta property=\"og:site_name\" content=\"BookStMartin\" \/>\n<meta property=\"article:publisher\" content=\"https:\/\/www.facebook.com\/bookstmartin\/\" \/>\n<meta property=\"article:modified_time\" content=\"2026-03-07T14:01:15+00:00\" \/>\n<meta property=\"og:image\" content=\"https:\/\/bookstmartin.com\/wp-content\/uploads\/2024\/08\/MAP-scaled.jpg\" \/>\n<meta name=\"twitter:card\" content=\"summary_large_image\" \/>\n<script type=\"application\/ld+json\" class=\"yoast-schema-graph\">{\"@context\":\"https:\\\/\\\/schema.org\",\"@graph\":[]}<\/script>\n<!-- \/ Yoast SEO Premium plugin. -->","yoast_head_json":{"title":"Carte de Saint-Martin - BookStMartin","description":"Explore notre carte d\u00e9taill\u00e9e de Saint-Martin pour d\u00e9couvrir l\u2019\u00eele. Parfait pour planifier ta prochaine aventure. Carte de Saint-Martin","robots":{"index":"index","follow":"follow","max-snippet":"max-snippet:-1","max-image-preview":"max-image-preview:large","max-video-preview":"max-video-preview:-1"},"canonical":"https:\/\/bookstmartin.com\/fr\/carte-de-saint-martin\/","og_locale":"fr_FR","og_type":"article","og_title":"Carte de Saint-Martin","og_description":"Explore notre carte d\u00e9taill\u00e9e de Saint-Martin pour d\u00e9couvrir l\u2019\u00eele. Parfait pour planifier ta prochaine aventure. Carte de Saint-Martin","og_url":"https:\/\/bookstmartin.com\/fr\/carte-de-saint-martin\/","og_site_name":"BookStMartin","article_publisher":"https:\/\/www.facebook.com\/bookstmartin\/","article_modified_time":"2026-03-07T14:01:15+00:00","og_image":[{"url":"https:\/\/bookstmartin.com\/wp-content\/uploads\/2024\/08\/MAP-scaled.jpg","type":"","width":"","height":""}],"twitter_card":"summary_large_image","schema":{"@context":"https:\/\/schema.org","@graph":[]}},"_links":{"self":[{"href":"https:\/\/bookstmartin.com\/fr\/wp-json\/wp\/v2\/pages\/54588","targetHints":{"allow":["GET"]}}],"collection":[{"href":"https:\/\/bookstmartin.com\/fr\/wp-json\/wp\/v2\/pages"}],"about":[{"href":"https:\/\/bookstmartin.com\/fr\/wp-json\/wp\/v2\/types\/page"}],"author":[{"embeddable":true,"href":"https:\/\/bookstmartin.com\/fr\/wp-json\/wp\/v2\/users\/132"}],"replies":[{"embeddable":true,"href":"https:\/\/bookstmartin.com\/fr\/wp-json\/wp\/v2\/comments?post=54588"}],"version-history":[{"count":1,"href":"https:\/\/bookstmartin.com\/fr\/wp-json\/wp\/v2\/pages\/54588\/revisions"}],"predecessor-version":[{"id":54589,"href":"https:\/\/bookstmartin.com\/fr\/wp-json\/wp\/v2\/pages\/54588\/revisions\/54589"}],"wp:attachment":[{"href":"https:\/\/bookstmartin.com\/fr\/wp-json\/wp\/v2\/media?parent=54588"}],"curies":[{"name":"wp","href":"https:\/\/api.w.org\/{rel}","templated":true}]}}